{"id":5961,"date":"2025-05-27T03:09:11","date_gmt":"2025-05-27T03:09:11","guid":{"rendered":"https:\/\/cntnmcb.com\/?post_type=product&#038;p=5961"},"modified":"2026-03-09T03:10:00","modified_gmt":"2026-03-09T03:10:00","slug":"miniature-circuit-breaker-mcb-with-alarm-function","status":"publish","type":"product","link":"https:\/\/cntnmcb.com\/es\/product\/miniature-circuit-breaker-mcb-with-alarm-function\/","title":{"rendered":"Interruptor autom\u00e1tico en miniatura (MCB) con funci\u00f3n de alarma DZ47LE-63SD 1P"},"content":{"rendered":"<div class=\"auto-hide-last-sibling-br paragraph-JOTKXA paragraph-element br-paragraph-space\">\n<h2 class=\"header-vfC6AV auto-hide-last-sibling-br\">\u00bfQu\u00e9 es un interruptor autom\u00e1tico en miniatura (MCB) con funci\u00f3n de alarma?<\/h2>\n<p>Un disyuntor miniatura con funci\u00f3n de alarma es un dispositivo de protecci\u00f3n el\u00e9ctrica que incorpora un mecanismo de alerta temprana de fallos y retroalimentaci\u00f3n de se\u00f1ales en las funciones b\u00e1sicas de un disyuntor miniatura tradicional. No solo conserva la funci\u00f3n protectora b\u00e1sica de \u201cinterrumpir las corrientes de fallo y evitar la quema del circuito o los incendios\u201d, sino que tambi\u00e9n aborda el punto d\u00e9bil de los disyuntores tradicionales \u2014\u201dsolo se dispara sin notificaci\u00f3n\u201d\u2014 a trav\u00e9s de su funci\u00f3n de alarma activa. Permite una asistencia completa que abarca \u201cla alerta temprana de fallos, la localizaci\u00f3n y la gesti\u00f3n\u201d, lo que lo convierte en un producto mejorado que cumple con los requisitos de seguridad de la distribuci\u00f3n el\u00e9ctrica moderna y el funcionamiento y mantenimiento inteligentes.<\/p>\n<\/div>\n<div><\/div>\n<h2 class=\"header-vfC6AV auto-hide-last-sibling-br\">Ventajas del disyuntor miniatura (MCB) con funci\u00f3n de alarma<\/h2>\n<ul class=\"auto-hide-last-sibling-br\">\n<li>\u201cDetecci\u00f3n temprana\u201d de riesgos de fallos: reduce significativamente los posibles riesgos para la seguridad.<\/li>\n<li>\u201cLocalizaci\u00f3n r\u00e1pida\u201d de los puntos de fallo: reduce el tiempo de mantenimiento con desconexi\u00f3n de la alimentaci\u00f3n.<\/li>\n<li>\u201cFunci\u00f3n de protecci\u00f3n \u201dm\u00e1s precisa\u00bb: evita falsas activaciones y protecci\u00f3n insuficiente.<\/li>\n<li>\u201cGesti\u00f3n \u201dm\u00e1s inteligente\u00bb del funcionamiento y el mantenimiento: se adapta a los sistemas modernos de distribuci\u00f3n de energ\u00eda.<\/li>\n<\/ul>\n<h2 class=\"header-vfC6AV auto-hide-last-sibling-br\">Escenarios de aplicaci\u00f3n del MCB con alarma<\/h2>\n<ul class=\"auto-hide-last-sibling-br\">\n<li>Escenarios residenciales y dom\u00e9sticos: garantizar la seguridad el\u00e9ctrica diaria y reducir las interrupciones en la vida cotidiana.<\/li>\n<li>Escenarios de oficinas comerciales: mejorar la eficiencia operativa y de mantenimiento y minimizar las interrupciones del negocio.<\/li>\n<li>Situaciones m\u00e9dicas y de cuidados especiales: proteja los equipos cr\u00edticos y reduzca los riesgos.<\/li>\n<li>Escenarios industriales y de industria ligera: Ad\u00e1ptese a los circuitos locales de bajo voltaje y ayude en la gesti\u00f3n de los equipos.<\/li>\n<\/ul>","protected":false},"excerpt":{"rendered":"<p>1. Doble protecci\u00f3n contra sobrecarga y cortocircuito<br \/>\n2. Protecci\u00f3n de apagado instant\u00e1neo<br \/>\n3. Evita riesgos de incendio<br \/>\n4. 1 a\u00f1o de garant\u00eda y 5 a\u00f1os de uso sin preocupaciones<br \/>\n5. Material ign\u00edfugo ABS<br \/>\n6. <a href=\"https:\/\/cntnmcb.com\/es\/certificates\/\"><span style=\"color: #ff0000;\">Certificaci\u00f3n CCC y certificaci\u00f3n CE<\/span><\/a><\/p>","protected":false},"featured_media":7420,"template":"","meta":{"site-sidebar-layout":"default","site-content-layout":"","ast-site-content-layout":"default","site-content-style":"default","site-sidebar-style":"default","ast-global-header-display":"","ast-banner-title-visibility":"","ast-main-header-display":"","ast-hfb-above-header-display":"","ast-hfb-below-header-display":"","ast-hfb-mobile-header-display":"","site-post-title":"","ast-breadcrumbs-content":"","ast-featured-img":"","footer-sml-layout":"","ast-disable-related-posts":"","theme-transparent-header-meta":"default","adv-header-id-meta":"","stick-header-meta":"","header-above-stick-meta":"","header-main-stick-meta":"","header-below-stick-meta":"","astra-migrate-meta-layouts":"set","ast-page-background-enabled":"default","ast-page-background-meta":{"desktop":{"background-color":"","background-image":"","background-repeat":"repeat","background-position":"center center","background-size":"auto","background-attachment":"scroll","background-type":"","background-media":"","overlay-type":"","overlay-color":"","overlay-opacity":"","overlay-gradient":""},"tablet":{"background-color":"","background-image":"","background-repeat":"repeat","background-position":"center center","background-size":"auto","background-attachment":"scroll","background-type":"","background-media":"","overlay-type":"","overlay-color":"","overlay-opacity":"","overlay-gradient":""},"mobile":{"background-color":"","background-image":"","background-repeat":"repeat","background-position":"center center","background-size":"auto","background-attachment":"scroll","background-type":"","background-media":"","overlay-type":"","overlay-color":"","overlay-opacity":"","overlay-gradient":""}},"ast-content-background-meta":{"desktop":{"background-color":"var(--ast-global-color-5)","background-image":"","background-repeat":"repeat","background-position":"center center","background-size":"auto","background-attachment":"scroll","background-type":"","background-media":"","overlay-type":"","overlay-color":"","overlay-opacity":"","overlay-gradient":""},"tablet":{"background-color":"var(--ast-global-color-5)","background-image":"","background-repeat":"repeat","background-position":"center center","background-size":"auto","background-attachment":"scroll","background-type":"","background-media":"","overlay-type":"","overlay-color":"","overlay-opacity":"","overlay-gradient":""},"mobile":{"background-color":"var(--ast-global-color-5)","background-image":"","background-repeat":"repeat","background-position":"center center","background-size":"auto","background-attachment":"scroll","background-type":"","background-media":"","overlay-type":"","overlay-color":"","overlay-opacity":"","overlay-gradient":""}}},"product_brand":[],"product_cat":[35,37],"product_tag":[],"class_list":{"0":"post-5961","1":"product","2":"type-product","3":"status-publish","4":"has-post-thumbnail","6":"product_cat-low-voltage","7":"product_cat-mcb","8":"desktop-align-center","9":"tablet-align-left","10":"mobile-align-left","12":"first","13":"instock","14":"shipping-taxable","15":"product-type-simple"},"yoast_head":"<!-- This site is optimized with the Yoast SEO Premium plugin v25.0 (Yoast SEO v27.5) - https:\/\/yoast.com\/product\/yoast-seo-premium-wordpress\/ -->\n<title>Miniature Circuit Breaker (MCB) with alarm function DZ47LE-63SD 1P - Zhejiang CNTN Electric Co.,Ltd<\/title>\n<meta name=\"description\" content=\"Miniature Circuit Breaker (MCB) with alarm function &quot;Early detection&quot; of fault risks and More precise&quot; protection function, Click to learn more.\" \/>\n<meta name=\"robots\" content=\"index, follow, max-snippet:-1, max-image-preview:large, max-video-preview:-1\" \/>\n<link rel=\"canonical\" href=\"https:\/\/cntnmcb.com\/es\/producto\/miniature-circuit-breaker-mcb-with-alarm-function\/\" \/>\n<meta property=\"og:locale\" content=\"es_ES\" \/>\n<meta property=\"og:type\" content=\"article\" \/>\n<meta property=\"og:title\" content=\"Miniature Circuit Breaker (MCB) with alarm function DZ47LE-63SD 1P\" \/>\n<meta property=\"og:description\" content=\"Miniature Circuit Breaker (MCB) with alarm function &quot;Early detection&quot; of fault risks and More precise&quot; protection function, Click to learn more.\" \/>\n<meta property=\"og:url\" content=\"https:\/\/cntnmcb.com\/es\/producto\/miniature-circuit-breaker-mcb-with-alarm-function\/\" \/>\n<meta property=\"og:site_name\" content=\"Zhejiang CNTN Electric Co.,Ltd\" \/>\n<meta property=\"article:modified_time\" content=\"2026-03-09T03:10:00+00:00\" \/>\n<meta property=\"og:image\" content=\"https:\/\/cntnmcb.com\/wp-content\/uploads\/2025\/05\/DZ47-63SD-1p-1.jpg\" \/>\n\t<meta property=\"og:image:width\" content=\"640\" \/>\n\t<meta property=\"og:image:height\" content=\"640\" \/>\n\t<meta property=\"og:image:type\" content=\"image\/jpeg\" \/>\n<meta name=\"twitter:card\" content=\"summary_large_image\" \/>\n<meta name=\"twitter:label1\" content=\"Tiempo de lectura\" \/>\n\t<meta name=\"twitter:data1\" content=\"2 minutos\" \/>\n<script type=\"application\/ld+json\" class=\"yoast-schema-graph\">{\"@context\":\"https:\\\/\\\/schema.org\",\"@graph\":[{\"@type\":\"WebPage\",\"@id\":\"https:\\\/\\\/cntnmcb.com\\\/product\\\/miniature-circuit-breaker-mcb-with-alarm-function\\\/\",\"url\":\"https:\\\/\\\/cntnmcb.com\\\/product\\\/miniature-circuit-breaker-mcb-with-alarm-function\\\/\",\"name\":\"Miniature Circuit Breaker (MCB) with alarm function DZ47LE-63SD 1P - Zhejiang CNTN Electric Co.,Ltd\",\"isPartOf\":{\"@id\":\"https:\\\/\\\/cntnmcb.com\\\/#website\"},\"primaryImageOfPage\":{\"@id\":\"https:\\\/\\\/cntnmcb.com\\\/product\\\/miniature-circuit-breaker-mcb-with-alarm-function\\\/#primaryimage\"},\"image\":{\"@id\":\"https:\\\/\\\/cntnmcb.com\\\/product\\\/miniature-circuit-breaker-mcb-with-alarm-function\\\/#primaryimage\"},\"thumbnailUrl\":\"https:\\\/\\\/cntnmcb.com\\\/wp-content\\\/uploads\\\/2025\\\/05\\\/DZ47-63SD-1p-1.jpg\",\"datePublished\":\"2025-05-27T03:09:11+00:00\",\"dateModified\":\"2026-03-09T03:10:00+00:00\",\"description\":\"Miniature Circuit Breaker (MCB) with alarm function \\\"Early detection\\\" of fault risks and More precise\\\" protection function, Click to learn more.\",\"breadcrumb\":{\"@id\":\"https:\\\/\\\/cntnmcb.com\\\/product\\\/miniature-circuit-breaker-mcb-with-alarm-function\\\/#breadcrumb\"},\"inLanguage\":\"es\",\"potentialAction\":[{\"@type\":\"ReadAction\",\"target\":[\"https:\\\/\\\/cntnmcb.com\\\/product\\\/miniature-circuit-breaker-mcb-with-alarm-function\\\/\"]}]},{\"@type\":\"ImageObject\",\"inLanguage\":\"es\",\"@id\":\"https:\\\/\\\/cntnmcb.com\\\/product\\\/miniature-circuit-breaker-mcb-with-alarm-function\\\/#primaryimage\",\"url\":\"https:\\\/\\\/cntnmcb.com\\\/wp-content\\\/uploads\\\/2025\\\/05\\\/DZ47-63SD-1p-1.jpg\",\"contentUrl\":\"https:\\\/\\\/cntnmcb.com\\\/wp-content\\\/uploads\\\/2025\\\/05\\\/DZ47-63SD-1p-1.jpg\",\"width\":640,\"height\":640,\"caption\":\"Miniature Circuit Breaker (MCB) with alarm function DZ47LE-63SD 1P\"},{\"@type\":\"BreadcrumbList\",\"@id\":\"https:\\\/\\\/cntnmcb.com\\\/product\\\/miniature-circuit-breaker-mcb-with-alarm-function\\\/#breadcrumb\",\"itemListElement\":[{\"@type\":\"ListItem\",\"position\":1,\"name\":\"Home\",\"item\":\"https:\\\/\\\/cntnmcb.com\\\/\"},{\"@type\":\"ListItem\",\"position\":2,\"name\":\"Products\",\"item\":\"https:\\\/\\\/cntnmcb.com\\\/products\\\/\"},{\"@type\":\"ListItem\",\"position\":3,\"name\":\"Miniature Circuit Breaker (MCB) with alarm function DZ47LE-63SD 1P\"}]},{\"@type\":\"WebSite\",\"@id\":\"https:\\\/\\\/cntnmcb.com\\\/#website\",\"url\":\"https:\\\/\\\/cntnmcb.com\\\/\",\"name\":\"Zhejiang CNTN Electric Co.,Ltd\",\"description\":\"We are China MCB, MCCB, ACB, panel meter, energy meter manufacturer\",\"publisher\":{\"@id\":\"https:\\\/\\\/cntnmcb.com\\\/#organization\"},\"alternateName\":\"Zhejiang CNTN Electric Co.,Ltd\",\"potentialAction\":[{\"@type\":\"SearchAction\",\"target\":{\"@type\":\"EntryPoint\",\"urlTemplate\":\"https:\\\/\\\/cntnmcb.com\\\/?s={search_term_string}\"},\"query-input\":{\"@type\":\"PropertyValueSpecification\",\"valueRequired\":true,\"valueName\":\"search_term_string\"}}],\"inLanguage\":\"es\"},{\"@type\":\"Organization\",\"@id\":\"https:\\\/\\\/cntnmcb.com\\\/#organization\",\"name\":\"Zhejiang CNTN Electric Co.,Ltd\",\"alternateName\":\"Zhejiang CNTN Electric Co.,Ltd\",\"url\":\"https:\\\/\\\/cntnmcb.com\\\/\",\"logo\":{\"@type\":\"ImageObject\",\"inLanguage\":\"es\",\"@id\":\"https:\\\/\\\/cntnmcb.com\\\/#\\\/schema\\\/logo\\\/image\\\/\",\"url\":\"https:\\\/\\\/cntnmcb.com\\\/wp-content\\\/uploads\\\/2025\\\/05\\\/CNTN-LOGO.webp\",\"contentUrl\":\"https:\\\/\\\/cntnmcb.com\\\/wp-content\\\/uploads\\\/2025\\\/05\\\/CNTN-LOGO.webp\",\"width\":768,\"height\":236,\"caption\":\"Zhejiang CNTN Electric Co.,Ltd\"},\"image\":{\"@id\":\"https:\\\/\\\/cntnmcb.com\\\/#\\\/schema\\\/logo\\\/image\\\/\"}}]}<\/script>\n<!-- \/ Yoast SEO Premium plugin. -->","yoast_head_json":{"title":"Disyuntor miniatura (MCB) con funci\u00f3n de alarma DZ47LE-63SD 1P - Zhejiang CNTN Electric Co., Ltd.","description":"Disyuntor miniatura (MCB) con funci\u00f3n de alarma \"Detecci\u00f3n temprana\" de riesgos de fallo y funci\u00f3n de protecci\u00f3n \"m\u00e1s precisa\u00bb. Haga clic para obtener m\u00e1s informaci\u00f3n.","robots":{"index":"index","follow":"follow","max-snippet":"max-snippet:-1","max-image-preview":"max-image-preview:large","max-video-preview":"max-video-preview:-1"},"canonical":"https:\/\/cntnmcb.com\/es\/producto\/miniature-circuit-breaker-mcb-with-alarm-function\/","og_locale":"es_ES","og_type":"article","og_title":"Miniature Circuit Breaker (MCB) with alarm function DZ47LE-63SD 1P","og_description":"Miniature Circuit Breaker (MCB) with alarm function \"Early detection\" of fault risks and More precise\" protection function, Click to learn more.","og_url":"https:\/\/cntnmcb.com\/es\/producto\/miniature-circuit-breaker-mcb-with-alarm-function\/","og_site_name":"Zhejiang CNTN Electric Co.,Ltd","article_modified_time":"2026-03-09T03:10:00+00:00","og_image":[{"width":640,"height":640,"url":"https:\/\/cntnmcb.com\/wp-content\/uploads\/2025\/05\/DZ47-63SD-1p-1.jpg","type":"image\/jpeg"}],"twitter_card":"summary_large_image","twitter_misc":{"Tiempo de lectura":"2 minutos"},"schema":{"@context":"https:\/\/schema.org","@graph":[{"@type":"WebPage","@id":"https:\/\/cntnmcb.com\/product\/miniature-circuit-breaker-mcb-with-alarm-function\/","url":"https:\/\/cntnmcb.com\/product\/miniature-circuit-breaker-mcb-with-alarm-function\/","name":"Disyuntor miniatura (MCB) con funci\u00f3n de alarma DZ47LE-63SD 1P - Zhejiang CNTN Electric Co., Ltd.","isPartOf":{"@id":"https:\/\/cntnmcb.com\/#website"},"primaryImageOfPage":{"@id":"https:\/\/cntnmcb.com\/product\/miniature-circuit-breaker-mcb-with-alarm-function\/#primaryimage"},"image":{"@id":"https:\/\/cntnmcb.com\/product\/miniature-circuit-breaker-mcb-with-alarm-function\/#primaryimage"},"thumbnailUrl":"https:\/\/cntnmcb.com\/wp-content\/uploads\/2025\/05\/DZ47-63SD-1p-1.jpg","datePublished":"2025-05-27T03:09:11+00:00","dateModified":"2026-03-09T03:10:00+00:00","description":"Disyuntor miniatura (MCB) con funci\u00f3n de alarma \"Detecci\u00f3n temprana\" de riesgos de fallo y funci\u00f3n de protecci\u00f3n \"m\u00e1s precisa\u00bb. Haga clic para obtener m\u00e1s informaci\u00f3n.","breadcrumb":{"@id":"https:\/\/cntnmcb.com\/product\/miniature-circuit-breaker-mcb-with-alarm-function\/#breadcrumb"},"inLanguage":"es","potentialAction":[{"@type":"ReadAction","target":["https:\/\/cntnmcb.com\/product\/miniature-circuit-breaker-mcb-with-alarm-function\/"]}]},{"@type":"ImageObject","inLanguage":"es","@id":"https:\/\/cntnmcb.com\/product\/miniature-circuit-breaker-mcb-with-alarm-function\/#primaryimage","url":"https:\/\/cntnmcb.com\/wp-content\/uploads\/2025\/05\/DZ47-63SD-1p-1.jpg","contentUrl":"https:\/\/cntnmcb.com\/wp-content\/uploads\/2025\/05\/DZ47-63SD-1p-1.jpg","width":640,"height":640,"caption":"Miniature Circuit Breaker (MCB) with alarm function DZ47LE-63SD 1P"},{"@type":"BreadcrumbList","@id":"https:\/\/cntnmcb.com\/product\/miniature-circuit-breaker-mcb-with-alarm-function\/#breadcrumb","itemListElement":[{"@type":"ListItem","position":1,"name":"Home","item":"https:\/\/cntnmcb.com\/"},{"@type":"ListItem","position":2,"name":"Products","item":"https:\/\/cntnmcb.com\/products\/"},{"@type":"ListItem","position":3,"name":"Miniature Circuit Breaker (MCB) with alarm function DZ47LE-63SD 1P"}]},{"@type":"WebSite","@id":"https:\/\/cntnmcb.com\/#website","url":"https:\/\/cntnmcb.com\/","name":"Zhejiang CNTN Electric S.L.","description":"Somos fabricantes chinos de MCB, MCCB, ACB, contadores de panel y contadores de energ\u00eda.","publisher":{"@id":"https:\/\/cntnmcb.com\/#organization"},"alternateName":"Zhejiang CNTN Electric Co.,Ltd","potentialAction":[{"@type":"SearchAction","target":{"@type":"EntryPoint","urlTemplate":"https:\/\/cntnmcb.com\/?s={search_term_string}"},"query-input":{"@type":"PropertyValueSpecification","valueRequired":true,"valueName":"search_term_string"}}],"inLanguage":"es"},{"@type":"Organization","@id":"https:\/\/cntnmcb.com\/#organization","name":"Zhejiang CNTN Electric S.L.","alternateName":"Zhejiang CNTN Electric Co.,Ltd","url":"https:\/\/cntnmcb.com\/","logo":{"@type":"ImageObject","inLanguage":"es","@id":"https:\/\/cntnmcb.com\/#\/schema\/logo\/image\/","url":"https:\/\/cntnmcb.com\/wp-content\/uploads\/2025\/05\/CNTN-LOGO.webp","contentUrl":"https:\/\/cntnmcb.com\/wp-content\/uploads\/2025\/05\/CNTN-LOGO.webp","width":768,"height":236,"caption":"Zhejiang CNTN Electric Co.,Ltd"},"image":{"@id":"https:\/\/cntnmcb.com\/#\/schema\/logo\/image\/"}}]}},"_links":{"self":[{"href":"https:\/\/cntnmcb.com\/es\/wp-json\/wp\/v2\/product\/5961","targetHints":{"allow":["GET"]}}],"collection":[{"href":"https:\/\/cntnmcb.com\/es\/wp-json\/wp\/v2\/product"}],"about":[{"href":"https:\/\/cntnmcb.com\/es\/wp-json\/wp\/v2\/types\/product"}],"wp:featuredmedia":[{"embeddable":true,"href":"https:\/\/cntnmcb.com\/es\/wp-json\/wp\/v2\/media\/7420"}],"wp:attachment":[{"href":"https:\/\/cntnmcb.com\/es\/wp-json\/wp\/v2\/media?parent=5961"}],"wp:term":[{"taxonomy":"product_brand","embeddable":true,"href":"https:\/\/cntnmcb.com\/es\/wp-json\/wp\/v2\/product_brand?post=5961"},{"taxonomy":"product_cat","embeddable":true,"href":"https:\/\/cntnmcb.com\/es\/wp-json\/wp\/v2\/product_cat?post=5961"},{"taxonomy":"product_tag","embeddable":true,"href":"https:\/\/cntnmcb.com\/es\/wp-json\/wp\/v2\/product_tag?post=5961"}],"curies":[{"name":"wp","href":"https:\/\/api.w.org\/{rel}","templated":true}]}}