{"id":6340,"date":"2025-08-22T07:32:06","date_gmt":"2025-08-22T07:32:06","guid":{"rendered":"https:\/\/cntnmcb.com\/?post_type=product&#038;p=6340"},"modified":"2026-03-13T11:51:45","modified_gmt":"2026-03-13T11:51:45","slug":"100a-4-pole-contactor-zmb1","status":"publish","type":"product","link":"https:\/\/cntnmcb.com\/es\/product\/100a-4-pole-contactor-zmb1\/","title":{"rendered":"100A Contactor de 4 polos ZMB1"},"content":{"rendered":"<h2 class=\"header-vfC6AV auto-hide-last-sibling-br\">Introducci\u00f3n:<\/h2>\n<ul>\n<li>Un contactor de 100 A y 4 polos es un dispositivo controlado electromagn\u00e9ticamente que se utiliza para conectar o desconectar circuitos principales de CA.<br \/>\nSe utiliza ampliamente en campos como los accionamientos el\u00e9ctricos, los electrodom\u00e9sticos y la automatizaci\u00f3n industrial.<br \/>\nSu funci\u00f3n principal es controlar un \u201ccircuito principal de alta corriente\u201d a trav\u00e9s de un \u201ccircuito de control de baja corriente\u201d, permitiendo as\u00ed el arranque, la parada, el funcionamiento hacia delante\/atr\u00e1s y otras funciones de control para cargas de alta potencia como motores y calentadores.<\/li>\n<li>El contactor de 4 polos de 100 A fabricado por <span style=\"color: #ff0000;\"><a style=\"color: #ff0000;\" href=\"https:\/\/cntnmcb.com\/es\/\">CNTN<\/a><\/span> La eficiencia el\u00e9ctrica permite \u201ccontrolar con baja corriente la alta corriente\u201d, simplificando as\u00ed los circuitos de control.<\/li>\n<\/ul>","protected":false},"excerpt":{"rendered":"<ol class=\"auto-hide-last-sibling-br\">\n<li>Gran capacidad de control remoto<\/li>\n<li>Capacidad para soportar grandes corrientes y cargas.<\/li>\n<li>Acci\u00f3n r\u00e1pida y alta fiabilidad<\/li>\n<li>Capacidad de funci\u00f3n de protecci\u00f3n ampliable<\/li>\n<li>Dise\u00f1o estandarizado, instalaci\u00f3n y mantenimiento convenientes.<\/li>\n<li>Adaptabilidad a entornos complejos<\/li>\n<\/ol>","protected":false},"featured_media":7445,"template":"","meta":{"site-sidebar-layout":"default","site-content-layout":"","ast-site-content-layout":"default","site-content-style":"default","site-sidebar-style":"default","ast-global-header-display":"","ast-banner-title-visibility":"","ast-main-header-display":"","ast-hfb-above-header-display":"","ast-hfb-below-header-display":"","ast-hfb-mobile-header-display":"","site-post-title":"","ast-breadcrumbs-content":"","ast-featured-img":"","footer-sml-layout":"","ast-disable-related-posts":"","theme-transparent-header-meta":"default","adv-header-id-meta":"","stick-header-meta":"","header-above-stick-meta":"","header-main-stick-meta":"","header-below-stick-meta":"","astra-migrate-meta-layouts":"set","ast-page-background-enabled":"default","ast-page-background-meta":{"desktop":{"background-color":"","background-image":"","background-repeat":"repeat","background-position":"center center","background-size":"auto","background-attachment":"scroll","background-type":"","background-media":"","overlay-type":"","overlay-color":"","overlay-opacity":"","overlay-gradient":""},"tablet":{"background-color":"","background-image":"","background-repeat":"repeat","background-position":"center center","background-size":"auto","background-attachment":"scroll","background-type":"","background-media":"","overlay-type":"","overlay-color":"","overlay-opacity":"","overlay-gradient":""},"mobile":{"background-color":"","background-image":"","background-repeat":"repeat","background-position":"center center","background-size":"auto","background-attachment":"scroll","background-type":"","background-media":"","overlay-type":"","overlay-color":"","overlay-opacity":"","overlay-gradient":""}},"ast-content-background-meta":{"desktop":{"background-color":"var(--ast-global-color-5)","background-image":"","background-repeat":"repeat","background-position":"center center","background-size":"auto","background-attachment":"scroll","background-type":"","background-media":"","overlay-type":"","overlay-color":"","overlay-opacity":"","overlay-gradient":""},"tablet":{"background-color":"var(--ast-global-color-5)","background-image":"","background-repeat":"repeat","background-position":"center center","background-size":"auto","background-attachment":"scroll","background-type":"","background-media":"","overlay-type":"","overlay-color":"","overlay-opacity":"","overlay-gradient":""},"mobile":{"background-color":"var(--ast-global-color-5)","background-image":"","background-repeat":"repeat","background-position":"center center","background-size":"auto","background-attachment":"scroll","background-type":"","background-media":"","overlay-type":"","overlay-color":"","overlay-opacity":"","overlay-gradient":""}}},"product_brand":[],"product_cat":[60,35],"product_tag":[],"class_list":{"0":"post-6340","1":"product","2":"type-product","3":"status-publish","4":"has-post-thumbnail","6":"product_cat-ac-contactor","7":"product_cat-low-voltage","8":"desktop-align-center","9":"tablet-align-left","10":"mobile-align-left","12":"first","13":"instock","14":"shipping-taxable","15":"product-type-simple"},"yoast_head":"<!-- This site is optimized with the Yoast SEO Premium plugin v25.0 (Yoast SEO v27.5) - https:\/\/yoast.com\/product\/yoast-seo-premium-wordpress\/ -->\n<title>100A 4 Pole Contactor ZMB1 - Zhejiang CNTN Electric Co.,Ltd<\/title>\n<meta name=\"description\" content=\"Our 100A 4 Pole Contactor feature high load capacity, long service life, and adaptability to complex working conditions. Click to learn more.\" \/>\n<meta name=\"robots\" content=\"index, follow, max-snippet:-1, max-image-preview:large, max-video-preview:-1\" \/>\n<link rel=\"canonical\" href=\"https:\/\/cntnmcb.com\/es\/producto\/100a-4-pole-contactor-zmb1\/\" \/>\n<meta property=\"og:locale\" content=\"es_ES\" \/>\n<meta property=\"og:type\" content=\"article\" \/>\n<meta property=\"og:title\" content=\"100A 4 Pole Contactor ZMB1\" \/>\n<meta property=\"og:description\" content=\"Our 100A 4 Pole Contactor feature high load capacity, long service life, and adaptability to complex working conditions. Click to learn more.\" \/>\n<meta property=\"og:url\" content=\"https:\/\/cntnmcb.com\/es\/producto\/100a-4-pole-contactor-zmb1\/\" \/>\n<meta property=\"og:site_name\" content=\"Zhejiang CNTN Electric Co.,Ltd\" \/>\n<meta property=\"article:modified_time\" content=\"2026-03-13T11:51:45+00:00\" \/>\n<meta property=\"og:image\" content=\"https:\/\/cntnmcb.com\/wp-content\/uploads\/2025\/08\/\u4ea4\u6d41\u63a5\u89e6\u5668-1-2.jpg\" \/>\n\t<meta property=\"og:image:width\" content=\"640\" \/>\n\t<meta property=\"og:image:height\" content=\"640\" \/>\n\t<meta property=\"og:image:type\" content=\"image\/jpeg\" \/>\n<meta name=\"twitter:card\" content=\"summary_large_image\" \/>\n<meta name=\"twitter:label1\" content=\"Tiempo de lectura\" \/>\n\t<meta name=\"twitter:data1\" content=\"1 minuto\" \/>\n<script type=\"application\/ld+json\" class=\"yoast-schema-graph\">{\"@context\":\"https:\\\/\\\/schema.org\",\"@graph\":[{\"@type\":\"WebPage\",\"@id\":\"https:\\\/\\\/cntnmcb.com\\\/product\\\/100a-4-pole-contactor-zmb1\\\/\",\"url\":\"https:\\\/\\\/cntnmcb.com\\\/product\\\/100a-4-pole-contactor-zmb1\\\/\",\"name\":\"100A 4 Pole Contactor ZMB1 - Zhejiang CNTN Electric Co.,Ltd\",\"isPartOf\":{\"@id\":\"https:\\\/\\\/cntnmcb.com\\\/#website\"},\"primaryImageOfPage\":{\"@id\":\"https:\\\/\\\/cntnmcb.com\\\/product\\\/100a-4-pole-contactor-zmb1\\\/#primaryimage\"},\"image\":{\"@id\":\"https:\\\/\\\/cntnmcb.com\\\/product\\\/100a-4-pole-contactor-zmb1\\\/#primaryimage\"},\"thumbnailUrl\":\"https:\\\/\\\/cntnmcb.com\\\/wp-content\\\/uploads\\\/2025\\\/08\\\/\u4ea4\u6d41\u63a5\u89e6\u5668-1-2.jpg\",\"datePublished\":\"2025-08-22T07:32:06+00:00\",\"dateModified\":\"2026-03-13T11:51:45+00:00\",\"description\":\"Our 100A 4 Pole Contactor feature high load capacity, long service life, and adaptability to complex working conditions. Click to learn more.\",\"breadcrumb\":{\"@id\":\"https:\\\/\\\/cntnmcb.com\\\/product\\\/100a-4-pole-contactor-zmb1\\\/#breadcrumb\"},\"inLanguage\":\"es\",\"potentialAction\":[{\"@type\":\"ReadAction\",\"target\":[\"https:\\\/\\\/cntnmcb.com\\\/product\\\/100a-4-pole-contactor-zmb1\\\/\"]}]},{\"@type\":\"ImageObject\",\"inLanguage\":\"es\",\"@id\":\"https:\\\/\\\/cntnmcb.com\\\/product\\\/100a-4-pole-contactor-zmb1\\\/#primaryimage\",\"url\":\"https:\\\/\\\/cntnmcb.com\\\/wp-content\\\/uploads\\\/2025\\\/08\\\/\u4ea4\u6d41\u63a5\u89e6\u5668-1-2.jpg\",\"contentUrl\":\"https:\\\/\\\/cntnmcb.com\\\/wp-content\\\/uploads\\\/2025\\\/08\\\/\u4ea4\u6d41\u63a5\u89e6\u5668-1-2.jpg\",\"width\":640,\"height\":640,\"caption\":\"100A 4 Pole Contactor ZMB1\"},{\"@type\":\"BreadcrumbList\",\"@id\":\"https:\\\/\\\/cntnmcb.com\\\/product\\\/100a-4-pole-contactor-zmb1\\\/#breadcrumb\",\"itemListElement\":[{\"@type\":\"ListItem\",\"position\":1,\"name\":\"Home\",\"item\":\"https:\\\/\\\/cntnmcb.com\\\/\"},{\"@type\":\"ListItem\",\"position\":2,\"name\":\"Products\",\"item\":\"https:\\\/\\\/cntnmcb.com\\\/products\\\/\"},{\"@type\":\"ListItem\",\"position\":3,\"name\":\"100A 4 Pole Contactor ZMB1\"}]},{\"@type\":\"WebSite\",\"@id\":\"https:\\\/\\\/cntnmcb.com\\\/#website\",\"url\":\"https:\\\/\\\/cntnmcb.com\\\/\",\"name\":\"Zhejiang CNTN Electric Co.,Ltd\",\"description\":\"We are China MCB, MCCB, ACB, panel meter, energy meter manufacturer\",\"publisher\":{\"@id\":\"https:\\\/\\\/cntnmcb.com\\\/#organization\"},\"alternateName\":\"Zhejiang CNTN Electric Co.,Ltd\",\"potentialAction\":[{\"@type\":\"SearchAction\",\"target\":{\"@type\":\"EntryPoint\",\"urlTemplate\":\"https:\\\/\\\/cntnmcb.com\\\/?s={search_term_string}\"},\"query-input\":{\"@type\":\"PropertyValueSpecification\",\"valueRequired\":true,\"valueName\":\"search_term_string\"}}],\"inLanguage\":\"es\"},{\"@type\":\"Organization\",\"@id\":\"https:\\\/\\\/cntnmcb.com\\\/#organization\",\"name\":\"Zhejiang CNTN Electric Co.,Ltd\",\"alternateName\":\"Zhejiang CNTN Electric Co.,Ltd\",\"url\":\"https:\\\/\\\/cntnmcb.com\\\/\",\"logo\":{\"@type\":\"ImageObject\",\"inLanguage\":\"es\",\"@id\":\"https:\\\/\\\/cntnmcb.com\\\/#\\\/schema\\\/logo\\\/image\\\/\",\"url\":\"https:\\\/\\\/cntnmcb.com\\\/wp-content\\\/uploads\\\/2025\\\/05\\\/CNTN-LOGO.webp\",\"contentUrl\":\"https:\\\/\\\/cntnmcb.com\\\/wp-content\\\/uploads\\\/2025\\\/05\\\/CNTN-LOGO.webp\",\"width\":768,\"height\":236,\"caption\":\"Zhejiang CNTN Electric Co.,Ltd\"},\"image\":{\"@id\":\"https:\\\/\\\/cntnmcb.com\\\/#\\\/schema\\\/logo\\\/image\\\/\"}}]}<\/script>\n<!-- \/ Yoast SEO Premium plugin. -->","yoast_head_json":{"title":"Contactor de 100 A y 4 polos ZMB1 - Zhejiang CNTN Electric Co., Ltd.","description":"Nuestro contactor de 100 A y 4 polos ofrece una alta capacidad de carga, una larga vida \u00fatil y adaptabilidad a condiciones de trabajo complejas. Haga clic para obtener m\u00e1s informaci\u00f3n.","robots":{"index":"index","follow":"follow","max-snippet":"max-snippet:-1","max-image-preview":"max-image-preview:large","max-video-preview":"max-video-preview:-1"},"canonical":"https:\/\/cntnmcb.com\/es\/producto\/100a-4-pole-contactor-zmb1\/","og_locale":"es_ES","og_type":"article","og_title":"100A 4 Pole Contactor ZMB1","og_description":"Our 100A 4 Pole Contactor feature high load capacity, long service life, and adaptability to complex working conditions. Click to learn more.","og_url":"https:\/\/cntnmcb.com\/es\/producto\/100a-4-pole-contactor-zmb1\/","og_site_name":"Zhejiang CNTN Electric Co.,Ltd","article_modified_time":"2026-03-13T11:51:45+00:00","og_image":[{"width":640,"height":640,"url":"https:\/\/cntnmcb.com\/wp-content\/uploads\/2025\/08\/\u4ea4\u6d41\u63a5\u89e6\u5668-1-2.jpg","type":"image\/jpeg"}],"twitter_card":"summary_large_image","twitter_misc":{"Tiempo de lectura":"1 minuto"},"schema":{"@context":"https:\/\/schema.org","@graph":[{"@type":"WebPage","@id":"https:\/\/cntnmcb.com\/product\/100a-4-pole-contactor-zmb1\/","url":"https:\/\/cntnmcb.com\/product\/100a-4-pole-contactor-zmb1\/","name":"Contactor de 100 A y 4 polos ZMB1 - Zhejiang CNTN Electric Co., Ltd.","isPartOf":{"@id":"https:\/\/cntnmcb.com\/#website"},"primaryImageOfPage":{"@id":"https:\/\/cntnmcb.com\/product\/100a-4-pole-contactor-zmb1\/#primaryimage"},"image":{"@id":"https:\/\/cntnmcb.com\/product\/100a-4-pole-contactor-zmb1\/#primaryimage"},"thumbnailUrl":"https:\/\/cntnmcb.com\/wp-content\/uploads\/2025\/08\/\u4ea4\u6d41\u63a5\u89e6\u5668-1-2.jpg","datePublished":"2025-08-22T07:32:06+00:00","dateModified":"2026-03-13T11:51:45+00:00","description":"Nuestro contactor de 100 A y 4 polos ofrece una alta capacidad de carga, una larga vida \u00fatil y adaptabilidad a condiciones de trabajo complejas. Haga clic para obtener m\u00e1s informaci\u00f3n.","breadcrumb":{"@id":"https:\/\/cntnmcb.com\/product\/100a-4-pole-contactor-zmb1\/#breadcrumb"},"inLanguage":"es","potentialAction":[{"@type":"ReadAction","target":["https:\/\/cntnmcb.com\/product\/100a-4-pole-contactor-zmb1\/"]}]},{"@type":"ImageObject","inLanguage":"es","@id":"https:\/\/cntnmcb.com\/product\/100a-4-pole-contactor-zmb1\/#primaryimage","url":"https:\/\/cntnmcb.com\/wp-content\/uploads\/2025\/08\/\u4ea4\u6d41\u63a5\u89e6\u5668-1-2.jpg","contentUrl":"https:\/\/cntnmcb.com\/wp-content\/uploads\/2025\/08\/\u4ea4\u6d41\u63a5\u89e6\u5668-1-2.jpg","width":640,"height":640,"caption":"100A 4 Pole Contactor ZMB1"},{"@type":"BreadcrumbList","@id":"https:\/\/cntnmcb.com\/product\/100a-4-pole-contactor-zmb1\/#breadcrumb","itemListElement":[{"@type":"ListItem","position":1,"name":"Home","item":"https:\/\/cntnmcb.com\/"},{"@type":"ListItem","position":2,"name":"Products","item":"https:\/\/cntnmcb.com\/products\/"},{"@type":"ListItem","position":3,"name":"100A 4 Pole Contactor ZMB1"}]},{"@type":"WebSite","@id":"https:\/\/cntnmcb.com\/#website","url":"https:\/\/cntnmcb.com\/","name":"Zhejiang CNTN Electric S.L.","description":"Somos fabricantes chinos de MCB, MCCB, ACB, contadores de panel y contadores de energ\u00eda.","publisher":{"@id":"https:\/\/cntnmcb.com\/#organization"},"alternateName":"Zhejiang CNTN Electric Co.,Ltd","potentialAction":[{"@type":"SearchAction","target":{"@type":"EntryPoint","urlTemplate":"https:\/\/cntnmcb.com\/?s={search_term_string}"},"query-input":{"@type":"PropertyValueSpecification","valueRequired":true,"valueName":"search_term_string"}}],"inLanguage":"es"},{"@type":"Organization","@id":"https:\/\/cntnmcb.com\/#organization","name":"Zhejiang CNTN Electric S.L.","alternateName":"Zhejiang CNTN Electric Co.,Ltd","url":"https:\/\/cntnmcb.com\/","logo":{"@type":"ImageObject","inLanguage":"es","@id":"https:\/\/cntnmcb.com\/#\/schema\/logo\/image\/","url":"https:\/\/cntnmcb.com\/wp-content\/uploads\/2025\/05\/CNTN-LOGO.webp","contentUrl":"https:\/\/cntnmcb.com\/wp-content\/uploads\/2025\/05\/CNTN-LOGO.webp","width":768,"height":236,"caption":"Zhejiang CNTN Electric Co.,Ltd"},"image":{"@id":"https:\/\/cntnmcb.com\/#\/schema\/logo\/image\/"}}]}},"_links":{"self":[{"href":"https:\/\/cntnmcb.com\/es\/wp-json\/wp\/v2\/product\/6340","targetHints":{"allow":["GET"]}}],"collection":[{"href":"https:\/\/cntnmcb.com\/es\/wp-json\/wp\/v2\/product"}],"about":[{"href":"https:\/\/cntnmcb.com\/es\/wp-json\/wp\/v2\/types\/product"}],"wp:featuredmedia":[{"embeddable":true,"href":"https:\/\/cntnmcb.com\/es\/wp-json\/wp\/v2\/media\/7445"}],"wp:attachment":[{"href":"https:\/\/cntnmcb.com\/es\/wp-json\/wp\/v2\/media?parent=6340"}],"wp:term":[{"taxonomy":"product_brand","embeddable":true,"href":"https:\/\/cntnmcb.com\/es\/wp-json\/wp\/v2\/product_brand?post=6340"},{"taxonomy":"product_cat","embeddable":true,"href":"https:\/\/cntnmcb.com\/es\/wp-json\/wp\/v2\/product_cat?post=6340"},{"taxonomy":"product_tag","embeddable":true,"href":"https:\/\/cntnmcb.com\/es\/wp-json\/wp\/v2\/product_tag?post=6340"}],"curies":[{"name":"wp","href":"https:\/\/api.w.org\/{rel}","templated":true}]}}