{"id":7043,"date":"2025-09-06T06:29:15","date_gmt":"2025-09-06T06:29:15","guid":{"rendered":"https:\/\/cntnmcb.com\/?post_type=product&#038;p=7043"},"modified":"2025-09-21T05:53:57","modified_gmt":"2025-09-21T05:53:57","slug":"isolation-fuse-jdw2-0-5","status":"publish","type":"product","link":"https:\/\/cntnmcb.com\/es\/product\/isolation-fuse-jdw2-0-5\/","title":{"rendered":"Fusible de aislamiento JDW2-0,5"},"content":{"rendered":"<h2 class=\"header-vfC6AV auto-hide-last-sibling-br\">Introducci\u00f3n a los fusibles de aislamiento<\/h2>\n<div class=\"auto-hide-last-sibling-br paragraph-JOTKXA paragraph-element br-paragraph-space\">Un fusible de aislamiento es un componente clave en los sistemas de potencia que combina\u00a0<strong>funci\u00f3n de aislamiento<\/strong>\u00a0y\u00a0<strong>funci\u00f3n de protecci\u00f3n contra cortocircuitos\/sobrecargas<\/strong>\u00a0en uno. Al integrar las funciones de aislamiento y protecci\u00f3n, simplifica la estructura del sistema de distribuci\u00f3n de energ\u00eda, reduce los costes y mejora la seguridad de funcionamiento y mantenimiento gracias a las caracter\u00edsticas de\u00a0<strong>puntos de ruptura visibles<\/strong>\u00a0y\u00a0<strong>extinci\u00f3n r\u00e1pida del arco<\/strong>.<\/div>\n<h2 class=\"header-vfC6AV auto-hide-last-sibling-br\">Ventajas<\/h2>\n<ol class=\"auto-hide-last-sibling-br\">\n<li>Sustituye a dos componentes separados y mejora la eficacia operativa<\/li>\n<li>Corta r\u00e1pidamente los fallos y evita la escalada de accidentes<\/li>\n<li>Evita el funcionamiento incorrecto y ofrece una gran adaptabilidad<\/li>\n<li>Reduce los costes de equipamiento<\/li>\n<li>Se adapta a diversos escenarios de distribuci\u00f3n de energ\u00eda<\/li>\n<\/ol>\n<h2 class=\"header-vfC6AV auto-hide-last-sibling-br\">\u00bfC\u00f3mo funciona un fusible aislante?<\/h2>\n<div class=\"auto-hide-last-sibling-br paragraph-JOTKXA paragraph-element br-paragraph-space\">El principio de funcionamiento de un fusible de aislamiento se basa en la fusi\u00f3n t\u00e9rmica y la rotura de su elemento fusible interno para lograr la protecci\u00f3n contra fallos. Dispone de una carcasa aislante que evita la fuga del arco el\u00e9ctrico cuando el fusible se funde.<\/div>\n<div class=\"container-utlnW2 md-box-line-break wrapper-d0Cc1k undefined\"><\/div>\n<div class=\"auto-hide-last-sibling-br paragraph-JOTKXA paragraph-element br-paragraph-space\">Cuando se produce un fallo en el circuito (por ejemplo, un cortocircuito o una sobrecarga), el elemento fusible se funde y se rompe r\u00e1pidamente, obligando al circuito a desconectarse. De este modo, se corta eficazmente el fallo y se evitan posibles riesgos.<\/div>\n<div class=\"container-utlnW2 md-box-line-break wrapper-d0Cc1k undefined\"><\/div>\n<div class=\"auto-hide-last-sibling-br paragraph-JOTKXA paragraph-element br-paragraph-space\">Debe tenerse en cuenta que una vez que el elemento fusible se rompe, no puede reutilizarse. Para restablecer la funci\u00f3n de protecci\u00f3n, debe sustituirse por un nuevo elemento fusible. Despu\u00e9s de sustituir el elemento fusible, es necesario volver a cerrar los contactos m\u00f3viles y fijos para restablecer la conducci\u00f3n del circuito.<\/div>\n<div class=\"container-utlnW2 md-box-line-break wrapper-d0Cc1k undefined\"><\/div>\n<div class=\"auto-hide-last-sibling-br paragraph-JOTKXA paragraph-element br-paragraph-space\">En t\u00e9rminos sencillos, un fusible de aislamiento act\u00faa como un \u201cconductor\u201d durante el funcionamiento normal, un \u201cpar de tijeras\u201d (para cortar los fallos) cuando se produce un fallo en el circuito, y una \u201ccompuerta\u201d (para aislar el circuito) durante el mantenimiento.<\/div>\n<div class=\"container-utlnW2 md-box-line-break wrapper-d0Cc1k undefined\"><\/div>\n<div class=\"auto-hide-last-sibling-br paragraph-JOTKXA paragraph-element br-paragraph-space\">Si desea obtener m\u00e1s informaci\u00f3n sobre las funciones de los fusibles, no dude en ponerse en contacto con nosotros. Ofrecemos servicio en l\u00ednea 24\/7 con garant\u00eda de respuesta en 2 horas.<\/div>\n<p>&nbsp;<\/p>\n<p>&nbsp;<\/p>","protected":false},"excerpt":{"rendered":"<ol class=\"auto-hide-last-sibling-br\">\n<li>Integra funciones duales, simplificando la estructura del sistema<\/li>\n<li>Garantiza la seguridad del mantenimiento y cumple las especificaciones el\u00e9ctricas<\/li>\n<li>Respuesta de protecci\u00f3n directa y alta fiabilidad<\/li>\n<li>Bajos costes de funcionamiento y mantenimiento con una c\u00f3moda sustituci\u00f3n<\/li>\n<\/ol>","protected":false},"featured_media":7044,"template":"","meta":{"site-sidebar-layout":"default","site-content-layout":"","ast-site-content-layout":"default","site-content-style":"default","site-sidebar-style":"default","ast-global-header-display":"","ast-banner-title-visibility":"","ast-main-header-display":"","ast-hfb-above-header-display":"","ast-hfb-below-header-display":"","ast-hfb-mobile-header-display":"","site-post-title":"","ast-breadcrumbs-content":"","ast-featured-img":"","footer-sml-layout":"","ast-disable-related-posts":"","theme-transparent-header-meta":"default","adv-header-id-meta":"","stick-header-meta":"","header-above-stick-meta":"","header-main-stick-meta":"","header-below-stick-meta":"","astra-migrate-meta-layouts":"set","ast-page-background-enabled":"default","ast-page-background-meta":{"desktop":{"background-color":"","background-image":"","background-repeat":"repeat","background-position":"center center","background-size":"auto","background-attachment":"scroll","background-type":"","background-media":"","overlay-type":"","overlay-color":"","overlay-opacity":"","overlay-gradient":""},"tablet":{"background-color":"","background-image":"","background-repeat":"repeat","background-position":"center center","background-size":"auto","background-attachment":"scroll","background-type":"","background-media":"","overlay-type":"","overlay-color":"","overlay-opacity":"","overlay-gradient":""},"mobile":{"background-color":"","background-image":"","background-repeat":"repeat","background-position":"center center","background-size":"auto","background-attachment":"scroll","background-type":"","background-media":"","overlay-type":"","overlay-color":"","overlay-opacity":"","overlay-gradient":""}},"ast-content-background-meta":{"desktop":{"background-color":"var(--ast-global-color-5)","background-image":"","background-repeat":"repeat","background-position":"center center","background-size":"auto","background-attachment":"scroll","background-type":"","background-media":"","overlay-type":"","overlay-color":"","overlay-opacity":"","overlay-gradient":""},"tablet":{"background-color":"var(--ast-global-color-5)","background-image":"","background-repeat":"repeat","background-position":"center center","background-size":"auto","background-attachment":"scroll","background-type":"","background-media":"","overlay-type":"","overlay-color":"","overlay-opacity":"","overlay-gradient":""},"mobile":{"background-color":"var(--ast-global-color-5)","background-image":"","background-repeat":"repeat","background-position":"center center","background-size":"auto","background-attachment":"scroll","background-type":"","background-media":"","overlay-type":"","overlay-color":"","overlay-opacity":"","overlay-gradient":""}}},"product_brand":[],"product_cat":[59,35],"product_tag":[],"class_list":{"0":"post-7043","1":"product","2":"type-product","3":"status-publish","4":"has-post-thumbnail","6":"product_cat-fast-fuse","7":"product_cat-low-voltage","8":"desktop-align-center","9":"tablet-align-left","10":"mobile-align-left","12":"first","13":"instock","14":"shipping-taxable","15":"product-type-simple"},"yoast_head":"<!-- This site is optimized with the Yoast SEO Premium plugin v25.0 (Yoast SEO v27.5) - https:\/\/yoast.com\/product\/yoast-seo-premium-wordpress\/ -->\n<title>Isolation Fuse JDW2-0.5 - Zhejiang CNTN Electric Co.,Ltd<\/title>\n<meta name=\"description\" content=\"Our Isolation Fuse It is made of ceramic and solid copper. Click to learn more.\" \/>\n<meta name=\"robots\" content=\"index, follow, max-snippet:-1, max-image-preview:large, max-video-preview:-1\" \/>\n<link rel=\"canonical\" href=\"https:\/\/cntnmcb.com\/es\/producto\/isolation-fuse-jdw2-0-5\/\" \/>\n<meta property=\"og:locale\" content=\"es_ES\" \/>\n<meta property=\"og:type\" content=\"article\" \/>\n<meta property=\"og:title\" content=\"Isolation Fuse JDW2-0.5\" \/>\n<meta property=\"og:description\" content=\"Our Isolation Fuse It is made of ceramic and solid copper. Click to learn more.\" \/>\n<meta property=\"og:url\" content=\"https:\/\/cntnmcb.com\/es\/producto\/isolation-fuse-jdw2-0-5\/\" \/>\n<meta property=\"og:site_name\" content=\"Zhejiang CNTN Electric Co.,Ltd\" \/>\n<meta property=\"article:modified_time\" content=\"2025-09-21T05:53:57+00:00\" \/>\n<meta property=\"og:image\" content=\"https:\/\/cntnmcb.com\/wp-content\/uploads\/2025\/09\/JDW2-0.5-\u7194\u65ad\u5f0f\u9694\u79bb\u5f00\u5173.jpg\" \/>\n\t<meta property=\"og:image:width\" content=\"640\" \/>\n\t<meta property=\"og:image:height\" content=\"640\" \/>\n\t<meta property=\"og:image:type\" content=\"image\/jpeg\" \/>\n<meta name=\"twitter:card\" content=\"summary_large_image\" \/>\n<meta name=\"twitter:label1\" content=\"Tiempo de lectura\" \/>\n\t<meta name=\"twitter:data1\" content=\"2 minutos\" \/>\n<script type=\"application\/ld+json\" class=\"yoast-schema-graph\">{\"@context\":\"https:\\\/\\\/schema.org\",\"@graph\":[{\"@type\":\"WebPage\",\"@id\":\"https:\\\/\\\/cntnmcb.com\\\/product\\\/isolation-fuse-jdw2-0-5\\\/\",\"url\":\"https:\\\/\\\/cntnmcb.com\\\/product\\\/isolation-fuse-jdw2-0-5\\\/\",\"name\":\"Isolation Fuse JDW2-0.5 - Zhejiang CNTN Electric Co.,Ltd\",\"isPartOf\":{\"@id\":\"https:\\\/\\\/cntnmcb.com\\\/#website\"},\"primaryImageOfPage\":{\"@id\":\"https:\\\/\\\/cntnmcb.com\\\/product\\\/isolation-fuse-jdw2-0-5\\\/#primaryimage\"},\"image\":{\"@id\":\"https:\\\/\\\/cntnmcb.com\\\/product\\\/isolation-fuse-jdw2-0-5\\\/#primaryimage\"},\"thumbnailUrl\":\"https:\\\/\\\/cntnmcb.com\\\/wp-content\\\/uploads\\\/2025\\\/09\\\/JDW2-0.5-\u7194\u65ad\u5f0f\u9694\u79bb\u5f00\u5173.jpg\",\"datePublished\":\"2025-09-06T06:29:15+00:00\",\"dateModified\":\"2025-09-21T05:53:57+00:00\",\"description\":\"Our Isolation Fuse It is made of ceramic and solid copper. Click to learn more.\",\"breadcrumb\":{\"@id\":\"https:\\\/\\\/cntnmcb.com\\\/product\\\/isolation-fuse-jdw2-0-5\\\/#breadcrumb\"},\"inLanguage\":\"es\",\"potentialAction\":[{\"@type\":\"ReadAction\",\"target\":[\"https:\\\/\\\/cntnmcb.com\\\/product\\\/isolation-fuse-jdw2-0-5\\\/\"]}]},{\"@type\":\"ImageObject\",\"inLanguage\":\"es\",\"@id\":\"https:\\\/\\\/cntnmcb.com\\\/product\\\/isolation-fuse-jdw2-0-5\\\/#primaryimage\",\"url\":\"https:\\\/\\\/cntnmcb.com\\\/wp-content\\\/uploads\\\/2025\\\/09\\\/JDW2-0.5-\u7194\u65ad\u5f0f\u9694\u79bb\u5f00\u5173.jpg\",\"contentUrl\":\"https:\\\/\\\/cntnmcb.com\\\/wp-content\\\/uploads\\\/2025\\\/09\\\/JDW2-0.5-\u7194\u65ad\u5f0f\u9694\u79bb\u5f00\u5173.jpg\",\"width\":640,\"height\":640,\"caption\":\"Isolation Fuse JDW2-0.5\"},{\"@type\":\"BreadcrumbList\",\"@id\":\"https:\\\/\\\/cntnmcb.com\\\/product\\\/isolation-fuse-jdw2-0-5\\\/#breadcrumb\",\"itemListElement\":[{\"@type\":\"ListItem\",\"position\":1,\"name\":\"Home\",\"item\":\"https:\\\/\\\/cntnmcb.com\\\/\"},{\"@type\":\"ListItem\",\"position\":2,\"name\":\"Products\",\"item\":\"https:\\\/\\\/cntnmcb.com\\\/products\\\/\"},{\"@type\":\"ListItem\",\"position\":3,\"name\":\"Isolation Fuse JDW2-0.5\"}]},{\"@type\":\"WebSite\",\"@id\":\"https:\\\/\\\/cntnmcb.com\\\/#website\",\"url\":\"https:\\\/\\\/cntnmcb.com\\\/\",\"name\":\"Zhejiang CNTN Electric Co.,Ltd\",\"description\":\"We are China MCB, MCCB, ACB, panel meter, energy meter manufacturer\",\"publisher\":{\"@id\":\"https:\\\/\\\/cntnmcb.com\\\/#organization\"},\"alternateName\":\"Zhejiang CNTN Electric Co.,Ltd\",\"potentialAction\":[{\"@type\":\"SearchAction\",\"target\":{\"@type\":\"EntryPoint\",\"urlTemplate\":\"https:\\\/\\\/cntnmcb.com\\\/?s={search_term_string}\"},\"query-input\":{\"@type\":\"PropertyValueSpecification\",\"valueRequired\":true,\"valueName\":\"search_term_string\"}}],\"inLanguage\":\"es\"},{\"@type\":\"Organization\",\"@id\":\"https:\\\/\\\/cntnmcb.com\\\/#organization\",\"name\":\"Zhejiang CNTN Electric Co.,Ltd\",\"alternateName\":\"Zhejiang CNTN Electric Co.,Ltd\",\"url\":\"https:\\\/\\\/cntnmcb.com\\\/\",\"logo\":{\"@type\":\"ImageObject\",\"inLanguage\":\"es\",\"@id\":\"https:\\\/\\\/cntnmcb.com\\\/#\\\/schema\\\/logo\\\/image\\\/\",\"url\":\"https:\\\/\\\/cntnmcb.com\\\/wp-content\\\/uploads\\\/2025\\\/05\\\/CNTN-LOGO.webp\",\"contentUrl\":\"https:\\\/\\\/cntnmcb.com\\\/wp-content\\\/uploads\\\/2025\\\/05\\\/CNTN-LOGO.webp\",\"width\":768,\"height\":236,\"caption\":\"Zhejiang CNTN Electric Co.,Ltd\"},\"image\":{\"@id\":\"https:\\\/\\\/cntnmcb.com\\\/#\\\/schema\\\/logo\\\/image\\\/\"}}]}<\/script>\n<!-- \/ Yoast SEO Premium plugin. -->","yoast_head_json":{"title":"Fusible de aislamiento JDW2-0.5 - Zhejiang CNTN Electric Co.,Ltd","description":"Nuestro fusible de aislamiento Est\u00e1 hecho de cer\u00e1mica y cobre s\u00f3lido. Haga clic para obtener m\u00e1s informaci\u00f3n.","robots":{"index":"index","follow":"follow","max-snippet":"max-snippet:-1","max-image-preview":"max-image-preview:large","max-video-preview":"max-video-preview:-1"},"canonical":"https:\/\/cntnmcb.com\/es\/producto\/isolation-fuse-jdw2-0-5\/","og_locale":"es_ES","og_type":"article","og_title":"Isolation Fuse JDW2-0.5","og_description":"Our Isolation Fuse It is made of ceramic and solid copper. Click to learn more.","og_url":"https:\/\/cntnmcb.com\/es\/producto\/isolation-fuse-jdw2-0-5\/","og_site_name":"Zhejiang CNTN Electric Co.,Ltd","article_modified_time":"2025-09-21T05:53:57+00:00","og_image":[{"width":640,"height":640,"url":"https:\/\/cntnmcb.com\/wp-content\/uploads\/2025\/09\/JDW2-0.5-\u7194\u65ad\u5f0f\u9694\u79bb\u5f00\u5173.jpg","type":"image\/jpeg"}],"twitter_card":"summary_large_image","twitter_misc":{"Tiempo de lectura":"2 minutos"},"schema":{"@context":"https:\/\/schema.org","@graph":[{"@type":"WebPage","@id":"https:\/\/cntnmcb.com\/product\/isolation-fuse-jdw2-0-5\/","url":"https:\/\/cntnmcb.com\/product\/isolation-fuse-jdw2-0-5\/","name":"Fusible de aislamiento JDW2-0.5 - Zhejiang CNTN Electric Co.,Ltd","isPartOf":{"@id":"https:\/\/cntnmcb.com\/#website"},"primaryImageOfPage":{"@id":"https:\/\/cntnmcb.com\/product\/isolation-fuse-jdw2-0-5\/#primaryimage"},"image":{"@id":"https:\/\/cntnmcb.com\/product\/isolation-fuse-jdw2-0-5\/#primaryimage"},"thumbnailUrl":"https:\/\/cntnmcb.com\/wp-content\/uploads\/2025\/09\/JDW2-0.5-\u7194\u65ad\u5f0f\u9694\u79bb\u5f00\u5173.jpg","datePublished":"2025-09-06T06:29:15+00:00","dateModified":"2025-09-21T05:53:57+00:00","description":"Nuestro fusible de aislamiento Est\u00e1 hecho de cer\u00e1mica y cobre s\u00f3lido. Haga clic para obtener m\u00e1s informaci\u00f3n.","breadcrumb":{"@id":"https:\/\/cntnmcb.com\/product\/isolation-fuse-jdw2-0-5\/#breadcrumb"},"inLanguage":"es","potentialAction":[{"@type":"ReadAction","target":["https:\/\/cntnmcb.com\/product\/isolation-fuse-jdw2-0-5\/"]}]},{"@type":"ImageObject","inLanguage":"es","@id":"https:\/\/cntnmcb.com\/product\/isolation-fuse-jdw2-0-5\/#primaryimage","url":"https:\/\/cntnmcb.com\/wp-content\/uploads\/2025\/09\/JDW2-0.5-\u7194\u65ad\u5f0f\u9694\u79bb\u5f00\u5173.jpg","contentUrl":"https:\/\/cntnmcb.com\/wp-content\/uploads\/2025\/09\/JDW2-0.5-\u7194\u65ad\u5f0f\u9694\u79bb\u5f00\u5173.jpg","width":640,"height":640,"caption":"Isolation Fuse JDW2-0.5"},{"@type":"BreadcrumbList","@id":"https:\/\/cntnmcb.com\/product\/isolation-fuse-jdw2-0-5\/#breadcrumb","itemListElement":[{"@type":"ListItem","position":1,"name":"Home","item":"https:\/\/cntnmcb.com\/"},{"@type":"ListItem","position":2,"name":"Products","item":"https:\/\/cntnmcb.com\/products\/"},{"@type":"ListItem","position":3,"name":"Isolation Fuse JDW2-0.5"}]},{"@type":"WebSite","@id":"https:\/\/cntnmcb.com\/#website","url":"https:\/\/cntnmcb.com\/","name":"Zhejiang CNTN Electric S.L.","description":"Somos fabricantes chinos de MCB, MCCB, ACB, contadores de panel y contadores de energ\u00eda.","publisher":{"@id":"https:\/\/cntnmcb.com\/#organization"},"alternateName":"Zhejiang CNTN Electric Co.,Ltd","potentialAction":[{"@type":"SearchAction","target":{"@type":"EntryPoint","urlTemplate":"https:\/\/cntnmcb.com\/?s={search_term_string}"},"query-input":{"@type":"PropertyValueSpecification","valueRequired":true,"valueName":"search_term_string"}}],"inLanguage":"es"},{"@type":"Organization","@id":"https:\/\/cntnmcb.com\/#organization","name":"Zhejiang CNTN Electric S.L.","alternateName":"Zhejiang CNTN Electric Co.,Ltd","url":"https:\/\/cntnmcb.com\/","logo":{"@type":"ImageObject","inLanguage":"es","@id":"https:\/\/cntnmcb.com\/#\/schema\/logo\/image\/","url":"https:\/\/cntnmcb.com\/wp-content\/uploads\/2025\/05\/CNTN-LOGO.webp","contentUrl":"https:\/\/cntnmcb.com\/wp-content\/uploads\/2025\/05\/CNTN-LOGO.webp","width":768,"height":236,"caption":"Zhejiang CNTN Electric Co.,Ltd"},"image":{"@id":"https:\/\/cntnmcb.com\/#\/schema\/logo\/image\/"}}]}},"_links":{"self":[{"href":"https:\/\/cntnmcb.com\/es\/wp-json\/wp\/v2\/product\/7043","targetHints":{"allow":["GET"]}}],"collection":[{"href":"https:\/\/cntnmcb.com\/es\/wp-json\/wp\/v2\/product"}],"about":[{"href":"https:\/\/cntnmcb.com\/es\/wp-json\/wp\/v2\/types\/product"}],"wp:featuredmedia":[{"embeddable":true,"href":"https:\/\/cntnmcb.com\/es\/wp-json\/wp\/v2\/media\/7044"}],"wp:attachment":[{"href":"https:\/\/cntnmcb.com\/es\/wp-json\/wp\/v2\/media?parent=7043"}],"wp:term":[{"taxonomy":"product_brand","embeddable":true,"href":"https:\/\/cntnmcb.com\/es\/wp-json\/wp\/v2\/product_brand?post=7043"},{"taxonomy":"product_cat","embeddable":true,"href":"https:\/\/cntnmcb.com\/es\/wp-json\/wp\/v2\/product_cat?post=7043"},{"taxonomy":"product_tag","embeddable":true,"href":"https:\/\/cntnmcb.com\/es\/wp-json\/wp\/v2\/product_tag?post=7043"}],"curies":[{"name":"wp","href":"https:\/\/api.w.org\/{rel}","templated":true}]}}