{"id":7047,"date":"2025-09-06T07:41:38","date_gmt":"2025-09-06T07:41:38","guid":{"rendered":"https:\/\/cntnmcb.com\/?post_type=product&#038;p=7047"},"modified":"2025-09-21T06:31:40","modified_gmt":"2025-09-21T06:31:40","slug":"dual-power-automatic-transfer-switch-ats-63a-zmq3","status":"publish","type":"product","link":"https:\/\/cntnmcb.com\/es\/product\/dual-power-automatic-transfer-switch-ats-63a-zmq3\/","title":{"rendered":"Conmutador de transferencia autom\u00e1tica de doble potencia ATS 63A ZMQ3"},"content":{"rendered":"<div class=\"auto-hide-last-sibling-br paragraph-JOTKXA paragraph-element br-paragraph-space\">Las principales ventajas de un conmutador de transferencia autom\u00e1tica (ATS) residen en que garantiza la continuidad del suministro el\u00e9ctrico y mejora la seguridad el\u00e9ctrica. Puede conmutar autom\u00e1ticamente a una fuente de alimentaci\u00f3n de reserva cuando falla la fuente de alimentaci\u00f3n principal, sin intervenci\u00f3n manual, evitando as\u00ed las p\u00e9rdidas causadas por los cortes de energ\u00eda.El diagrama muestra un interruptor de transferencia autom\u00e1tica de doble potencia ATS 63A ZMQ3<\/div>\n<div><\/div>\n<h2 class=\"header-vfC6AV auto-hide-last-sibling-br\">Ventajas<\/h2>\n<ol class=\"auto-hide-last-sibling-br\">\n<li>El ATS permite cambiar de fuente de alimentaci\u00f3n en milisegundos o segundos.<\/li>\n<li>No requiere ninguna operaci\u00f3n manual, lo que reduce los costes de gesti\u00f3n.<\/li>\n<li>Los m\u00faltiples mecanismos de protecci\u00f3n mejoran la seguridad el\u00e9ctrica.<\/li>\n<li>Se adapta a escenarios complejos con una gran compatibilidad.<\/li>\n<\/ol>\n<p>&nbsp;<\/p>\n<h2>\u00bfC\u00f3mo funciona un ual-power-automatic-transfer-switch-ats-63a?<\/h2>\n<div class=\"auto-hide-last-sibling-br paragraph-JOTKXA paragraph-element br-paragraph-space\">Un equipo de conmutaci\u00f3n de transferencia autom\u00e1tica (ATSE, por sus siglas en ingl\u00e9s) es un dispositivo de conmutaci\u00f3n central utilizado en sistemas de alimentaci\u00f3n el\u00e9ctrica. Cuando falla la fuente de alimentaci\u00f3n primaria (fuente de alimentaci\u00f3n normal), conmuta autom\u00e1ticamente el circuito de carga a la fuente de alimentaci\u00f3n de reserva, garantizando el suministro continuo de energ\u00eda para equipos o instalaciones cr\u00edticos y evitando riesgos de seguridad, interrupciones de la producci\u00f3n, etc.<\/div>\n<div><\/div>\n<div>Ofrecemos servicios personalizados, la producci\u00f3n de productos en la demanda y el mantenimiento de la comunicaci\u00f3n de todo el proceso hasta que est\u00e9 completamente satisfecho.Si desea obtener m\u00e1s informaci\u00f3n acerca de nuestra Doble Potencia Interruptor de Transferencia Autom\u00e1tica ATS 63A, por favor no dude en contactar con nosotros.<\/div>","protected":false},"excerpt":{"rendered":"<ol class=\"auto-hide-last-sibling-br\">\n<li>Garantiza un suministro el\u00e9ctrico continuo sin interrupciones<\/li>\n<li>Funcionamiento totalmente automatizado<\/li>\n<li>Mecanismo de protecci\u00f3n incorporado<\/li>\n<li>Gran compatibilidad de escenarios<\/li>\n<li>C\u00f3modo funcionamiento y mantenimiento a largo plazo<\/li>\n<li>Garantiza la continuidad del suministro el\u00e9ctrico<\/li>\n<\/ol>","protected":false},"featured_media":7048,"template":"","meta":{"site-sidebar-layout":"default","site-content-layout":"","ast-site-content-layout":"default","site-content-style":"default","site-sidebar-style":"default","ast-global-header-display":"","ast-banner-title-visibility":"","ast-main-header-display":"","ast-hfb-above-header-display":"","ast-hfb-below-header-display":"","ast-hfb-mobile-header-display":"","site-post-title":"","ast-breadcrumbs-content":"","ast-featured-img":"","footer-sml-layout":"","ast-disable-related-posts":"","theme-transparent-header-meta":"default","adv-header-id-meta":"","stick-header-meta":"","header-above-stick-meta":"","header-main-stick-meta":"","header-below-stick-meta":"","astra-migrate-meta-layouts":"set","ast-page-background-enabled":"default","ast-page-background-meta":{"desktop":{"background-color":"","background-image":"","background-repeat":"repeat","background-position":"center center","background-size":"auto","background-attachment":"scroll","background-type":"","background-media":"","overlay-type":"","overlay-color":"","overlay-opacity":"","overlay-gradient":""},"tablet":{"background-color":"","background-image":"","background-repeat":"repeat","background-position":"center center","background-size":"auto","background-attachment":"scroll","background-type":"","background-media":"","overlay-type":"","overlay-color":"","overlay-opacity":"","overlay-gradient":""},"mobile":{"background-color":"","background-image":"","background-repeat":"repeat","background-position":"center center","background-size":"auto","background-attachment":"scroll","background-type":"","background-media":"","overlay-type":"","overlay-color":"","overlay-opacity":"","overlay-gradient":""}},"ast-content-background-meta":{"desktop":{"background-color":"var(--ast-global-color-5)","background-image":"","background-repeat":"repeat","background-position":"center center","background-size":"auto","background-attachment":"scroll","background-type":"","background-media":"","overlay-type":"","overlay-color":"","overlay-opacity":"","overlay-gradient":""},"tablet":{"background-color":"var(--ast-global-color-5)","background-image":"","background-repeat":"repeat","background-position":"center center","background-size":"auto","background-attachment":"scroll","background-type":"","background-media":"","overlay-type":"","overlay-color":"","overlay-opacity":"","overlay-gradient":""},"mobile":{"background-color":"var(--ast-global-color-5)","background-image":"","background-repeat":"repeat","background-position":"center center","background-size":"auto","background-attachment":"scroll","background-type":"","background-media":"","overlay-type":"","overlay-color":"","overlay-opacity":"","overlay-gradient":""}}},"product_brand":[],"product_cat":[61],"product_tag":[],"class_list":{"0":"post-7047","1":"product","2":"type-product","3":"status-publish","4":"has-post-thumbnail","6":"product_cat-ats","7":"desktop-align-center","8":"tablet-align-left","9":"mobile-align-left","11":"first","12":"instock","13":"shipping-taxable","14":"product-type-simple"},"yoast_head":"<!-- This site is optimized with the Yoast SEO Premium plugin v25.0 (Yoast SEO v27.5) - https:\/\/yoast.com\/product\/yoast-seo-premium-wordpress\/ -->\n<title>Dual Power Automatic Transfer Switch ATS 63A ZMQ3 - Zhejiang CNTN Electric Co.,Ltd<\/title>\n<meta name=\"description\" content=\"Our Dual Power Automatic Transfer Switch ATS 63A ZMQ3 Easy to install, with a 2-year warranty. Click to learn more.\" \/>\n<meta name=\"robots\" content=\"index, follow, max-snippet:-1, max-image-preview:large, max-video-preview:-1\" \/>\n<link rel=\"canonical\" href=\"https:\/\/cntnmcb.com\/es\/producto\/dual-power-automatic-transfer-switch-ats-63a-zmq3\/\" \/>\n<meta property=\"og:locale\" content=\"es_ES\" \/>\n<meta property=\"og:type\" content=\"article\" \/>\n<meta property=\"og:title\" content=\"Dual Power Automatic Transfer Switch ATS 63A ZMQ3\" \/>\n<meta property=\"og:description\" content=\"Our Dual Power Automatic Transfer Switch ATS 63A ZMQ3 Easy to install, with a 2-year warranty. Click to learn more.\" \/>\n<meta property=\"og:url\" content=\"https:\/\/cntnmcb.com\/es\/producto\/dual-power-automatic-transfer-switch-ats-63a-zmq3\/\" \/>\n<meta property=\"og:site_name\" content=\"Zhejiang CNTN Electric Co.,Ltd\" \/>\n<meta property=\"article:modified_time\" content=\"2025-09-21T06:31:40+00:00\" \/>\n<meta property=\"og:image\" content=\"https:\/\/cntnmcb.com\/wp-content\/uploads\/2025\/09\/ZMQ3-1.jpg\" \/>\n\t<meta property=\"og:image:width\" content=\"640\" \/>\n\t<meta property=\"og:image:height\" content=\"640\" \/>\n\t<meta property=\"og:image:type\" content=\"image\/jpeg\" \/>\n<meta name=\"twitter:card\" content=\"summary_large_image\" \/>\n<meta name=\"twitter:label1\" content=\"Tiempo de lectura\" \/>\n\t<meta name=\"twitter:data1\" content=\"2 minutos\" \/>\n<script type=\"application\/ld+json\" class=\"yoast-schema-graph\">{\"@context\":\"https:\\\/\\\/schema.org\",\"@graph\":[{\"@type\":\"WebPage\",\"@id\":\"https:\\\/\\\/cntnmcb.com\\\/product\\\/dual-power-automatic-transfer-switch-ats-63a-zmq3\\\/\",\"url\":\"https:\\\/\\\/cntnmcb.com\\\/product\\\/dual-power-automatic-transfer-switch-ats-63a-zmq3\\\/\",\"name\":\"Dual Power Automatic Transfer Switch ATS 63A ZMQ3 - Zhejiang CNTN Electric Co.,Ltd\",\"isPartOf\":{\"@id\":\"https:\\\/\\\/cntnmcb.com\\\/#website\"},\"primaryImageOfPage\":{\"@id\":\"https:\\\/\\\/cntnmcb.com\\\/product\\\/dual-power-automatic-transfer-switch-ats-63a-zmq3\\\/#primaryimage\"},\"image\":{\"@id\":\"https:\\\/\\\/cntnmcb.com\\\/product\\\/dual-power-automatic-transfer-switch-ats-63a-zmq3\\\/#primaryimage\"},\"thumbnailUrl\":\"https:\\\/\\\/cntnmcb.com\\\/wp-content\\\/uploads\\\/2025\\\/09\\\/ZMQ3-1.jpg\",\"datePublished\":\"2025-09-06T07:41:38+00:00\",\"dateModified\":\"2025-09-21T06:31:40+00:00\",\"description\":\"Our Dual Power Automatic Transfer Switch ATS 63A ZMQ3 Easy to install, with a 2-year warranty. Click to learn more.\",\"breadcrumb\":{\"@id\":\"https:\\\/\\\/cntnmcb.com\\\/product\\\/dual-power-automatic-transfer-switch-ats-63a-zmq3\\\/#breadcrumb\"},\"inLanguage\":\"es\",\"potentialAction\":[{\"@type\":\"ReadAction\",\"target\":[\"https:\\\/\\\/cntnmcb.com\\\/product\\\/dual-power-automatic-transfer-switch-ats-63a-zmq3\\\/\"]}]},{\"@type\":\"ImageObject\",\"inLanguage\":\"es\",\"@id\":\"https:\\\/\\\/cntnmcb.com\\\/product\\\/dual-power-automatic-transfer-switch-ats-63a-zmq3\\\/#primaryimage\",\"url\":\"https:\\\/\\\/cntnmcb.com\\\/wp-content\\\/uploads\\\/2025\\\/09\\\/ZMQ3-1.jpg\",\"contentUrl\":\"https:\\\/\\\/cntnmcb.com\\\/wp-content\\\/uploads\\\/2025\\\/09\\\/ZMQ3-1.jpg\",\"width\":640,\"height\":640,\"caption\":\"Dual Power Automatic Transfer Switch ATS 63A ZMQ3\"},{\"@type\":\"BreadcrumbList\",\"@id\":\"https:\\\/\\\/cntnmcb.com\\\/product\\\/dual-power-automatic-transfer-switch-ats-63a-zmq3\\\/#breadcrumb\",\"itemListElement\":[{\"@type\":\"ListItem\",\"position\":1,\"name\":\"Home\",\"item\":\"https:\\\/\\\/cntnmcb.com\\\/\"},{\"@type\":\"ListItem\",\"position\":2,\"name\":\"Products\",\"item\":\"https:\\\/\\\/cntnmcb.com\\\/products\\\/\"},{\"@type\":\"ListItem\",\"position\":3,\"name\":\"Dual Power Automatic Transfer Switch ATS 63A ZMQ3\"}]},{\"@type\":\"WebSite\",\"@id\":\"https:\\\/\\\/cntnmcb.com\\\/#website\",\"url\":\"https:\\\/\\\/cntnmcb.com\\\/\",\"name\":\"Zhejiang CNTN Electric Co.,Ltd\",\"description\":\"We are China MCB, MCCB, ACB, panel meter, energy meter manufacturer\",\"publisher\":{\"@id\":\"https:\\\/\\\/cntnmcb.com\\\/#organization\"},\"alternateName\":\"Zhejiang CNTN Electric Co.,Ltd\",\"potentialAction\":[{\"@type\":\"SearchAction\",\"target\":{\"@type\":\"EntryPoint\",\"urlTemplate\":\"https:\\\/\\\/cntnmcb.com\\\/?s={search_term_string}\"},\"query-input\":{\"@type\":\"PropertyValueSpecification\",\"valueRequired\":true,\"valueName\":\"search_term_string\"}}],\"inLanguage\":\"es\"},{\"@type\":\"Organization\",\"@id\":\"https:\\\/\\\/cntnmcb.com\\\/#organization\",\"name\":\"Zhejiang CNTN Electric Co.,Ltd\",\"alternateName\":\"Zhejiang CNTN Electric Co.,Ltd\",\"url\":\"https:\\\/\\\/cntnmcb.com\\\/\",\"logo\":{\"@type\":\"ImageObject\",\"inLanguage\":\"es\",\"@id\":\"https:\\\/\\\/cntnmcb.com\\\/#\\\/schema\\\/logo\\\/image\\\/\",\"url\":\"https:\\\/\\\/cntnmcb.com\\\/wp-content\\\/uploads\\\/2025\\\/05\\\/CNTN-LOGO.webp\",\"contentUrl\":\"https:\\\/\\\/cntnmcb.com\\\/wp-content\\\/uploads\\\/2025\\\/05\\\/CNTN-LOGO.webp\",\"width\":768,\"height\":236,\"caption\":\"Zhejiang CNTN Electric Co.,Ltd\"},\"image\":{\"@id\":\"https:\\\/\\\/cntnmcb.com\\\/#\\\/schema\\\/logo\\\/image\\\/\"}}]}<\/script>\n<!-- \/ Yoast SEO Premium plugin. -->","yoast_head_json":{"title":"Interruptor de transferencia autom\u00e1tica de doble potencia ATS 63A ZMQ3 - Zhejiang CNTN Electric Co.,Ltd","description":"Nuestro Interruptor de Transferencia Autom\u00e1tica de Doble Potencia ATS 63A ZMQ3 F\u00e1cil de instalar, con 2 a\u00f1os de garant\u00eda. Haga clic para obtener m\u00e1s informaci\u00f3n.","robots":{"index":"index","follow":"follow","max-snippet":"max-snippet:-1","max-image-preview":"max-image-preview:large","max-video-preview":"max-video-preview:-1"},"canonical":"https:\/\/cntnmcb.com\/es\/producto\/dual-power-automatic-transfer-switch-ats-63a-zmq3\/","og_locale":"es_ES","og_type":"article","og_title":"Dual Power Automatic Transfer Switch ATS 63A ZMQ3","og_description":"Our Dual Power Automatic Transfer Switch ATS 63A ZMQ3 Easy to install, with a 2-year warranty. Click to learn more.","og_url":"https:\/\/cntnmcb.com\/es\/producto\/dual-power-automatic-transfer-switch-ats-63a-zmq3\/","og_site_name":"Zhejiang CNTN Electric Co.,Ltd","article_modified_time":"2025-09-21T06:31:40+00:00","og_image":[{"width":640,"height":640,"url":"https:\/\/cntnmcb.com\/wp-content\/uploads\/2025\/09\/ZMQ3-1.jpg","type":"image\/jpeg"}],"twitter_card":"summary_large_image","twitter_misc":{"Tiempo de lectura":"2 minutos"},"schema":{"@context":"https:\/\/schema.org","@graph":[{"@type":"WebPage","@id":"https:\/\/cntnmcb.com\/product\/dual-power-automatic-transfer-switch-ats-63a-zmq3\/","url":"https:\/\/cntnmcb.com\/product\/dual-power-automatic-transfer-switch-ats-63a-zmq3\/","name":"Interruptor de transferencia autom\u00e1tica de doble potencia ATS 63A ZMQ3 - Zhejiang CNTN Electric Co.,Ltd","isPartOf":{"@id":"https:\/\/cntnmcb.com\/#website"},"primaryImageOfPage":{"@id":"https:\/\/cntnmcb.com\/product\/dual-power-automatic-transfer-switch-ats-63a-zmq3\/#primaryimage"},"image":{"@id":"https:\/\/cntnmcb.com\/product\/dual-power-automatic-transfer-switch-ats-63a-zmq3\/#primaryimage"},"thumbnailUrl":"https:\/\/cntnmcb.com\/wp-content\/uploads\/2025\/09\/ZMQ3-1.jpg","datePublished":"2025-09-06T07:41:38+00:00","dateModified":"2025-09-21T06:31:40+00:00","description":"Nuestro Interruptor de Transferencia Autom\u00e1tica de Doble Potencia ATS 63A ZMQ3 F\u00e1cil de instalar, con 2 a\u00f1os de garant\u00eda. Haga clic para obtener m\u00e1s informaci\u00f3n.","breadcrumb":{"@id":"https:\/\/cntnmcb.com\/product\/dual-power-automatic-transfer-switch-ats-63a-zmq3\/#breadcrumb"},"inLanguage":"es","potentialAction":[{"@type":"ReadAction","target":["https:\/\/cntnmcb.com\/product\/dual-power-automatic-transfer-switch-ats-63a-zmq3\/"]}]},{"@type":"ImageObject","inLanguage":"es","@id":"https:\/\/cntnmcb.com\/product\/dual-power-automatic-transfer-switch-ats-63a-zmq3\/#primaryimage","url":"https:\/\/cntnmcb.com\/wp-content\/uploads\/2025\/09\/ZMQ3-1.jpg","contentUrl":"https:\/\/cntnmcb.com\/wp-content\/uploads\/2025\/09\/ZMQ3-1.jpg","width":640,"height":640,"caption":"Dual Power Automatic Transfer Switch ATS 63A ZMQ3"},{"@type":"BreadcrumbList","@id":"https:\/\/cntnmcb.com\/product\/dual-power-automatic-transfer-switch-ats-63a-zmq3\/#breadcrumb","itemListElement":[{"@type":"ListItem","position":1,"name":"Home","item":"https:\/\/cntnmcb.com\/"},{"@type":"ListItem","position":2,"name":"Products","item":"https:\/\/cntnmcb.com\/products\/"},{"@type":"ListItem","position":3,"name":"Dual Power Automatic Transfer Switch ATS 63A ZMQ3"}]},{"@type":"WebSite","@id":"https:\/\/cntnmcb.com\/#website","url":"https:\/\/cntnmcb.com\/","name":"Zhejiang CNTN Electric S.L.","description":"Somos fabricantes chinos de MCB, MCCB, ACB, contadores de panel y contadores de energ\u00eda.","publisher":{"@id":"https:\/\/cntnmcb.com\/#organization"},"alternateName":"Zhejiang CNTN Electric Co.,Ltd","potentialAction":[{"@type":"SearchAction","target":{"@type":"EntryPoint","urlTemplate":"https:\/\/cntnmcb.com\/?s={search_term_string}"},"query-input":{"@type":"PropertyValueSpecification","valueRequired":true,"valueName":"search_term_string"}}],"inLanguage":"es"},{"@type":"Organization","@id":"https:\/\/cntnmcb.com\/#organization","name":"Zhejiang CNTN Electric S.L.","alternateName":"Zhejiang CNTN Electric Co.,Ltd","url":"https:\/\/cntnmcb.com\/","logo":{"@type":"ImageObject","inLanguage":"es","@id":"https:\/\/cntnmcb.com\/#\/schema\/logo\/image\/","url":"https:\/\/cntnmcb.com\/wp-content\/uploads\/2025\/05\/CNTN-LOGO.webp","contentUrl":"https:\/\/cntnmcb.com\/wp-content\/uploads\/2025\/05\/CNTN-LOGO.webp","width":768,"height":236,"caption":"Zhejiang CNTN Electric Co.,Ltd"},"image":{"@id":"https:\/\/cntnmcb.com\/#\/schema\/logo\/image\/"}}]}},"_links":{"self":[{"href":"https:\/\/cntnmcb.com\/es\/wp-json\/wp\/v2\/product\/7047","targetHints":{"allow":["GET"]}}],"collection":[{"href":"https:\/\/cntnmcb.com\/es\/wp-json\/wp\/v2\/product"}],"about":[{"href":"https:\/\/cntnmcb.com\/es\/wp-json\/wp\/v2\/types\/product"}],"wp:featuredmedia":[{"embeddable":true,"href":"https:\/\/cntnmcb.com\/es\/wp-json\/wp\/v2\/media\/7048"}],"wp:attachment":[{"href":"https:\/\/cntnmcb.com\/es\/wp-json\/wp\/v2\/media?parent=7047"}],"wp:term":[{"taxonomy":"product_brand","embeddable":true,"href":"https:\/\/cntnmcb.com\/es\/wp-json\/wp\/v2\/product_brand?post=7047"},{"taxonomy":"product_cat","embeddable":true,"href":"https:\/\/cntnmcb.com\/es\/wp-json\/wp\/v2\/product_cat?post=7047"},{"taxonomy":"product_tag","embeddable":true,"href":"https:\/\/cntnmcb.com\/es\/wp-json\/wp\/v2\/product_tag?post=7047"}],"curies":[{"name":"wp","href":"https:\/\/api.w.org\/{rel}","templated":true}]}}