{"id":7762,"date":"2025-09-17T01:26:05","date_gmt":"2025-09-17T01:26:05","guid":{"rendered":"https:\/\/cntnmcb.com\/?post_type=product&#038;p=7762"},"modified":"2026-03-09T03:16:40","modified_gmt":"2026-03-09T03:16:40","slug":"electronic-mccb","status":"publish","type":"product","link":"https:\/\/cntnmcb.com\/es\/product\/electronic-mccb\/","title":{"rendered":"MCCB electr\u00f3nico"},"content":{"rendered":"<div class=\"auto-hide-last-sibling-br paragraph-JOTKXA paragraph-element br-paragraph-space\">\n<h2><b>Introducci\u00f3n:<\/b><\/h2>\n<ul>\n<li>Las caracter\u00edsticas de nuestros MCCB electr\u00f3nicos incluyen protecci\u00f3n contra sobrecarga, protecci\u00f3n contra cortocircuito, protecci\u00f3n contra subtensi\u00f3n, protecci\u00f3n contra fallo a tierra, protecci\u00f3n de corriente residual, protecci\u00f3n contra sobretensi\u00f3n y conmutaci\u00f3n de protecci\u00f3n de tiempo inverso\/tiempo definido.<\/li>\n<li><a href=\"https:\/\/cntnmcb.com\/es\/\"><span style=\"color: #ff0000;\">CNTN<\/span> <span style=\"color: #ff0000;\">El\u00e9ctrico<\/span><\/a> Los MCCB electr\u00f3nicos tienen una gran capacidad de corte y un excelente rendimiento antiinterferencias.<\/li>\n<li>El MCCB electr\u00f3nico fabricado por CNTN Electric incorpora sensores electr\u00f3nicos que pueden recopilar datos de funcionamiento en tiempo real, como corriente, tensi\u00f3n y potencia. Admite protocolos de comunicaci\u00f3n como RS485\/Modbus y puede integrarse en sistemas de automatizaci\u00f3n de distribuci\u00f3n de energ\u00eda para la supervisi\u00f3n remota del estado, la alarma de fallos y la recuperaci\u00f3n de registros de disparo.<\/li>\n<li>El MCCB electr\u00f3nico el\u00e9ctrico CNTN utiliza un material altamente ign\u00edfugo que a\u00edsla eficazmente los arcos el\u00e9ctricos y proporciona protecci\u00f3n contra el polvo, la humedad y las descargas el\u00e9ctricas. Puede instalarse directamente en armarios de distribuci\u00f3n o cajas de distribuci\u00f3n exteriores, evitando el contacto accidental con partes bajo tensi\u00f3n.<\/li>\n<li>Este MCCB ofrece opciones de instalaci\u00f3n flexibles y vers\u00e1tiles, admitiendo montaje fijo, enchufable y extra\u00edble, y puede instalarse vertical u horizontalmente.<\/li>\n<li>CNTN Electric no s\u00f3lo puede producir disyuntores MCCB tripolares, sino tambi\u00e9n <span style=\"color: #ff0000;\"><a style=\"color: #ff0000;\" href=\"https:\/\/cntnmcb.com\/es\/producto\/mccb-100a-4-pole\/\">4 polos<\/a><\/span> y <span style=\"color: #ff0000;\">2 polos<\/span> versiones seg\u00fan los requisitos del cliente.<\/li>\n<li>CNTN Electric puede fabricar disyuntores de caja moldeada de 63 A a 800 A.<\/li>\n<\/ul>\n<\/div>\n<div><\/div>\n<p>&nbsp;<\/p>\n<p>&nbsp;<\/p>\n<p>&nbsp;<\/p>","protected":false},"excerpt":{"rendered":"<ul>\n<li>Protecci\u00f3n precisa contra sobrecargas<\/li>\n<li>Clasificaci\u00f3n flexible de la protecci\u00f3n contra cortocircuitos<\/li>\n<li>Soporte para control remoto y comunicaci\u00f3n<\/li>\n<li>Mayor vida \u00fatil y menores costes de mantenimiento<\/li>\n<li>Tama\u00f1o compacto, ahorro de espacio de distribuci\u00f3n de energ\u00eda<\/li>\n<li>Visualizaci\u00f3n intuitiva de los tipos de aver\u00eda<\/li>\n<li data-cici-select-uid=\"39c48dca-8a10-4077-b754-c281ec7d0a9c\"><span style=\"color: #ff0000;\">Con\u00a0<a style=\"color: #ff0000;\" href=\"https:\/\/cntnmcb.com\/es\/certificates\/\" data-cici-select-uid=\"cd644f69-4a4d-44e4-a7fa-3ae228fb794c\">Certificaciones CCC y CE<\/a>.<\/span><\/li>\n<\/ul>","protected":false},"featured_media":7778,"template":"","meta":{"site-sidebar-layout":"default","site-content-layout":"","ast-site-content-layout":"default","site-content-style":"default","site-sidebar-style":"default","ast-global-header-display":"","ast-banner-title-visibility":"","ast-main-header-display":"","ast-hfb-above-header-display":"","ast-hfb-below-header-display":"","ast-hfb-mobile-header-display":"","site-post-title":"","ast-breadcrumbs-content":"","ast-featured-img":"","footer-sml-layout":"","ast-disable-related-posts":"","theme-transparent-header-meta":"default","adv-header-id-meta":"","stick-header-meta":"","header-above-stick-meta":"","header-main-stick-meta":"","header-below-stick-meta":"","astra-migrate-meta-layouts":"set","ast-page-background-enabled":"default","ast-page-background-meta":{"desktop":{"background-color":"","background-image":"","background-repeat":"repeat","background-position":"center center","background-size":"auto","background-attachment":"scroll","background-type":"","background-media":"","overlay-type":"","overlay-color":"","overlay-opacity":"","overlay-gradient":""},"tablet":{"background-color":"","background-image":"","background-repeat":"repeat","background-position":"center center","background-size":"auto","background-attachment":"scroll","background-type":"","background-media":"","overlay-type":"","overlay-color":"","overlay-opacity":"","overlay-gradient":""},"mobile":{"background-color":"","background-image":"","background-repeat":"repeat","background-position":"center center","background-size":"auto","background-attachment":"scroll","background-type":"","background-media":"","overlay-type":"","overlay-color":"","overlay-opacity":"","overlay-gradient":""}},"ast-content-background-meta":{"desktop":{"background-color":"var(--ast-global-color-5)","background-image":"","background-repeat":"repeat","background-position":"center center","background-size":"auto","background-attachment":"scroll","background-type":"","background-media":"","overlay-type":"","overlay-color":"","overlay-opacity":"","overlay-gradient":""},"tablet":{"background-color":"var(--ast-global-color-5)","background-image":"","background-repeat":"repeat","background-position":"center center","background-size":"auto","background-attachment":"scroll","background-type":"","background-media":"","overlay-type":"","overlay-color":"","overlay-opacity":"","overlay-gradient":""},"mobile":{"background-color":"var(--ast-global-color-5)","background-image":"","background-repeat":"repeat","background-position":"center center","background-size":"auto","background-attachment":"scroll","background-type":"","background-media":"","overlay-type":"","overlay-color":"","overlay-opacity":"","overlay-gradient":""}}},"product_brand":[],"product_cat":[35,38],"product_tag":[],"class_list":{"0":"post-7762","1":"product","2":"type-product","3":"status-publish","4":"has-post-thumbnail","6":"product_cat-low-voltage","7":"product_cat-mccb","8":"desktop-align-center","9":"tablet-align-left","10":"mobile-align-left","12":"first","13":"instock","14":"shipping-taxable","15":"product-type-simple"},"yoast_head":"<!-- This site is optimized with the Yoast SEO Premium plugin v25.0 (Yoast SEO v27.5) - https:\/\/yoast.com\/product\/yoast-seo-premium-wordpress\/ -->\n<title>Electronic MCCB - Zhejiang CNTN Electric Co.,Ltd<\/title>\n<meta name=\"description\" content=\"Our Electronic MCCB feature remote control and communication capabilities, along with intuitive fault diagnosis. Click to learn more.\" \/>\n<meta name=\"robots\" content=\"index, follow, max-snippet:-1, max-image-preview:large, max-video-preview:-1\" \/>\n<link rel=\"canonical\" href=\"https:\/\/cntnmcb.com\/es\/producto\/electronic-mccb\/\" \/>\n<meta property=\"og:locale\" content=\"es_ES\" \/>\n<meta property=\"og:type\" content=\"article\" \/>\n<meta property=\"og:title\" content=\"Electronic MCCB\" \/>\n<meta property=\"og:description\" content=\"Our Electronic MCCB feature remote control and communication capabilities, along with intuitive fault diagnosis. Click to learn more.\" \/>\n<meta property=\"og:url\" content=\"https:\/\/cntnmcb.com\/es\/producto\/electronic-mccb\/\" \/>\n<meta property=\"og:site_name\" content=\"Zhejiang CNTN Electric Co.,Ltd\" \/>\n<meta property=\"article:modified_time\" content=\"2026-03-09T03:16:40+00:00\" \/>\n<meta property=\"og:image\" content=\"https:\/\/cntnmcb.com\/wp-content\/uploads\/2025\/09\/ZMM3E-11.jpg\" \/>\n\t<meta property=\"og:image:width\" content=\"640\" \/>\n\t<meta property=\"og:image:height\" content=\"640\" \/>\n\t<meta property=\"og:image:type\" content=\"image\/jpeg\" \/>\n<meta name=\"twitter:card\" content=\"summary_large_image\" \/>\n<meta name=\"twitter:label1\" content=\"Tiempo de lectura\" \/>\n\t<meta name=\"twitter:data1\" content=\"1 minuto\" \/>\n<script type=\"application\/ld+json\" class=\"yoast-schema-graph\">{\"@context\":\"https:\\\/\\\/schema.org\",\"@graph\":[{\"@type\":\"WebPage\",\"@id\":\"https:\\\/\\\/cntnmcb.com\\\/product\\\/electronic-mccb\\\/\",\"url\":\"https:\\\/\\\/cntnmcb.com\\\/product\\\/electronic-mccb\\\/\",\"name\":\"Electronic MCCB - Zhejiang CNTN Electric Co.,Ltd\",\"isPartOf\":{\"@id\":\"https:\\\/\\\/cntnmcb.com\\\/#website\"},\"primaryImageOfPage\":{\"@id\":\"https:\\\/\\\/cntnmcb.com\\\/product\\\/electronic-mccb\\\/#primaryimage\"},\"image\":{\"@id\":\"https:\\\/\\\/cntnmcb.com\\\/product\\\/electronic-mccb\\\/#primaryimage\"},\"thumbnailUrl\":\"https:\\\/\\\/cntnmcb.com\\\/wp-content\\\/uploads\\\/2025\\\/09\\\/ZMM3E-11.jpg\",\"datePublished\":\"2025-09-17T01:26:05+00:00\",\"dateModified\":\"2026-03-09T03:16:40+00:00\",\"description\":\"Our Electronic MCCB feature remote control and communication capabilities, along with intuitive fault diagnosis. Click to learn more.\",\"breadcrumb\":{\"@id\":\"https:\\\/\\\/cntnmcb.com\\\/product\\\/electronic-mccb\\\/#breadcrumb\"},\"inLanguage\":\"es\",\"potentialAction\":[{\"@type\":\"ReadAction\",\"target\":[\"https:\\\/\\\/cntnmcb.com\\\/product\\\/electronic-mccb\\\/\"]}]},{\"@type\":\"ImageObject\",\"inLanguage\":\"es\",\"@id\":\"https:\\\/\\\/cntnmcb.com\\\/product\\\/electronic-mccb\\\/#primaryimage\",\"url\":\"https:\\\/\\\/cntnmcb.com\\\/wp-content\\\/uploads\\\/2025\\\/09\\\/ZMM3E-11.jpg\",\"contentUrl\":\"https:\\\/\\\/cntnmcb.com\\\/wp-content\\\/uploads\\\/2025\\\/09\\\/ZMM3E-11.jpg\",\"width\":640,\"height\":640,\"caption\":\"Electronic MCCB\"},{\"@type\":\"BreadcrumbList\",\"@id\":\"https:\\\/\\\/cntnmcb.com\\\/product\\\/electronic-mccb\\\/#breadcrumb\",\"itemListElement\":[{\"@type\":\"ListItem\",\"position\":1,\"name\":\"Home\",\"item\":\"https:\\\/\\\/cntnmcb.com\\\/\"},{\"@type\":\"ListItem\",\"position\":2,\"name\":\"Products\",\"item\":\"https:\\\/\\\/cntnmcb.com\\\/products\\\/\"},{\"@type\":\"ListItem\",\"position\":3,\"name\":\"Electronic MCCB\"}]},{\"@type\":\"WebSite\",\"@id\":\"https:\\\/\\\/cntnmcb.com\\\/#website\",\"url\":\"https:\\\/\\\/cntnmcb.com\\\/\",\"name\":\"Zhejiang CNTN Electric Co.,Ltd\",\"description\":\"We are China MCB, MCCB, ACB, panel meter, energy meter manufacturer\",\"publisher\":{\"@id\":\"https:\\\/\\\/cntnmcb.com\\\/#organization\"},\"alternateName\":\"Zhejiang CNTN Electric Co.,Ltd\",\"potentialAction\":[{\"@type\":\"SearchAction\",\"target\":{\"@type\":\"EntryPoint\",\"urlTemplate\":\"https:\\\/\\\/cntnmcb.com\\\/?s={search_term_string}\"},\"query-input\":{\"@type\":\"PropertyValueSpecification\",\"valueRequired\":true,\"valueName\":\"search_term_string\"}}],\"inLanguage\":\"es\"},{\"@type\":\"Organization\",\"@id\":\"https:\\\/\\\/cntnmcb.com\\\/#organization\",\"name\":\"Zhejiang CNTN Electric Co.,Ltd\",\"alternateName\":\"Zhejiang CNTN Electric Co.,Ltd\",\"url\":\"https:\\\/\\\/cntnmcb.com\\\/\",\"logo\":{\"@type\":\"ImageObject\",\"inLanguage\":\"es\",\"@id\":\"https:\\\/\\\/cntnmcb.com\\\/#\\\/schema\\\/logo\\\/image\\\/\",\"url\":\"https:\\\/\\\/cntnmcb.com\\\/wp-content\\\/uploads\\\/2025\\\/05\\\/CNTN-LOGO.webp\",\"contentUrl\":\"https:\\\/\\\/cntnmcb.com\\\/wp-content\\\/uploads\\\/2025\\\/05\\\/CNTN-LOGO.webp\",\"width\":768,\"height\":236,\"caption\":\"Zhejiang CNTN Electric Co.,Ltd\"},\"image\":{\"@id\":\"https:\\\/\\\/cntnmcb.com\\\/#\\\/schema\\\/logo\\\/image\\\/\"}}]}<\/script>\n<!-- \/ Yoast SEO Premium plugin. -->","yoast_head_json":{"title":"MCCB electr\u00f3nico - Zhejiang CNTN Electric Co.,Ltd","description":"Nuestros MCCB electr\u00f3nicos disponen de funciones de control remoto y comunicaci\u00f3n, junto con un diagn\u00f3stico de aver\u00edas intuitivo. Haga clic para obtener m\u00e1s informaci\u00f3n.","robots":{"index":"index","follow":"follow","max-snippet":"max-snippet:-1","max-image-preview":"max-image-preview:large","max-video-preview":"max-video-preview:-1"},"canonical":"https:\/\/cntnmcb.com\/es\/producto\/electronic-mccb\/","og_locale":"es_ES","og_type":"article","og_title":"Electronic MCCB","og_description":"Our Electronic MCCB feature remote control and communication capabilities, along with intuitive fault diagnosis. Click to learn more.","og_url":"https:\/\/cntnmcb.com\/es\/producto\/electronic-mccb\/","og_site_name":"Zhejiang CNTN Electric Co.,Ltd","article_modified_time":"2026-03-09T03:16:40+00:00","og_image":[{"width":640,"height":640,"url":"https:\/\/cntnmcb.com\/wp-content\/uploads\/2025\/09\/ZMM3E-11.jpg","type":"image\/jpeg"}],"twitter_card":"summary_large_image","twitter_misc":{"Tiempo de lectura":"1 minuto"},"schema":{"@context":"https:\/\/schema.org","@graph":[{"@type":"WebPage","@id":"https:\/\/cntnmcb.com\/product\/electronic-mccb\/","url":"https:\/\/cntnmcb.com\/product\/electronic-mccb\/","name":"MCCB electr\u00f3nico - Zhejiang CNTN Electric Co.,Ltd","isPartOf":{"@id":"https:\/\/cntnmcb.com\/#website"},"primaryImageOfPage":{"@id":"https:\/\/cntnmcb.com\/product\/electronic-mccb\/#primaryimage"},"image":{"@id":"https:\/\/cntnmcb.com\/product\/electronic-mccb\/#primaryimage"},"thumbnailUrl":"https:\/\/cntnmcb.com\/wp-content\/uploads\/2025\/09\/ZMM3E-11.jpg","datePublished":"2025-09-17T01:26:05+00:00","dateModified":"2026-03-09T03:16:40+00:00","description":"Nuestros MCCB electr\u00f3nicos disponen de funciones de control remoto y comunicaci\u00f3n, junto con un diagn\u00f3stico de aver\u00edas intuitivo. Haga clic para obtener m\u00e1s informaci\u00f3n.","breadcrumb":{"@id":"https:\/\/cntnmcb.com\/product\/electronic-mccb\/#breadcrumb"},"inLanguage":"es","potentialAction":[{"@type":"ReadAction","target":["https:\/\/cntnmcb.com\/product\/electronic-mccb\/"]}]},{"@type":"ImageObject","inLanguage":"es","@id":"https:\/\/cntnmcb.com\/product\/electronic-mccb\/#primaryimage","url":"https:\/\/cntnmcb.com\/wp-content\/uploads\/2025\/09\/ZMM3E-11.jpg","contentUrl":"https:\/\/cntnmcb.com\/wp-content\/uploads\/2025\/09\/ZMM3E-11.jpg","width":640,"height":640,"caption":"Electronic MCCB"},{"@type":"BreadcrumbList","@id":"https:\/\/cntnmcb.com\/product\/electronic-mccb\/#breadcrumb","itemListElement":[{"@type":"ListItem","position":1,"name":"Home","item":"https:\/\/cntnmcb.com\/"},{"@type":"ListItem","position":2,"name":"Products","item":"https:\/\/cntnmcb.com\/products\/"},{"@type":"ListItem","position":3,"name":"Electronic MCCB"}]},{"@type":"WebSite","@id":"https:\/\/cntnmcb.com\/#website","url":"https:\/\/cntnmcb.com\/","name":"Zhejiang CNTN Electric S.L.","description":"Somos fabricantes chinos de MCB, MCCB, ACB, contadores de panel y contadores de energ\u00eda.","publisher":{"@id":"https:\/\/cntnmcb.com\/#organization"},"alternateName":"Zhejiang CNTN Electric Co.,Ltd","potentialAction":[{"@type":"SearchAction","target":{"@type":"EntryPoint","urlTemplate":"https:\/\/cntnmcb.com\/?s={search_term_string}"},"query-input":{"@type":"PropertyValueSpecification","valueRequired":true,"valueName":"search_term_string"}}],"inLanguage":"es"},{"@type":"Organization","@id":"https:\/\/cntnmcb.com\/#organization","name":"Zhejiang CNTN Electric S.L.","alternateName":"Zhejiang CNTN Electric Co.,Ltd","url":"https:\/\/cntnmcb.com\/","logo":{"@type":"ImageObject","inLanguage":"es","@id":"https:\/\/cntnmcb.com\/#\/schema\/logo\/image\/","url":"https:\/\/cntnmcb.com\/wp-content\/uploads\/2025\/05\/CNTN-LOGO.webp","contentUrl":"https:\/\/cntnmcb.com\/wp-content\/uploads\/2025\/05\/CNTN-LOGO.webp","width":768,"height":236,"caption":"Zhejiang CNTN Electric Co.,Ltd"},"image":{"@id":"https:\/\/cntnmcb.com\/#\/schema\/logo\/image\/"}}]}},"_links":{"self":[{"href":"https:\/\/cntnmcb.com\/es\/wp-json\/wp\/v2\/product\/7762","targetHints":{"allow":["GET"]}}],"collection":[{"href":"https:\/\/cntnmcb.com\/es\/wp-json\/wp\/v2\/product"}],"about":[{"href":"https:\/\/cntnmcb.com\/es\/wp-json\/wp\/v2\/types\/product"}],"wp:featuredmedia":[{"embeddable":true,"href":"https:\/\/cntnmcb.com\/es\/wp-json\/wp\/v2\/media\/7778"}],"wp:attachment":[{"href":"https:\/\/cntnmcb.com\/es\/wp-json\/wp\/v2\/media?parent=7762"}],"wp:term":[{"taxonomy":"product_brand","embeddable":true,"href":"https:\/\/cntnmcb.com\/es\/wp-json\/wp\/v2\/product_brand?post=7762"},{"taxonomy":"product_cat","embeddable":true,"href":"https:\/\/cntnmcb.com\/es\/wp-json\/wp\/v2\/product_cat?post=7762"},{"taxonomy":"product_tag","embeddable":true,"href":"https:\/\/cntnmcb.com\/es\/wp-json\/wp\/v2\/product_tag?post=7762"}],"curies":[{"name":"wp","href":"https:\/\/api.w.org\/{rel}","templated":true}]}}