{"id":5702,"date":"2025-05-12T08:39:04","date_gmt":"2025-05-12T08:39:04","guid":{"rendered":"https:\/\/cntnmcb.com\/?post_type=product&#038;p=5702"},"modified":"2026-03-12T07:23:12","modified_gmt":"2026-03-12T07:23:12","slug":"30ma-residual-current-device-dz30le-32","status":"publish","type":"product","link":"https:\/\/cntnmcb.com\/fr\/product\/30ma-residual-current-device-dz30le-32\/","title":{"rendered":"Dispositif \u00e0 courant diff\u00e9rentiel r\u00e9siduel 30ma DZ30LE-32"},"content":{"rendered":"<h2 class=\"header-vfC6AV auto-hide-last-sibling-br\">Introduction:<\/h2>\n<ul>\n<li>The 30mA residual current device is mainly suitable for circuits with 50Hz AC power, rated voltage of 230V, and rated current of up to 32A.<\/li>\n<li>The outer casing is made of Class A flame-retardant material to prevent fire risk at high temperatures.<\/li>\n<li><span style=\"color: #ff0000;\"><a style=\"color: #ff0000;\" href=\"https:\/\/cntnmcb.com\/\">CNTN<\/a><\/span>&#8216;s\u00a0 residual current device features simplified installation and efficient space utilization, improved reliability and reduced maintenance costs, and convenient operation with wide adaptability.<\/li>\n<li>The 30mA residual current device conforms to standards GB\/T 16917.1 and IEC 61009-1<\/li>\n<li>It is suitable for personal electric shock protection and equipment leakage protection, and also has overload and short circuit protection functions.<\/li>\n<\/ul>\n<h3>\u25cf30ma residual current device Technical features<\/h3>\n<div class=\"supsystic-table-loader spinner\"style=\"background-color:#000000\"><\/div><div id=\"supsystic-table-67_39768\" class=\"supsystic-tables-wrap \" style=\" width:100%; visibility: hidden; \" data-table-width-fixed=\"100%\" data-table-width-mobile=\"100%\" ><table id=\"supsystic-table-67\" class=\"supsystic-table border lightboxImg cell-border\" data-id=\"67\" data-view-id=\"67_39768\" data-title=\"DZ47LE-32\" data-currency-format=\"$1,000.00\" data-percent-format=\"10.00%\" data-date-format=\"DD.MM.YYYY\" data-time-format=\"HH:mm\" data-features=\"[&quot;after_table_loaded_script&quot;]\" data-search-value=\"\" data-lightbox-img=\"\" data-head-rows-count=\"1\" data-pagination-length=\"50,100,All\" data-auto-index=\"off\" data-searching-settings=\"{&quot;columnSearchPosition&quot;:&quot;bottom&quot;,&quot;minChars&quot;:&quot;0&quot;}\" data-lang=\"default\" data-override=\"{&quot;emptyTable&quot;:&quot;&quot;,&quot;info&quot;:&quot;&quot;,&quot;infoEmpty&quot;:&quot;&quot;,&quot;infoFiltered&quot;:&quot;&quot;,&quot;lengthMenu&quot;:&quot;&quot;,&quot;search&quot;:&quot;&quot;,&quot;previous&quot;:&quot;&quot;,&quot;next&quot;:&quot;&quot;,&quot;zeroRecords&quot;:&quot;&quot;,&quot;exportLabel&quot;:&quot;&quot;,&quot;file&quot;:&quot;default&quot;}\" data-merged=\"[{&quot;row&quot;:10,&quot;col&quot;:0,&quot;rowspan&quot;:2,&quot;colspan&quot;:1,&quot;removed&quot;:false},{&quot;row&quot;:10,&quot;col&quot;:1,&quot;rowspan&quot;:2,&quot;colspan&quot;:1,&quot;removed&quot;:false}]\" data-responsive-mode=\"0\" data-from-history=\"0\" ><thead><tr><th class=\"\" style=\"width:; padding: 0 !important;\"><\/th><th class=\"\" style=\"width:; padding: 0 !important;\"><\/th><\/tr><\/thead><tbody><tr style=\"height:px\" ><td data-cell-id=\"A1\" data-x=\"0\" data-y=\"1\" data-db-index=\"1\" class=\"bg-6380f7 htCenter htMiddle\" data-cell-type=\"text\" data-original-value=\"Standard\" data-order=\"Standard\" style=\"min-width:55.3134%; \" >Standard <\/td><td data-cell-id=\"B1\" data-x=\"1\" data-y=\"1\" data-db-index=\"1\" class=\"bg-6380f7 htCenter htMiddle\" data-cell-type=\"text\" data-original-value=\"IEC\/EN 61009-1\" data-order=\"IEC\/EN 61009-1\" style=\"min-width:44.6866%; \" >IEC\/EN 61009-1 <\/td><\/tr><tr style=\"height:px\" ><td data-cell-id=\"A2\" data-x=\"0\" data-y=\"2\" data-db-index=\"2\" class=\"htCenter htMiddle\" data-cell-type=\"text\" data-original-value=\"Type (wave form of the earth leakage sensed)\" data-order=\"Type (wave form of the earth leakage sensed)\" >Type (wave form of the earth leakage sensed) <\/td><td data-cell-id=\"B2\" data-x=\"1\" data-y=\"2\" data-db-index=\"2\" class=\"htCenter htMiddle\" data-cell-type=\"text\" data-original-value=\"AC\" data-order=\"AC\" >AC <\/td><\/tr><tr style=\"height:px\" ><td data-cell-id=\"A3\" data-x=\"0\" data-y=\"3\" data-db-index=\"3\" class=\"htCenter htMiddle\" data-cell-type=\"text\" data-original-value=\"Thermo-magnetic release characteristic\" data-order=\"Thermo-magnetic release characteristic\" >Thermo-magnetic release characteristic <\/td><td data-cell-id=\"B3\" data-x=\"1\" data-y=\"3\" data-db-index=\"3\" class=\"htCenter htMiddle\" data-cell-type=\"text\" data-original-value=\"C\" data-order=\"C\" >C <\/td><\/tr><tr style=\"height:px\" ><td data-cell-id=\"A4\" data-x=\"0\" data-y=\"4\" data-db-index=\"4\" class=\"htCenter htMiddle\" data-cell-type=\"text\" data-original-value=\"Rated current In\" data-order=\"Rated current In\" >Rated current In <\/td><td data-cell-id=\"B4\" data-x=\"1\" data-y=\"4\" data-db-index=\"4\" class=\"htCenter htMiddle\" data-cell-type=\"text\" data-original-value=\"6, 10, 16, 20, 25, 32(A)\" data-order=\"6, 10, 16, 20, 25, 32(A)\" >6, 10, 16, 20, 25, 32(A) <\/td><\/tr><tr style=\"height:px\" ><td data-cell-id=\"A5\" data-x=\"0\" data-y=\"5\" data-db-index=\"5\" class=\"htCenter htMiddle\" data-cell-type=\"text\" data-original-value=\"Poles\" data-order=\"Poles\" >Poles <\/td><td data-cell-id=\"B5\" data-x=\"1\" data-y=\"5\" data-db-index=\"5\" class=\"htCenter htMiddle\" data-cell-type=\"text\" data-original-value=\"1P+N\" data-order=\"1P+N\" >1P+N <\/td><\/tr><tr style=\"height:px\" ><td data-cell-id=\"A6\" data-x=\"0\" data-y=\"6\" data-db-index=\"6\" class=\"htCenter htMiddle\" data-cell-type=\"text\" data-original-value=\"Rated voltage Ue\" data-order=\"Rated voltage Ue\" >Rated voltage Ue <\/td><td data-cell-id=\"B6\" data-x=\"1\" data-y=\"6\" data-db-index=\"6\" class=\"htCenter htMiddle\" data-cell-type=\"text\" data-original-value=\"230~240\" data-order=\"230~240\" >230~240 <\/td><\/tr><tr style=\"height:px\" ><td data-cell-id=\"A7\" data-x=\"0\" data-y=\"7\" data-db-index=\"7\" class=\"htCenter htMiddle\" data-cell-type=\"text\" data-original-value=\"Rated sensitivity I\u25b3n\" data-order=\"Rated sensitivity I\u25b3n\" >Rated sensitivity I\u25b3n <\/td><td data-cell-id=\"B7\" data-x=\"1\" data-y=\"7\" data-db-index=\"7\" class=\"htCenter htMiddle\" data-cell-type=\"text\" data-original-value=\"0.03\" data-order=\"0.03\" >0.03 <\/td><\/tr><tr style=\"height:px\" ><td data-cell-id=\"A8\" data-x=\"0\" data-y=\"8\" data-db-index=\"8\" class=\"htCenter htMiddle\" data-cell-type=\"text\" data-original-value=\"Short-circuit current Icn\" data-order=\"Short-circuit current Icn\" >Short-circuit current Icn <\/td><td data-cell-id=\"B8\" data-x=\"1\" data-y=\"8\" data-db-index=\"8\" class=\"htCenter htMiddle\" data-cell-type=\"text\" data-original-value=\"3,000\" data-order=\"3,000\" >3,000 <\/td><\/tr><tr style=\"height:px\" ><td data-cell-id=\"A9\" data-x=\"0\" data-y=\"9\" data-db-index=\"9\" class=\"htCenter htMiddle\" data-cell-type=\"text\" data-original-value=\"Electrical life\" data-order=\"Electrical life\" >Electrical life <\/td><td data-cell-id=\"B9\" data-x=\"1\" data-y=\"9\" data-db-index=\"9\" class=\"htCenter htMiddle\" data-cell-type=\"text\" data-original-value=\"2,000\" data-order=\"2,000\" >2,000 <\/td><\/tr><tr style=\"height:px\" ><td data-cell-id=\"A10\" data-x=\"0\" data-y=\"10\" data-db-index=\"10\" class=\"htCenter htMiddle\" data-cell-type=\"text\" data-original-value=\"Mechanical life\" data-order=\"Mechanical life\" >Mechanical life <\/td><td data-cell-id=\"B10\" data-x=\"1\" data-y=\"10\" data-db-index=\"10\" class=\"htCenter htMiddle\" data-cell-type=\"text\" data-original-value=\"4,000\" data-order=\"4,000\" >4,000 <\/td><\/tr><tr style=\"height:px\" ><td data-cell-id=\"A11\" data-x=\"0\" data-y=\"11\" data-db-index=\"11\" class=\"htCenter htMiddle\" data-cell-type=\"text\" data-original-value=\"Mounting\" data-order=\"Mounting\" data-colspan=\"1\" data-rowspan=\"2\" >Mounting <\/td><td data-cell-id=\"B11\" data-x=\"1\" data-y=\"11\" data-db-index=\"11\" class=\"htCenter htMiddle\" data-cell-type=\"text\" data-original-value=\"On DIN rail EN 60715 (35mm) by means of fast clip device\" data-order=\"On DIN rail EN 60715 (35mm) by means of fast clip device\" data-colspan=\"1\" data-rowspan=\"2\" >On DIN rail EN 60715 (35mm) by means of fast clip device <\/td><\/tr><tr style=\"height:px\" ><td data-cell-id=\"A12\" data-x=\"0\" data-y=\"12\" data-db-index=\"12\" class=\"htCenter htMiddle\" data-cell-type=\"text\" data-original-value=\"\" data-order=\"\" data-hide=\"true\" ><\/td><td data-cell-id=\"B12\" data-x=\"1\" data-y=\"12\" data-db-index=\"12\" class=\"htCenter htMiddle\" data-cell-type=\"text\" data-original-value=\"\" data-order=\"\" data-hide=\"true\" ><\/td><\/tr><tr style=\"height:px\" ><td data-cell-id=\"A13\" data-x=\"0\" data-y=\"13\" data-db-index=\"13\" class=\"htCenter htMiddle\" data-cell-type=\"text\" data-original-value=\"Connection\" data-order=\"Connection\" >Connection <\/td><td data-cell-id=\"B13\" data-x=\"1\" data-y=\"13\" data-db-index=\"13\" class=\"htCenter htMiddle\" data-cell-type=\"text\" data-original-value=\"From top\" data-order=\"From top\" >From top <\/td><\/tr><\/tbody><\/table><!-- \/#supsystic-table-67.supsystic-table --><\/div><!-- \/.supsystic-tables-wrap --><!-- Tables Generator by Supsystic --><!-- Version:1.11.1 --><!-- http:\/\/supsystic.com\/ --><a title=\"WordPress Table\" style=\"display:none;\" href=\"https:\/\/supsystic.com\/plugins\/wordpress-data-table-plugin\/?utm_medium=love_link\" target=\"_blank\">WordPress Table<\/a>\n<p>&nbsp;<\/p>\n<p>&nbsp;<\/p>\n<p>&nbsp;<\/p>\n","protected":false},"excerpt":{"rendered":"<p>1. Double protection contre les surcharges et les courts-circuits<br \/>\n2. Protection contre les coupures de courant instantan\u00e9es<br \/>\n3. Pr\u00e9vient les risques d'incendie<br \/>\n4. 1 an de garantie et 5 ans d'utilisation sans souci<br \/>\n5. Mat\u00e9riau ABS ignifuge<br \/>\n6. <span style=\"color: #ff0000;\">C<a style=\"color: #ff0000;\" href=\"https:\/\/cntnmcb.com\/fr\/certificates\/\">Certification CC et certification CE<\/a><\/span><\/p>","protected":false},"featured_media":7408,"template":"","meta":{"site-sidebar-layout":"default","site-content-layout":"","ast-site-content-layout":"default","site-content-style":"default","site-sidebar-style":"default","ast-global-header-display":"","ast-banner-title-visibility":"","ast-main-header-display":"","ast-hfb-above-header-display":"","ast-hfb-below-header-display":"","ast-hfb-mobile-header-display":"","site-post-title":"","ast-breadcrumbs-content":"","ast-featured-img":"","footer-sml-layout":"","ast-disable-related-posts":"","theme-transparent-header-meta":"default","adv-header-id-meta":"","stick-header-meta":"","header-above-stick-meta":"","header-main-stick-meta":"","header-below-stick-meta":"","astra-migrate-meta-layouts":"set","ast-page-background-enabled":"default","ast-page-background-meta":{"desktop":{"background-color":"","background-image":"","background-repeat":"repeat","background-position":"center center","background-size":"auto","background-attachment":"scroll","background-type":"","background-media":"","overlay-type":"","overlay-color":"","overlay-opacity":"","overlay-gradient":""},"tablet":{"background-color":"","background-image":"","background-repeat":"repeat","background-position":"center center","background-size":"auto","background-attachment":"scroll","background-type":"","background-media":"","overlay-type":"","overlay-color":"","overlay-opacity":"","overlay-gradient":""},"mobile":{"background-color":"","background-image":"","background-repeat":"repeat","background-position":"center center","background-size":"auto","background-attachment":"scroll","background-type":"","background-media":"","overlay-type":"","overlay-color":"","overlay-opacity":"","overlay-gradient":""}},"ast-content-background-meta":{"desktop":{"background-color":"var(--ast-global-color-5)","background-image":"","background-repeat":"repeat","background-position":"center center","background-size":"auto","background-attachment":"scroll","background-type":"","background-media":"","overlay-type":"","overlay-color":"","overlay-opacity":"","overlay-gradient":""},"tablet":{"background-color":"var(--ast-global-color-5)","background-image":"","background-repeat":"repeat","background-position":"center center","background-size":"auto","background-attachment":"scroll","background-type":"","background-media":"","overlay-type":"","overlay-color":"","overlay-opacity":"","overlay-gradient":""},"mobile":{"background-color":"var(--ast-global-color-5)","background-image":"","background-repeat":"repeat","background-position":"center center","background-size":"auto","background-attachment":"scroll","background-type":"","background-media":"","overlay-type":"","overlay-color":"","overlay-opacity":"","overlay-gradient":""}}},"product_brand":[],"product_cat":[35,40],"product_tag":[],"class_list":{"0":"post-5702","1":"product","2":"type-product","3":"status-publish","4":"has-post-thumbnail","6":"product_cat-low-voltage","7":"product_cat-rcbo","8":"desktop-align-center","9":"tablet-align-left","10":"mobile-align-left","12":"first","13":"instock","14":"shipping-taxable","15":"product-type-simple"},"yoast_head":"<!-- This site is optimized with the Yoast SEO Premium plugin v25.0 (Yoast SEO v27.5) - https:\/\/yoast.com\/product\/yoast-seo-premium-wordpress\/ -->\n<title>30ma residual current device DZ30LE-32 - Zhejiang CNTN Electric Co.,Ltd<\/title>\n<meta name=\"description\" content=\"The 30ma residual current device holds a 3C certification certificate and comes with a 2-year warranty, . Click to learn more.\" \/>\n<meta name=\"robots\" content=\"index, follow, max-snippet:-1, max-image-preview:large, max-video-preview:-1\" \/>\n<link rel=\"canonical\" href=\"https:\/\/cntnmcb.com\/fr\/produit\/30ma-residual-current-device-dz30le-32\/\" \/>\n<meta property=\"og:locale\" content=\"fr_FR\" \/>\n<meta property=\"og:type\" content=\"article\" \/>\n<meta property=\"og:title\" content=\"30ma residual current device DZ30LE-32\" \/>\n<meta property=\"og:description\" content=\"The 30ma residual current device holds a 3C certification certificate and comes with a 2-year warranty, . Click to learn more.\" \/>\n<meta property=\"og:url\" content=\"https:\/\/cntnmcb.com\/fr\/produit\/30ma-residual-current-device-dz30le-32\/\" \/>\n<meta property=\"og:site_name\" content=\"Zhejiang CNTN Electric Co.,Ltd\" \/>\n<meta property=\"article:modified_time\" content=\"2026-03-12T07:23:12+00:00\" \/>\n<meta property=\"og:image\" content=\"https:\/\/cntnmcb.com\/wp-content\/uploads\/2025\/05\/DZ30LE-32-1P-1-2.jpg\" \/>\n\t<meta property=\"og:image:width\" content=\"640\" \/>\n\t<meta property=\"og:image:height\" content=\"640\" \/>\n\t<meta property=\"og:image:type\" content=\"image\/jpeg\" \/>\n<meta name=\"twitter:card\" content=\"summary_large_image\" \/>\n<meta name=\"twitter:label1\" content=\"Dur\u00e9e de lecture estim\u00e9e\" \/>\n\t<meta name=\"twitter:data1\" content=\"1 minute\" \/>\n<script type=\"application\/ld+json\" class=\"yoast-schema-graph\">{\"@context\":\"https:\\\/\\\/schema.org\",\"@graph\":[{\"@type\":\"WebPage\",\"@id\":\"https:\\\/\\\/cntnmcb.com\\\/product\\\/30ma-residual-current-device-dz30le-32\\\/\",\"url\":\"https:\\\/\\\/cntnmcb.com\\\/product\\\/30ma-residual-current-device-dz30le-32\\\/\",\"name\":\"30ma residual current device DZ30LE-32 - Zhejiang CNTN Electric Co.,Ltd\",\"isPartOf\":{\"@id\":\"https:\\\/\\\/cntnmcb.com\\\/#website\"},\"primaryImageOfPage\":{\"@id\":\"https:\\\/\\\/cntnmcb.com\\\/product\\\/30ma-residual-current-device-dz30le-32\\\/#primaryimage\"},\"image\":{\"@id\":\"https:\\\/\\\/cntnmcb.com\\\/product\\\/30ma-residual-current-device-dz30le-32\\\/#primaryimage\"},\"thumbnailUrl\":\"https:\\\/\\\/cntnmcb.com\\\/wp-content\\\/uploads\\\/2025\\\/05\\\/DZ30LE-32-1P-1-2.jpg\",\"datePublished\":\"2025-05-12T08:39:04+00:00\",\"dateModified\":\"2026-03-12T07:23:12+00:00\",\"description\":\"The 30ma residual current device holds a 3C certification certificate and comes with a 2-year warranty, . Click to learn more.\",\"breadcrumb\":{\"@id\":\"https:\\\/\\\/cntnmcb.com\\\/product\\\/30ma-residual-current-device-dz30le-32\\\/#breadcrumb\"},\"inLanguage\":\"fr-FR\",\"potentialAction\":[{\"@type\":\"ReadAction\",\"target\":[\"https:\\\/\\\/cntnmcb.com\\\/product\\\/30ma-residual-current-device-dz30le-32\\\/\"]}]},{\"@type\":\"ImageObject\",\"inLanguage\":\"fr-FR\",\"@id\":\"https:\\\/\\\/cntnmcb.com\\\/product\\\/30ma-residual-current-device-dz30le-32\\\/#primaryimage\",\"url\":\"https:\\\/\\\/cntnmcb.com\\\/wp-content\\\/uploads\\\/2025\\\/05\\\/DZ30LE-32-1P-1-2.jpg\",\"contentUrl\":\"https:\\\/\\\/cntnmcb.com\\\/wp-content\\\/uploads\\\/2025\\\/05\\\/DZ30LE-32-1P-1-2.jpg\",\"width\":640,\"height\":640,\"caption\":\"30ma residual current device DZ30LE-32\"},{\"@type\":\"BreadcrumbList\",\"@id\":\"https:\\\/\\\/cntnmcb.com\\\/product\\\/30ma-residual-current-device-dz30le-32\\\/#breadcrumb\",\"itemListElement\":[{\"@type\":\"ListItem\",\"position\":1,\"name\":\"Home\",\"item\":\"https:\\\/\\\/cntnmcb.com\\\/\"},{\"@type\":\"ListItem\",\"position\":2,\"name\":\"Products\",\"item\":\"https:\\\/\\\/cntnmcb.com\\\/products\\\/\"},{\"@type\":\"ListItem\",\"position\":3,\"name\":\"30ma residual current device DZ30LE-32\"}]},{\"@type\":\"WebSite\",\"@id\":\"https:\\\/\\\/cntnmcb.com\\\/#website\",\"url\":\"https:\\\/\\\/cntnmcb.com\\\/\",\"name\":\"Zhejiang CNTN Electric Co.,Ltd\",\"description\":\"We are China MCB, MCCB, ACB, panel meter, energy meter manufacturer\",\"publisher\":{\"@id\":\"https:\\\/\\\/cntnmcb.com\\\/#organization\"},\"alternateName\":\"Zhejiang CNTN Electric Co.,Ltd\",\"potentialAction\":[{\"@type\":\"SearchAction\",\"target\":{\"@type\":\"EntryPoint\",\"urlTemplate\":\"https:\\\/\\\/cntnmcb.com\\\/?s={search_term_string}\"},\"query-input\":{\"@type\":\"PropertyValueSpecification\",\"valueRequired\":true,\"valueName\":\"search_term_string\"}}],\"inLanguage\":\"fr-FR\"},{\"@type\":\"Organization\",\"@id\":\"https:\\\/\\\/cntnmcb.com\\\/#organization\",\"name\":\"Zhejiang CNTN Electric Co.,Ltd\",\"alternateName\":\"Zhejiang CNTN Electric Co.,Ltd\",\"url\":\"https:\\\/\\\/cntnmcb.com\\\/\",\"logo\":{\"@type\":\"ImageObject\",\"inLanguage\":\"fr-FR\",\"@id\":\"https:\\\/\\\/cntnmcb.com\\\/#\\\/schema\\\/logo\\\/image\\\/\",\"url\":\"https:\\\/\\\/cntnmcb.com\\\/wp-content\\\/uploads\\\/2025\\\/05\\\/CNTN-LOGO.webp\",\"contentUrl\":\"https:\\\/\\\/cntnmcb.com\\\/wp-content\\\/uploads\\\/2025\\\/05\\\/CNTN-LOGO.webp\",\"width\":768,\"height\":236,\"caption\":\"Zhejiang CNTN Electric Co.,Ltd\"},\"image\":{\"@id\":\"https:\\\/\\\/cntnmcb.com\\\/#\\\/schema\\\/logo\\\/image\\\/\"}}]}<\/script>\n<!-- \/ Yoast SEO Premium plugin. -->","yoast_head_json":{"title":"Disjoncteur diff\u00e9rentiel 30ma DZ30LE-32 - Zhejiang CNTN Electric Co, Ltd","description":"L'appareil \u00e0 courant r\u00e9siduel 30ma poss\u00e8de un certificat de certification 3C et est accompagn\u00e9 d'une garantie de 2 ans, . Cliquez pour en savoir plus.","robots":{"index":"index","follow":"follow","max-snippet":"max-snippet:-1","max-image-preview":"max-image-preview:large","max-video-preview":"max-video-preview:-1"},"canonical":"https:\/\/cntnmcb.com\/fr\/produit\/30ma-residual-current-device-dz30le-32\/","og_locale":"fr_FR","og_type":"article","og_title":"30ma residual current device DZ30LE-32","og_description":"The 30ma residual current device holds a 3C certification certificate and comes with a 2-year warranty, . Click to learn more.","og_url":"https:\/\/cntnmcb.com\/fr\/produit\/30ma-residual-current-device-dz30le-32\/","og_site_name":"Zhejiang CNTN Electric Co.,Ltd","article_modified_time":"2026-03-12T07:23:12+00:00","og_image":[{"width":640,"height":640,"url":"https:\/\/cntnmcb.com\/wp-content\/uploads\/2025\/05\/DZ30LE-32-1P-1-2.jpg","type":"image\/jpeg"}],"twitter_card":"summary_large_image","twitter_misc":{"Dur\u00e9e de lecture estim\u00e9e":"1 minute"},"schema":{"@context":"https:\/\/schema.org","@graph":[{"@type":"WebPage","@id":"https:\/\/cntnmcb.com\/product\/30ma-residual-current-device-dz30le-32\/","url":"https:\/\/cntnmcb.com\/product\/30ma-residual-current-device-dz30le-32\/","name":"Disjoncteur diff\u00e9rentiel 30ma DZ30LE-32 - Zhejiang CNTN Electric Co, Ltd","isPartOf":{"@id":"https:\/\/cntnmcb.com\/#website"},"primaryImageOfPage":{"@id":"https:\/\/cntnmcb.com\/product\/30ma-residual-current-device-dz30le-32\/#primaryimage"},"image":{"@id":"https:\/\/cntnmcb.com\/product\/30ma-residual-current-device-dz30le-32\/#primaryimage"},"thumbnailUrl":"https:\/\/cntnmcb.com\/wp-content\/uploads\/2025\/05\/DZ30LE-32-1P-1-2.jpg","datePublished":"2025-05-12T08:39:04+00:00","dateModified":"2026-03-12T07:23:12+00:00","description":"L'appareil \u00e0 courant r\u00e9siduel 30ma poss\u00e8de un certificat de certification 3C et est accompagn\u00e9 d'une garantie de 2 ans, . Cliquez pour en savoir plus.","breadcrumb":{"@id":"https:\/\/cntnmcb.com\/product\/30ma-residual-current-device-dz30le-32\/#breadcrumb"},"inLanguage":"fr-FR","potentialAction":[{"@type":"ReadAction","target":["https:\/\/cntnmcb.com\/product\/30ma-residual-current-device-dz30le-32\/"]}]},{"@type":"ImageObject","inLanguage":"fr-FR","@id":"https:\/\/cntnmcb.com\/product\/30ma-residual-current-device-dz30le-32\/#primaryimage","url":"https:\/\/cntnmcb.com\/wp-content\/uploads\/2025\/05\/DZ30LE-32-1P-1-2.jpg","contentUrl":"https:\/\/cntnmcb.com\/wp-content\/uploads\/2025\/05\/DZ30LE-32-1P-1-2.jpg","width":640,"height":640,"caption":"30ma residual current device DZ30LE-32"},{"@type":"BreadcrumbList","@id":"https:\/\/cntnmcb.com\/product\/30ma-residual-current-device-dz30le-32\/#breadcrumb","itemListElement":[{"@type":"ListItem","position":1,"name":"Home","item":"https:\/\/cntnmcb.com\/"},{"@type":"ListItem","position":2,"name":"Products","item":"https:\/\/cntnmcb.com\/products\/"},{"@type":"ListItem","position":3,"name":"30ma residual current device DZ30LE-32"}]},{"@type":"WebSite","@id":"https:\/\/cntnmcb.com\/#website","url":"https:\/\/cntnmcb.com\/","name":"Zhejiang CNTN Electric Co. Ltd","description":"Nous sommes un fabricant chinois de MCB, MCCB, ACB, compteur de panneau, compteur d'\u00e9nergie.","publisher":{"@id":"https:\/\/cntnmcb.com\/#organization"},"alternateName":"Zhejiang CNTN Electric Co.,Ltd","potentialAction":[{"@type":"SearchAction","target":{"@type":"EntryPoint","urlTemplate":"https:\/\/cntnmcb.com\/?s={search_term_string}"},"query-input":{"@type":"PropertyValueSpecification","valueRequired":true,"valueName":"search_term_string"}}],"inLanguage":"fr-FR"},{"@type":"Organization","@id":"https:\/\/cntnmcb.com\/#organization","name":"Zhejiang CNTN Electric Co. Ltd","alternateName":"Zhejiang CNTN Electric Co.,Ltd","url":"https:\/\/cntnmcb.com\/","logo":{"@type":"ImageObject","inLanguage":"fr-FR","@id":"https:\/\/cntnmcb.com\/#\/schema\/logo\/image\/","url":"https:\/\/cntnmcb.com\/wp-content\/uploads\/2025\/05\/CNTN-LOGO.webp","contentUrl":"https:\/\/cntnmcb.com\/wp-content\/uploads\/2025\/05\/CNTN-LOGO.webp","width":768,"height":236,"caption":"Zhejiang CNTN Electric Co.,Ltd"},"image":{"@id":"https:\/\/cntnmcb.com\/#\/schema\/logo\/image\/"}}]}},"_links":{"self":[{"href":"https:\/\/cntnmcb.com\/fr\/wp-json\/wp\/v2\/product\/5702","targetHints":{"allow":["GET"]}}],"collection":[{"href":"https:\/\/cntnmcb.com\/fr\/wp-json\/wp\/v2\/product"}],"about":[{"href":"https:\/\/cntnmcb.com\/fr\/wp-json\/wp\/v2\/types\/product"}],"wp:featuredmedia":[{"embeddable":true,"href":"https:\/\/cntnmcb.com\/fr\/wp-json\/wp\/v2\/media\/7408"}],"wp:attachment":[{"href":"https:\/\/cntnmcb.com\/fr\/wp-json\/wp\/v2\/media?parent=5702"}],"wp:term":[{"taxonomy":"product_brand","embeddable":true,"href":"https:\/\/cntnmcb.com\/fr\/wp-json\/wp\/v2\/product_brand?post=5702"},{"taxonomy":"product_cat","embeddable":true,"href":"https:\/\/cntnmcb.com\/fr\/wp-json\/wp\/v2\/product_cat?post=5702"},{"taxonomy":"product_tag","embeddable":true,"href":"https:\/\/cntnmcb.com\/fr\/wp-json\/wp\/v2\/product_tag?post=5702"}],"curies":[{"name":"wp","href":"https:\/\/api.w.org\/{rel}","templated":true}]}}