{"id":5961,"date":"2025-05-27T03:09:11","date_gmt":"2025-05-27T03:09:11","guid":{"rendered":"https:\/\/cntnmcb.com\/?post_type=product&#038;p=5961"},"modified":"2026-03-09T03:10:00","modified_gmt":"2026-03-09T03:10:00","slug":"miniature-circuit-breaker-mcb-with-alarm-function","status":"publish","type":"product","link":"https:\/\/cntnmcb.com\/fr\/product\/miniature-circuit-breaker-mcb-with-alarm-function\/","title":{"rendered":"Disjoncteur miniature (MCB) avec fonction d'alarme DZ47LE-63SD 1P"},"content":{"rendered":"<div class=\"auto-hide-last-sibling-br paragraph-JOTKXA paragraph-element br-paragraph-space\">\n<h2 class=\"header-vfC6AV auto-hide-last-sibling-br\">Qu'est-ce qu'un disjoncteur miniature (MCB) avec fonction d'alarme ?<\/h2>\n<p>Un disjoncteur miniature avec fonction d'alarme est un dispositif de protection \u00e9lectrique qui incorpore un m\u00e9canisme d'alerte pr\u00e9coce et de retour d'information dans les fonctions de base d'un disjoncteur miniature traditionnel. Il conserve non seulement le r\u00f4le de protection de base consistant \u00e0 \u201cinterrompre les courants de d\u00e9faut et \u00e0 emp\u00eacher les br\u00fblures ou les incendies dans le circuit\u201d, mais il s'attaque \u00e9galement au probl\u00e8me des disjoncteurs traditionnels - \u201dd\u00e9clenchement sans notification\u201d - gr\u00e2ce \u00e0 sa fonction d'alarme active. Il permet une assistance compl\u00e8te couvrant \u201cl'alerte pr\u00e9coce, la localisation et le traitement des d\u00e9fauts\u201d, ce qui en fait un produit am\u00e9lior\u00e9 qui r\u00e9pond aux exigences de la s\u00e9curit\u00e9 de la distribution d'\u00e9nergie moderne et d'une exploitation et d'une maintenance intelligentes.<\/p>\n<\/div>\n<div><\/div>\n<h2 class=\"header-vfC6AV auto-hide-last-sibling-br\">Avantages du disjoncteur miniature (MCB) avec fonction d'alarme<\/h2>\n<ul class=\"auto-hide-last-sibling-br\">\n<li>\u201cD\u00e9tection pr\u00e9coce des risques de d\u00e9faillance : R\u00e9duit consid\u00e9rablement les risques potentiels pour la s\u00e9curit\u00e9<\/li>\n<li>\u201cLocalisation rapide des points de d\u00e9faillance : R\u00e9duction du temps de maintenance hors tension<\/li>\n<li>\u201cFonction de protection \u201dplus pr\u00e9cise\" : Emp\u00eache les d\u00e9clenchements intempestifs et la sous-protection<\/li>\n<li>\u201cGestion plus intelligente de l'exploitation et de la maintenance : S'adapte aux syst\u00e8mes de distribution d'\u00e9nergie modernes<\/li>\n<\/ul>\n<h2 class=\"header-vfC6AV auto-hide-last-sibling-br\">Sc\u00e9narios d'application du MCB avec alarme<\/h2>\n<ul class=\"auto-hide-last-sibling-br\">\n<li>Sc\u00e9narios r\u00e9sidentiels et domestiques : Assurer la s\u00e9curit\u00e9 \u00e9lectrique au quotidien et r\u00e9duire les perturbations de la vie quotidienne<\/li>\n<li>Sc\u00e9narios de bureaux commerciaux : Am\u00e9liorer l'efficacit\u00e9 de l'exploitation et de la maintenance et minimiser les interruptions d'activit\u00e9<\/li>\n<li>Sc\u00e9narios m\u00e9dicaux et de soins sp\u00e9ciaux : Prot\u00e9ger les \u00e9quipements critiques et r\u00e9duire les risques<\/li>\n<li>Sc\u00e9narios pour l'industrie et l'industrie l\u00e9g\u00e8re : S'adapter aux circuits locaux \u00e0 basse tension et aider \u00e0 la gestion des \u00e9quipements<\/li>\n<\/ul>","protected":false},"excerpt":{"rendered":"<p>1. Double protection contre les surcharges et les courts-circuits<br \/>\n2. Protection contre les coupures de courant instantan\u00e9es<br \/>\n3. Pr\u00e9vient les risques d'incendie<br \/>\n4. 1 an de garantie et 5 ans d'utilisation sans souci<br \/>\n5. Mat\u00e9riau ABS ignifuge<br \/>\n6. <a href=\"https:\/\/cntnmcb.com\/fr\/certificates\/\"><span style=\"color: #ff0000;\">Certification CCC et certification CE<\/span><\/a><\/p>","protected":false},"featured_media":7420,"template":"","meta":{"site-sidebar-layout":"default","site-content-layout":"","ast-site-content-layout":"default","site-content-style":"default","site-sidebar-style":"default","ast-global-header-display":"","ast-banner-title-visibility":"","ast-main-header-display":"","ast-hfb-above-header-display":"","ast-hfb-below-header-display":"","ast-hfb-mobile-header-display":"","site-post-title":"","ast-breadcrumbs-content":"","ast-featured-img":"","footer-sml-layout":"","ast-disable-related-posts":"","theme-transparent-header-meta":"default","adv-header-id-meta":"","stick-header-meta":"","header-above-stick-meta":"","header-main-stick-meta":"","header-below-stick-meta":"","astra-migrate-meta-layouts":"set","ast-page-background-enabled":"default","ast-page-background-meta":{"desktop":{"background-color":"","background-image":"","background-repeat":"repeat","background-position":"center center","background-size":"auto","background-attachment":"scroll","background-type":"","background-media":"","overlay-type":"","overlay-color":"","overlay-opacity":"","overlay-gradient":""},"tablet":{"background-color":"","background-image":"","background-repeat":"repeat","background-position":"center center","background-size":"auto","background-attachment":"scroll","background-type":"","background-media":"","overlay-type":"","overlay-color":"","overlay-opacity":"","overlay-gradient":""},"mobile":{"background-color":"","background-image":"","background-repeat":"repeat","background-position":"center center","background-size":"auto","background-attachment":"scroll","background-type":"","background-media":"","overlay-type":"","overlay-color":"","overlay-opacity":"","overlay-gradient":""}},"ast-content-background-meta":{"desktop":{"background-color":"var(--ast-global-color-5)","background-image":"","background-repeat":"repeat","background-position":"center center","background-size":"auto","background-attachment":"scroll","background-type":"","background-media":"","overlay-type":"","overlay-color":"","overlay-opacity":"","overlay-gradient":""},"tablet":{"background-color":"var(--ast-global-color-5)","background-image":"","background-repeat":"repeat","background-position":"center center","background-size":"auto","background-attachment":"scroll","background-type":"","background-media":"","overlay-type":"","overlay-color":"","overlay-opacity":"","overlay-gradient":""},"mobile":{"background-color":"var(--ast-global-color-5)","background-image":"","background-repeat":"repeat","background-position":"center center","background-size":"auto","background-attachment":"scroll","background-type":"","background-media":"","overlay-type":"","overlay-color":"","overlay-opacity":"","overlay-gradient":""}}},"product_brand":[],"product_cat":[35,37],"product_tag":[],"class_list":{"0":"post-5961","1":"product","2":"type-product","3":"status-publish","4":"has-post-thumbnail","6":"product_cat-low-voltage","7":"product_cat-mcb","8":"desktop-align-center","9":"tablet-align-left","10":"mobile-align-left","12":"first","13":"instock","14":"shipping-taxable","15":"product-type-simple"},"yoast_head":"<!-- This site is optimized with the Yoast SEO Premium plugin v25.0 (Yoast SEO v27.5) - https:\/\/yoast.com\/product\/yoast-seo-premium-wordpress\/ -->\n<title>Miniature Circuit Breaker (MCB) with alarm function DZ47LE-63SD 1P - Zhejiang CNTN Electric Co.,Ltd<\/title>\n<meta name=\"description\" content=\"Miniature Circuit Breaker (MCB) with alarm function &quot;Early detection&quot; of fault risks and More precise&quot; protection function, Click to learn more.\" \/>\n<meta name=\"robots\" content=\"index, follow, max-snippet:-1, max-image-preview:large, max-video-preview:-1\" \/>\n<link rel=\"canonical\" href=\"https:\/\/cntnmcb.com\/fr\/produit\/miniature-circuit-breaker-mcb-with-alarm-function\/\" \/>\n<meta property=\"og:locale\" content=\"fr_FR\" \/>\n<meta property=\"og:type\" content=\"article\" \/>\n<meta property=\"og:title\" content=\"Miniature Circuit Breaker (MCB) with alarm function DZ47LE-63SD 1P\" \/>\n<meta property=\"og:description\" content=\"Miniature Circuit Breaker (MCB) with alarm function &quot;Early detection&quot; of fault risks and More precise&quot; protection function, Click to learn more.\" \/>\n<meta property=\"og:url\" content=\"https:\/\/cntnmcb.com\/fr\/produit\/miniature-circuit-breaker-mcb-with-alarm-function\/\" \/>\n<meta property=\"og:site_name\" content=\"Zhejiang CNTN Electric Co.,Ltd\" \/>\n<meta property=\"article:modified_time\" content=\"2026-03-09T03:10:00+00:00\" \/>\n<meta property=\"og:image\" content=\"https:\/\/cntnmcb.com\/wp-content\/uploads\/2025\/05\/DZ47-63SD-1p-1.jpg\" \/>\n\t<meta property=\"og:image:width\" content=\"640\" \/>\n\t<meta property=\"og:image:height\" content=\"640\" \/>\n\t<meta property=\"og:image:type\" content=\"image\/jpeg\" \/>\n<meta name=\"twitter:card\" content=\"summary_large_image\" \/>\n<meta name=\"twitter:label1\" content=\"Dur\u00e9e de lecture estim\u00e9e\" \/>\n\t<meta name=\"twitter:data1\" content=\"2 minutes\" \/>\n<script type=\"application\/ld+json\" class=\"yoast-schema-graph\">{\"@context\":\"https:\\\/\\\/schema.org\",\"@graph\":[{\"@type\":\"WebPage\",\"@id\":\"https:\\\/\\\/cntnmcb.com\\\/product\\\/miniature-circuit-breaker-mcb-with-alarm-function\\\/\",\"url\":\"https:\\\/\\\/cntnmcb.com\\\/product\\\/miniature-circuit-breaker-mcb-with-alarm-function\\\/\",\"name\":\"Miniature Circuit Breaker (MCB) with alarm function DZ47LE-63SD 1P - Zhejiang CNTN Electric Co.,Ltd\",\"isPartOf\":{\"@id\":\"https:\\\/\\\/cntnmcb.com\\\/#website\"},\"primaryImageOfPage\":{\"@id\":\"https:\\\/\\\/cntnmcb.com\\\/product\\\/miniature-circuit-breaker-mcb-with-alarm-function\\\/#primaryimage\"},\"image\":{\"@id\":\"https:\\\/\\\/cntnmcb.com\\\/product\\\/miniature-circuit-breaker-mcb-with-alarm-function\\\/#primaryimage\"},\"thumbnailUrl\":\"https:\\\/\\\/cntnmcb.com\\\/wp-content\\\/uploads\\\/2025\\\/05\\\/DZ47-63SD-1p-1.jpg\",\"datePublished\":\"2025-05-27T03:09:11+00:00\",\"dateModified\":\"2026-03-09T03:10:00+00:00\",\"description\":\"Miniature Circuit Breaker (MCB) with alarm function \\\"Early detection\\\" of fault risks and More precise\\\" protection function, Click to learn more.\",\"breadcrumb\":{\"@id\":\"https:\\\/\\\/cntnmcb.com\\\/product\\\/miniature-circuit-breaker-mcb-with-alarm-function\\\/#breadcrumb\"},\"inLanguage\":\"fr-FR\",\"potentialAction\":[{\"@type\":\"ReadAction\",\"target\":[\"https:\\\/\\\/cntnmcb.com\\\/product\\\/miniature-circuit-breaker-mcb-with-alarm-function\\\/\"]}]},{\"@type\":\"ImageObject\",\"inLanguage\":\"fr-FR\",\"@id\":\"https:\\\/\\\/cntnmcb.com\\\/product\\\/miniature-circuit-breaker-mcb-with-alarm-function\\\/#primaryimage\",\"url\":\"https:\\\/\\\/cntnmcb.com\\\/wp-content\\\/uploads\\\/2025\\\/05\\\/DZ47-63SD-1p-1.jpg\",\"contentUrl\":\"https:\\\/\\\/cntnmcb.com\\\/wp-content\\\/uploads\\\/2025\\\/05\\\/DZ47-63SD-1p-1.jpg\",\"width\":640,\"height\":640,\"caption\":\"Miniature Circuit Breaker (MCB) with alarm function DZ47LE-63SD 1P\"},{\"@type\":\"BreadcrumbList\",\"@id\":\"https:\\\/\\\/cntnmcb.com\\\/product\\\/miniature-circuit-breaker-mcb-with-alarm-function\\\/#breadcrumb\",\"itemListElement\":[{\"@type\":\"ListItem\",\"position\":1,\"name\":\"Home\",\"item\":\"https:\\\/\\\/cntnmcb.com\\\/\"},{\"@type\":\"ListItem\",\"position\":2,\"name\":\"Products\",\"item\":\"https:\\\/\\\/cntnmcb.com\\\/products\\\/\"},{\"@type\":\"ListItem\",\"position\":3,\"name\":\"Miniature Circuit Breaker (MCB) with alarm function DZ47LE-63SD 1P\"}]},{\"@type\":\"WebSite\",\"@id\":\"https:\\\/\\\/cntnmcb.com\\\/#website\",\"url\":\"https:\\\/\\\/cntnmcb.com\\\/\",\"name\":\"Zhejiang CNTN Electric Co.,Ltd\",\"description\":\"We are China MCB, MCCB, ACB, panel meter, energy meter manufacturer\",\"publisher\":{\"@id\":\"https:\\\/\\\/cntnmcb.com\\\/#organization\"},\"alternateName\":\"Zhejiang CNTN Electric Co.,Ltd\",\"potentialAction\":[{\"@type\":\"SearchAction\",\"target\":{\"@type\":\"EntryPoint\",\"urlTemplate\":\"https:\\\/\\\/cntnmcb.com\\\/?s={search_term_string}\"},\"query-input\":{\"@type\":\"PropertyValueSpecification\",\"valueRequired\":true,\"valueName\":\"search_term_string\"}}],\"inLanguage\":\"fr-FR\"},{\"@type\":\"Organization\",\"@id\":\"https:\\\/\\\/cntnmcb.com\\\/#organization\",\"name\":\"Zhejiang CNTN Electric Co.,Ltd\",\"alternateName\":\"Zhejiang CNTN Electric Co.,Ltd\",\"url\":\"https:\\\/\\\/cntnmcb.com\\\/\",\"logo\":{\"@type\":\"ImageObject\",\"inLanguage\":\"fr-FR\",\"@id\":\"https:\\\/\\\/cntnmcb.com\\\/#\\\/schema\\\/logo\\\/image\\\/\",\"url\":\"https:\\\/\\\/cntnmcb.com\\\/wp-content\\\/uploads\\\/2025\\\/05\\\/CNTN-LOGO.webp\",\"contentUrl\":\"https:\\\/\\\/cntnmcb.com\\\/wp-content\\\/uploads\\\/2025\\\/05\\\/CNTN-LOGO.webp\",\"width\":768,\"height\":236,\"caption\":\"Zhejiang CNTN Electric Co.,Ltd\"},\"image\":{\"@id\":\"https:\\\/\\\/cntnmcb.com\\\/#\\\/schema\\\/logo\\\/image\\\/\"}}]}<\/script>\n<!-- \/ Yoast SEO Premium plugin. -->","yoast_head_json":{"title":"Disjoncteur miniature avec fonction d'alarme DZ47LE-63SD 1P - Zhejiang CNTN Electric Co.,Ltd","description":"Disjoncteur miniature (MCB) avec fonction d'alarme \"D\u00e9tection pr\u00e9coce\" des risques de d\u00e9faut et fonction de protection \"plus pr\u00e9cise\", Cliquez pour en savoir plus.","robots":{"index":"index","follow":"follow","max-snippet":"max-snippet:-1","max-image-preview":"max-image-preview:large","max-video-preview":"max-video-preview:-1"},"canonical":"https:\/\/cntnmcb.com\/fr\/produit\/miniature-circuit-breaker-mcb-with-alarm-function\/","og_locale":"fr_FR","og_type":"article","og_title":"Miniature Circuit Breaker (MCB) with alarm function DZ47LE-63SD 1P","og_description":"Miniature Circuit Breaker (MCB) with alarm function \"Early detection\" of fault risks and More precise\" protection function, Click to learn more.","og_url":"https:\/\/cntnmcb.com\/fr\/produit\/miniature-circuit-breaker-mcb-with-alarm-function\/","og_site_name":"Zhejiang CNTN Electric Co.,Ltd","article_modified_time":"2026-03-09T03:10:00+00:00","og_image":[{"width":640,"height":640,"url":"https:\/\/cntnmcb.com\/wp-content\/uploads\/2025\/05\/DZ47-63SD-1p-1.jpg","type":"image\/jpeg"}],"twitter_card":"summary_large_image","twitter_misc":{"Dur\u00e9e de lecture estim\u00e9e":"2 minutes"},"schema":{"@context":"https:\/\/schema.org","@graph":[{"@type":"WebPage","@id":"https:\/\/cntnmcb.com\/product\/miniature-circuit-breaker-mcb-with-alarm-function\/","url":"https:\/\/cntnmcb.com\/product\/miniature-circuit-breaker-mcb-with-alarm-function\/","name":"Disjoncteur miniature avec fonction d'alarme DZ47LE-63SD 1P - Zhejiang CNTN Electric Co.,Ltd","isPartOf":{"@id":"https:\/\/cntnmcb.com\/#website"},"primaryImageOfPage":{"@id":"https:\/\/cntnmcb.com\/product\/miniature-circuit-breaker-mcb-with-alarm-function\/#primaryimage"},"image":{"@id":"https:\/\/cntnmcb.com\/product\/miniature-circuit-breaker-mcb-with-alarm-function\/#primaryimage"},"thumbnailUrl":"https:\/\/cntnmcb.com\/wp-content\/uploads\/2025\/05\/DZ47-63SD-1p-1.jpg","datePublished":"2025-05-27T03:09:11+00:00","dateModified":"2026-03-09T03:10:00+00:00","description":"Disjoncteur miniature (MCB) avec fonction d'alarme \"D\u00e9tection pr\u00e9coce\" des risques de d\u00e9faut et fonction de protection \"plus pr\u00e9cise\", Cliquez pour en savoir plus.","breadcrumb":{"@id":"https:\/\/cntnmcb.com\/product\/miniature-circuit-breaker-mcb-with-alarm-function\/#breadcrumb"},"inLanguage":"fr-FR","potentialAction":[{"@type":"ReadAction","target":["https:\/\/cntnmcb.com\/product\/miniature-circuit-breaker-mcb-with-alarm-function\/"]}]},{"@type":"ImageObject","inLanguage":"fr-FR","@id":"https:\/\/cntnmcb.com\/product\/miniature-circuit-breaker-mcb-with-alarm-function\/#primaryimage","url":"https:\/\/cntnmcb.com\/wp-content\/uploads\/2025\/05\/DZ47-63SD-1p-1.jpg","contentUrl":"https:\/\/cntnmcb.com\/wp-content\/uploads\/2025\/05\/DZ47-63SD-1p-1.jpg","width":640,"height":640,"caption":"Miniature Circuit Breaker (MCB) with alarm function DZ47LE-63SD 1P"},{"@type":"BreadcrumbList","@id":"https:\/\/cntnmcb.com\/product\/miniature-circuit-breaker-mcb-with-alarm-function\/#breadcrumb","itemListElement":[{"@type":"ListItem","position":1,"name":"Home","item":"https:\/\/cntnmcb.com\/"},{"@type":"ListItem","position":2,"name":"Products","item":"https:\/\/cntnmcb.com\/products\/"},{"@type":"ListItem","position":3,"name":"Miniature Circuit Breaker (MCB) with alarm function DZ47LE-63SD 1P"}]},{"@type":"WebSite","@id":"https:\/\/cntnmcb.com\/#website","url":"https:\/\/cntnmcb.com\/","name":"Zhejiang CNTN Electric Co. Ltd","description":"Nous sommes un fabricant chinois de MCB, MCCB, ACB, compteur de panneau, compteur d'\u00e9nergie.","publisher":{"@id":"https:\/\/cntnmcb.com\/#organization"},"alternateName":"Zhejiang CNTN Electric Co.,Ltd","potentialAction":[{"@type":"SearchAction","target":{"@type":"EntryPoint","urlTemplate":"https:\/\/cntnmcb.com\/?s={search_term_string}"},"query-input":{"@type":"PropertyValueSpecification","valueRequired":true,"valueName":"search_term_string"}}],"inLanguage":"fr-FR"},{"@type":"Organization","@id":"https:\/\/cntnmcb.com\/#organization","name":"Zhejiang CNTN Electric Co. Ltd","alternateName":"Zhejiang CNTN Electric Co.,Ltd","url":"https:\/\/cntnmcb.com\/","logo":{"@type":"ImageObject","inLanguage":"fr-FR","@id":"https:\/\/cntnmcb.com\/#\/schema\/logo\/image\/","url":"https:\/\/cntnmcb.com\/wp-content\/uploads\/2025\/05\/CNTN-LOGO.webp","contentUrl":"https:\/\/cntnmcb.com\/wp-content\/uploads\/2025\/05\/CNTN-LOGO.webp","width":768,"height":236,"caption":"Zhejiang CNTN Electric Co.,Ltd"},"image":{"@id":"https:\/\/cntnmcb.com\/#\/schema\/logo\/image\/"}}]}},"_links":{"self":[{"href":"https:\/\/cntnmcb.com\/fr\/wp-json\/wp\/v2\/product\/5961","targetHints":{"allow":["GET"]}}],"collection":[{"href":"https:\/\/cntnmcb.com\/fr\/wp-json\/wp\/v2\/product"}],"about":[{"href":"https:\/\/cntnmcb.com\/fr\/wp-json\/wp\/v2\/types\/product"}],"wp:featuredmedia":[{"embeddable":true,"href":"https:\/\/cntnmcb.com\/fr\/wp-json\/wp\/v2\/media\/7420"}],"wp:attachment":[{"href":"https:\/\/cntnmcb.com\/fr\/wp-json\/wp\/v2\/media?parent=5961"}],"wp:term":[{"taxonomy":"product_brand","embeddable":true,"href":"https:\/\/cntnmcb.com\/fr\/wp-json\/wp\/v2\/product_brand?post=5961"},{"taxonomy":"product_cat","embeddable":true,"href":"https:\/\/cntnmcb.com\/fr\/wp-json\/wp\/v2\/product_cat?post=5961"},{"taxonomy":"product_tag","embeddable":true,"href":"https:\/\/cntnmcb.com\/fr\/wp-json\/wp\/v2\/product_tag?post=5961"}],"curies":[{"name":"wp","href":"https:\/\/api.w.org\/{rel}","templated":true}]}}