{"id":6161,"date":"2025-08-02T01:36:00","date_gmt":"2025-08-02T01:36:00","guid":{"rendered":"https:\/\/cntnmcb.com\/?post_type=product&#038;p=6161"},"modified":"2025-09-22T02:22:29","modified_gmt":"2025-09-22T02:22:29","slug":"porcelain-fuse-base-zmr1","status":"publish","type":"product","link":"https:\/\/cntnmcb.com\/fr\/product\/porcelain-fuse-base-zmr1\/","title":{"rendered":"Socle fusible en porcelaine ZMR1"},"content":{"rendered":"<div class=\"auto-hide-last-sibling-br paragraph-JOTKXA paragraph-element br-paragraph-space\">Socle de fusible en porcelaine Composant essentiel des syst\u00e8mes de protection \u00e9lectrique, il est con\u00e7u pour loger, fixer et connecter les fusibles au sein d'un circuit. Il joue un r\u00f4le essentiel dans le bon fonctionnement des fusibles, la protection des circuits contre les dommages caus\u00e9s par les surintensit\u00e9s et la simplification des proc\u00e9dures de maintenance.<\/div>\n<div>\n<h2 class=\"header-vfC6AV auto-hide-last-sibling-br\">Avantages des socles \u00e0 fusible en porcelaine<\/h2>\n<ol class=\"auto-hide-last-sibling-br\">\n<li>Stabilit\u00e9 m\u00e9canique : maintient le fusible en place dans le circuit<\/li>\n<li>Prot\u00e8ge le fusible et les utilisateurs<\/li>\n<li>Conductivit\u00e9 \u00e9lectrique : compl\u00e8te le circuit \u00e9lectrique.<\/li>\n<li>Facilite le remplacement des fusibles : simplifie la maintenance<\/li>\n<li>Compatibilit\u00e9 : Adapte le fusible aux exigences du circuit<\/li>\n<\/ol>\n<h1 class=\"header-vfC6AV auto-hide-last-sibling-br\">Sc\u00e9narios d'application<\/h1>\n<ol class=\"auto-hide-last-sibling-br\">\n<li>Maisons r\u00e9sidentielles<\/li>\n<li>Locaux commerciaux<\/li>\n<li>R\u00e9novation de b\u00e2timents anciens<\/li>\n<li>Petits appareils \u00e9lectrom\u00e9nagers<\/li>\n<li>Chargeurs portables<\/li>\n<li>\u00c9quipements industriels et de fabrication<\/li>\n<li>Secteurs de l'automobile et des transports<\/li>\n<li>Circuits auxiliaires des machines d'usine<\/li>\n<li>Alimentation \u00e9lectrique temporaire pour chantier<\/li>\n<li>\u00c9quipement d'alimentation \u00e9lectrique de secours<\/li>\n<li>\u00c9clairage ext\u00e9rieur et surveillance<\/li>\n<\/ol>\n<p>Si vous souhaitez en savoir plus sur nos produits, n'h\u00e9sitez pas \u00e0 nous contacter.<\/p>\n<\/div>","protected":false},"excerpt":{"rendered":"<div class=\"inter-jQQQ8P\">\n<div class=\"container-PrUkKo\">\n<div class=\"item-hGGxLi\">\n<div class=\"container-arOxqB chrome70-container\">\n<div class=\"inner-FyM8gE inner-item-swzCut\" data-target-id=\"message-box-target-id\" data-testid=\"union_message\">\n<div class=\"message-block-container-aFugD6\" data-testid=\"message-block-container\">\n<div class=\"flex flex-row w-full w-full max-w-full s-font-base text-s-color-text-secondary p-0 rounded-s-radius-s bg-transparent group data-[attr=select-mode]:-mt-10 data-[attr=select-mode]:py-10 data-[attr=select-mode]:px-16 data-[attr=select-mode]:sm:p-10 data-[attr=select-mode]:hover:bg-s-color-bg-base data-[attr=select-mode]:hover:rounded-s-radius-xs data-[attr=select-mode]:has-[:checked]:bg-s-color-bg-trans data-[attr=select-mode]:has-[:checked]:rounded-s-radius-xs data-[attr=select-mode]:pointer-events-none\" data-testid=\"receive_message\">\n<div class=\"flex flex-col flex-grow max-w-full min-w-0\">\n<div class=\"flex flex-row w-full\" data-testid=\"message_content\" data-message-id=\"14567868582208514\">\n<div class=\"w-full\" data-plugin-identifier=\"Symbol(code-receive-artifact-message-content)\">\n<div class=\"container-ZYIsnH flow-markdown-body theme-samantha-Nbr9UN\" dir=\"ltr\" data-testid=\"message_text_content\" data-show-indicator=\"false\">\n<p>The fuse holder is a key auxiliary component in the circuit protection system. Its main function is to provide mechanical support, electrical connection, and safety protection for the fuse element (fuse), ensuring that the fuse can stably and reliably perform its overcurrent protection function. Its specific roles are as follows:<\/p>\n<p>&nbsp;<\/p>\n<ol class=\"auto-hide-last-sibling-br\">\n<li>Mechanical fixation and installation support<\/li>\n<li>Electrical connection and conductive path<\/li>\n<li>Protection of fuse elements and ease of replacement<\/li>\n<li>Adaptation to fuse elements of different specifications<\/li>\n<li>Enhancement of circuit safety<\/li>\n<\/ol>\n<\/div>\n<\/div>\n<\/div>\n<\/div>\n<\/div>\n<\/div>\n<\/div>\n<\/div>\n<\/div>\n<\/div>\n<\/div>\n","protected":false},"featured_media":6162,"template":"","meta":{"site-sidebar-layout":"default","site-content-layout":"","ast-site-content-layout":"default","site-content-style":"default","site-sidebar-style":"default","ast-global-header-display":"","ast-banner-title-visibility":"","ast-main-header-display":"","ast-hfb-above-header-display":"","ast-hfb-below-header-display":"","ast-hfb-mobile-header-display":"","site-post-title":"","ast-breadcrumbs-content":"","ast-featured-img":"","footer-sml-layout":"","ast-disable-related-posts":"","theme-transparent-header-meta":"default","adv-header-id-meta":"","stick-header-meta":"","header-above-stick-meta":"","header-main-stick-meta":"","header-below-stick-meta":"","astra-migrate-meta-layouts":"set","ast-page-background-enabled":"default","ast-page-background-meta":{"desktop":{"background-color":"","background-image":"","background-repeat":"repeat","background-position":"center center","background-size":"auto","background-attachment":"scroll","background-type":"","background-media":"","overlay-type":"","overlay-color":"","overlay-opacity":"","overlay-gradient":""},"tablet":{"background-color":"","background-image":"","background-repeat":"repeat","background-position":"center center","background-size":"auto","background-attachment":"scroll","background-type":"","background-media":"","overlay-type":"","overlay-color":"","overlay-opacity":"","overlay-gradient":""},"mobile":{"background-color":"","background-image":"","background-repeat":"repeat","background-position":"center center","background-size":"auto","background-attachment":"scroll","background-type":"","background-media":"","overlay-type":"","overlay-color":"","overlay-opacity":"","overlay-gradient":""}},"ast-content-background-meta":{"desktop":{"background-color":"var(--ast-global-color-5)","background-image":"","background-repeat":"repeat","background-position":"center center","background-size":"auto","background-attachment":"scroll","background-type":"","background-media":"","overlay-type":"","overlay-color":"","overlay-opacity":"","overlay-gradient":""},"tablet":{"background-color":"var(--ast-global-color-5)","background-image":"","background-repeat":"repeat","background-position":"center center","background-size":"auto","background-attachment":"scroll","background-type":"","background-media":"","overlay-type":"","overlay-color":"","overlay-opacity":"","overlay-gradient":""},"mobile":{"background-color":"var(--ast-global-color-5)","background-image":"","background-repeat":"repeat","background-position":"center center","background-size":"auto","background-attachment":"scroll","background-type":"","background-media":"","overlay-type":"","overlay-color":"","overlay-opacity":"","overlay-gradient":""}}},"product_brand":[],"product_cat":[59],"product_tag":[],"class_list":{"0":"post-6161","1":"product","2":"type-product","3":"status-publish","4":"has-post-thumbnail","6":"product_cat-fast-fuse","7":"desktop-align-center","8":"tablet-align-left","9":"mobile-align-left","11":"first","12":"instock","13":"shipping-taxable","14":"product-type-simple"},"yoast_head":"<!-- This site is optimized with the Yoast SEO Premium plugin v27.5 (Yoast SEO v27.6) - https:\/\/yoast.com\/product\/yoast-seo-premium-wordpress\/ -->\n<title>Porcelain Fuse Base ZMR1 - Zhejiang CNTN Electric Co.,Ltd<\/title>\n<meta name=\"description\" content=\"Our Porcelain Fuse Base facilitate easy replacement of fuse links and provide isolation protection.Warranty period: 5 yearsClick to learn more\" \/>\n<meta name=\"robots\" content=\"index, follow, max-snippet:-1, max-image-preview:large, max-video-preview:-1\" \/>\n<link rel=\"canonical\" href=\"https:\/\/cntnmcb.com\/fr\/produit\/porcelain-fuse-base-zmr1\/\" \/>\n<meta property=\"og:locale\" content=\"fr_FR\" \/>\n<meta property=\"og:type\" content=\"article\" \/>\n<meta property=\"og:title\" content=\"Porcelain Fuse Base ZMR1\" \/>\n<meta property=\"og:description\" content=\"Our Porcelain Fuse Base facilitate easy replacement of fuse links and provide isolation protection.Warranty period: 5 yearsClick to learn more\" \/>\n<meta property=\"og:url\" content=\"https:\/\/cntnmcb.com\/fr\/produit\/porcelain-fuse-base-zmr1\/\" \/>\n<meta property=\"og:site_name\" content=\"Zhejiang CNTN Electric Co.,Ltd\" \/>\n<meta property=\"article:modified_time\" content=\"2025-09-22T02:22:29+00:00\" \/>\n<meta property=\"og:image\" content=\"https:\/\/cntnmcb.com\/wp-content\/uploads\/2025\/08\/\u7194\u82af\u5e95\u5ea7-1.jpg\" \/>\n\t<meta property=\"og:image:width\" content=\"640\" \/>\n\t<meta property=\"og:image:height\" content=\"640\" \/>\n\t<meta property=\"og:image:type\" content=\"image\/jpeg\" \/>\n<meta name=\"twitter:card\" content=\"summary_large_image\" \/>\n<meta name=\"twitter:label1\" content=\"Dur\u00e9e de lecture estim\u00e9e\" \/>\n\t<meta name=\"twitter:data1\" content=\"1 minute\" \/>\n<script type=\"application\/ld+json\" class=\"yoast-schema-graph\">{\"@context\":\"https:\\\/\\\/schema.org\",\"@graph\":[{\"@type\":\"WebPage\",\"@id\":\"https:\\\/\\\/cntnmcb.com\\\/product\\\/porcelain-fuse-base-zmr1\\\/\",\"url\":\"https:\\\/\\\/cntnmcb.com\\\/product\\\/porcelain-fuse-base-zmr1\\\/\",\"name\":\"Porcelain Fuse Base ZMR1 - Zhejiang CNTN Electric Co.,Ltd\",\"isPartOf\":{\"@id\":\"https:\\\/\\\/cntnmcb.com\\\/#website\"},\"primaryImageOfPage\":{\"@id\":\"https:\\\/\\\/cntnmcb.com\\\/product\\\/porcelain-fuse-base-zmr1\\\/#primaryimage\"},\"image\":{\"@id\":\"https:\\\/\\\/cntnmcb.com\\\/product\\\/porcelain-fuse-base-zmr1\\\/#primaryimage\"},\"thumbnailUrl\":\"https:\\\/\\\/cntnmcb.com\\\/wp-content\\\/uploads\\\/2025\\\/08\\\/\u7194\u82af\u5e95\u5ea7-1.jpg\",\"datePublished\":\"2025-08-02T01:36:00+00:00\",\"dateModified\":\"2025-09-22T02:22:29+00:00\",\"description\":\"Our Porcelain Fuse Base facilitate easy replacement of fuse links and provide isolation protection.Warranty period: 5 yearsClick to learn more\",\"breadcrumb\":{\"@id\":\"https:\\\/\\\/cntnmcb.com\\\/product\\\/porcelain-fuse-base-zmr1\\\/#breadcrumb\"},\"inLanguage\":\"fr-FR\",\"potentialAction\":[{\"@type\":\"ReadAction\",\"target\":[\"https:\\\/\\\/cntnmcb.com\\\/product\\\/porcelain-fuse-base-zmr1\\\/\"]}]},{\"@type\":\"ImageObject\",\"inLanguage\":\"fr-FR\",\"@id\":\"https:\\\/\\\/cntnmcb.com\\\/product\\\/porcelain-fuse-base-zmr1\\\/#primaryimage\",\"url\":\"https:\\\/\\\/cntnmcb.com\\\/wp-content\\\/uploads\\\/2025\\\/08\\\/\u7194\u82af\u5e95\u5ea7-1.jpg\",\"contentUrl\":\"https:\\\/\\\/cntnmcb.com\\\/wp-content\\\/uploads\\\/2025\\\/08\\\/\u7194\u82af\u5e95\u5ea7-1.jpg\",\"width\":640,\"height\":640,\"caption\":\"Porcelain Fuse Base ZMR1\"},{\"@type\":\"BreadcrumbList\",\"@id\":\"https:\\\/\\\/cntnmcb.com\\\/product\\\/porcelain-fuse-base-zmr1\\\/#breadcrumb\",\"itemListElement\":[{\"@type\":\"ListItem\",\"position\":1,\"name\":\"Home\",\"item\":\"https:\\\/\\\/cntnmcb.com\\\/\"},{\"@type\":\"ListItem\",\"position\":2,\"name\":\"Products\",\"item\":\"https:\\\/\\\/cntnmcb.com\\\/products\\\/\"},{\"@type\":\"ListItem\",\"position\":3,\"name\":\"Porcelain Fuse Base ZMR1\"}]},{\"@type\":\"WebSite\",\"@id\":\"https:\\\/\\\/cntnmcb.com\\\/#website\",\"url\":\"https:\\\/\\\/cntnmcb.com\\\/\",\"name\":\"Zhejiang CNTN Electric Co.,Ltd\",\"description\":\"We are China MCB, MCCB, ACB, panel meter, energy meter manufacturer\",\"publisher\":{\"@id\":\"https:\\\/\\\/cntnmcb.com\\\/#organization\"},\"alternateName\":\"Zhejiang CNTN Electric Co.,Ltd\",\"potentialAction\":[{\"@type\":\"SearchAction\",\"target\":{\"@type\":\"EntryPoint\",\"urlTemplate\":\"https:\\\/\\\/cntnmcb.com\\\/?s={search_term_string}\"},\"query-input\":{\"@type\":\"PropertyValueSpecification\",\"valueRequired\":true,\"valueName\":\"search_term_string\"}}],\"inLanguage\":\"fr-FR\"},{\"@type\":\"Organization\",\"@id\":\"https:\\\/\\\/cntnmcb.com\\\/#organization\",\"name\":\"Zhejiang CNTN Electric Co.,Ltd\",\"alternateName\":\"Zhejiang CNTN Electric Co.,Ltd\",\"url\":\"https:\\\/\\\/cntnmcb.com\\\/\",\"logo\":{\"@type\":\"ImageObject\",\"inLanguage\":\"fr-FR\",\"@id\":\"https:\\\/\\\/cntnmcb.com\\\/#\\\/schema\\\/logo\\\/image\\\/\",\"url\":\"https:\\\/\\\/cntnmcb.com\\\/wp-content\\\/uploads\\\/2025\\\/05\\\/CNTN-LOGO.webp\",\"contentUrl\":\"https:\\\/\\\/cntnmcb.com\\\/wp-content\\\/uploads\\\/2025\\\/05\\\/CNTN-LOGO.webp\",\"width\":768,\"height\":236,\"caption\":\"Zhejiang CNTN Electric Co.,Ltd\"},\"image\":{\"@id\":\"https:\\\/\\\/cntnmcb.com\\\/#\\\/schema\\\/logo\\\/image\\\/\"}}]}<\/script>\n<!-- \/ Yoast SEO Premium plugin. -->","yoast_head_json":{"title":"Socle fusible en porcelaine ZMR1 - Zhejiang CNTN Electric Co.,Ltd","description":"Notre socle de fusible en porcelaine facilite le remplacement des fusibles et offre une protection d'isolation. P\u00e9riode de garantie : 5 ans Cliquez pour en savoir plus","robots":{"index":"index","follow":"follow","max-snippet":"max-snippet:-1","max-image-preview":"max-image-preview:large","max-video-preview":"max-video-preview:-1"},"canonical":"https:\/\/cntnmcb.com\/fr\/produit\/porcelain-fuse-base-zmr1\/","og_locale":"fr_FR","og_type":"article","og_title":"Porcelain Fuse Base ZMR1","og_description":"Our Porcelain Fuse Base facilitate easy replacement of fuse links and provide isolation protection.Warranty period: 5 yearsClick to learn more","og_url":"https:\/\/cntnmcb.com\/fr\/produit\/porcelain-fuse-base-zmr1\/","og_site_name":"Zhejiang CNTN Electric Co.,Ltd","article_modified_time":"2025-09-22T02:22:29+00:00","og_image":[{"width":640,"height":640,"url":"https:\/\/cntnmcb.com\/wp-content\/uploads\/2025\/08\/\u7194\u82af\u5e95\u5ea7-1.jpg","type":"image\/jpeg"}],"twitter_card":"summary_large_image","twitter_misc":{"Dur\u00e9e de lecture estim\u00e9e":"1 minute"},"schema":{"@context":"https:\/\/schema.org","@graph":[{"@type":"WebPage","@id":"https:\/\/cntnmcb.com\/product\/porcelain-fuse-base-zmr1\/","url":"https:\/\/cntnmcb.com\/product\/porcelain-fuse-base-zmr1\/","name":"Socle fusible en porcelaine ZMR1 - Zhejiang CNTN Electric Co.,Ltd","isPartOf":{"@id":"https:\/\/cntnmcb.com\/#website"},"primaryImageOfPage":{"@id":"https:\/\/cntnmcb.com\/product\/porcelain-fuse-base-zmr1\/#primaryimage"},"image":{"@id":"https:\/\/cntnmcb.com\/product\/porcelain-fuse-base-zmr1\/#primaryimage"},"thumbnailUrl":"https:\/\/cntnmcb.com\/wp-content\/uploads\/2025\/08\/\u7194\u82af\u5e95\u5ea7-1.jpg","datePublished":"2025-08-02T01:36:00+00:00","dateModified":"2025-09-22T02:22:29+00:00","description":"Notre socle de fusible en porcelaine facilite le remplacement des fusibles et offre une protection d'isolation. P\u00e9riode de garantie : 5 ans Cliquez pour en savoir plus","breadcrumb":{"@id":"https:\/\/cntnmcb.com\/product\/porcelain-fuse-base-zmr1\/#breadcrumb"},"inLanguage":"fr-FR","potentialAction":[{"@type":"ReadAction","target":["https:\/\/cntnmcb.com\/product\/porcelain-fuse-base-zmr1\/"]}]},{"@type":"ImageObject","inLanguage":"fr-FR","@id":"https:\/\/cntnmcb.com\/product\/porcelain-fuse-base-zmr1\/#primaryimage","url":"https:\/\/cntnmcb.com\/wp-content\/uploads\/2025\/08\/\u7194\u82af\u5e95\u5ea7-1.jpg","contentUrl":"https:\/\/cntnmcb.com\/wp-content\/uploads\/2025\/08\/\u7194\u82af\u5e95\u5ea7-1.jpg","width":640,"height":640,"caption":"Porcelain Fuse Base ZMR1"},{"@type":"BreadcrumbList","@id":"https:\/\/cntnmcb.com\/product\/porcelain-fuse-base-zmr1\/#breadcrumb","itemListElement":[{"@type":"ListItem","position":1,"name":"Home","item":"https:\/\/cntnmcb.com\/"},{"@type":"ListItem","position":2,"name":"Products","item":"https:\/\/cntnmcb.com\/products\/"},{"@type":"ListItem","position":3,"name":"Porcelain Fuse Base ZMR1"}]},{"@type":"WebSite","@id":"https:\/\/cntnmcb.com\/#website","url":"https:\/\/cntnmcb.com\/","name":"Zhejiang CNTN Electric Co. Ltd","description":"Nous sommes un fabricant chinois de MCB, MCCB, ACB, compteur de panneau, compteur d'\u00e9nergie.","publisher":{"@id":"https:\/\/cntnmcb.com\/#organization"},"alternateName":"Zhejiang CNTN Electric Co.,Ltd","potentialAction":[{"@type":"SearchAction","target":{"@type":"EntryPoint","urlTemplate":"https:\/\/cntnmcb.com\/?s={search_term_string}"},"query-input":{"@type":"PropertyValueSpecification","valueRequired":true,"valueName":"search_term_string"}}],"inLanguage":"fr-FR"},{"@type":"Organization","@id":"https:\/\/cntnmcb.com\/#organization","name":"Zhejiang CNTN Electric Co. Ltd","alternateName":"Zhejiang CNTN Electric Co.,Ltd","url":"https:\/\/cntnmcb.com\/","logo":{"@type":"ImageObject","inLanguage":"fr-FR","@id":"https:\/\/cntnmcb.com\/#\/schema\/logo\/image\/","url":"https:\/\/cntnmcb.com\/wp-content\/uploads\/2025\/05\/CNTN-LOGO.webp","contentUrl":"https:\/\/cntnmcb.com\/wp-content\/uploads\/2025\/05\/CNTN-LOGO.webp","width":768,"height":236,"caption":"Zhejiang CNTN Electric Co.,Ltd"},"image":{"@id":"https:\/\/cntnmcb.com\/#\/schema\/logo\/image\/"}}]}},"_links":{"self":[{"href":"https:\/\/cntnmcb.com\/fr\/wp-json\/wp\/v2\/product\/6161","targetHints":{"allow":["GET"]}}],"collection":[{"href":"https:\/\/cntnmcb.com\/fr\/wp-json\/wp\/v2\/product"}],"about":[{"href":"https:\/\/cntnmcb.com\/fr\/wp-json\/wp\/v2\/types\/product"}],"wp:featuredmedia":[{"embeddable":true,"href":"https:\/\/cntnmcb.com\/fr\/wp-json\/wp\/v2\/media\/6162"}],"wp:attachment":[{"href":"https:\/\/cntnmcb.com\/fr\/wp-json\/wp\/v2\/media?parent=6161"}],"wp:term":[{"taxonomy":"product_brand","embeddable":true,"href":"https:\/\/cntnmcb.com\/fr\/wp-json\/wp\/v2\/product_brand?post=6161"},{"taxonomy":"product_cat","embeddable":true,"href":"https:\/\/cntnmcb.com\/fr\/wp-json\/wp\/v2\/product_cat?post=6161"},{"taxonomy":"product_tag","embeddable":true,"href":"https:\/\/cntnmcb.com\/fr\/wp-json\/wp\/v2\/product_tag?post=6161"}],"curies":[{"name":"wp","href":"https:\/\/api.w.org\/{rel}","templated":true}]}}