{"id":6166,"date":"2025-08-02T01:45:09","date_gmt":"2025-08-02T01:45:09","guid":{"rendered":"https:\/\/cntnmcb.com\/?post_type=product&#038;p=6166"},"modified":"2025-09-22T02:26:28","modified_gmt":"2025-09-22T02:26:28","slug":"dual-power-manual-transfer-switch-zmq3","status":"publish","type":"product","link":"https:\/\/cntnmcb.com\/fr\/product\/dual-power-manual-transfer-switch-zmq3\/","title":{"rendered":"Commutateur de transfert manuel double puissance ZMQ3"},"content":{"rendered":"<div class=\"auto-hide-last-sibling-br paragraph-JOTKXA paragraph-element br-paragraph-space\">A Dual Power Manual Transfer Switch ZMQ3, also known as a redundant power supply or dual-source power system, is designed to provide electrical power to a device or circuit through two independent power sources. This configuration is widely used in critical applications where uninterrupted operation, safety, and reliability are paramount.<\/div>\n<h2 class=\"header-vfC6AV auto-hide-last-sibling-br\">Dual Power Manual Transfer Switch Advantages<\/h2>\n<ol class=\"auto-hide-last-sibling-br\">\n<li>Enhances power supply reliability<\/li>\n<li>Enables fast power cut-off<\/li>\n<li>Optimizes load distribution<\/li>\n<li>Supports remote monitoring and control<\/li>\n<li>Facilitates easy maintenance and upkeep<\/li>\n<li>Features multiple protection functions<\/li>\n<li>Offers flexible installation and saves space<\/li>\n<li>Boasts high reliability and a long service life<\/li>\n<\/ol>\n<h2 class=\"header-vfC6AV auto-hide-last-sibling-br\">Application Scenarios<\/h2>\n<ul class=\"auto-hide-last-sibling-br\">\n<li>Medical equipment (e.g., life support systems, MRI machines)<\/li>\n<li>Data centers and servers (to protect data integrity and prevent service interruptions)<\/li>\n<li>Industrial machinery (to avoid production disruptions and costly delays)<\/li>\n<li>Emergency systems (e.g., fire alarms, security cameras, and emergency lighting)<\/li>\n<li>High-precision equipment<\/li>\n<li>Large commercial buildings<\/li>\n<li>Residential communities<\/li>\n<li>Energy and infrastructure<\/li>\n<\/ul>\n<h3 class=\"header-vfC6AV auto-hide-last-sibling-br\">Technical Parameters<\/h3>\n<div class=\"supsystic-table-loader spinner\"style=\"background-color:#000000\"><\/div><div id=\"supsystic-table-22_66789\" class=\"supsystic-tables-wrap \" style=\" width:100%; visibility: hidden; \" data-table-width-fixed=\"100%\" data-table-width-mobile=\"100%\" ><table id=\"supsystic-table-22\" class=\"supsystic-table border lightboxImg cell-border\" data-id=\"22\" data-view-id=\"22_66789\" data-title=\"ZMQ3\" data-currency-format=\"$1,000.00\" data-percent-format=\"10.00%\" data-date-format=\"DD.MM.YYYY\" data-time-format=\"HH:mm\" data-features=\"[&quot;after_table_loaded_script&quot;]\" data-search-value=\"\" data-lightbox-img=\"\" data-head-rows-count=\"1\" data-pagination-length=\"50,100,All\" data-auto-index=\"off\" data-searching-settings=\"{&quot;columnSearchPosition&quot;:&quot;bottom&quot;,&quot;minChars&quot;:&quot;0&quot;}\" data-lang=\"default\" data-override=\"{&quot;emptyTable&quot;:&quot;&quot;,&quot;info&quot;:&quot;&quot;,&quot;infoEmpty&quot;:&quot;&quot;,&quot;infoFiltered&quot;:&quot;&quot;,&quot;lengthMenu&quot;:&quot;&quot;,&quot;search&quot;:&quot;&quot;,&quot;previous&quot;:&quot;&quot;,&quot;next&quot;:&quot;&quot;,&quot;zeroRecords&quot;:&quot;&quot;,&quot;exportLabel&quot;:&quot;&quot;,&quot;file&quot;:&quot;default&quot;}\" data-merged=\"[{&quot;row&quot;:2,&quot;col&quot;:0,&quot;rowspan&quot;:2,&quot;colspan&quot;:1,&quot;removed&quot;:false}]\" data-responsive-mode=\"0\" data-from-history=\"0\" ><thead><tr><th class=\"\" style=\"width:; padding: 0 !important;\"><\/th><th class=\"\" style=\"width:; padding: 0 !important;\"><\/th><\/tr><\/thead><tbody><tr style=\"height:px\" ><td data-cell-id=\"A1\" data-x=\"0\" data-y=\"1\" data-db-index=\"1\" class=\"htCenter htMiddle bg-6380f7\" data-cell-type=\"text\" data-original-value=\"Rated current(A)\" data-order=\"Rated current(A)\" style=\"min-width:50.6369%; \" >Rated current(A) <\/td><td data-cell-id=\"B1\" data-x=\"1\" data-y=\"1\" data-db-index=\"1\" class=\"htCenter htMiddle bg-6380f7\" data-cell-type=\"text\" data-original-value=\"6,10,16,20,25,32,40,50,63\" data-order=\"6,10,16,20,25,32,40,50,63\" style=\"min-width:49.3631%; \" >6,10,16,20,25,32,40,50,63 <\/td><\/tr><tr style=\"height:px\" ><td data-cell-id=\"A2\" data-x=\"0\" data-y=\"2\" data-db-index=\"2\" class=\"htCenter htMiddle\" data-cell-type=\"text\" data-original-value=\"Pole\" data-order=\"Pole\" >Pole <\/td><td data-cell-id=\"B2\" data-x=\"1\" data-y=\"2\" data-db-index=\"2\" class=\"htCenter htMiddle\" data-cell-type=\"text\" data-original-value=\"2P,3P,4P\" data-order=\"2P,3P,4P\" >2P,3P,4P <\/td><\/tr><tr style=\"height:px\" ><td data-cell-id=\"A3\" data-x=\"0\" data-y=\"3\" data-db-index=\"3\" class=\"htCenter htMiddle\" data-cell-type=\"text\" data-original-value=\"Rated working voltage(V)\" data-order=\"Rated working voltage(V)\" data-colspan=\"1\" data-rowspan=\"2\" >Rated working voltage(V) <\/td><td data-cell-id=\"B3\" data-x=\"1\" data-y=\"3\" data-db-index=\"3\" class=\"htCenter htMiddle\" data-cell-type=\"text\" data-original-value=\"Single phase 230\" data-order=\"Single phase 230\" >Single phase 230 <\/td><\/tr><tr style=\"height:px\" ><td data-cell-id=\"A4\" data-x=\"0\" data-y=\"4\" data-db-index=\"4\" class=\"htCenter htMiddle\" data-cell-type=\"text\" data-original-value=\"\" data-order=\"\" data-hide=\"true\" ><\/td><td data-cell-id=\"B4\" data-x=\"1\" data-y=\"4\" data-db-index=\"4\" class=\"htCenter htMiddle\" data-cell-type=\"text\" data-original-value=\"Three phase 400\" data-order=\"Three phase 400\" >Three phase 400 <\/td><\/tr><tr style=\"height:px\" ><td data-cell-id=\"A5\" data-x=\"0\" data-y=\"5\" data-db-index=\"5\" class=\"htCenter htMiddle\" data-cell-type=\"text\" data-original-value=\"Rated insulation voltage Ui\" data-order=\"Rated insulation voltage Ui\" >Rated insulation voltage Ui <\/td><td data-cell-id=\"B5\" data-x=\"1\" data-y=\"5\" data-db-index=\"5\" class=\"htCenter htMiddle\" data-cell-type=\"text\" data-original-value=\"500V\" data-order=\"500V\" >500V <\/td><\/tr><tr style=\"height:px\" ><td data-cell-id=\"A6\" data-x=\"0\" data-y=\"6\" data-db-index=\"6\" class=\"htCenter htMiddle\" data-cell-type=\"text\" data-original-value=\"Rated impulse withstand voltage Uimp\" data-order=\"Rated impulse withstand voltage Uimp\" >Rated impulse withstand voltage Uimp <\/td><td data-cell-id=\"B6\" data-x=\"1\" data-y=\"6\" data-db-index=\"6\" class=\"htCenter htMiddle\" data-cell-type=\"text\" data-original-value=\"4kV\" data-order=\"4kV\" >4kV <\/td><\/tr><tr style=\"height:px\" ><td data-cell-id=\"A7\" data-x=\"0\" data-y=\"7\" data-db-index=\"7\" class=\"htCenter htMiddle\" data-cell-type=\"text\" data-original-value=\"Rated short-circuit making capacity Icm\" data-order=\"Rated short-circuit making capacity Icm\" >Rated short-circuit making capacity Icm <\/td><td data-cell-id=\"B7\" data-x=\"1\" data-y=\"7\" data-db-index=\"7\" class=\"htCenter htMiddle\" data-cell-type=\"text\" data-original-value=\"7.5kA\uff0cPower-on time 0.1s\" data-order=\"7.5kA\uff0cPower-on time 0.1s\" >7.5kA\uff0cPower-on time 0.1s <\/td><\/tr><tr style=\"height:px\" ><td data-cell-id=\"A8\" data-x=\"0\" data-y=\"8\" data-db-index=\"8\" class=\"htCenter htMiddle\" data-cell-type=\"text\" data-original-value=\"Rated making and breaking capacity Icn\" data-order=\"Rated making and breaking capacity Icn\" >Rated making and breaking capacity Icn <\/td><td data-cell-id=\"B8\" data-x=\"1\" data-y=\"8\" data-db-index=\"8\" class=\"htCenter htMiddle\" data-cell-type=\"text\" data-original-value=\"5kA\uff0c1.05Ue\uff0ccos\u03c6=0.65\" data-order=\"5kA\uff0c1.05Ue\uff0ccos\u03c6=0.65\" >5kA\uff0c1.05Ue\uff0ccos\u03c6=0.65 <\/td><\/tr><tr style=\"height:px\" ><td data-cell-id=\"A9\" data-x=\"0\" data-y=\"9\" data-db-index=\"9\" class=\"htCenter htMiddle\" data-cell-type=\"text\" data-original-value=\"Mechanical life\" data-order=\"Mechanical life\" >Mechanical life <\/td><td data-cell-id=\"B9\" data-x=\"1\" data-y=\"9\" data-db-index=\"9\" class=\"htCenter htMiddle\" data-cell-type=\"text\" data-original-value=\"10000 times\" data-order=\"10000 times\" >10000 times <\/td><\/tr><tr style=\"height:px\" ><td data-cell-id=\"A10\" data-x=\"0\" data-y=\"10\" data-db-index=\"10\" class=\"htCenter htMiddle\" data-cell-type=\"text\" data-original-value=\"Electrical life\" data-order=\"Electrical life\" >Electrical life <\/td><td data-cell-id=\"B10\" data-x=\"1\" data-y=\"10\" data-db-index=\"10\" class=\"htCenter htMiddle\" data-cell-type=\"text\" data-original-value=\"6000 times\" data-order=\"6000 times\" >6000 times <\/td><\/tr><tr style=\"height:px\" ><td data-cell-id=\"A11\" data-x=\"0\" data-y=\"11\" data-db-index=\"11\" class=\"htCenter htMiddle\" data-cell-type=\"text\" data-original-value=\"Transfer action time\" data-order=\"Transfer action time\" >Transfer action time <\/td><td data-cell-id=\"B11\" data-x=\"1\" data-y=\"11\" data-db-index=\"11\" class=\"htCenter htMiddle\" data-cell-type=\"text\" data-original-value=\"\u22645s\" data-order=\"\u22645s\" >\u22645s <\/td><\/tr><tr style=\"height:px\" ><td data-cell-id=\"A12\" data-x=\"0\" data-y=\"12\" data-db-index=\"12\" class=\"htCenter htMiddle\" data-cell-type=\"text\" data-original-value=\"Undervoltage\/Overvoltage action value\" data-order=\"Undervoltage\/Overvoltage action value\" >Undervoltage\/Overvoltage action value <\/td><td data-cell-id=\"B12\" data-x=\"1\" data-y=\"12\" data-db-index=\"12\" class=\"htCenter htMiddle\" data-cell-type=\"text\" data-original-value=\"165\/270\u00b15V\" data-order=\"165\/270\u00b15V\" >165\/270\u00b15V <\/td><\/tr><\/tbody><\/table><!-- \/#supsystic-table-22.supsystic-table --><\/div><!-- \/.supsystic-tables-wrap --><!-- Tables Generator by Supsystic --><!-- Version:1.11.1 --><!-- http:\/\/supsystic.com\/ --><a title=\"WordPress Table\" style=\"display:none;\" href=\"https:\/\/supsystic.com\/plugins\/wordpress-data-table-plugin\/?utm_medium=love_link\" target=\"_blank\">WordPress Table<\/a>\n<p>&nbsp;<\/p>\n","protected":false},"excerpt":{"rendered":"<p>1. Garantir une alimentation \u00e9lectrique ininterrompue<br \/>\n2. Am\u00e9liorer la fiabilit\u00e9 du syst\u00e8me gr\u00e2ce \u00e0 la redondance<br \/>\n3. Att\u00e9nuer les risques et am\u00e9liorer la s\u00e9curit\u00e9<br \/>\n4. S'adapter \u00e0 la variabilit\u00e9 des sources d'\u00e9nergie<br \/>\n5. Faciliter la maintenance et les mises \u00e0 niveau<br \/>\n6. Protection des \u00e9quipements sensibles<\/p>","protected":false},"featured_media":6167,"template":"","meta":{"site-sidebar-layout":"default","site-content-layout":"","ast-site-content-layout":"default","site-content-style":"default","site-sidebar-style":"default","ast-global-header-display":"","ast-banner-title-visibility":"","ast-main-header-display":"","ast-hfb-above-header-display":"","ast-hfb-below-header-display":"","ast-hfb-mobile-header-display":"","site-post-title":"","ast-breadcrumbs-content":"","ast-featured-img":"","footer-sml-layout":"","ast-disable-related-posts":"","theme-transparent-header-meta":"default","adv-header-id-meta":"","stick-header-meta":"","header-above-stick-meta":"","header-main-stick-meta":"","header-below-stick-meta":"","astra-migrate-meta-layouts":"set","ast-page-background-enabled":"default","ast-page-background-meta":{"desktop":{"background-color":"","background-image":"","background-repeat":"repeat","background-position":"center center","background-size":"auto","background-attachment":"scroll","background-type":"","background-media":"","overlay-type":"","overlay-color":"","overlay-opacity":"","overlay-gradient":""},"tablet":{"background-color":"","background-image":"","background-repeat":"repeat","background-position":"center center","background-size":"auto","background-attachment":"scroll","background-type":"","background-media":"","overlay-type":"","overlay-color":"","overlay-opacity":"","overlay-gradient":""},"mobile":{"background-color":"","background-image":"","background-repeat":"repeat","background-position":"center center","background-size":"auto","background-attachment":"scroll","background-type":"","background-media":"","overlay-type":"","overlay-color":"","overlay-opacity":"","overlay-gradient":""}},"ast-content-background-meta":{"desktop":{"background-color":"var(--ast-global-color-5)","background-image":"","background-repeat":"repeat","background-position":"center center","background-size":"auto","background-attachment":"scroll","background-type":"","background-media":"","overlay-type":"","overlay-color":"","overlay-opacity":"","overlay-gradient":""},"tablet":{"background-color":"var(--ast-global-color-5)","background-image":"","background-repeat":"repeat","background-position":"center center","background-size":"auto","background-attachment":"scroll","background-type":"","background-media":"","overlay-type":"","overlay-color":"","overlay-opacity":"","overlay-gradient":""},"mobile":{"background-color":"var(--ast-global-color-5)","background-image":"","background-repeat":"repeat","background-position":"center center","background-size":"auto","background-attachment":"scroll","background-type":"","background-media":"","overlay-type":"","overlay-color":"","overlay-opacity":"","overlay-gradient":""}}},"product_brand":[],"product_cat":[61],"product_tag":[],"class_list":{"0":"post-6166","1":"product","2":"type-product","3":"status-publish","4":"has-post-thumbnail","6":"product_cat-ats","7":"desktop-align-center","8":"tablet-align-left","9":"mobile-align-left","11":"first","12":"instock","13":"shipping-taxable","14":"product-type-simple"},"yoast_head":"<!-- This site is optimized with the Yoast SEO Premium plugin v25.0 (Yoast SEO v27.5) - https:\/\/yoast.com\/product\/yoast-seo-premium-wordpress\/ -->\n<title>Dual Power Manual Transfer Switch ZMQ3 - Zhejiang CNTN Electric Co.,Ltd<\/title>\n<meta name=\"description\" content=\"Our ATS Dual Power Manual Transfer Switch features reliable power supply, safe operation and stable performance. Click to learn more.\" \/>\n<meta name=\"robots\" content=\"index, follow, max-snippet:-1, max-image-preview:large, max-video-preview:-1\" \/>\n<link rel=\"canonical\" href=\"https:\/\/cntnmcb.com\/fr\/produit\/dual-power-manual-transfer-switch-zmq3\/\" \/>\n<meta property=\"og:locale\" content=\"fr_FR\" \/>\n<meta property=\"og:type\" content=\"article\" \/>\n<meta property=\"og:title\" content=\"Dual Power Manual Transfer Switch ZMQ3\" \/>\n<meta property=\"og:description\" content=\"Our ATS Dual Power Manual Transfer Switch features reliable power supply, safe operation and stable performance. Click to learn more.\" \/>\n<meta property=\"og:url\" content=\"https:\/\/cntnmcb.com\/fr\/produit\/dual-power-manual-transfer-switch-zmq3\/\" \/>\n<meta property=\"og:site_name\" content=\"Zhejiang CNTN Electric Co.,Ltd\" \/>\n<meta property=\"article:modified_time\" content=\"2025-09-22T02:26:28+00:00\" \/>\n<meta property=\"og:image\" content=\"https:\/\/cntnmcb.com\/wp-content\/uploads\/2025\/08\/\u53cc\u7535\u6e90-1.jpg\" \/>\n\t<meta property=\"og:image:width\" content=\"640\" \/>\n\t<meta property=\"og:image:height\" content=\"640\" \/>\n\t<meta property=\"og:image:type\" content=\"image\/jpeg\" \/>\n<meta name=\"twitter:card\" content=\"summary_large_image\" \/>\n<meta name=\"twitter:label1\" content=\"Dur\u00e9e de lecture estim\u00e9e\" \/>\n\t<meta name=\"twitter:data1\" content=\"1 minute\" \/>\n<script type=\"application\/ld+json\" class=\"yoast-schema-graph\">{\"@context\":\"https:\\\/\\\/schema.org\",\"@graph\":[{\"@type\":\"WebPage\",\"@id\":\"https:\\\/\\\/cntnmcb.com\\\/product\\\/dual-power-manual-transfer-switch-zmq3\\\/\",\"url\":\"https:\\\/\\\/cntnmcb.com\\\/product\\\/dual-power-manual-transfer-switch-zmq3\\\/\",\"name\":\"Dual Power Manual Transfer Switch ZMQ3 - Zhejiang CNTN Electric Co.,Ltd\",\"isPartOf\":{\"@id\":\"https:\\\/\\\/cntnmcb.com\\\/#website\"},\"primaryImageOfPage\":{\"@id\":\"https:\\\/\\\/cntnmcb.com\\\/product\\\/dual-power-manual-transfer-switch-zmq3\\\/#primaryimage\"},\"image\":{\"@id\":\"https:\\\/\\\/cntnmcb.com\\\/product\\\/dual-power-manual-transfer-switch-zmq3\\\/#primaryimage\"},\"thumbnailUrl\":\"https:\\\/\\\/cntnmcb.com\\\/wp-content\\\/uploads\\\/2025\\\/08\\\/\u53cc\u7535\u6e90-1.jpg\",\"datePublished\":\"2025-08-02T01:45:09+00:00\",\"dateModified\":\"2025-09-22T02:26:28+00:00\",\"description\":\"Our ATS Dual Power Manual Transfer Switch features reliable power supply, safe operation and stable performance. Click to learn more.\",\"breadcrumb\":{\"@id\":\"https:\\\/\\\/cntnmcb.com\\\/product\\\/dual-power-manual-transfer-switch-zmq3\\\/#breadcrumb\"},\"inLanguage\":\"fr-FR\",\"potentialAction\":[{\"@type\":\"ReadAction\",\"target\":[\"https:\\\/\\\/cntnmcb.com\\\/product\\\/dual-power-manual-transfer-switch-zmq3\\\/\"]}]},{\"@type\":\"ImageObject\",\"inLanguage\":\"fr-FR\",\"@id\":\"https:\\\/\\\/cntnmcb.com\\\/product\\\/dual-power-manual-transfer-switch-zmq3\\\/#primaryimage\",\"url\":\"https:\\\/\\\/cntnmcb.com\\\/wp-content\\\/uploads\\\/2025\\\/08\\\/\u53cc\u7535\u6e90-1.jpg\",\"contentUrl\":\"https:\\\/\\\/cntnmcb.com\\\/wp-content\\\/uploads\\\/2025\\\/08\\\/\u53cc\u7535\u6e90-1.jpg\",\"width\":640,\"height\":640,\"caption\":\"Dual Power Manual Transfer Switch ZMQ3\"},{\"@type\":\"BreadcrumbList\",\"@id\":\"https:\\\/\\\/cntnmcb.com\\\/product\\\/dual-power-manual-transfer-switch-zmq3\\\/#breadcrumb\",\"itemListElement\":[{\"@type\":\"ListItem\",\"position\":1,\"name\":\"Home\",\"item\":\"https:\\\/\\\/cntnmcb.com\\\/\"},{\"@type\":\"ListItem\",\"position\":2,\"name\":\"Products\",\"item\":\"https:\\\/\\\/cntnmcb.com\\\/products\\\/\"},{\"@type\":\"ListItem\",\"position\":3,\"name\":\"Dual Power Manual Transfer Switch ZMQ3\"}]},{\"@type\":\"WebSite\",\"@id\":\"https:\\\/\\\/cntnmcb.com\\\/#website\",\"url\":\"https:\\\/\\\/cntnmcb.com\\\/\",\"name\":\"Zhejiang CNTN Electric Co.,Ltd\",\"description\":\"We are China MCB, MCCB, ACB, panel meter, energy meter manufacturer\",\"publisher\":{\"@id\":\"https:\\\/\\\/cntnmcb.com\\\/#organization\"},\"alternateName\":\"Zhejiang CNTN Electric Co.,Ltd\",\"potentialAction\":[{\"@type\":\"SearchAction\",\"target\":{\"@type\":\"EntryPoint\",\"urlTemplate\":\"https:\\\/\\\/cntnmcb.com\\\/?s={search_term_string}\"},\"query-input\":{\"@type\":\"PropertyValueSpecification\",\"valueRequired\":true,\"valueName\":\"search_term_string\"}}],\"inLanguage\":\"fr-FR\"},{\"@type\":\"Organization\",\"@id\":\"https:\\\/\\\/cntnmcb.com\\\/#organization\",\"name\":\"Zhejiang CNTN Electric Co.,Ltd\",\"alternateName\":\"Zhejiang CNTN Electric Co.,Ltd\",\"url\":\"https:\\\/\\\/cntnmcb.com\\\/\",\"logo\":{\"@type\":\"ImageObject\",\"inLanguage\":\"fr-FR\",\"@id\":\"https:\\\/\\\/cntnmcb.com\\\/#\\\/schema\\\/logo\\\/image\\\/\",\"url\":\"https:\\\/\\\/cntnmcb.com\\\/wp-content\\\/uploads\\\/2025\\\/05\\\/CNTN-LOGO.webp\",\"contentUrl\":\"https:\\\/\\\/cntnmcb.com\\\/wp-content\\\/uploads\\\/2025\\\/05\\\/CNTN-LOGO.webp\",\"width\":768,\"height\":236,\"caption\":\"Zhejiang CNTN Electric Co.,Ltd\"},\"image\":{\"@id\":\"https:\\\/\\\/cntnmcb.com\\\/#\\\/schema\\\/logo\\\/image\\\/\"}}]}<\/script>\n<!-- \/ Yoast SEO Premium plugin. -->","yoast_head_json":{"title":"Commutateur de transfert manuel \u00e0 double puissance ZMQ3 - Zhejiang CNTN Electric Co.","description":"Notre commutateur de transfert manuel ATS Dual Power se caract\u00e9rise par une alimentation \u00e9lectrique fiable, un fonctionnement s\u00fbr et des performances stables. Cliquez ici pour en savoir plus.","robots":{"index":"index","follow":"follow","max-snippet":"max-snippet:-1","max-image-preview":"max-image-preview:large","max-video-preview":"max-video-preview:-1"},"canonical":"https:\/\/cntnmcb.com\/fr\/produit\/dual-power-manual-transfer-switch-zmq3\/","og_locale":"fr_FR","og_type":"article","og_title":"Dual Power Manual Transfer Switch ZMQ3","og_description":"Our ATS Dual Power Manual Transfer Switch features reliable power supply, safe operation and stable performance. Click to learn more.","og_url":"https:\/\/cntnmcb.com\/fr\/produit\/dual-power-manual-transfer-switch-zmq3\/","og_site_name":"Zhejiang CNTN Electric Co.,Ltd","article_modified_time":"2025-09-22T02:26:28+00:00","og_image":[{"width":640,"height":640,"url":"https:\/\/cntnmcb.com\/wp-content\/uploads\/2025\/08\/\u53cc\u7535\u6e90-1.jpg","type":"image\/jpeg"}],"twitter_card":"summary_large_image","twitter_misc":{"Dur\u00e9e de lecture estim\u00e9e":"1 minute"},"schema":{"@context":"https:\/\/schema.org","@graph":[{"@type":"WebPage","@id":"https:\/\/cntnmcb.com\/product\/dual-power-manual-transfer-switch-zmq3\/","url":"https:\/\/cntnmcb.com\/product\/dual-power-manual-transfer-switch-zmq3\/","name":"Commutateur de transfert manuel \u00e0 double puissance ZMQ3 - Zhejiang CNTN Electric Co.","isPartOf":{"@id":"https:\/\/cntnmcb.com\/#website"},"primaryImageOfPage":{"@id":"https:\/\/cntnmcb.com\/product\/dual-power-manual-transfer-switch-zmq3\/#primaryimage"},"image":{"@id":"https:\/\/cntnmcb.com\/product\/dual-power-manual-transfer-switch-zmq3\/#primaryimage"},"thumbnailUrl":"https:\/\/cntnmcb.com\/wp-content\/uploads\/2025\/08\/\u53cc\u7535\u6e90-1.jpg","datePublished":"2025-08-02T01:45:09+00:00","dateModified":"2025-09-22T02:26:28+00:00","description":"Notre commutateur de transfert manuel ATS Dual Power se caract\u00e9rise par une alimentation \u00e9lectrique fiable, un fonctionnement s\u00fbr et des performances stables. Cliquez ici pour en savoir plus.","breadcrumb":{"@id":"https:\/\/cntnmcb.com\/product\/dual-power-manual-transfer-switch-zmq3\/#breadcrumb"},"inLanguage":"fr-FR","potentialAction":[{"@type":"ReadAction","target":["https:\/\/cntnmcb.com\/product\/dual-power-manual-transfer-switch-zmq3\/"]}]},{"@type":"ImageObject","inLanguage":"fr-FR","@id":"https:\/\/cntnmcb.com\/product\/dual-power-manual-transfer-switch-zmq3\/#primaryimage","url":"https:\/\/cntnmcb.com\/wp-content\/uploads\/2025\/08\/\u53cc\u7535\u6e90-1.jpg","contentUrl":"https:\/\/cntnmcb.com\/wp-content\/uploads\/2025\/08\/\u53cc\u7535\u6e90-1.jpg","width":640,"height":640,"caption":"Dual Power Manual Transfer Switch ZMQ3"},{"@type":"BreadcrumbList","@id":"https:\/\/cntnmcb.com\/product\/dual-power-manual-transfer-switch-zmq3\/#breadcrumb","itemListElement":[{"@type":"ListItem","position":1,"name":"Home","item":"https:\/\/cntnmcb.com\/"},{"@type":"ListItem","position":2,"name":"Products","item":"https:\/\/cntnmcb.com\/products\/"},{"@type":"ListItem","position":3,"name":"Dual Power Manual Transfer Switch ZMQ3"}]},{"@type":"WebSite","@id":"https:\/\/cntnmcb.com\/#website","url":"https:\/\/cntnmcb.com\/","name":"Zhejiang CNTN Electric Co. Ltd","description":"Nous sommes un fabricant chinois de MCB, MCCB, ACB, compteur de panneau, compteur d'\u00e9nergie.","publisher":{"@id":"https:\/\/cntnmcb.com\/#organization"},"alternateName":"Zhejiang CNTN Electric Co.,Ltd","potentialAction":[{"@type":"SearchAction","target":{"@type":"EntryPoint","urlTemplate":"https:\/\/cntnmcb.com\/?s={search_term_string}"},"query-input":{"@type":"PropertyValueSpecification","valueRequired":true,"valueName":"search_term_string"}}],"inLanguage":"fr-FR"},{"@type":"Organization","@id":"https:\/\/cntnmcb.com\/#organization","name":"Zhejiang CNTN Electric Co. Ltd","alternateName":"Zhejiang CNTN Electric Co.,Ltd","url":"https:\/\/cntnmcb.com\/","logo":{"@type":"ImageObject","inLanguage":"fr-FR","@id":"https:\/\/cntnmcb.com\/#\/schema\/logo\/image\/","url":"https:\/\/cntnmcb.com\/wp-content\/uploads\/2025\/05\/CNTN-LOGO.webp","contentUrl":"https:\/\/cntnmcb.com\/wp-content\/uploads\/2025\/05\/CNTN-LOGO.webp","width":768,"height":236,"caption":"Zhejiang CNTN Electric Co.,Ltd"},"image":{"@id":"https:\/\/cntnmcb.com\/#\/schema\/logo\/image\/"}}]}},"_links":{"self":[{"href":"https:\/\/cntnmcb.com\/fr\/wp-json\/wp\/v2\/product\/6166","targetHints":{"allow":["GET"]}}],"collection":[{"href":"https:\/\/cntnmcb.com\/fr\/wp-json\/wp\/v2\/product"}],"about":[{"href":"https:\/\/cntnmcb.com\/fr\/wp-json\/wp\/v2\/types\/product"}],"wp:featuredmedia":[{"embeddable":true,"href":"https:\/\/cntnmcb.com\/fr\/wp-json\/wp\/v2\/media\/6167"}],"wp:attachment":[{"href":"https:\/\/cntnmcb.com\/fr\/wp-json\/wp\/v2\/media?parent=6166"}],"wp:term":[{"taxonomy":"product_brand","embeddable":true,"href":"https:\/\/cntnmcb.com\/fr\/wp-json\/wp\/v2\/product_brand?post=6166"},{"taxonomy":"product_cat","embeddable":true,"href":"https:\/\/cntnmcb.com\/fr\/wp-json\/wp\/v2\/product_cat?post=6166"},{"taxonomy":"product_tag","embeddable":true,"href":"https:\/\/cntnmcb.com\/fr\/wp-json\/wp\/v2\/product_tag?post=6166"}],"curies":[{"name":"wp","href":"https:\/\/api.w.org\/{rel}","templated":true}]}}