{"id":6208,"date":"2025-08-07T08:14:57","date_gmt":"2025-08-07T08:14:57","guid":{"rendered":"https:\/\/cntnmcb.com\/?post_type=product&#038;p=6208"},"modified":"2026-03-17T06:45:50","modified_gmt":"2026-03-17T06:45:50","slug":"single-phase-din-rail-energy-meter-ddsu2788","status":"publish","type":"product","link":"https:\/\/cntnmcb.com\/fr\/product\/single-phase-din-rail-energy-meter-ddsu2788\/","title":{"rendered":"Compteur d'\u00e9nergie monophas\u00e9 Din Rail DDSU2788"},"content":{"rendered":"<div>\n<div class=\"auto-hide-last-sibling-br paragraph-JOTKXA paragraph-element br-paragraph-space\">\n<div class=\"auto-hide-last-sibling-br paragraph-JOTKXA paragraph-element br-paragraph-space\">\n<h2 class=\"header-vfC6AV auto-hide-last-sibling-br\">Introduction:<\/h2>\n<\/div>\n<ul>\n<li>Our Single-Phase DIN Rail Energy Meter measures active energy and requires no calibration during long-term operation.<\/li>\n<li>Our Single-Phase DIN Rail Energy Meter measures Adopts the ADE7755 dedicated metering chip;<\/li>\n<li>Utilizes a new foreign-specific integrated circuit for electrical energy with a built-in digital multiplier, which greatly expands the meter&#8217;s dynamic operating range, enabling the actual overload capacity to reach more than 10 times;<\/li>\n<li>Features favorable error linearity within the 5% Ib &#8211; Imax range;<\/li>\n<li>Has few peripheral components, low power consumption, and a simple electric meter structure;<\/li>\n<li>All components inside the electric meter are selected as long-life and highly reliable electronic devices, thus boasting the characteristics of a long service life and high reliability.<\/li>\n<li>Display methods: Counter, liquid crystal;<\/li>\n<li>Equipped with a remote power-off function<\/li>\n<\/ul>\n<\/div>\n<\/div>\n<div><div id=\"supsystic-table-26_95918\" class=\"supsystic-tables-wrap \" style=\" width:100%; \" data-table-width-fixed=\"100%\" data-table-width-mobile=\"100%\" ><table id=\"supsystic-table-26\" class=\"supsystic-table border lightboxImg cell-border\" data-id=\"26\" data-view-id=\"26_95918\" data-title=\"ZMDDSU2788\" data-currency-format=\"$1,000.00\" data-percent-format=\"10.00%\" data-date-format=\"DD.MM.YYYY\" data-time-format=\"HH:mm\" data-features=\"[&quot;after_table_loaded_script&quot;]\" data-search-value=\"\" data-lightbox-img=\"\" data-head-rows-count=\"1\" data-pagination-length=\"50,100,All\" data-auto-index=\"off\" data-searching-settings=\"{&quot;columnSearchPosition&quot;:&quot;bottom&quot;,&quot;minChars&quot;:&quot;0&quot;}\" data-lang=\"default\" data-override=\"{&quot;emptyTable&quot;:&quot;&quot;,&quot;info&quot;:&quot;&quot;,&quot;infoEmpty&quot;:&quot;&quot;,&quot;infoFiltered&quot;:&quot;&quot;,&quot;lengthMenu&quot;:&quot;&quot;,&quot;search&quot;:&quot;&quot;,&quot;previous&quot;:&quot;&quot;,&quot;next&quot;:&quot;&quot;,&quot;zeroRecords&quot;:&quot;&quot;,&quot;exportLabel&quot;:&quot;&quot;,&quot;file&quot;:&quot;default&quot;}\" data-merged=\"[{&quot;row&quot;:1,&quot;col&quot;:3,&quot;rowspan&quot;:2,&quot;colspan&quot;:1,&quot;removed&quot;:false},{&quot;row&quot;:1,&quot;col&quot;:2,&quot;rowspan&quot;:2,&quot;colspan&quot;:1,&quot;removed&quot;:false},{&quot;row&quot;:1,&quot;col&quot;:1,&quot;rowspan&quot;:2,&quot;colspan&quot;:1,&quot;removed&quot;:false}]\" data-responsive-mode=\"0\" data-from-history=\"0\" ><thead><tr><th class=\"\" style=\"width:; padding: 0 !important;\"><\/th><th class=\"\" style=\"width:; padding: 0 !important;\"><\/th><th class=\"\" style=\"width:; padding: 0 !important;\"><\/th><th class=\"\" style=\"width:; padding: 0 !important;\"><\/th><\/tr><\/thead><tbody><tr style=\"height:px\" ><td data-cell-id=\"A1\" data-x=\"0\" data-y=\"1\" data-db-index=\"1\" class=\"htCenter htMiddle bg-6380f7\" data-cell-type=\"text\" data-original-value=\"Rated Current (A)\" data-order=\"Rated Current (A)\" style=\"min-width:32.3149%; \" >Rated Current (A) <\/td><td data-cell-id=\"B1\" data-x=\"1\" data-y=\"1\" data-db-index=\"1\" class=\"htCenter htMiddle bg-6380f7\" data-cell-type=\"text\" data-original-value=\"Rated Voltage (V)\" data-order=\"Rated Voltage (V)\" style=\"min-width:21.9741%; \" >Rated Voltage (V) <\/td><td data-cell-id=\"C1\" data-x=\"2\" data-y=\"1\" data-db-index=\"1\" class=\"htCenter htMiddle bg-6380f7\" data-cell-type=\"text\" data-original-value=\"Rated Frequency (Hz)\" data-order=\"Rated Frequency (Hz)\" style=\"min-width:22.4442%; \" >Rated Frequency (Hz) <\/td><td data-cell-id=\"D1\" data-x=\"3\" data-y=\"1\" data-db-index=\"1\" class=\"htCenter htMiddle bg-6380f7\" data-cell-type=\"text\" data-original-value=\"Accuracy Class\" data-order=\"Accuracy Class\" style=\"min-width:23.2667%; \" >Accuracy Class <\/td><\/tr><tr style=\"height:px\" ><td data-cell-id=\"A2\" data-x=\"0\" data-y=\"2\" data-db-index=\"2\" class=\"htCenter htMiddle\" data-cell-type=\"text\" data-original-value=\"1.5(6)\uff0c2.5(10)\uff0c5(20)\uff0c5(30),10(40)\" data-order=\"1.5(6)\uff0c2.5(10)\uff0c5(20)\uff0c5(30),10(40)\" >1.5(6)\uff0c2.5(10)\uff0c5(20)\uff0c5(30),10(40) <\/td><td data-cell-id=\"B2\" data-x=\"1\" data-y=\"2\" data-db-index=\"2\" class=\"htCenter htMiddle\" data-cell-type=\"text\" data-original-value=\"220 or 240\" data-order=\"220 or 240\" data-colspan=\"1\" data-rowspan=\"2\" >220 or 240 <\/td><td data-cell-id=\"C2\" data-x=\"2\" data-y=\"2\" data-db-index=\"2\" class=\"htCenter htMiddle\" data-cell-type=\"text\" data-original-value=\"50 or 60\" data-order=\"50 or 60\" data-colspan=\"1\" data-rowspan=\"2\" >50 or 60 <\/td><td data-cell-id=\"D2\" data-x=\"3\" data-y=\"2\" data-db-index=\"2\" class=\"htCenter htMiddle\" data-cell-type=\"text\" data-original-value=\"Class 1 or Class 2\" data-order=\"Class 1 or Class 2\" data-colspan=\"1\" data-rowspan=\"2\" >Class 1 or Class 2 <\/td><\/tr><tr style=\"height:px\" ><td data-cell-id=\"A3\" data-x=\"0\" data-y=\"3\" data-db-index=\"3\" class=\"htCenter htMiddle\" data-cell-type=\"text\" data-original-value=\"10(60),20(80),30(100)\" data-order=\"10(60),20(80),30(100)\" >10(60),20(80),30(100) <\/td><td data-cell-id=\"B3\" data-x=\"1\" data-y=\"3\" data-db-index=\"3\" class=\"htCenter htMiddle\" data-cell-type=\"text\" data-original-value=\"\" data-order=\"\" data-hide=\"true\" ><\/td><td data-cell-id=\"C3\" data-x=\"2\" data-y=\"3\" data-db-index=\"3\" class=\"htCenter htMiddle\" data-cell-type=\"text\" data-original-value=\"\" data-order=\"\" data-hide=\"true\" ><\/td><td data-cell-id=\"D3\" data-x=\"3\" data-y=\"3\" data-db-index=\"3\" class=\"htCenter htMiddle\" data-cell-type=\"text\" data-original-value=\"\" data-order=\"\" data-hide=\"true\" ><\/td><\/tr><\/tbody><\/table><!-- \/#supsystic-table-26.supsystic-table --><\/div><!-- \/.supsystic-tables-wrap --><!-- Tables Generator by Supsystic --><!-- Version:1.11.1 --><!-- http:\/\/supsystic.com\/ --><a title=\"WordPress Table\" style=\"display:none;\" href=\"https:\/\/supsystic.com\/plugins\/wordpress-data-table-plugin\/?utm_medium=love_link\" target=\"_blank\">WordPress Table<\/a><\/div>\n<div><img fetchpriority=\"high\" decoding=\"async\" class=\"alignnone size-full wp-image-6211\" src=\"http:\/\/cntnmcb.com\/wp-content\/uploads\/2025\/08\/\u5bfc\u8f68\u5f0f\u5355\u76f8\u7535\u80fd\u8868\u5b89\u88c5\u56fe-1-1.png\" alt=\"\" width=\"941\" height=\"532\" srcset=\"https:\/\/cntnmcb.com\/wp-content\/uploads\/2025\/08\/\u5bfc\u8f68\u5f0f\u5355\u76f8\u7535\u80fd\u8868\u5b89\u88c5\u56fe-1-1.png 941w, https:\/\/cntnmcb.com\/wp-content\/uploads\/2025\/08\/\u5bfc\u8f68\u5f0f\u5355\u76f8\u7535\u80fd\u8868\u5b89\u88c5\u56fe-1-1-600x339.png 600w, https:\/\/cntnmcb.com\/wp-content\/uploads\/2025\/08\/\u5bfc\u8f68\u5f0f\u5355\u76f8\u7535\u80fd\u8868\u5b89\u88c5\u56fe-1-1-64x36.png 64w\" sizes=\"(max-width: 941px) 100vw, 941px\" \/><\/div>\n<div><\/div>\n<div><\/div>\n","protected":false},"excerpt":{"rendered":"<div class=\"auto-hide-last-sibling-br paragraph-JOTKXA paragraph-element br-paragraph-space\">\n<div class=\"auto-hide-last-sibling-br paragraph-JOTKXA paragraph-element br-paragraph-space\">\n<div class=\"auto-hide-last-sibling-br paragraph-JOTKXA paragraph-element br-paragraph-space\">\n<div class=\"auto-hide-last-sibling-br paragraph-JOTKXA paragraph-element br-paragraph-space\">\n<ol class=\"auto-hide-last-sibling-br\">\n<li>Un contr\u00f4le pr\u00e9cis gr\u00e2ce \u00e0 des donn\u00e9es visualisables en temps r\u00e9el<\/li>\n<li>Faciliter les \u00e9conomies d'\u00e9nergie et r\u00e9duire les co\u00fbts de l'\u00e9lectricit\u00e9<\/li>\n<li>Alerte pr\u00e9coce pour assurer la s\u00e9curit\u00e9 de l'\u00e9lectricit\u00e9<\/li>\n<li>Adaptation \u00e0 de nombreuses applications et facilit\u00e9 d'installation et d'entretien<\/li>\n<li>Des donn\u00e9es tra\u00e7ables pour faciliter les d\u00e9cisions de gestion<\/li>\n<\/ol>\n<\/div>\n<\/div>\n<\/div>\n<\/div>","protected":false},"featured_media":6209,"template":"","meta":{"site-sidebar-layout":"default","site-content-layout":"","ast-site-content-layout":"default","site-content-style":"default","site-sidebar-style":"default","ast-global-header-display":"","ast-banner-title-visibility":"","ast-main-header-display":"","ast-hfb-above-header-display":"","ast-hfb-below-header-display":"","ast-hfb-mobile-header-display":"","site-post-title":"","ast-breadcrumbs-content":"","ast-featured-img":"","footer-sml-layout":"","ast-disable-related-posts":"","theme-transparent-header-meta":"default","adv-header-id-meta":"","stick-header-meta":"","header-above-stick-meta":"","header-main-stick-meta":"","header-below-stick-meta":"","astra-migrate-meta-layouts":"set","ast-page-background-enabled":"default","ast-page-background-meta":{"desktop":{"background-color":"","background-image":"","background-repeat":"repeat","background-position":"center center","background-size":"auto","background-attachment":"scroll","background-type":"","background-media":"","overlay-type":"","overlay-color":"","overlay-opacity":"","overlay-gradient":""},"tablet":{"background-color":"","background-image":"","background-repeat":"repeat","background-position":"center center","background-size":"auto","background-attachment":"scroll","background-type":"","background-media":"","overlay-type":"","overlay-color":"","overlay-opacity":"","overlay-gradient":""},"mobile":{"background-color":"","background-image":"","background-repeat":"repeat","background-position":"center center","background-size":"auto","background-attachment":"scroll","background-type":"","background-media":"","overlay-type":"","overlay-color":"","overlay-opacity":"","overlay-gradient":""}},"ast-content-background-meta":{"desktop":{"background-color":"var(--ast-global-color-5)","background-image":"","background-repeat":"repeat","background-position":"center center","background-size":"auto","background-attachment":"scroll","background-type":"","background-media":"","overlay-type":"","overlay-color":"","overlay-opacity":"","overlay-gradient":""},"tablet":{"background-color":"var(--ast-global-color-5)","background-image":"","background-repeat":"repeat","background-position":"center center","background-size":"auto","background-attachment":"scroll","background-type":"","background-media":"","overlay-type":"","overlay-color":"","overlay-opacity":"","overlay-gradient":""},"mobile":{"background-color":"var(--ast-global-color-5)","background-image":"","background-repeat":"repeat","background-position":"center center","background-size":"auto","background-attachment":"scroll","background-type":"","background-media":"","overlay-type":"","overlay-color":"","overlay-opacity":"","overlay-gradient":""}}},"product_brand":[],"product_cat":[48,52],"product_tag":[],"class_list":{"0":"post-6208","1":"product","2":"type-product","3":"status-publish","4":"has-post-thumbnail","6":"product_cat-energy-meter","7":"product_cat-instrument","8":"desktop-align-center","9":"tablet-align-left","10":"mobile-align-left","12":"first","13":"instock","14":"shipping-taxable","15":"product-type-simple"},"yoast_head":"<!-- This site is optimized with the Yoast SEO Premium plugin v25.0 (Yoast SEO v27.5) - https:\/\/yoast.com\/product\/yoast-seo-premium-wordpress\/ -->\n<title>Single Phase Din Rail Energy Meter DDSU2788 - Zhejiang CNTN Electric Co.,Ltd<\/title>\n<meta name=\"description\" content=\"Our Single Phase Din Rail Energy Meter, it can accurately measure the power consumption for your home or devices, click to learn more!il Energy\" \/>\n<meta name=\"robots\" content=\"index, follow, max-snippet:-1, max-image-preview:large, max-video-preview:-1\" \/>\n<link rel=\"canonical\" href=\"https:\/\/cntnmcb.com\/fr\/produit\/single-phase-din-rail-energy-meter-ddsu2788\/\" \/>\n<meta property=\"og:locale\" content=\"fr_FR\" \/>\n<meta property=\"og:type\" content=\"article\" \/>\n<meta property=\"og:title\" content=\"Single Phase Din Rail Energy Meter DDSU2788\" \/>\n<meta property=\"og:description\" content=\"Our Single Phase Din Rail Energy Meter, it can accurately measure the power consumption for your home or devices, click to learn more!il Energy\" \/>\n<meta property=\"og:url\" content=\"https:\/\/cntnmcb.com\/fr\/produit\/single-phase-din-rail-energy-meter-ddsu2788\/\" \/>\n<meta property=\"og:site_name\" content=\"Zhejiang CNTN Electric Co.,Ltd\" \/>\n<meta property=\"article:modified_time\" content=\"2026-03-17T06:45:50+00:00\" \/>\n<meta property=\"og:image\" content=\"https:\/\/cntnmcb.com\/wp-content\/uploads\/2025\/08\/\u5bfc\u8f68\u5f0f\u5355\u76f8\u7535\u80fd\u8868.png\" \/>\n\t<meta property=\"og:image:width\" content=\"721\" \/>\n\t<meta property=\"og:image:height\" content=\"554\" \/>\n\t<meta property=\"og:image:type\" content=\"image\/png\" \/>\n<meta name=\"twitter:card\" content=\"summary_large_image\" \/>\n<meta name=\"twitter:label1\" content=\"Dur\u00e9e de lecture estim\u00e9e\" \/>\n\t<meta name=\"twitter:data1\" content=\"1 minute\" \/>\n<script type=\"application\/ld+json\" class=\"yoast-schema-graph\">{\"@context\":\"https:\\\/\\\/schema.org\",\"@graph\":[{\"@type\":\"WebPage\",\"@id\":\"https:\\\/\\\/cntnmcb.com\\\/product\\\/single-phase-din-rail-energy-meter-ddsu2788\\\/\",\"url\":\"https:\\\/\\\/cntnmcb.com\\\/product\\\/single-phase-din-rail-energy-meter-ddsu2788\\\/\",\"name\":\"Single Phase Din Rail Energy Meter DDSU2788 - Zhejiang CNTN Electric Co.,Ltd\",\"isPartOf\":{\"@id\":\"https:\\\/\\\/cntnmcb.com\\\/#website\"},\"primaryImageOfPage\":{\"@id\":\"https:\\\/\\\/cntnmcb.com\\\/product\\\/single-phase-din-rail-energy-meter-ddsu2788\\\/#primaryimage\"},\"image\":{\"@id\":\"https:\\\/\\\/cntnmcb.com\\\/product\\\/single-phase-din-rail-energy-meter-ddsu2788\\\/#primaryimage\"},\"thumbnailUrl\":\"https:\\\/\\\/cntnmcb.com\\\/wp-content\\\/uploads\\\/2025\\\/08\\\/\u5bfc\u8f68\u5f0f\u5355\u76f8\u7535\u80fd\u8868.png\",\"datePublished\":\"2025-08-07T08:14:57+00:00\",\"dateModified\":\"2026-03-17T06:45:50+00:00\",\"description\":\"Our Single Phase Din Rail Energy Meter, it can accurately measure the power consumption for your home or devices, click to learn more!il Energy\",\"breadcrumb\":{\"@id\":\"https:\\\/\\\/cntnmcb.com\\\/product\\\/single-phase-din-rail-energy-meter-ddsu2788\\\/#breadcrumb\"},\"inLanguage\":\"fr-FR\",\"potentialAction\":[{\"@type\":\"ReadAction\",\"target\":[\"https:\\\/\\\/cntnmcb.com\\\/product\\\/single-phase-din-rail-energy-meter-ddsu2788\\\/\"]}]},{\"@type\":\"ImageObject\",\"inLanguage\":\"fr-FR\",\"@id\":\"https:\\\/\\\/cntnmcb.com\\\/product\\\/single-phase-din-rail-energy-meter-ddsu2788\\\/#primaryimage\",\"url\":\"https:\\\/\\\/cntnmcb.com\\\/wp-content\\\/uploads\\\/2025\\\/08\\\/\u5bfc\u8f68\u5f0f\u5355\u76f8\u7535\u80fd\u8868.png\",\"contentUrl\":\"https:\\\/\\\/cntnmcb.com\\\/wp-content\\\/uploads\\\/2025\\\/08\\\/\u5bfc\u8f68\u5f0f\u5355\u76f8\u7535\u80fd\u8868.png\",\"width\":721,\"height\":554,\"caption\":\"Single Phase Din Rail Energy Meter DDSU2788\"},{\"@type\":\"BreadcrumbList\",\"@id\":\"https:\\\/\\\/cntnmcb.com\\\/product\\\/single-phase-din-rail-energy-meter-ddsu2788\\\/#breadcrumb\",\"itemListElement\":[{\"@type\":\"ListItem\",\"position\":1,\"name\":\"Home\",\"item\":\"https:\\\/\\\/cntnmcb.com\\\/\"},{\"@type\":\"ListItem\",\"position\":2,\"name\":\"Products\",\"item\":\"https:\\\/\\\/cntnmcb.com\\\/products\\\/\"},{\"@type\":\"ListItem\",\"position\":3,\"name\":\"Single Phase Din Rail Energy Meter DDSU2788\"}]},{\"@type\":\"WebSite\",\"@id\":\"https:\\\/\\\/cntnmcb.com\\\/#website\",\"url\":\"https:\\\/\\\/cntnmcb.com\\\/\",\"name\":\"Zhejiang CNTN Electric Co.,Ltd\",\"description\":\"We are China MCB, MCCB, ACB, panel meter, energy meter manufacturer\",\"publisher\":{\"@id\":\"https:\\\/\\\/cntnmcb.com\\\/#organization\"},\"alternateName\":\"Zhejiang CNTN Electric Co.,Ltd\",\"potentialAction\":[{\"@type\":\"SearchAction\",\"target\":{\"@type\":\"EntryPoint\",\"urlTemplate\":\"https:\\\/\\\/cntnmcb.com\\\/?s={search_term_string}\"},\"query-input\":{\"@type\":\"PropertyValueSpecification\",\"valueRequired\":true,\"valueName\":\"search_term_string\"}}],\"inLanguage\":\"fr-FR\"},{\"@type\":\"Organization\",\"@id\":\"https:\\\/\\\/cntnmcb.com\\\/#organization\",\"name\":\"Zhejiang CNTN Electric Co.,Ltd\",\"alternateName\":\"Zhejiang CNTN Electric Co.,Ltd\",\"url\":\"https:\\\/\\\/cntnmcb.com\\\/\",\"logo\":{\"@type\":\"ImageObject\",\"inLanguage\":\"fr-FR\",\"@id\":\"https:\\\/\\\/cntnmcb.com\\\/#\\\/schema\\\/logo\\\/image\\\/\",\"url\":\"https:\\\/\\\/cntnmcb.com\\\/wp-content\\\/uploads\\\/2025\\\/05\\\/CNTN-LOGO.webp\",\"contentUrl\":\"https:\\\/\\\/cntnmcb.com\\\/wp-content\\\/uploads\\\/2025\\\/05\\\/CNTN-LOGO.webp\",\"width\":768,\"height\":236,\"caption\":\"Zhejiang CNTN Electric Co.,Ltd\"},\"image\":{\"@id\":\"https:\\\/\\\/cntnmcb.com\\\/#\\\/schema\\\/logo\\\/image\\\/\"}}]}<\/script>\n<!-- \/ Yoast SEO Premium plugin. -->","yoast_head_json":{"title":"Compteur d'\u00e9nergie monophas\u00e9 Din Rail DDSU2788 - Zhejiang CNTN Electric Co, Ltd","description":"Notre compteur d'\u00e9nergie monophas\u00e9 Din Rail peut mesurer avec pr\u00e9cision la consommation d'\u00e9nergie de votre maison ou de vos appareils, cliquez pour en savoir plus!il Energy","robots":{"index":"index","follow":"follow","max-snippet":"max-snippet:-1","max-image-preview":"max-image-preview:large","max-video-preview":"max-video-preview:-1"},"canonical":"https:\/\/cntnmcb.com\/fr\/produit\/single-phase-din-rail-energy-meter-ddsu2788\/","og_locale":"fr_FR","og_type":"article","og_title":"Single Phase Din Rail Energy Meter DDSU2788","og_description":"Our Single Phase Din Rail Energy Meter, it can accurately measure the power consumption for your home or devices, click to learn more!il Energy","og_url":"https:\/\/cntnmcb.com\/fr\/produit\/single-phase-din-rail-energy-meter-ddsu2788\/","og_site_name":"Zhejiang CNTN Electric Co.,Ltd","article_modified_time":"2026-03-17T06:45:50+00:00","og_image":[{"width":721,"height":554,"url":"https:\/\/cntnmcb.com\/wp-content\/uploads\/2025\/08\/\u5bfc\u8f68\u5f0f\u5355\u76f8\u7535\u80fd\u8868.png","type":"image\/png"}],"twitter_card":"summary_large_image","twitter_misc":{"Dur\u00e9e de lecture estim\u00e9e":"1 minute"},"schema":{"@context":"https:\/\/schema.org","@graph":[{"@type":"WebPage","@id":"https:\/\/cntnmcb.com\/product\/single-phase-din-rail-energy-meter-ddsu2788\/","url":"https:\/\/cntnmcb.com\/product\/single-phase-din-rail-energy-meter-ddsu2788\/","name":"Compteur d'\u00e9nergie monophas\u00e9 Din Rail DDSU2788 - Zhejiang CNTN Electric Co, Ltd","isPartOf":{"@id":"https:\/\/cntnmcb.com\/#website"},"primaryImageOfPage":{"@id":"https:\/\/cntnmcb.com\/product\/single-phase-din-rail-energy-meter-ddsu2788\/#primaryimage"},"image":{"@id":"https:\/\/cntnmcb.com\/product\/single-phase-din-rail-energy-meter-ddsu2788\/#primaryimage"},"thumbnailUrl":"https:\/\/cntnmcb.com\/wp-content\/uploads\/2025\/08\/\u5bfc\u8f68\u5f0f\u5355\u76f8\u7535\u80fd\u8868.png","datePublished":"2025-08-07T08:14:57+00:00","dateModified":"2026-03-17T06:45:50+00:00","description":"Notre compteur d'\u00e9nergie monophas\u00e9 Din Rail peut mesurer avec pr\u00e9cision la consommation d'\u00e9nergie de votre maison ou de vos appareils, cliquez pour en savoir plus!il Energy","breadcrumb":{"@id":"https:\/\/cntnmcb.com\/product\/single-phase-din-rail-energy-meter-ddsu2788\/#breadcrumb"},"inLanguage":"fr-FR","potentialAction":[{"@type":"ReadAction","target":["https:\/\/cntnmcb.com\/product\/single-phase-din-rail-energy-meter-ddsu2788\/"]}]},{"@type":"ImageObject","inLanguage":"fr-FR","@id":"https:\/\/cntnmcb.com\/product\/single-phase-din-rail-energy-meter-ddsu2788\/#primaryimage","url":"https:\/\/cntnmcb.com\/wp-content\/uploads\/2025\/08\/\u5bfc\u8f68\u5f0f\u5355\u76f8\u7535\u80fd\u8868.png","contentUrl":"https:\/\/cntnmcb.com\/wp-content\/uploads\/2025\/08\/\u5bfc\u8f68\u5f0f\u5355\u76f8\u7535\u80fd\u8868.png","width":721,"height":554,"caption":"Single Phase Din Rail Energy Meter DDSU2788"},{"@type":"BreadcrumbList","@id":"https:\/\/cntnmcb.com\/product\/single-phase-din-rail-energy-meter-ddsu2788\/#breadcrumb","itemListElement":[{"@type":"ListItem","position":1,"name":"Home","item":"https:\/\/cntnmcb.com\/"},{"@type":"ListItem","position":2,"name":"Products","item":"https:\/\/cntnmcb.com\/products\/"},{"@type":"ListItem","position":3,"name":"Single Phase Din Rail Energy Meter DDSU2788"}]},{"@type":"WebSite","@id":"https:\/\/cntnmcb.com\/#website","url":"https:\/\/cntnmcb.com\/","name":"Zhejiang CNTN Electric Co. Ltd","description":"Nous sommes un fabricant chinois de MCB, MCCB, ACB, compteur de panneau, compteur d'\u00e9nergie.","publisher":{"@id":"https:\/\/cntnmcb.com\/#organization"},"alternateName":"Zhejiang CNTN Electric Co.,Ltd","potentialAction":[{"@type":"SearchAction","target":{"@type":"EntryPoint","urlTemplate":"https:\/\/cntnmcb.com\/?s={search_term_string}"},"query-input":{"@type":"PropertyValueSpecification","valueRequired":true,"valueName":"search_term_string"}}],"inLanguage":"fr-FR"},{"@type":"Organization","@id":"https:\/\/cntnmcb.com\/#organization","name":"Zhejiang CNTN Electric Co. Ltd","alternateName":"Zhejiang CNTN Electric Co.,Ltd","url":"https:\/\/cntnmcb.com\/","logo":{"@type":"ImageObject","inLanguage":"fr-FR","@id":"https:\/\/cntnmcb.com\/#\/schema\/logo\/image\/","url":"https:\/\/cntnmcb.com\/wp-content\/uploads\/2025\/05\/CNTN-LOGO.webp","contentUrl":"https:\/\/cntnmcb.com\/wp-content\/uploads\/2025\/05\/CNTN-LOGO.webp","width":768,"height":236,"caption":"Zhejiang CNTN Electric Co.,Ltd"},"image":{"@id":"https:\/\/cntnmcb.com\/#\/schema\/logo\/image\/"}}]}},"_links":{"self":[{"href":"https:\/\/cntnmcb.com\/fr\/wp-json\/wp\/v2\/product\/6208","targetHints":{"allow":["GET"]}}],"collection":[{"href":"https:\/\/cntnmcb.com\/fr\/wp-json\/wp\/v2\/product"}],"about":[{"href":"https:\/\/cntnmcb.com\/fr\/wp-json\/wp\/v2\/types\/product"}],"wp:featuredmedia":[{"embeddable":true,"href":"https:\/\/cntnmcb.com\/fr\/wp-json\/wp\/v2\/media\/6209"}],"wp:attachment":[{"href":"https:\/\/cntnmcb.com\/fr\/wp-json\/wp\/v2\/media?parent=6208"}],"wp:term":[{"taxonomy":"product_brand","embeddable":true,"href":"https:\/\/cntnmcb.com\/fr\/wp-json\/wp\/v2\/product_brand?post=6208"},{"taxonomy":"product_cat","embeddable":true,"href":"https:\/\/cntnmcb.com\/fr\/wp-json\/wp\/v2\/product_cat?post=6208"},{"taxonomy":"product_tag","embeddable":true,"href":"https:\/\/cntnmcb.com\/fr\/wp-json\/wp\/v2\/product_tag?post=6208"}],"curies":[{"name":"wp","href":"https:\/\/api.w.org\/{rel}","templated":true}]}}