{"id":7043,"date":"2025-09-06T06:29:15","date_gmt":"2025-09-06T06:29:15","guid":{"rendered":"https:\/\/cntnmcb.com\/?post_type=product&#038;p=7043"},"modified":"2025-09-21T05:53:57","modified_gmt":"2025-09-21T05:53:57","slug":"isolation-fuse-jdw2-0-5","status":"publish","type":"product","link":"https:\/\/cntnmcb.com\/fr\/product\/isolation-fuse-jdw2-0-5\/","title":{"rendered":"Fusible d'isolation JDW2-0.5"},"content":{"rendered":"<h2 class=\"header-vfC6AV auto-hide-last-sibling-br\">Introduction aux fusibles d'isolation<\/h2>\n<div class=\"auto-hide-last-sibling-br paragraph-JOTKXA paragraph-element br-paragraph-space\">Un fusible d'isolement est un composant cl\u00e9 des syst\u00e8mes d'alimentation qui combine\u00a0<strong>fonction d'isolement<\/strong>\u00a0et\u00a0<strong>fonction de protection contre les courts-circuits et les surcharges<\/strong>\u00a0en un seul. En int\u00e9grant les fonctions d'isolation et de protection, il simplifie la structure du syst\u00e8me de distribution d'\u00e9nergie, r\u00e9duit les co\u00fbts et am\u00e9liore la s\u00e9curit\u00e9 de l'exploitation et de la maintenance gr\u00e2ce aux caract\u00e9ristiques suivantes\u00a0<strong>points de rupture visibles<\/strong>\u00a0et\u00a0<strong>extinction rapide de l'arc \u00e9lectrique<\/strong>.<\/div>\n<h2 class=\"header-vfC6AV auto-hide-last-sibling-br\">Avantages<\/h2>\n<ol class=\"auto-hide-last-sibling-br\">\n<li>Remplace deux composants distincts et am\u00e9liore l'efficacit\u00e9 op\u00e9rationnelle<\/li>\n<li>Coupe rapidement les d\u00e9fauts et pr\u00e9vient l'escalade des accidents<\/li>\n<li>Pr\u00e9vient les erreurs de fonctionnement et se caract\u00e9rise par une forte capacit\u00e9 d'adaptation<\/li>\n<li>R\u00e9duction des co\u00fbts d'\u00e9quipement<\/li>\n<li>S'adapte \u00e0 diff\u00e9rents sc\u00e9narios de distribution d'\u00e9nergie<\/li>\n<\/ol>\n<h2 class=\"header-vfC6AV auto-hide-last-sibling-br\">Comment fonctionne un fusible isolant ?<\/h2>\n<div class=\"auto-hide-last-sibling-br paragraph-JOTKXA paragraph-element br-paragraph-space\">Le principe de fonctionnement d'un fusible isolant repose sur la fusion et la rupture thermiques de son \u00e9l\u00e9ment fusible interne pour assurer la protection contre les d\u00e9fauts. Il est dot\u00e9 d'un bo\u00eetier isolant qui emp\u00eache les fuites d'arc lorsque le fusible fond.<\/div>\n<div class=\"container-utlnW2 md-box-line-break wrapper-d0Cc1k undefined\"><\/div>\n<div class=\"auto-hide-last-sibling-br paragraph-JOTKXA paragraph-element br-paragraph-space\">Lorsqu'un d\u00e9faut se produit dans le circuit (par exemple, un court-circuit ou une surcharge), l'\u00e9l\u00e9ment fusible fond et se rompt rapidement, obligeant le circuit \u00e0 se d\u00e9connecter. Cela permet d'interrompre efficacement le d\u00e9faut et d'\u00e9viter les risques potentiels.<\/div>\n<div class=\"container-utlnW2 md-box-line-break wrapper-d0Cc1k undefined\"><\/div>\n<div class=\"auto-hide-last-sibling-br paragraph-JOTKXA paragraph-element br-paragraph-space\">Il convient de noter qu'une fois que l'\u00e9l\u00e9ment fusible est cass\u00e9, il ne peut pas \u00eatre r\u00e9utilis\u00e9. Pour r\u00e9tablir la fonction de protection, un nouvel \u00e9l\u00e9ment fusible doit \u00eatre remplac\u00e9. Apr\u00e8s le remplacement de l'\u00e9l\u00e9ment fusible, les contacts mobiles et fixes doivent \u00eatre referm\u00e9s pour r\u00e9tablir la conduction du circuit.<\/div>\n<div class=\"container-utlnW2 md-box-line-break wrapper-d0Cc1k undefined\"><\/div>\n<div class=\"auto-hide-last-sibling-br paragraph-JOTKXA paragraph-element br-paragraph-space\">En termes simples, un fusible de sectionnement agit comme un \u201cconducteur\u201d en fonctionnement normal, une \u201cpaire de ciseaux\u201d (pour couper les d\u00e9fauts) lorsqu'un d\u00e9faut du circuit se produit, et une \u201cporte\u201d (pour isoler le circuit) pendant la maintenance.<\/div>\n<div class=\"container-utlnW2 md-box-line-break wrapper-d0Cc1k undefined\"><\/div>\n<div class=\"auto-hide-last-sibling-br paragraph-JOTKXA paragraph-element br-paragraph-space\">Si vous souhaitez en savoir plus sur les fonctions des fusibles, n'h\u00e9sitez pas \u00e0 nous contacter. Nous assurons un service en ligne 24 heures sur 24, 7 jours sur 7, avec une garantie de r\u00e9ponse dans les 2 heures.<\/div>\n<p>&nbsp;<\/p>\n<p>&nbsp;<\/p>","protected":false},"excerpt":{"rendered":"<ol class=\"auto-hide-last-sibling-br\">\n<li>Int\u00e9gration de deux fonctions, simplification de la structure du syst\u00e8me<\/li>\n<li>Assurer la s\u00e9curit\u00e9 de la maintenance et respecter les sp\u00e9cifications \u00e9lectriques.<\/li>\n<li>R\u00e9ponse de protection directe et haute fiabilit\u00e9<\/li>\n<li>Faibles co\u00fbts d'exploitation et d'entretien et remplacement ais\u00e9<\/li>\n<\/ol>","protected":false},"featured_media":7044,"template":"","meta":{"site-sidebar-layout":"default","site-content-layout":"","ast-site-content-layout":"default","site-content-style":"default","site-sidebar-style":"default","ast-global-header-display":"","ast-banner-title-visibility":"","ast-main-header-display":"","ast-hfb-above-header-display":"","ast-hfb-below-header-display":"","ast-hfb-mobile-header-display":"","site-post-title":"","ast-breadcrumbs-content":"","ast-featured-img":"","footer-sml-layout":"","ast-disable-related-posts":"","theme-transparent-header-meta":"default","adv-header-id-meta":"","stick-header-meta":"","header-above-stick-meta":"","header-main-stick-meta":"","header-below-stick-meta":"","astra-migrate-meta-layouts":"set","ast-page-background-enabled":"default","ast-page-background-meta":{"desktop":{"background-color":"","background-image":"","background-repeat":"repeat","background-position":"center center","background-size":"auto","background-attachment":"scroll","background-type":"","background-media":"","overlay-type":"","overlay-color":"","overlay-opacity":"","overlay-gradient":""},"tablet":{"background-color":"","background-image":"","background-repeat":"repeat","background-position":"center center","background-size":"auto","background-attachment":"scroll","background-type":"","background-media":"","overlay-type":"","overlay-color":"","overlay-opacity":"","overlay-gradient":""},"mobile":{"background-color":"","background-image":"","background-repeat":"repeat","background-position":"center center","background-size":"auto","background-attachment":"scroll","background-type":"","background-media":"","overlay-type":"","overlay-color":"","overlay-opacity":"","overlay-gradient":""}},"ast-content-background-meta":{"desktop":{"background-color":"var(--ast-global-color-5)","background-image":"","background-repeat":"repeat","background-position":"center center","background-size":"auto","background-attachment":"scroll","background-type":"","background-media":"","overlay-type":"","overlay-color":"","overlay-opacity":"","overlay-gradient":""},"tablet":{"background-color":"var(--ast-global-color-5)","background-image":"","background-repeat":"repeat","background-position":"center center","background-size":"auto","background-attachment":"scroll","background-type":"","background-media":"","overlay-type":"","overlay-color":"","overlay-opacity":"","overlay-gradient":""},"mobile":{"background-color":"var(--ast-global-color-5)","background-image":"","background-repeat":"repeat","background-position":"center center","background-size":"auto","background-attachment":"scroll","background-type":"","background-media":"","overlay-type":"","overlay-color":"","overlay-opacity":"","overlay-gradient":""}}},"product_brand":[],"product_cat":[59,35],"product_tag":[],"class_list":{"0":"post-7043","1":"product","2":"type-product","3":"status-publish","4":"has-post-thumbnail","6":"product_cat-fast-fuse","7":"product_cat-low-voltage","8":"desktop-align-center","9":"tablet-align-left","10":"mobile-align-left","12":"first","13":"instock","14":"shipping-taxable","15":"product-type-simple"},"yoast_head":"<!-- This site is optimized with the Yoast SEO Premium plugin v25.0 (Yoast SEO v27.5) - https:\/\/yoast.com\/product\/yoast-seo-premium-wordpress\/ -->\n<title>Isolation Fuse JDW2-0.5 - Zhejiang CNTN Electric Co.,Ltd<\/title>\n<meta name=\"description\" content=\"Our Isolation Fuse It is made of ceramic and solid copper. Click to learn more.\" \/>\n<meta name=\"robots\" content=\"index, follow, max-snippet:-1, max-image-preview:large, max-video-preview:-1\" \/>\n<link rel=\"canonical\" href=\"https:\/\/cntnmcb.com\/fr\/produit\/isolation-fuse-jdw2-0-5\/\" \/>\n<meta property=\"og:locale\" content=\"fr_FR\" \/>\n<meta property=\"og:type\" content=\"article\" \/>\n<meta property=\"og:title\" content=\"Isolation Fuse JDW2-0.5\" \/>\n<meta property=\"og:description\" content=\"Our Isolation Fuse It is made of ceramic and solid copper. Click to learn more.\" \/>\n<meta property=\"og:url\" content=\"https:\/\/cntnmcb.com\/fr\/produit\/isolation-fuse-jdw2-0-5\/\" \/>\n<meta property=\"og:site_name\" content=\"Zhejiang CNTN Electric Co.,Ltd\" \/>\n<meta property=\"article:modified_time\" content=\"2025-09-21T05:53:57+00:00\" \/>\n<meta property=\"og:image\" content=\"https:\/\/cntnmcb.com\/wp-content\/uploads\/2025\/09\/JDW2-0.5-\u7194\u65ad\u5f0f\u9694\u79bb\u5f00\u5173.jpg\" \/>\n\t<meta property=\"og:image:width\" content=\"640\" \/>\n\t<meta property=\"og:image:height\" content=\"640\" \/>\n\t<meta property=\"og:image:type\" content=\"image\/jpeg\" \/>\n<meta name=\"twitter:card\" content=\"summary_large_image\" \/>\n<meta name=\"twitter:label1\" content=\"Dur\u00e9e de lecture estim\u00e9e\" \/>\n\t<meta name=\"twitter:data1\" content=\"2 minutes\" \/>\n<script type=\"application\/ld+json\" class=\"yoast-schema-graph\">{\"@context\":\"https:\\\/\\\/schema.org\",\"@graph\":[{\"@type\":\"WebPage\",\"@id\":\"https:\\\/\\\/cntnmcb.com\\\/product\\\/isolation-fuse-jdw2-0-5\\\/\",\"url\":\"https:\\\/\\\/cntnmcb.com\\\/product\\\/isolation-fuse-jdw2-0-5\\\/\",\"name\":\"Isolation Fuse JDW2-0.5 - Zhejiang CNTN Electric Co.,Ltd\",\"isPartOf\":{\"@id\":\"https:\\\/\\\/cntnmcb.com\\\/#website\"},\"primaryImageOfPage\":{\"@id\":\"https:\\\/\\\/cntnmcb.com\\\/product\\\/isolation-fuse-jdw2-0-5\\\/#primaryimage\"},\"image\":{\"@id\":\"https:\\\/\\\/cntnmcb.com\\\/product\\\/isolation-fuse-jdw2-0-5\\\/#primaryimage\"},\"thumbnailUrl\":\"https:\\\/\\\/cntnmcb.com\\\/wp-content\\\/uploads\\\/2025\\\/09\\\/JDW2-0.5-\u7194\u65ad\u5f0f\u9694\u79bb\u5f00\u5173.jpg\",\"datePublished\":\"2025-09-06T06:29:15+00:00\",\"dateModified\":\"2025-09-21T05:53:57+00:00\",\"description\":\"Our Isolation Fuse It is made of ceramic and solid copper. Click to learn more.\",\"breadcrumb\":{\"@id\":\"https:\\\/\\\/cntnmcb.com\\\/product\\\/isolation-fuse-jdw2-0-5\\\/#breadcrumb\"},\"inLanguage\":\"fr-FR\",\"potentialAction\":[{\"@type\":\"ReadAction\",\"target\":[\"https:\\\/\\\/cntnmcb.com\\\/product\\\/isolation-fuse-jdw2-0-5\\\/\"]}]},{\"@type\":\"ImageObject\",\"inLanguage\":\"fr-FR\",\"@id\":\"https:\\\/\\\/cntnmcb.com\\\/product\\\/isolation-fuse-jdw2-0-5\\\/#primaryimage\",\"url\":\"https:\\\/\\\/cntnmcb.com\\\/wp-content\\\/uploads\\\/2025\\\/09\\\/JDW2-0.5-\u7194\u65ad\u5f0f\u9694\u79bb\u5f00\u5173.jpg\",\"contentUrl\":\"https:\\\/\\\/cntnmcb.com\\\/wp-content\\\/uploads\\\/2025\\\/09\\\/JDW2-0.5-\u7194\u65ad\u5f0f\u9694\u79bb\u5f00\u5173.jpg\",\"width\":640,\"height\":640,\"caption\":\"Isolation Fuse JDW2-0.5\"},{\"@type\":\"BreadcrumbList\",\"@id\":\"https:\\\/\\\/cntnmcb.com\\\/product\\\/isolation-fuse-jdw2-0-5\\\/#breadcrumb\",\"itemListElement\":[{\"@type\":\"ListItem\",\"position\":1,\"name\":\"Home\",\"item\":\"https:\\\/\\\/cntnmcb.com\\\/\"},{\"@type\":\"ListItem\",\"position\":2,\"name\":\"Products\",\"item\":\"https:\\\/\\\/cntnmcb.com\\\/products\\\/\"},{\"@type\":\"ListItem\",\"position\":3,\"name\":\"Isolation Fuse JDW2-0.5\"}]},{\"@type\":\"WebSite\",\"@id\":\"https:\\\/\\\/cntnmcb.com\\\/#website\",\"url\":\"https:\\\/\\\/cntnmcb.com\\\/\",\"name\":\"Zhejiang CNTN Electric Co.,Ltd\",\"description\":\"We are China MCB, MCCB, ACB, panel meter, energy meter manufacturer\",\"publisher\":{\"@id\":\"https:\\\/\\\/cntnmcb.com\\\/#organization\"},\"alternateName\":\"Zhejiang CNTN Electric Co.,Ltd\",\"potentialAction\":[{\"@type\":\"SearchAction\",\"target\":{\"@type\":\"EntryPoint\",\"urlTemplate\":\"https:\\\/\\\/cntnmcb.com\\\/?s={search_term_string}\"},\"query-input\":{\"@type\":\"PropertyValueSpecification\",\"valueRequired\":true,\"valueName\":\"search_term_string\"}}],\"inLanguage\":\"fr-FR\"},{\"@type\":\"Organization\",\"@id\":\"https:\\\/\\\/cntnmcb.com\\\/#organization\",\"name\":\"Zhejiang CNTN Electric Co.,Ltd\",\"alternateName\":\"Zhejiang CNTN Electric Co.,Ltd\",\"url\":\"https:\\\/\\\/cntnmcb.com\\\/\",\"logo\":{\"@type\":\"ImageObject\",\"inLanguage\":\"fr-FR\",\"@id\":\"https:\\\/\\\/cntnmcb.com\\\/#\\\/schema\\\/logo\\\/image\\\/\",\"url\":\"https:\\\/\\\/cntnmcb.com\\\/wp-content\\\/uploads\\\/2025\\\/05\\\/CNTN-LOGO.webp\",\"contentUrl\":\"https:\\\/\\\/cntnmcb.com\\\/wp-content\\\/uploads\\\/2025\\\/05\\\/CNTN-LOGO.webp\",\"width\":768,\"height\":236,\"caption\":\"Zhejiang CNTN Electric Co.,Ltd\"},\"image\":{\"@id\":\"https:\\\/\\\/cntnmcb.com\\\/#\\\/schema\\\/logo\\\/image\\\/\"}}]}<\/script>\n<!-- \/ Yoast SEO Premium plugin. -->","yoast_head_json":{"title":"Fusible d'isolation JDW2-0.5 - Zhejiang CNTN Electric Co.","description":"Notre fusible d'isolation Il est fabriqu\u00e9 en c\u00e9ramique et en cuivre solide. Cliquez ici pour en savoir plus.","robots":{"index":"index","follow":"follow","max-snippet":"max-snippet:-1","max-image-preview":"max-image-preview:large","max-video-preview":"max-video-preview:-1"},"canonical":"https:\/\/cntnmcb.com\/fr\/produit\/isolation-fuse-jdw2-0-5\/","og_locale":"fr_FR","og_type":"article","og_title":"Isolation Fuse JDW2-0.5","og_description":"Our Isolation Fuse It is made of ceramic and solid copper. Click to learn more.","og_url":"https:\/\/cntnmcb.com\/fr\/produit\/isolation-fuse-jdw2-0-5\/","og_site_name":"Zhejiang CNTN Electric Co.,Ltd","article_modified_time":"2025-09-21T05:53:57+00:00","og_image":[{"width":640,"height":640,"url":"https:\/\/cntnmcb.com\/wp-content\/uploads\/2025\/09\/JDW2-0.5-\u7194\u65ad\u5f0f\u9694\u79bb\u5f00\u5173.jpg","type":"image\/jpeg"}],"twitter_card":"summary_large_image","twitter_misc":{"Dur\u00e9e de lecture estim\u00e9e":"2 minutes"},"schema":{"@context":"https:\/\/schema.org","@graph":[{"@type":"WebPage","@id":"https:\/\/cntnmcb.com\/product\/isolation-fuse-jdw2-0-5\/","url":"https:\/\/cntnmcb.com\/product\/isolation-fuse-jdw2-0-5\/","name":"Fusible d'isolation JDW2-0.5 - Zhejiang CNTN Electric Co.","isPartOf":{"@id":"https:\/\/cntnmcb.com\/#website"},"primaryImageOfPage":{"@id":"https:\/\/cntnmcb.com\/product\/isolation-fuse-jdw2-0-5\/#primaryimage"},"image":{"@id":"https:\/\/cntnmcb.com\/product\/isolation-fuse-jdw2-0-5\/#primaryimage"},"thumbnailUrl":"https:\/\/cntnmcb.com\/wp-content\/uploads\/2025\/09\/JDW2-0.5-\u7194\u65ad\u5f0f\u9694\u79bb\u5f00\u5173.jpg","datePublished":"2025-09-06T06:29:15+00:00","dateModified":"2025-09-21T05:53:57+00:00","description":"Notre fusible d'isolation Il est fabriqu\u00e9 en c\u00e9ramique et en cuivre solide. Cliquez ici pour en savoir plus.","breadcrumb":{"@id":"https:\/\/cntnmcb.com\/product\/isolation-fuse-jdw2-0-5\/#breadcrumb"},"inLanguage":"fr-FR","potentialAction":[{"@type":"ReadAction","target":["https:\/\/cntnmcb.com\/product\/isolation-fuse-jdw2-0-5\/"]}]},{"@type":"ImageObject","inLanguage":"fr-FR","@id":"https:\/\/cntnmcb.com\/product\/isolation-fuse-jdw2-0-5\/#primaryimage","url":"https:\/\/cntnmcb.com\/wp-content\/uploads\/2025\/09\/JDW2-0.5-\u7194\u65ad\u5f0f\u9694\u79bb\u5f00\u5173.jpg","contentUrl":"https:\/\/cntnmcb.com\/wp-content\/uploads\/2025\/09\/JDW2-0.5-\u7194\u65ad\u5f0f\u9694\u79bb\u5f00\u5173.jpg","width":640,"height":640,"caption":"Isolation Fuse JDW2-0.5"},{"@type":"BreadcrumbList","@id":"https:\/\/cntnmcb.com\/product\/isolation-fuse-jdw2-0-5\/#breadcrumb","itemListElement":[{"@type":"ListItem","position":1,"name":"Home","item":"https:\/\/cntnmcb.com\/"},{"@type":"ListItem","position":2,"name":"Products","item":"https:\/\/cntnmcb.com\/products\/"},{"@type":"ListItem","position":3,"name":"Isolation Fuse JDW2-0.5"}]},{"@type":"WebSite","@id":"https:\/\/cntnmcb.com\/#website","url":"https:\/\/cntnmcb.com\/","name":"Zhejiang CNTN Electric Co. Ltd","description":"Nous sommes un fabricant chinois de MCB, MCCB, ACB, compteur de panneau, compteur d'\u00e9nergie.","publisher":{"@id":"https:\/\/cntnmcb.com\/#organization"},"alternateName":"Zhejiang CNTN Electric Co.,Ltd","potentialAction":[{"@type":"SearchAction","target":{"@type":"EntryPoint","urlTemplate":"https:\/\/cntnmcb.com\/?s={search_term_string}"},"query-input":{"@type":"PropertyValueSpecification","valueRequired":true,"valueName":"search_term_string"}}],"inLanguage":"fr-FR"},{"@type":"Organization","@id":"https:\/\/cntnmcb.com\/#organization","name":"Zhejiang CNTN Electric Co. Ltd","alternateName":"Zhejiang CNTN Electric Co.,Ltd","url":"https:\/\/cntnmcb.com\/","logo":{"@type":"ImageObject","inLanguage":"fr-FR","@id":"https:\/\/cntnmcb.com\/#\/schema\/logo\/image\/","url":"https:\/\/cntnmcb.com\/wp-content\/uploads\/2025\/05\/CNTN-LOGO.webp","contentUrl":"https:\/\/cntnmcb.com\/wp-content\/uploads\/2025\/05\/CNTN-LOGO.webp","width":768,"height":236,"caption":"Zhejiang CNTN Electric Co.,Ltd"},"image":{"@id":"https:\/\/cntnmcb.com\/#\/schema\/logo\/image\/"}}]}},"_links":{"self":[{"href":"https:\/\/cntnmcb.com\/fr\/wp-json\/wp\/v2\/product\/7043","targetHints":{"allow":["GET"]}}],"collection":[{"href":"https:\/\/cntnmcb.com\/fr\/wp-json\/wp\/v2\/product"}],"about":[{"href":"https:\/\/cntnmcb.com\/fr\/wp-json\/wp\/v2\/types\/product"}],"wp:featuredmedia":[{"embeddable":true,"href":"https:\/\/cntnmcb.com\/fr\/wp-json\/wp\/v2\/media\/7044"}],"wp:attachment":[{"href":"https:\/\/cntnmcb.com\/fr\/wp-json\/wp\/v2\/media?parent=7043"}],"wp:term":[{"taxonomy":"product_brand","embeddable":true,"href":"https:\/\/cntnmcb.com\/fr\/wp-json\/wp\/v2\/product_brand?post=7043"},{"taxonomy":"product_cat","embeddable":true,"href":"https:\/\/cntnmcb.com\/fr\/wp-json\/wp\/v2\/product_cat?post=7043"},{"taxonomy":"product_tag","embeddable":true,"href":"https:\/\/cntnmcb.com\/fr\/wp-json\/wp\/v2\/product_tag?post=7043"}],"curies":[{"name":"wp","href":"https:\/\/api.w.org\/{rel}","templated":true}]}}