{"id":7047,"date":"2025-09-06T07:41:38","date_gmt":"2025-09-06T07:41:38","guid":{"rendered":"https:\/\/cntnmcb.com\/?post_type=product&#038;p=7047"},"modified":"2025-09-21T06:31:40","modified_gmt":"2025-09-21T06:31:40","slug":"dual-power-automatic-transfer-switch-ats-63a-zmq3","status":"publish","type":"product","link":"https:\/\/cntnmcb.com\/fr\/product\/dual-power-automatic-transfer-switch-ats-63a-zmq3\/","title":{"rendered":"Commutateur de transfert automatique double puissance ATS 63A ZMQ3"},"content":{"rendered":"<div class=\"auto-hide-last-sibling-br paragraph-JOTKXA paragraph-element br-paragraph-space\">Les principaux avantages d'un commutateur de transfert automatique (ATS) sont d'assurer la continuit\u00e9 de l'alimentation \u00e9lectrique et d'am\u00e9liorer la s\u00e9curit\u00e9 \u00e9lectrique. Il peut basculer automatiquement vers une source d'alimentation de secours lorsque l'alimentation principale est d\u00e9faillante, sans intervention manuelle, \u00e9vitant ainsi les pertes caus\u00e9es par les coupures de courant.Le diagramme montre un commutateur de transfert automatique \u00e0 double alimentation ATS 63A ZMQ3<\/div>\n<div><\/div>\n<h2 class=\"header-vfC6AV auto-hide-last-sibling-br\">Avantages<\/h2>\n<ol class=\"auto-hide-last-sibling-br\">\n<li>L'ATS permet de changer de source d'alimentation en quelques millisecondes ou secondes.<\/li>\n<li>Aucune op\u00e9ration manuelle n'est n\u00e9cessaire, ce qui r\u00e9duit les co\u00fbts de gestion.<\/li>\n<li>De multiples m\u00e9canismes de protection renforcent la s\u00e9curit\u00e9 \u00e9lectrique.<\/li>\n<li>Il s'adapte \u00e0 des sc\u00e9narios complexes avec une forte compatibilit\u00e9.<\/li>\n<\/ol>\n<p>&nbsp;<\/p>\n<h2>Comment fonctionne un ual-power-automatic-transfer-switch-ats-63a ?<\/h2>\n<div class=\"auto-hide-last-sibling-br paragraph-JOTKXA paragraph-element br-paragraph-space\">Un \u00e9quipement de commutation \u00e0 transfert automatique (ATSE) est un dispositif de commutation central utilis\u00e9 dans les syst\u00e8mes d'alimentation. Lorsque l'alimentation primaire (alimentation normale) tombe en panne, il commute automatiquement le circuit de charge sur l'alimentation de secours, garantissant ainsi une alimentation \u00e9lectrique continue pour les \u00e9quipements ou les locaux critiques et \u00e9vitant les risques de s\u00e9curit\u00e9, les interruptions de production, etc.<\/div>\n<div><\/div>\n<div>Si vous souhaitez en savoir plus sur notre commutateur de transfert automatique \u00e0 double alimentation ATS 63A, n'h\u00e9sitez pas \u00e0 nous contacter.<\/div>","protected":false},"excerpt":{"rendered":"<ol class=\"auto-hide-last-sibling-br\">\n<li>Assure une alimentation \u00e9lectrique continue sans interruption<\/li>\n<li>Fonctionnement enti\u00e8rement automatis\u00e9<\/li>\n<li>M\u00e9canisme de protection int\u00e9gr\u00e9<\/li>\n<li>Forte compatibilit\u00e9 avec les sc\u00e9narios<\/li>\n<li>Fonctionnement et entretien ais\u00e9s \u00e0 long terme<\/li>\n<li>Assure la continuit\u00e9 de l'alimentation \u00e9lectrique<\/li>\n<\/ol>","protected":false},"featured_media":7048,"template":"","meta":{"site-sidebar-layout":"default","site-content-layout":"","ast-site-content-layout":"default","site-content-style":"default","site-sidebar-style":"default","ast-global-header-display":"","ast-banner-title-visibility":"","ast-main-header-display":"","ast-hfb-above-header-display":"","ast-hfb-below-header-display":"","ast-hfb-mobile-header-display":"","site-post-title":"","ast-breadcrumbs-content":"","ast-featured-img":"","footer-sml-layout":"","ast-disable-related-posts":"","theme-transparent-header-meta":"default","adv-header-id-meta":"","stick-header-meta":"","header-above-stick-meta":"","header-main-stick-meta":"","header-below-stick-meta":"","astra-migrate-meta-layouts":"set","ast-page-background-enabled":"default","ast-page-background-meta":{"desktop":{"background-color":"","background-image":"","background-repeat":"repeat","background-position":"center center","background-size":"auto","background-attachment":"scroll","background-type":"","background-media":"","overlay-type":"","overlay-color":"","overlay-opacity":"","overlay-gradient":""},"tablet":{"background-color":"","background-image":"","background-repeat":"repeat","background-position":"center center","background-size":"auto","background-attachment":"scroll","background-type":"","background-media":"","overlay-type":"","overlay-color":"","overlay-opacity":"","overlay-gradient":""},"mobile":{"background-color":"","background-image":"","background-repeat":"repeat","background-position":"center center","background-size":"auto","background-attachment":"scroll","background-type":"","background-media":"","overlay-type":"","overlay-color":"","overlay-opacity":"","overlay-gradient":""}},"ast-content-background-meta":{"desktop":{"background-color":"var(--ast-global-color-5)","background-image":"","background-repeat":"repeat","background-position":"center center","background-size":"auto","background-attachment":"scroll","background-type":"","background-media":"","overlay-type":"","overlay-color":"","overlay-opacity":"","overlay-gradient":""},"tablet":{"background-color":"var(--ast-global-color-5)","background-image":"","background-repeat":"repeat","background-position":"center center","background-size":"auto","background-attachment":"scroll","background-type":"","background-media":"","overlay-type":"","overlay-color":"","overlay-opacity":"","overlay-gradient":""},"mobile":{"background-color":"var(--ast-global-color-5)","background-image":"","background-repeat":"repeat","background-position":"center center","background-size":"auto","background-attachment":"scroll","background-type":"","background-media":"","overlay-type":"","overlay-color":"","overlay-opacity":"","overlay-gradient":""}}},"product_brand":[],"product_cat":[61],"product_tag":[],"class_list":{"0":"post-7047","1":"product","2":"type-product","3":"status-publish","4":"has-post-thumbnail","6":"product_cat-ats","7":"desktop-align-center","8":"tablet-align-left","9":"mobile-align-left","11":"first","12":"instock","13":"shipping-taxable","14":"product-type-simple"},"yoast_head":"<!-- This site is optimized with the Yoast SEO Premium plugin v25.0 (Yoast SEO v27.5) - https:\/\/yoast.com\/product\/yoast-seo-premium-wordpress\/ -->\n<title>Dual Power Automatic Transfer Switch ATS 63A ZMQ3 - Zhejiang CNTN Electric Co.,Ltd<\/title>\n<meta name=\"description\" content=\"Our Dual Power Automatic Transfer Switch ATS 63A ZMQ3 Easy to install, with a 2-year warranty. Click to learn more.\" \/>\n<meta name=\"robots\" content=\"index, follow, max-snippet:-1, max-image-preview:large, max-video-preview:-1\" \/>\n<link rel=\"canonical\" href=\"https:\/\/cntnmcb.com\/fr\/produit\/dual-power-automatic-transfer-switch-ats-63a-zmq3\/\" \/>\n<meta property=\"og:locale\" content=\"fr_FR\" \/>\n<meta property=\"og:type\" content=\"article\" \/>\n<meta property=\"og:title\" content=\"Dual Power Automatic Transfer Switch ATS 63A ZMQ3\" \/>\n<meta property=\"og:description\" content=\"Our Dual Power Automatic Transfer Switch ATS 63A ZMQ3 Easy to install, with a 2-year warranty. Click to learn more.\" \/>\n<meta property=\"og:url\" content=\"https:\/\/cntnmcb.com\/fr\/produit\/dual-power-automatic-transfer-switch-ats-63a-zmq3\/\" \/>\n<meta property=\"og:site_name\" content=\"Zhejiang CNTN Electric Co.,Ltd\" \/>\n<meta property=\"article:modified_time\" content=\"2025-09-21T06:31:40+00:00\" \/>\n<meta property=\"og:image\" content=\"https:\/\/cntnmcb.com\/wp-content\/uploads\/2025\/09\/ZMQ3-1.jpg\" \/>\n\t<meta property=\"og:image:width\" content=\"640\" \/>\n\t<meta property=\"og:image:height\" content=\"640\" \/>\n\t<meta property=\"og:image:type\" content=\"image\/jpeg\" \/>\n<meta name=\"twitter:card\" content=\"summary_large_image\" \/>\n<meta name=\"twitter:label1\" content=\"Dur\u00e9e de lecture estim\u00e9e\" \/>\n\t<meta name=\"twitter:data1\" content=\"2 minutes\" \/>\n<script type=\"application\/ld+json\" class=\"yoast-schema-graph\">{\"@context\":\"https:\\\/\\\/schema.org\",\"@graph\":[{\"@type\":\"WebPage\",\"@id\":\"https:\\\/\\\/cntnmcb.com\\\/product\\\/dual-power-automatic-transfer-switch-ats-63a-zmq3\\\/\",\"url\":\"https:\\\/\\\/cntnmcb.com\\\/product\\\/dual-power-automatic-transfer-switch-ats-63a-zmq3\\\/\",\"name\":\"Dual Power Automatic Transfer Switch ATS 63A ZMQ3 - Zhejiang CNTN Electric Co.,Ltd\",\"isPartOf\":{\"@id\":\"https:\\\/\\\/cntnmcb.com\\\/#website\"},\"primaryImageOfPage\":{\"@id\":\"https:\\\/\\\/cntnmcb.com\\\/product\\\/dual-power-automatic-transfer-switch-ats-63a-zmq3\\\/#primaryimage\"},\"image\":{\"@id\":\"https:\\\/\\\/cntnmcb.com\\\/product\\\/dual-power-automatic-transfer-switch-ats-63a-zmq3\\\/#primaryimage\"},\"thumbnailUrl\":\"https:\\\/\\\/cntnmcb.com\\\/wp-content\\\/uploads\\\/2025\\\/09\\\/ZMQ3-1.jpg\",\"datePublished\":\"2025-09-06T07:41:38+00:00\",\"dateModified\":\"2025-09-21T06:31:40+00:00\",\"description\":\"Our Dual Power Automatic Transfer Switch ATS 63A ZMQ3 Easy to install, with a 2-year warranty. Click to learn more.\",\"breadcrumb\":{\"@id\":\"https:\\\/\\\/cntnmcb.com\\\/product\\\/dual-power-automatic-transfer-switch-ats-63a-zmq3\\\/#breadcrumb\"},\"inLanguage\":\"fr-FR\",\"potentialAction\":[{\"@type\":\"ReadAction\",\"target\":[\"https:\\\/\\\/cntnmcb.com\\\/product\\\/dual-power-automatic-transfer-switch-ats-63a-zmq3\\\/\"]}]},{\"@type\":\"ImageObject\",\"inLanguage\":\"fr-FR\",\"@id\":\"https:\\\/\\\/cntnmcb.com\\\/product\\\/dual-power-automatic-transfer-switch-ats-63a-zmq3\\\/#primaryimage\",\"url\":\"https:\\\/\\\/cntnmcb.com\\\/wp-content\\\/uploads\\\/2025\\\/09\\\/ZMQ3-1.jpg\",\"contentUrl\":\"https:\\\/\\\/cntnmcb.com\\\/wp-content\\\/uploads\\\/2025\\\/09\\\/ZMQ3-1.jpg\",\"width\":640,\"height\":640,\"caption\":\"Dual Power Automatic Transfer Switch ATS 63A ZMQ3\"},{\"@type\":\"BreadcrumbList\",\"@id\":\"https:\\\/\\\/cntnmcb.com\\\/product\\\/dual-power-automatic-transfer-switch-ats-63a-zmq3\\\/#breadcrumb\",\"itemListElement\":[{\"@type\":\"ListItem\",\"position\":1,\"name\":\"Home\",\"item\":\"https:\\\/\\\/cntnmcb.com\\\/\"},{\"@type\":\"ListItem\",\"position\":2,\"name\":\"Products\",\"item\":\"https:\\\/\\\/cntnmcb.com\\\/products\\\/\"},{\"@type\":\"ListItem\",\"position\":3,\"name\":\"Dual Power Automatic Transfer Switch ATS 63A ZMQ3\"}]},{\"@type\":\"WebSite\",\"@id\":\"https:\\\/\\\/cntnmcb.com\\\/#website\",\"url\":\"https:\\\/\\\/cntnmcb.com\\\/\",\"name\":\"Zhejiang CNTN Electric Co.,Ltd\",\"description\":\"We are China MCB, MCCB, ACB, panel meter, energy meter manufacturer\",\"publisher\":{\"@id\":\"https:\\\/\\\/cntnmcb.com\\\/#organization\"},\"alternateName\":\"Zhejiang CNTN Electric Co.,Ltd\",\"potentialAction\":[{\"@type\":\"SearchAction\",\"target\":{\"@type\":\"EntryPoint\",\"urlTemplate\":\"https:\\\/\\\/cntnmcb.com\\\/?s={search_term_string}\"},\"query-input\":{\"@type\":\"PropertyValueSpecification\",\"valueRequired\":true,\"valueName\":\"search_term_string\"}}],\"inLanguage\":\"fr-FR\"},{\"@type\":\"Organization\",\"@id\":\"https:\\\/\\\/cntnmcb.com\\\/#organization\",\"name\":\"Zhejiang CNTN Electric Co.,Ltd\",\"alternateName\":\"Zhejiang CNTN Electric Co.,Ltd\",\"url\":\"https:\\\/\\\/cntnmcb.com\\\/\",\"logo\":{\"@type\":\"ImageObject\",\"inLanguage\":\"fr-FR\",\"@id\":\"https:\\\/\\\/cntnmcb.com\\\/#\\\/schema\\\/logo\\\/image\\\/\",\"url\":\"https:\\\/\\\/cntnmcb.com\\\/wp-content\\\/uploads\\\/2025\\\/05\\\/CNTN-LOGO.webp\",\"contentUrl\":\"https:\\\/\\\/cntnmcb.com\\\/wp-content\\\/uploads\\\/2025\\\/05\\\/CNTN-LOGO.webp\",\"width\":768,\"height\":236,\"caption\":\"Zhejiang CNTN Electric Co.,Ltd\"},\"image\":{\"@id\":\"https:\\\/\\\/cntnmcb.com\\\/#\\\/schema\\\/logo\\\/image\\\/\"}}]}<\/script>\n<!-- \/ Yoast SEO Premium plugin. -->","yoast_head_json":{"title":"Commutateur de transfert automatique \u00e0 double puissance ATS 63A ZMQ3 - Zhejiang CNTN Electric Co, Ltd","description":"Notre commutateur de transfert automatique \u00e0 double puissance ATS 63A ZMQ3 Facile \u00e0 installer, avec une garantie de 2 ans. Cliquez pour en savoir plus.","robots":{"index":"index","follow":"follow","max-snippet":"max-snippet:-1","max-image-preview":"max-image-preview:large","max-video-preview":"max-video-preview:-1"},"canonical":"https:\/\/cntnmcb.com\/fr\/produit\/dual-power-automatic-transfer-switch-ats-63a-zmq3\/","og_locale":"fr_FR","og_type":"article","og_title":"Dual Power Automatic Transfer Switch ATS 63A ZMQ3","og_description":"Our Dual Power Automatic Transfer Switch ATS 63A ZMQ3 Easy to install, with a 2-year warranty. Click to learn more.","og_url":"https:\/\/cntnmcb.com\/fr\/produit\/dual-power-automatic-transfer-switch-ats-63a-zmq3\/","og_site_name":"Zhejiang CNTN Electric Co.,Ltd","article_modified_time":"2025-09-21T06:31:40+00:00","og_image":[{"width":640,"height":640,"url":"https:\/\/cntnmcb.com\/wp-content\/uploads\/2025\/09\/ZMQ3-1.jpg","type":"image\/jpeg"}],"twitter_card":"summary_large_image","twitter_misc":{"Dur\u00e9e de lecture estim\u00e9e":"2 minutes"},"schema":{"@context":"https:\/\/schema.org","@graph":[{"@type":"WebPage","@id":"https:\/\/cntnmcb.com\/product\/dual-power-automatic-transfer-switch-ats-63a-zmq3\/","url":"https:\/\/cntnmcb.com\/product\/dual-power-automatic-transfer-switch-ats-63a-zmq3\/","name":"Commutateur de transfert automatique \u00e0 double puissance ATS 63A ZMQ3 - Zhejiang CNTN Electric Co, Ltd","isPartOf":{"@id":"https:\/\/cntnmcb.com\/#website"},"primaryImageOfPage":{"@id":"https:\/\/cntnmcb.com\/product\/dual-power-automatic-transfer-switch-ats-63a-zmq3\/#primaryimage"},"image":{"@id":"https:\/\/cntnmcb.com\/product\/dual-power-automatic-transfer-switch-ats-63a-zmq3\/#primaryimage"},"thumbnailUrl":"https:\/\/cntnmcb.com\/wp-content\/uploads\/2025\/09\/ZMQ3-1.jpg","datePublished":"2025-09-06T07:41:38+00:00","dateModified":"2025-09-21T06:31:40+00:00","description":"Notre commutateur de transfert automatique \u00e0 double puissance ATS 63A ZMQ3 Facile \u00e0 installer, avec une garantie de 2 ans. Cliquez pour en savoir plus.","breadcrumb":{"@id":"https:\/\/cntnmcb.com\/product\/dual-power-automatic-transfer-switch-ats-63a-zmq3\/#breadcrumb"},"inLanguage":"fr-FR","potentialAction":[{"@type":"ReadAction","target":["https:\/\/cntnmcb.com\/product\/dual-power-automatic-transfer-switch-ats-63a-zmq3\/"]}]},{"@type":"ImageObject","inLanguage":"fr-FR","@id":"https:\/\/cntnmcb.com\/product\/dual-power-automatic-transfer-switch-ats-63a-zmq3\/#primaryimage","url":"https:\/\/cntnmcb.com\/wp-content\/uploads\/2025\/09\/ZMQ3-1.jpg","contentUrl":"https:\/\/cntnmcb.com\/wp-content\/uploads\/2025\/09\/ZMQ3-1.jpg","width":640,"height":640,"caption":"Dual Power Automatic Transfer Switch ATS 63A ZMQ3"},{"@type":"BreadcrumbList","@id":"https:\/\/cntnmcb.com\/product\/dual-power-automatic-transfer-switch-ats-63a-zmq3\/#breadcrumb","itemListElement":[{"@type":"ListItem","position":1,"name":"Home","item":"https:\/\/cntnmcb.com\/"},{"@type":"ListItem","position":2,"name":"Products","item":"https:\/\/cntnmcb.com\/products\/"},{"@type":"ListItem","position":3,"name":"Dual Power Automatic Transfer Switch ATS 63A ZMQ3"}]},{"@type":"WebSite","@id":"https:\/\/cntnmcb.com\/#website","url":"https:\/\/cntnmcb.com\/","name":"Zhejiang CNTN Electric Co. Ltd","description":"Nous sommes un fabricant chinois de MCB, MCCB, ACB, compteur de panneau, compteur d'\u00e9nergie.","publisher":{"@id":"https:\/\/cntnmcb.com\/#organization"},"alternateName":"Zhejiang CNTN Electric Co.,Ltd","potentialAction":[{"@type":"SearchAction","target":{"@type":"EntryPoint","urlTemplate":"https:\/\/cntnmcb.com\/?s={search_term_string}"},"query-input":{"@type":"PropertyValueSpecification","valueRequired":true,"valueName":"search_term_string"}}],"inLanguage":"fr-FR"},{"@type":"Organization","@id":"https:\/\/cntnmcb.com\/#organization","name":"Zhejiang CNTN Electric Co. Ltd","alternateName":"Zhejiang CNTN Electric Co.,Ltd","url":"https:\/\/cntnmcb.com\/","logo":{"@type":"ImageObject","inLanguage":"fr-FR","@id":"https:\/\/cntnmcb.com\/#\/schema\/logo\/image\/","url":"https:\/\/cntnmcb.com\/wp-content\/uploads\/2025\/05\/CNTN-LOGO.webp","contentUrl":"https:\/\/cntnmcb.com\/wp-content\/uploads\/2025\/05\/CNTN-LOGO.webp","width":768,"height":236,"caption":"Zhejiang CNTN Electric Co.,Ltd"},"image":{"@id":"https:\/\/cntnmcb.com\/#\/schema\/logo\/image\/"}}]}},"_links":{"self":[{"href":"https:\/\/cntnmcb.com\/fr\/wp-json\/wp\/v2\/product\/7047","targetHints":{"allow":["GET"]}}],"collection":[{"href":"https:\/\/cntnmcb.com\/fr\/wp-json\/wp\/v2\/product"}],"about":[{"href":"https:\/\/cntnmcb.com\/fr\/wp-json\/wp\/v2\/types\/product"}],"wp:featuredmedia":[{"embeddable":true,"href":"https:\/\/cntnmcb.com\/fr\/wp-json\/wp\/v2\/media\/7048"}],"wp:attachment":[{"href":"https:\/\/cntnmcb.com\/fr\/wp-json\/wp\/v2\/media?parent=7047"}],"wp:term":[{"taxonomy":"product_brand","embeddable":true,"href":"https:\/\/cntnmcb.com\/fr\/wp-json\/wp\/v2\/product_brand?post=7047"},{"taxonomy":"product_cat","embeddable":true,"href":"https:\/\/cntnmcb.com\/fr\/wp-json\/wp\/v2\/product_cat?post=7047"},{"taxonomy":"product_tag","embeddable":true,"href":"https:\/\/cntnmcb.com\/fr\/wp-json\/wp\/v2\/product_tag?post=7047"}],"curies":[{"name":"wp","href":"https:\/\/api.w.org\/{rel}","templated":true}]}}