{"id":7096,"date":"2025-09-06T11:50:16","date_gmt":"2025-09-06T11:50:16","guid":{"rendered":"https:\/\/cntnmcb.com\/?post_type=product&#038;p=7096"},"modified":"2026-03-13T09:17:17","modified_gmt":"2026-03-13T09:17:17","slug":"control-switch-zmcps-45c","status":"publish","type":"product","link":"https:\/\/cntnmcb.com\/fr\/product\/control-switch-zmcps-45c\/","title":{"rendered":"Interrupteur de contr\u00f4le ZMCPS-45C"},"content":{"rendered":"<h2 class=\"header-vfC6AV auto-hide-last-sibling-br\">Introduction :<\/h2>\n<ul>\n<li>Nos interrupteurs de contr\u00f4le modifient directement l'\u00e9tat de connexion d'un circuit, manuellement ou automatiquement, afin de faciliter le d\u00e9marrage et l'arr\u00eat de l'\u00e9quipement, la commutation de sens ou la conversion de mode.<\/li>\n<li>Les interrupteurs de commande fabriqu\u00e9s par <span style=\"color: #ff0000;\"><a style=\"color: #ff0000;\" href=\"https:\/\/cntnmcb.com\/fr\/\">CNTN<\/a><\/span> sont des interrupteurs manuels qui n\u00e9cessitent une op\u00e9ration humaine. Caract\u00e9ris\u00e9s par une structure simple, ils fonctionnent \u00e9galement comme des commutateurs universels, capables de contr\u00f4ler des circuits complexes et de faciliter la commutation multi-positions.<\/li>\n<li>Dans un circuit \u00e9lectrique, un interrupteur remplit la double fonction de t\u00e9l\u00e9commande et d'interrupteur principal, tandis qu'un<span style=\"color: #ff0000;\"><a style=\"color: #ff0000;\" href=\"https:\/\/cntnmcb.com\/fr\/produit\/spd-device\/\"> parasurtenseur<\/a><\/span> existe pour se pr\u00e9munir contre les catastrophes impr\u00e9vues.<\/li>\n<li><\/li>\n<\/ul>","protected":false},"excerpt":{"rendered":"<ol class=\"auto-hide-last-sibling-br\">\n<li>Haute int\u00e9gration des fonctions, simplifiant la conception des circuits ainsi que l'exploitation et la maintenance<\/li>\n<li>R\u00e9ponse de protection plus rapide et s\u00e9curit\u00e9 accrue<\/li>\n<li>Fonctionnement pratique et grande adaptabilit\u00e9<\/li>\n<li>R\u00e9duire les co\u00fbts et am\u00e9liorer la stabilit\u00e9 du syst\u00e8me<\/li>\n<li>Commande marche\/arr\u00eat du circuit, protection contre les surcharges, protection contre les courts-circuits, protection contre les d\u00e9faillances de phase<\/li>\n<\/ol>","protected":false},"featured_media":7097,"template":"","meta":{"site-sidebar-layout":"default","site-content-layout":"","ast-site-content-layout":"default","site-content-style":"default","site-sidebar-style":"default","ast-global-header-display":"","ast-banner-title-visibility":"","ast-main-header-display":"","ast-hfb-above-header-display":"","ast-hfb-below-header-display":"","ast-hfb-mobile-header-display":"","site-post-title":"","ast-breadcrumbs-content":"","ast-featured-img":"","footer-sml-layout":"","ast-disable-related-posts":"","theme-transparent-header-meta":"default","adv-header-id-meta":"","stick-header-meta":"","header-above-stick-meta":"","header-main-stick-meta":"","header-below-stick-meta":"","astra-migrate-meta-layouts":"set","ast-page-background-enabled":"default","ast-page-background-meta":{"desktop":{"background-color":"","background-image":"","background-repeat":"repeat","background-position":"center center","background-size":"auto","background-attachment":"scroll","background-type":"","background-media":"","overlay-type":"","overlay-color":"","overlay-opacity":"","overlay-gradient":""},"tablet":{"background-color":"","background-image":"","background-repeat":"repeat","background-position":"center center","background-size":"auto","background-attachment":"scroll","background-type":"","background-media":"","overlay-type":"","overlay-color":"","overlay-opacity":"","overlay-gradient":""},"mobile":{"background-color":"","background-image":"","background-repeat":"repeat","background-position":"center center","background-size":"auto","background-attachment":"scroll","background-type":"","background-media":"","overlay-type":"","overlay-color":"","overlay-opacity":"","overlay-gradient":""}},"ast-content-background-meta":{"desktop":{"background-color":"var(--ast-global-color-5)","background-image":"","background-repeat":"repeat","background-position":"center center","background-size":"auto","background-attachment":"scroll","background-type":"","background-media":"","overlay-type":"","overlay-color":"","overlay-opacity":"","overlay-gradient":""},"tablet":{"background-color":"var(--ast-global-color-5)","background-image":"","background-repeat":"repeat","background-position":"center center","background-size":"auto","background-attachment":"scroll","background-type":"","background-media":"","overlay-type":"","overlay-color":"","overlay-opacity":"","overlay-gradient":""},"mobile":{"background-color":"var(--ast-global-color-5)","background-image":"","background-repeat":"repeat","background-position":"center center","background-size":"auto","background-attachment":"scroll","background-type":"","background-media":"","overlay-type":"","overlay-color":"","overlay-opacity":"","overlay-gradient":""}}},"product_brand":[],"product_cat":[63],"product_tag":[],"class_list":{"0":"post-7096","1":"product","2":"type-product","3":"status-publish","4":"has-post-thumbnail","6":"product_cat-cps","7":"desktop-align-center","8":"tablet-align-left","9":"mobile-align-left","11":"first","12":"instock","13":"shipping-taxable","14":"product-type-simple"},"yoast_head":"<!-- This site is optimized with the Yoast SEO Premium plugin v27.5 (Yoast SEO v27.6) - https:\/\/yoast.com\/product\/yoast-seo-premium-wordpress\/ -->\n<title>Control Switch ZMCPS-45C - Zhejiang CNTN Electric Co.,Ltd<\/title>\n<meta name=\"description\" content=\"A control and protection switch is an integrated device combining circuit control with overload, short circuit and leakage protection.\" \/>\n<meta name=\"robots\" content=\"index, follow, max-snippet:-1, max-image-preview:large, max-video-preview:-1\" \/>\n<link rel=\"canonical\" href=\"https:\/\/cntnmcb.com\/fr\/produit\/control-switch-zmcps-45c\/\" \/>\n<meta property=\"og:locale\" content=\"fr_FR\" \/>\n<meta property=\"og:type\" content=\"article\" \/>\n<meta property=\"og:title\" content=\"Control Switch ZMCPS-45C\" \/>\n<meta property=\"og:description\" content=\"A control and protection switch is an integrated device combining circuit control with overload, short circuit and leakage protection.\" \/>\n<meta property=\"og:url\" content=\"https:\/\/cntnmcb.com\/fr\/produit\/control-switch-zmcps-45c\/\" \/>\n<meta property=\"og:site_name\" content=\"Zhejiang CNTN Electric Co.,Ltd\" \/>\n<meta property=\"article:modified_time\" content=\"2026-03-13T09:17:17+00:00\" \/>\n<meta property=\"og:image\" content=\"https:\/\/cntnmcb.com\/wp-content\/uploads\/2025\/09\/ZMCPS-45C-2.jpg\" \/>\n\t<meta property=\"og:image:width\" content=\"1279\" \/>\n\t<meta property=\"og:image:height\" content=\"1706\" \/>\n\t<meta property=\"og:image:type\" content=\"image\/jpeg\" \/>\n<meta name=\"twitter:card\" content=\"summary_large_image\" \/>\n<meta name=\"twitter:label1\" content=\"Dur\u00e9e de lecture estim\u00e9e\" \/>\n\t<meta name=\"twitter:data1\" content=\"1 minute\" \/>\n<script type=\"application\/ld+json\" class=\"yoast-schema-graph\">{\"@context\":\"https:\\\/\\\/schema.org\",\"@graph\":[{\"@type\":\"WebPage\",\"@id\":\"https:\\\/\\\/cntnmcb.com\\\/product\\\/control-switch-zmcps-45c\\\/\",\"url\":\"https:\\\/\\\/cntnmcb.com\\\/product\\\/control-switch-zmcps-45c\\\/\",\"name\":\"Control Switch ZMCPS-45C - Zhejiang CNTN Electric Co.,Ltd\",\"isPartOf\":{\"@id\":\"https:\\\/\\\/cntnmcb.com\\\/#website\"},\"primaryImageOfPage\":{\"@id\":\"https:\\\/\\\/cntnmcb.com\\\/product\\\/control-switch-zmcps-45c\\\/#primaryimage\"},\"image\":{\"@id\":\"https:\\\/\\\/cntnmcb.com\\\/product\\\/control-switch-zmcps-45c\\\/#primaryimage\"},\"thumbnailUrl\":\"https:\\\/\\\/cntnmcb.com\\\/wp-content\\\/uploads\\\/2025\\\/09\\\/ZMCPS-45C-2.jpg\",\"datePublished\":\"2025-09-06T11:50:16+00:00\",\"dateModified\":\"2026-03-13T09:17:17+00:00\",\"description\":\"A control and protection switch is an integrated device combining circuit control with overload, short circuit and leakage protection.\",\"breadcrumb\":{\"@id\":\"https:\\\/\\\/cntnmcb.com\\\/product\\\/control-switch-zmcps-45c\\\/#breadcrumb\"},\"inLanguage\":\"fr-FR\",\"potentialAction\":[{\"@type\":\"ReadAction\",\"target\":[\"https:\\\/\\\/cntnmcb.com\\\/product\\\/control-switch-zmcps-45c\\\/\"]}]},{\"@type\":\"ImageObject\",\"inLanguage\":\"fr-FR\",\"@id\":\"https:\\\/\\\/cntnmcb.com\\\/product\\\/control-switch-zmcps-45c\\\/#primaryimage\",\"url\":\"https:\\\/\\\/cntnmcb.com\\\/wp-content\\\/uploads\\\/2025\\\/09\\\/ZMCPS-45C-2.jpg\",\"contentUrl\":\"https:\\\/\\\/cntnmcb.com\\\/wp-content\\\/uploads\\\/2025\\\/09\\\/ZMCPS-45C-2.jpg\",\"width\":1279,\"height\":1706,\"caption\":\"Control Switch ZMCPS-45C\"},{\"@type\":\"BreadcrumbList\",\"@id\":\"https:\\\/\\\/cntnmcb.com\\\/product\\\/control-switch-zmcps-45c\\\/#breadcrumb\",\"itemListElement\":[{\"@type\":\"ListItem\",\"position\":1,\"name\":\"Home\",\"item\":\"https:\\\/\\\/cntnmcb.com\\\/\"},{\"@type\":\"ListItem\",\"position\":2,\"name\":\"Products\",\"item\":\"https:\\\/\\\/cntnmcb.com\\\/products\\\/\"},{\"@type\":\"ListItem\",\"position\":3,\"name\":\"Control Switch ZMCPS-45C\"}]},{\"@type\":\"WebSite\",\"@id\":\"https:\\\/\\\/cntnmcb.com\\\/#website\",\"url\":\"https:\\\/\\\/cntnmcb.com\\\/\",\"name\":\"Zhejiang CNTN Electric Co.,Ltd\",\"description\":\"We are China MCB, MCCB, ACB, panel meter, energy meter manufacturer\",\"publisher\":{\"@id\":\"https:\\\/\\\/cntnmcb.com\\\/#organization\"},\"alternateName\":\"Zhejiang CNTN Electric Co.,Ltd\",\"potentialAction\":[{\"@type\":\"SearchAction\",\"target\":{\"@type\":\"EntryPoint\",\"urlTemplate\":\"https:\\\/\\\/cntnmcb.com\\\/?s={search_term_string}\"},\"query-input\":{\"@type\":\"PropertyValueSpecification\",\"valueRequired\":true,\"valueName\":\"search_term_string\"}}],\"inLanguage\":\"fr-FR\"},{\"@type\":\"Organization\",\"@id\":\"https:\\\/\\\/cntnmcb.com\\\/#organization\",\"name\":\"Zhejiang CNTN Electric Co.,Ltd\",\"alternateName\":\"Zhejiang CNTN Electric Co.,Ltd\",\"url\":\"https:\\\/\\\/cntnmcb.com\\\/\",\"logo\":{\"@type\":\"ImageObject\",\"inLanguage\":\"fr-FR\",\"@id\":\"https:\\\/\\\/cntnmcb.com\\\/#\\\/schema\\\/logo\\\/image\\\/\",\"url\":\"https:\\\/\\\/cntnmcb.com\\\/wp-content\\\/uploads\\\/2025\\\/05\\\/CNTN-LOGO.webp\",\"contentUrl\":\"https:\\\/\\\/cntnmcb.com\\\/wp-content\\\/uploads\\\/2025\\\/05\\\/CNTN-LOGO.webp\",\"width\":768,\"height\":236,\"caption\":\"Zhejiang CNTN Electric Co.,Ltd\"},\"image\":{\"@id\":\"https:\\\/\\\/cntnmcb.com\\\/#\\\/schema\\\/logo\\\/image\\\/\"}}]}<\/script>\n<!-- \/ Yoast SEO Premium plugin. -->","yoast_head_json":{"title":"Interrupteur de commande ZMCPS-45C - Zhejiang CNTN Electric Co.,Ltd","description":"Un interrupteur de commande et de protection est un dispositif int\u00e9gr\u00e9 combinant la commande de circuit et la protection contre les surcharges, les courts-circuits et les fuites.","robots":{"index":"index","follow":"follow","max-snippet":"max-snippet:-1","max-image-preview":"max-image-preview:large","max-video-preview":"max-video-preview:-1"},"canonical":"https:\/\/cntnmcb.com\/fr\/produit\/control-switch-zmcps-45c\/","og_locale":"fr_FR","og_type":"article","og_title":"Control Switch ZMCPS-45C","og_description":"A control and protection switch is an integrated device combining circuit control with overload, short circuit and leakage protection.","og_url":"https:\/\/cntnmcb.com\/fr\/produit\/control-switch-zmcps-45c\/","og_site_name":"Zhejiang CNTN Electric Co.,Ltd","article_modified_time":"2026-03-13T09:17:17+00:00","og_image":[{"width":1279,"height":1706,"url":"https:\/\/cntnmcb.com\/wp-content\/uploads\/2025\/09\/ZMCPS-45C-2.jpg","type":"image\/jpeg"}],"twitter_card":"summary_large_image","twitter_misc":{"Dur\u00e9e de lecture estim\u00e9e":"1 minute"},"schema":{"@context":"https:\/\/schema.org","@graph":[{"@type":"WebPage","@id":"https:\/\/cntnmcb.com\/product\/control-switch-zmcps-45c\/","url":"https:\/\/cntnmcb.com\/product\/control-switch-zmcps-45c\/","name":"Interrupteur de commande ZMCPS-45C - Zhejiang CNTN Electric Co.,Ltd","isPartOf":{"@id":"https:\/\/cntnmcb.com\/#website"},"primaryImageOfPage":{"@id":"https:\/\/cntnmcb.com\/product\/control-switch-zmcps-45c\/#primaryimage"},"image":{"@id":"https:\/\/cntnmcb.com\/product\/control-switch-zmcps-45c\/#primaryimage"},"thumbnailUrl":"https:\/\/cntnmcb.com\/wp-content\/uploads\/2025\/09\/ZMCPS-45C-2.jpg","datePublished":"2025-09-06T11:50:16+00:00","dateModified":"2026-03-13T09:17:17+00:00","description":"Un interrupteur de commande et de protection est un dispositif int\u00e9gr\u00e9 combinant la commande de circuit et la protection contre les surcharges, les courts-circuits et les fuites.","breadcrumb":{"@id":"https:\/\/cntnmcb.com\/product\/control-switch-zmcps-45c\/#breadcrumb"},"inLanguage":"fr-FR","potentialAction":[{"@type":"ReadAction","target":["https:\/\/cntnmcb.com\/product\/control-switch-zmcps-45c\/"]}]},{"@type":"ImageObject","inLanguage":"fr-FR","@id":"https:\/\/cntnmcb.com\/product\/control-switch-zmcps-45c\/#primaryimage","url":"https:\/\/cntnmcb.com\/wp-content\/uploads\/2025\/09\/ZMCPS-45C-2.jpg","contentUrl":"https:\/\/cntnmcb.com\/wp-content\/uploads\/2025\/09\/ZMCPS-45C-2.jpg","width":1279,"height":1706,"caption":"Control Switch ZMCPS-45C"},{"@type":"BreadcrumbList","@id":"https:\/\/cntnmcb.com\/product\/control-switch-zmcps-45c\/#breadcrumb","itemListElement":[{"@type":"ListItem","position":1,"name":"Home","item":"https:\/\/cntnmcb.com\/"},{"@type":"ListItem","position":2,"name":"Products","item":"https:\/\/cntnmcb.com\/products\/"},{"@type":"ListItem","position":3,"name":"Control Switch ZMCPS-45C"}]},{"@type":"WebSite","@id":"https:\/\/cntnmcb.com\/#website","url":"https:\/\/cntnmcb.com\/","name":"Zhejiang CNTN Electric Co. Ltd","description":"Nous sommes un fabricant chinois de MCB, MCCB, ACB, compteur de panneau, compteur d'\u00e9nergie.","publisher":{"@id":"https:\/\/cntnmcb.com\/#organization"},"alternateName":"Zhejiang CNTN Electric Co.,Ltd","potentialAction":[{"@type":"SearchAction","target":{"@type":"EntryPoint","urlTemplate":"https:\/\/cntnmcb.com\/?s={search_term_string}"},"query-input":{"@type":"PropertyValueSpecification","valueRequired":true,"valueName":"search_term_string"}}],"inLanguage":"fr-FR"},{"@type":"Organization","@id":"https:\/\/cntnmcb.com\/#organization","name":"Zhejiang CNTN Electric Co. Ltd","alternateName":"Zhejiang CNTN Electric Co.,Ltd","url":"https:\/\/cntnmcb.com\/","logo":{"@type":"ImageObject","inLanguage":"fr-FR","@id":"https:\/\/cntnmcb.com\/#\/schema\/logo\/image\/","url":"https:\/\/cntnmcb.com\/wp-content\/uploads\/2025\/05\/CNTN-LOGO.webp","contentUrl":"https:\/\/cntnmcb.com\/wp-content\/uploads\/2025\/05\/CNTN-LOGO.webp","width":768,"height":236,"caption":"Zhejiang CNTN Electric Co.,Ltd"},"image":{"@id":"https:\/\/cntnmcb.com\/#\/schema\/logo\/image\/"}}]}},"_links":{"self":[{"href":"https:\/\/cntnmcb.com\/fr\/wp-json\/wp\/v2\/product\/7096","targetHints":{"allow":["GET"]}}],"collection":[{"href":"https:\/\/cntnmcb.com\/fr\/wp-json\/wp\/v2\/product"}],"about":[{"href":"https:\/\/cntnmcb.com\/fr\/wp-json\/wp\/v2\/types\/product"}],"wp:featuredmedia":[{"embeddable":true,"href":"https:\/\/cntnmcb.com\/fr\/wp-json\/wp\/v2\/media\/7097"}],"wp:attachment":[{"href":"https:\/\/cntnmcb.com\/fr\/wp-json\/wp\/v2\/media?parent=7096"}],"wp:term":[{"taxonomy":"product_brand","embeddable":true,"href":"https:\/\/cntnmcb.com\/fr\/wp-json\/wp\/v2\/product_brand?post=7096"},{"taxonomy":"product_cat","embeddable":true,"href":"https:\/\/cntnmcb.com\/fr\/wp-json\/wp\/v2\/product_cat?post=7096"},{"taxonomy":"product_tag","embeddable":true,"href":"https:\/\/cntnmcb.com\/fr\/wp-json\/wp\/v2\/product_tag?post=7096"}],"curies":[{"name":"wp","href":"https:\/\/api.w.org\/{rel}","templated":true}]}}