{"id":7762,"date":"2025-09-17T01:26:05","date_gmt":"2025-09-17T01:26:05","guid":{"rendered":"https:\/\/cntnmcb.com\/?post_type=product&#038;p=7762"},"modified":"2026-03-09T03:16:40","modified_gmt":"2026-03-09T03:16:40","slug":"electronic-mccb","status":"publish","type":"product","link":"https:\/\/cntnmcb.com\/fr\/product\/electronic-mccb\/","title":{"rendered":"Disjoncteur \u00e9lectronique MCCB"},"content":{"rendered":"<div class=\"auto-hide-last-sibling-br paragraph-JOTKXA paragraph-element br-paragraph-space\">\n<h2><b>Introduction :<\/b><\/h2>\n<ul>\n<li>Les caract\u00e9ristiques de nos disjoncteurs \u00e9lectroniques comprennent la protection contre les surcharges, la protection contre les courts-circuits, la protection contre les sous-tensions, la protection contre les d\u00e9fauts \u00e0 la terre, la protection contre le courant r\u00e9siduel, la protection contre les surtensions et la commutation de protection \u00e0 temps inverse\/\u00e0 temps d\u00e9fini.<\/li>\n<li><a href=\"https:\/\/cntnmcb.com\/fr\/\"><span style=\"color: #ff0000;\">CNTN<\/span> <span style=\"color: #ff0000;\">\u00c9lectrique<\/span><\/a> Les disjoncteurs \u00e9lectroniques ont un fort pouvoir de coupure et d'excellentes performances anti-interf\u00e9rences.<\/li>\n<li>Le disjoncteur de puissance \u00e9lectronique fabriqu\u00e9 par CNTN Electric comporte des capteurs \u00e9lectroniques int\u00e9gr\u00e9s qui peuvent collecter des donn\u00e9es de fonctionnement en temps r\u00e9el telles que le courant, la tension et la puissance. Il prend en charge des protocoles de communication tels que RS485\/Modbus et peut \u00eatre int\u00e9gr\u00e9 dans des syst\u00e8mes d'automatisation de la distribution d'\u00e9nergie pour la surveillance \u00e0 distance de l'\u00e9tat, l'alarme de d\u00e9faut et la r\u00e9cup\u00e9ration des enregistrements de d\u00e9clenchement.<\/li>\n<li>Le disjoncteur de puissance \u00e9lectronique CNTN utilise un mat\u00e9riau hautement ignifuge, isolant efficacement les arcs \u00e9lectriques et offrant une protection contre la poussi\u00e8re, l'humidit\u00e9 et les chocs \u00e9lectriques. Il peut \u00eatre install\u00e9 directement dans des armoires de distribution ou des bo\u00eetes de distribution ext\u00e9rieures, \u00e9vitant ainsi tout contact accidentel avec des pi\u00e8ces sous tension.<\/li>\n<li>Ce MCCB offre des options d'installation flexibles et polyvalentes, prenant en charge le montage fixe, enfichable et d\u00e9brochable, et peut \u00eatre install\u00e9 verticalement ou horizontalement.<\/li>\n<li>CNTN Electric peut non seulement produire des disjoncteurs tripolaires MCCB, mais \u00e9galement <span style=\"color: #ff0000;\"><a style=\"color: #ff0000;\" href=\"https:\/\/cntnmcb.com\/fr\/produit\/mccb-100a-4-pole\/\">4 p\u00f4les<\/a><\/span> et <span style=\"color: #ff0000;\">2 p\u00f4les<\/span> versions selon les besoins du client.<\/li>\n<li>CNTN Electric peut fabriquer des disjoncteurs \u00e0 bo\u00eetier moul\u00e9 de 63A \u00e0 800A.<\/li>\n<\/ul>\n<\/div>\n<div><\/div>\n<p>&nbsp;<\/p>\n<p>&nbsp;<\/p>\n<p>&nbsp;<\/p>","protected":false},"excerpt":{"rendered":"<ul>\n<li>Protection pr\u00e9cise contre les surcharges<\/li>\n<li>Classification flexible de la protection contre les courts-circuits<\/li>\n<li>Prise en charge de la commande \u00e0 distance et de la communication<\/li>\n<li>Dur\u00e9e de vie prolong\u00e9e et co\u00fbts d'entretien r\u00e9duits<\/li>\n<li>Taille compacte, gain d'espace pour la distribution \u00e9lectrique<\/li>\n<li>Capable d'afficher intuitivement les types de d\u00e9fauts<\/li>\n<li data-cici-select-uid=\"39c48dca-8a10-4077-b754-c281ec7d0a9c\"><span style=\"color: #ff0000;\">Avec\u00a0<a style=\"color: #ff0000;\" href=\"https:\/\/cntnmcb.com\/fr\/certificates\/\" data-cici-select-uid=\"cd644f69-4a4d-44e4-a7fa-3ae228fb794c\">Certifications CCC et CE<\/a>.<\/span><\/li>\n<\/ul>","protected":false},"featured_media":7778,"template":"","meta":{"site-sidebar-layout":"default","site-content-layout":"","ast-site-content-layout":"default","site-content-style":"default","site-sidebar-style":"default","ast-global-header-display":"","ast-banner-title-visibility":"","ast-main-header-display":"","ast-hfb-above-header-display":"","ast-hfb-below-header-display":"","ast-hfb-mobile-header-display":"","site-post-title":"","ast-breadcrumbs-content":"","ast-featured-img":"","footer-sml-layout":"","ast-disable-related-posts":"","theme-transparent-header-meta":"default","adv-header-id-meta":"","stick-header-meta":"","header-above-stick-meta":"","header-main-stick-meta":"","header-below-stick-meta":"","astra-migrate-meta-layouts":"set","ast-page-background-enabled":"default","ast-page-background-meta":{"desktop":{"background-color":"","background-image":"","background-repeat":"repeat","background-position":"center center","background-size":"auto","background-attachment":"scroll","background-type":"","background-media":"","overlay-type":"","overlay-color":"","overlay-opacity":"","overlay-gradient":""},"tablet":{"background-color":"","background-image":"","background-repeat":"repeat","background-position":"center center","background-size":"auto","background-attachment":"scroll","background-type":"","background-media":"","overlay-type":"","overlay-color":"","overlay-opacity":"","overlay-gradient":""},"mobile":{"background-color":"","background-image":"","background-repeat":"repeat","background-position":"center center","background-size":"auto","background-attachment":"scroll","background-type":"","background-media":"","overlay-type":"","overlay-color":"","overlay-opacity":"","overlay-gradient":""}},"ast-content-background-meta":{"desktop":{"background-color":"var(--ast-global-color-5)","background-image":"","background-repeat":"repeat","background-position":"center center","background-size":"auto","background-attachment":"scroll","background-type":"","background-media":"","overlay-type":"","overlay-color":"","overlay-opacity":"","overlay-gradient":""},"tablet":{"background-color":"var(--ast-global-color-5)","background-image":"","background-repeat":"repeat","background-position":"center center","background-size":"auto","background-attachment":"scroll","background-type":"","background-media":"","overlay-type":"","overlay-color":"","overlay-opacity":"","overlay-gradient":""},"mobile":{"background-color":"var(--ast-global-color-5)","background-image":"","background-repeat":"repeat","background-position":"center center","background-size":"auto","background-attachment":"scroll","background-type":"","background-media":"","overlay-type":"","overlay-color":"","overlay-opacity":"","overlay-gradient":""}}},"product_brand":[],"product_cat":[35,38],"product_tag":[],"class_list":{"0":"post-7762","1":"product","2":"type-product","3":"status-publish","4":"has-post-thumbnail","6":"product_cat-low-voltage","7":"product_cat-mccb","8":"desktop-align-center","9":"tablet-align-left","10":"mobile-align-left","12":"first","13":"instock","14":"shipping-taxable","15":"product-type-simple"},"yoast_head":"<!-- This site is optimized with the Yoast SEO Premium plugin v25.0 (Yoast SEO v27.5) - https:\/\/yoast.com\/product\/yoast-seo-premium-wordpress\/ -->\n<title>Electronic MCCB - Zhejiang CNTN Electric Co.,Ltd<\/title>\n<meta name=\"description\" content=\"Our Electronic MCCB feature remote control and communication capabilities, along with intuitive fault diagnosis. Click to learn more.\" \/>\n<meta name=\"robots\" content=\"index, follow, max-snippet:-1, max-image-preview:large, max-video-preview:-1\" \/>\n<link rel=\"canonical\" href=\"https:\/\/cntnmcb.com\/fr\/produit\/electronic-mccb\/\" \/>\n<meta property=\"og:locale\" content=\"fr_FR\" \/>\n<meta property=\"og:type\" content=\"article\" \/>\n<meta property=\"og:title\" content=\"Electronic MCCB\" \/>\n<meta property=\"og:description\" content=\"Our Electronic MCCB feature remote control and communication capabilities, along with intuitive fault diagnosis. Click to learn more.\" \/>\n<meta property=\"og:url\" content=\"https:\/\/cntnmcb.com\/fr\/produit\/electronic-mccb\/\" \/>\n<meta property=\"og:site_name\" content=\"Zhejiang CNTN Electric Co.,Ltd\" \/>\n<meta property=\"article:modified_time\" content=\"2026-03-09T03:16:40+00:00\" \/>\n<meta property=\"og:image\" content=\"https:\/\/cntnmcb.com\/wp-content\/uploads\/2025\/09\/ZMM3E-11.jpg\" \/>\n\t<meta property=\"og:image:width\" content=\"640\" \/>\n\t<meta property=\"og:image:height\" content=\"640\" \/>\n\t<meta property=\"og:image:type\" content=\"image\/jpeg\" \/>\n<meta name=\"twitter:card\" content=\"summary_large_image\" \/>\n<meta name=\"twitter:label1\" content=\"Dur\u00e9e de lecture estim\u00e9e\" \/>\n\t<meta name=\"twitter:data1\" content=\"1 minute\" \/>\n<script type=\"application\/ld+json\" class=\"yoast-schema-graph\">{\"@context\":\"https:\\\/\\\/schema.org\",\"@graph\":[{\"@type\":\"WebPage\",\"@id\":\"https:\\\/\\\/cntnmcb.com\\\/product\\\/electronic-mccb\\\/\",\"url\":\"https:\\\/\\\/cntnmcb.com\\\/product\\\/electronic-mccb\\\/\",\"name\":\"Electronic MCCB - Zhejiang CNTN Electric Co.,Ltd\",\"isPartOf\":{\"@id\":\"https:\\\/\\\/cntnmcb.com\\\/#website\"},\"primaryImageOfPage\":{\"@id\":\"https:\\\/\\\/cntnmcb.com\\\/product\\\/electronic-mccb\\\/#primaryimage\"},\"image\":{\"@id\":\"https:\\\/\\\/cntnmcb.com\\\/product\\\/electronic-mccb\\\/#primaryimage\"},\"thumbnailUrl\":\"https:\\\/\\\/cntnmcb.com\\\/wp-content\\\/uploads\\\/2025\\\/09\\\/ZMM3E-11.jpg\",\"datePublished\":\"2025-09-17T01:26:05+00:00\",\"dateModified\":\"2026-03-09T03:16:40+00:00\",\"description\":\"Our Electronic MCCB feature remote control and communication capabilities, along with intuitive fault diagnosis. Click to learn more.\",\"breadcrumb\":{\"@id\":\"https:\\\/\\\/cntnmcb.com\\\/product\\\/electronic-mccb\\\/#breadcrumb\"},\"inLanguage\":\"fr-FR\",\"potentialAction\":[{\"@type\":\"ReadAction\",\"target\":[\"https:\\\/\\\/cntnmcb.com\\\/product\\\/electronic-mccb\\\/\"]}]},{\"@type\":\"ImageObject\",\"inLanguage\":\"fr-FR\",\"@id\":\"https:\\\/\\\/cntnmcb.com\\\/product\\\/electronic-mccb\\\/#primaryimage\",\"url\":\"https:\\\/\\\/cntnmcb.com\\\/wp-content\\\/uploads\\\/2025\\\/09\\\/ZMM3E-11.jpg\",\"contentUrl\":\"https:\\\/\\\/cntnmcb.com\\\/wp-content\\\/uploads\\\/2025\\\/09\\\/ZMM3E-11.jpg\",\"width\":640,\"height\":640,\"caption\":\"Electronic MCCB\"},{\"@type\":\"BreadcrumbList\",\"@id\":\"https:\\\/\\\/cntnmcb.com\\\/product\\\/electronic-mccb\\\/#breadcrumb\",\"itemListElement\":[{\"@type\":\"ListItem\",\"position\":1,\"name\":\"Home\",\"item\":\"https:\\\/\\\/cntnmcb.com\\\/\"},{\"@type\":\"ListItem\",\"position\":2,\"name\":\"Products\",\"item\":\"https:\\\/\\\/cntnmcb.com\\\/products\\\/\"},{\"@type\":\"ListItem\",\"position\":3,\"name\":\"Electronic MCCB\"}]},{\"@type\":\"WebSite\",\"@id\":\"https:\\\/\\\/cntnmcb.com\\\/#website\",\"url\":\"https:\\\/\\\/cntnmcb.com\\\/\",\"name\":\"Zhejiang CNTN Electric Co.,Ltd\",\"description\":\"We are China MCB, MCCB, ACB, panel meter, energy meter manufacturer\",\"publisher\":{\"@id\":\"https:\\\/\\\/cntnmcb.com\\\/#organization\"},\"alternateName\":\"Zhejiang CNTN Electric Co.,Ltd\",\"potentialAction\":[{\"@type\":\"SearchAction\",\"target\":{\"@type\":\"EntryPoint\",\"urlTemplate\":\"https:\\\/\\\/cntnmcb.com\\\/?s={search_term_string}\"},\"query-input\":{\"@type\":\"PropertyValueSpecification\",\"valueRequired\":true,\"valueName\":\"search_term_string\"}}],\"inLanguage\":\"fr-FR\"},{\"@type\":\"Organization\",\"@id\":\"https:\\\/\\\/cntnmcb.com\\\/#organization\",\"name\":\"Zhejiang CNTN Electric Co.,Ltd\",\"alternateName\":\"Zhejiang CNTN Electric Co.,Ltd\",\"url\":\"https:\\\/\\\/cntnmcb.com\\\/\",\"logo\":{\"@type\":\"ImageObject\",\"inLanguage\":\"fr-FR\",\"@id\":\"https:\\\/\\\/cntnmcb.com\\\/#\\\/schema\\\/logo\\\/image\\\/\",\"url\":\"https:\\\/\\\/cntnmcb.com\\\/wp-content\\\/uploads\\\/2025\\\/05\\\/CNTN-LOGO.webp\",\"contentUrl\":\"https:\\\/\\\/cntnmcb.com\\\/wp-content\\\/uploads\\\/2025\\\/05\\\/CNTN-LOGO.webp\",\"width\":768,\"height\":236,\"caption\":\"Zhejiang CNTN Electric Co.,Ltd\"},\"image\":{\"@id\":\"https:\\\/\\\/cntnmcb.com\\\/#\\\/schema\\\/logo\\\/image\\\/\"}}]}<\/script>\n<!-- \/ Yoast SEO Premium plugin. -->","yoast_head_json":{"title":"Disjoncteur de puissance \u00e9lectronique - Zhejiang CNTN Electric Co.","description":"Nos disjoncteurs MCCB \u00e9lectroniques sont dot\u00e9s de fonctions de commande \u00e0 distance et de communication, ainsi que d'un syst\u00e8me intuitif de diagnostic des pannes. Cliquez ici pour en savoir plus.","robots":{"index":"index","follow":"follow","max-snippet":"max-snippet:-1","max-image-preview":"max-image-preview:large","max-video-preview":"max-video-preview:-1"},"canonical":"https:\/\/cntnmcb.com\/fr\/produit\/electronic-mccb\/","og_locale":"fr_FR","og_type":"article","og_title":"Electronic MCCB","og_description":"Our Electronic MCCB feature remote control and communication capabilities, along with intuitive fault diagnosis. Click to learn more.","og_url":"https:\/\/cntnmcb.com\/fr\/produit\/electronic-mccb\/","og_site_name":"Zhejiang CNTN Electric Co.,Ltd","article_modified_time":"2026-03-09T03:16:40+00:00","og_image":[{"width":640,"height":640,"url":"https:\/\/cntnmcb.com\/wp-content\/uploads\/2025\/09\/ZMM3E-11.jpg","type":"image\/jpeg"}],"twitter_card":"summary_large_image","twitter_misc":{"Dur\u00e9e de lecture estim\u00e9e":"1 minute"},"schema":{"@context":"https:\/\/schema.org","@graph":[{"@type":"WebPage","@id":"https:\/\/cntnmcb.com\/product\/electronic-mccb\/","url":"https:\/\/cntnmcb.com\/product\/electronic-mccb\/","name":"Disjoncteur de puissance \u00e9lectronique - Zhejiang CNTN Electric Co.","isPartOf":{"@id":"https:\/\/cntnmcb.com\/#website"},"primaryImageOfPage":{"@id":"https:\/\/cntnmcb.com\/product\/electronic-mccb\/#primaryimage"},"image":{"@id":"https:\/\/cntnmcb.com\/product\/electronic-mccb\/#primaryimage"},"thumbnailUrl":"https:\/\/cntnmcb.com\/wp-content\/uploads\/2025\/09\/ZMM3E-11.jpg","datePublished":"2025-09-17T01:26:05+00:00","dateModified":"2026-03-09T03:16:40+00:00","description":"Nos disjoncteurs MCCB \u00e9lectroniques sont dot\u00e9s de fonctions de commande \u00e0 distance et de communication, ainsi que d'un syst\u00e8me intuitif de diagnostic des pannes. Cliquez ici pour en savoir plus.","breadcrumb":{"@id":"https:\/\/cntnmcb.com\/product\/electronic-mccb\/#breadcrumb"},"inLanguage":"fr-FR","potentialAction":[{"@type":"ReadAction","target":["https:\/\/cntnmcb.com\/product\/electronic-mccb\/"]}]},{"@type":"ImageObject","inLanguage":"fr-FR","@id":"https:\/\/cntnmcb.com\/product\/electronic-mccb\/#primaryimage","url":"https:\/\/cntnmcb.com\/wp-content\/uploads\/2025\/09\/ZMM3E-11.jpg","contentUrl":"https:\/\/cntnmcb.com\/wp-content\/uploads\/2025\/09\/ZMM3E-11.jpg","width":640,"height":640,"caption":"Electronic MCCB"},{"@type":"BreadcrumbList","@id":"https:\/\/cntnmcb.com\/product\/electronic-mccb\/#breadcrumb","itemListElement":[{"@type":"ListItem","position":1,"name":"Home","item":"https:\/\/cntnmcb.com\/"},{"@type":"ListItem","position":2,"name":"Products","item":"https:\/\/cntnmcb.com\/products\/"},{"@type":"ListItem","position":3,"name":"Electronic MCCB"}]},{"@type":"WebSite","@id":"https:\/\/cntnmcb.com\/#website","url":"https:\/\/cntnmcb.com\/","name":"Zhejiang CNTN Electric Co. Ltd","description":"Nous sommes un fabricant chinois de MCB, MCCB, ACB, compteur de panneau, compteur d'\u00e9nergie.","publisher":{"@id":"https:\/\/cntnmcb.com\/#organization"},"alternateName":"Zhejiang CNTN Electric Co.,Ltd","potentialAction":[{"@type":"SearchAction","target":{"@type":"EntryPoint","urlTemplate":"https:\/\/cntnmcb.com\/?s={search_term_string}"},"query-input":{"@type":"PropertyValueSpecification","valueRequired":true,"valueName":"search_term_string"}}],"inLanguage":"fr-FR"},{"@type":"Organization","@id":"https:\/\/cntnmcb.com\/#organization","name":"Zhejiang CNTN Electric Co. Ltd","alternateName":"Zhejiang CNTN Electric Co.,Ltd","url":"https:\/\/cntnmcb.com\/","logo":{"@type":"ImageObject","inLanguage":"fr-FR","@id":"https:\/\/cntnmcb.com\/#\/schema\/logo\/image\/","url":"https:\/\/cntnmcb.com\/wp-content\/uploads\/2025\/05\/CNTN-LOGO.webp","contentUrl":"https:\/\/cntnmcb.com\/wp-content\/uploads\/2025\/05\/CNTN-LOGO.webp","width":768,"height":236,"caption":"Zhejiang CNTN Electric Co.,Ltd"},"image":{"@id":"https:\/\/cntnmcb.com\/#\/schema\/logo\/image\/"}}]}},"_links":{"self":[{"href":"https:\/\/cntnmcb.com\/fr\/wp-json\/wp\/v2\/product\/7762","targetHints":{"allow":["GET"]}}],"collection":[{"href":"https:\/\/cntnmcb.com\/fr\/wp-json\/wp\/v2\/product"}],"about":[{"href":"https:\/\/cntnmcb.com\/fr\/wp-json\/wp\/v2\/types\/product"}],"wp:featuredmedia":[{"embeddable":true,"href":"https:\/\/cntnmcb.com\/fr\/wp-json\/wp\/v2\/media\/7778"}],"wp:attachment":[{"href":"https:\/\/cntnmcb.com\/fr\/wp-json\/wp\/v2\/media?parent=7762"}],"wp:term":[{"taxonomy":"product_brand","embeddable":true,"href":"https:\/\/cntnmcb.com\/fr\/wp-json\/wp\/v2\/product_brand?post=7762"},{"taxonomy":"product_cat","embeddable":true,"href":"https:\/\/cntnmcb.com\/fr\/wp-json\/wp\/v2\/product_cat?post=7762"},{"taxonomy":"product_tag","embeddable":true,"href":"https:\/\/cntnmcb.com\/fr\/wp-json\/wp\/v2\/product_tag?post=7762"}],"curies":[{"name":"wp","href":"https:\/\/api.w.org\/{rel}","templated":true}]}}