{"id":6151,"date":"2025-08-02T01:14:16","date_gmt":"2025-08-02T01:14:16","guid":{"rendered":"https:\/\/cntnmcb.com\/?post_type=product&#038;p=6151"},"modified":"2025-12-11T07:50:59","modified_gmt":"2025-12-11T07:50:59","slug":"mcb-plug-in-type-zmb1","status":"publish","type":"product","link":"https:\/\/cntnmcb.com\/pt\/product\/mcb-plug-in-type-zmb1\/","title":{"rendered":"MCB plug-in tipo ZMB1"},"content":{"rendered":"<h2><b> Introdu\u00e7\u00e3o ao tipo de plugue MCB:<\/b><\/h2>\n<ul>\n<li style=\"list-style-type: none;\">\n<ul>\n<li style=\"font-weight: 400;\" aria-level=\"1\"><span style=\"font-weight: 400;\">O<\/span><a href=\"https:\/\/cntnmcb.com\/pt\/produto\/mcb-plug-in-type-zmb1\/\"><span style=\"font-weight: 400;\"> Plug-in MCB tipo ZMB1<\/span><\/a><span style=\"font-weight: 400;\"> \u00e9 um componente de prote\u00e7\u00e3o de distribui\u00e7\u00e3o de energia de baixa tens\u00e3o que integra a fun\u00e7\u00e3o de prote\u00e7\u00e3o de circuito de um disjuntor miniatura com uma estrutura de montagem plug-in.<\/span><\/li>\n<li style=\"font-weight: 400;\" aria-level=\"1\"><span style=\"font-weight: 400;\">O disjuntor miniatura tipo plug-in ZMB1 oferece prote\u00e7\u00e3o contra sobrecarga e curto-circuito para circuitos, al\u00e9m de simplificar significativamente os procedimentos de instala\u00e7\u00e3o, substitui\u00e7\u00e3o e manuten\u00e7\u00e3o.<\/span><\/li>\n<li style=\"font-weight: 400;\" aria-level=\"1\"><span style=\"font-weight: 400;\">O disjuntor miniatura tipo plug-in ZMB1 fabricado pela <\/span><a href=\"https:\/\/cntnmcb.com\/pt\/\"><span style=\"font-weight: 400;\">CNTN<\/span><\/a><span style=\"font-weight: 400;\"> n\u00e3o requer fia\u00e7\u00e3o complexa ou desmontagem.<\/span><\/li>\n<li style=\"font-weight: 400;\" aria-level=\"1\"><span style=\"font-weight: 400;\">Nosso m\u00f3dulo adaptador ZMB1 para disjuntores miniatura do tipo plug-in \u00e9 compat\u00edvel com arquiteturas modulares de distribui\u00e7\u00e3o de energia, melhorando a utiliza\u00e7\u00e3o do espa\u00e7o.<\/span><\/li>\n<li style=\"font-weight: 400;\" aria-level=\"1\"><span style=\"font-weight: 400;\">editado por <a href=\"https:\/\/cntnmcb.com\/pt\/\">CNTN<\/a> Apresenta instala\u00e7\u00e3o e remo\u00e7\u00e3o r\u00e1pidas sem ferramentas, reduzindo significativamente o tempo de constru\u00e7\u00e3o (manuten\u00e7\u00e3o).<\/span><\/li>\n<\/ul>\n<\/li>\n<\/ul>\n<ul>\n<li style=\"list-style-type: none;\">\n<ul>\n<li aria-level=\"1\"><b>Se voc\u00ea deseja obter o pre\u00e7o mais recente deste disjuntor miniatura de 20 amp\u00e8res, preencha o formul\u00e1rio abaixo para receber nossa cota\u00e7\u00e3o!<\/b><\/li>\n<\/ul>\n<\/li>\n<\/ul>","protected":false},"excerpt":{"rendered":"<p>1. Montagem e desmontagem r\u00e1pida sem ferramentas.<br \/>\n2. Expans\u00e3o\/manuten\u00e7\u00e3o do circuito sem interrup\u00e7\u00e3o<br \/>\n3. Compat\u00edvel com arquitetura modular de distribui\u00e7\u00e3o de energia.<br \/>\n4. Ampla gama de aplica\u00e7\u00f5es<br \/>\n5. Garantia de um ano e cinco anos de uso sem preocupa\u00e7\u00f5es<\/p>","protected":false},"featured_media":6344,"template":"","meta":{"site-sidebar-layout":"default","site-content-layout":"","ast-site-content-layout":"default","site-content-style":"default","site-sidebar-style":"default","ast-global-header-display":"","ast-banner-title-visibility":"","ast-main-header-display":"","ast-hfb-above-header-display":"","ast-hfb-below-header-display":"","ast-hfb-mobile-header-display":"","site-post-title":"","ast-breadcrumbs-content":"","ast-featured-img":"","footer-sml-layout":"","ast-disable-related-posts":"","theme-transparent-header-meta":"default","adv-header-id-meta":"","stick-header-meta":"","header-above-stick-meta":"","header-main-stick-meta":"","header-below-stick-meta":"","astra-migrate-meta-layouts":"set","ast-page-background-enabled":"default","ast-page-background-meta":{"desktop":{"background-color":"","background-image":"","background-repeat":"repeat","background-position":"center center","background-size":"auto","background-attachment":"scroll","background-type":"","background-media":"","overlay-type":"","overlay-color":"","overlay-opacity":"","overlay-gradient":""},"tablet":{"background-color":"","background-image":"","background-repeat":"repeat","background-position":"center center","background-size":"auto","background-attachment":"scroll","background-type":"","background-media":"","overlay-type":"","overlay-color":"","overlay-opacity":"","overlay-gradient":""},"mobile":{"background-color":"","background-image":"","background-repeat":"repeat","background-position":"center center","background-size":"auto","background-attachment":"scroll","background-type":"","background-media":"","overlay-type":"","overlay-color":"","overlay-opacity":"","overlay-gradient":""}},"ast-content-background-meta":{"desktop":{"background-color":"var(--ast-global-color-5)","background-image":"","background-repeat":"repeat","background-position":"center center","background-size":"auto","background-attachment":"scroll","background-type":"","background-media":"","overlay-type":"","overlay-color":"","overlay-opacity":"","overlay-gradient":""},"tablet":{"background-color":"var(--ast-global-color-5)","background-image":"","background-repeat":"repeat","background-position":"center center","background-size":"auto","background-attachment":"scroll","background-type":"","background-media":"","overlay-type":"","overlay-color":"","overlay-opacity":"","overlay-gradient":""},"mobile":{"background-color":"var(--ast-global-color-5)","background-image":"","background-repeat":"repeat","background-position":"center center","background-size":"auto","background-attachment":"scroll","background-type":"","background-media":"","overlay-type":"","overlay-color":"","overlay-opacity":"","overlay-gradient":""}}},"product_brand":[],"product_cat":[35,37],"product_tag":[],"class_list":{"0":"post-6151","1":"product","2":"type-product","3":"status-publish","4":"has-post-thumbnail","6":"product_cat-low-voltage","7":"product_cat-mcb","8":"desktop-align-center","9":"tablet-align-left","10":"mobile-align-left","12":"first","13":"instock","14":"shipping-taxable","15":"product-type-simple"},"yoast_head":"<!-- This site is optimized with the Yoast SEO Premium plugin v25.0 (Yoast SEO v27.5) - https:\/\/yoast.com\/product\/yoast-seo-premium-wordpress\/ -->\n<title>MCB Plug In Type ZMB1 - Zhejiang CNTN Electric Co.,Ltd<\/title>\n<meta name=\"description\" content=\"Our MCB Plug In Type (Plug-in MCBs)No complicated wiring disassembly requiredControlled power-off rangeClick to learn more\" \/>\n<meta name=\"robots\" content=\"index, follow, max-snippet:-1, max-image-preview:large, max-video-preview:-1\" \/>\n<link rel=\"canonical\" href=\"https:\/\/cntnmcb.com\/pt\/produto\/mcb-plug-in-type-zmb1\/\" \/>\n<meta property=\"og:locale\" content=\"pt_BR\" \/>\n<meta property=\"og:type\" content=\"article\" \/>\n<meta property=\"og:title\" content=\"MCB Plug In Type ZMB1\" \/>\n<meta property=\"og:description\" content=\"Our MCB Plug In Type (Plug-in MCBs)No complicated wiring disassembly requiredControlled power-off rangeClick to learn more\" \/>\n<meta property=\"og:url\" content=\"https:\/\/cntnmcb.com\/pt\/produto\/mcb-plug-in-type-zmb1\/\" \/>\n<meta property=\"og:site_name\" content=\"Zhejiang CNTN Electric Co.,Ltd\" \/>\n<meta property=\"article:modified_time\" content=\"2025-12-11T07:50:59+00:00\" \/>\n<meta property=\"og:image\" content=\"https:\/\/cntnmcb.com\/wp-content\/uploads\/2025\/08\/\u7a7a\u6c14\u5f00\u5173-11.jpg\" \/>\n\t<meta property=\"og:image:width\" content=\"640\" \/>\n\t<meta property=\"og:image:height\" content=\"640\" \/>\n\t<meta property=\"og:image:type\" content=\"image\/jpeg\" \/>\n<meta name=\"twitter:card\" content=\"summary_large_image\" \/>\n<meta name=\"twitter:label1\" content=\"Est. tempo de leitura\" \/>\n\t<meta name=\"twitter:data1\" content=\"1 minuto\" \/>\n<script type=\"application\/ld+json\" class=\"yoast-schema-graph\">{\"@context\":\"https:\\\/\\\/schema.org\",\"@graph\":[{\"@type\":\"WebPage\",\"@id\":\"https:\\\/\\\/cntnmcb.com\\\/product\\\/mcb-plug-in-type-zmb1\\\/\",\"url\":\"https:\\\/\\\/cntnmcb.com\\\/product\\\/mcb-plug-in-type-zmb1\\\/\",\"name\":\"MCB Plug In Type ZMB1 - Zhejiang CNTN Electric Co.,Ltd\",\"isPartOf\":{\"@id\":\"https:\\\/\\\/cntnmcb.com\\\/#website\"},\"primaryImageOfPage\":{\"@id\":\"https:\\\/\\\/cntnmcb.com\\\/product\\\/mcb-plug-in-type-zmb1\\\/#primaryimage\"},\"image\":{\"@id\":\"https:\\\/\\\/cntnmcb.com\\\/product\\\/mcb-plug-in-type-zmb1\\\/#primaryimage\"},\"thumbnailUrl\":\"https:\\\/\\\/cntnmcb.com\\\/wp-content\\\/uploads\\\/2025\\\/08\\\/\u7a7a\u6c14\u5f00\u5173-11.jpg\",\"datePublished\":\"2025-08-02T01:14:16+00:00\",\"dateModified\":\"2025-12-11T07:50:59+00:00\",\"description\":\"Our MCB Plug In Type (Plug-in MCBs)No complicated wiring disassembly requiredControlled power-off rangeClick to learn more\",\"breadcrumb\":{\"@id\":\"https:\\\/\\\/cntnmcb.com\\\/product\\\/mcb-plug-in-type-zmb1\\\/#breadcrumb\"},\"inLanguage\":\"pt-BR\",\"potentialAction\":[{\"@type\":\"ReadAction\",\"target\":[\"https:\\\/\\\/cntnmcb.com\\\/product\\\/mcb-plug-in-type-zmb1\\\/\"]}]},{\"@type\":\"ImageObject\",\"inLanguage\":\"pt-BR\",\"@id\":\"https:\\\/\\\/cntnmcb.com\\\/product\\\/mcb-plug-in-type-zmb1\\\/#primaryimage\",\"url\":\"https:\\\/\\\/cntnmcb.com\\\/wp-content\\\/uploads\\\/2025\\\/08\\\/\u7a7a\u6c14\u5f00\u5173-11.jpg\",\"contentUrl\":\"https:\\\/\\\/cntnmcb.com\\\/wp-content\\\/uploads\\\/2025\\\/08\\\/\u7a7a\u6c14\u5f00\u5173-11.jpg\",\"width\":640,\"height\":640,\"caption\":\"MCB Plug In Type ZMB1\"},{\"@type\":\"BreadcrumbList\",\"@id\":\"https:\\\/\\\/cntnmcb.com\\\/product\\\/mcb-plug-in-type-zmb1\\\/#breadcrumb\",\"itemListElement\":[{\"@type\":\"ListItem\",\"position\":1,\"name\":\"Home\",\"item\":\"https:\\\/\\\/cntnmcb.com\\\/\"},{\"@type\":\"ListItem\",\"position\":2,\"name\":\"Products\",\"item\":\"https:\\\/\\\/cntnmcb.com\\\/products\\\/\"},{\"@type\":\"ListItem\",\"position\":3,\"name\":\"MCB Plug In Type ZMB1\"}]},{\"@type\":\"WebSite\",\"@id\":\"https:\\\/\\\/cntnmcb.com\\\/#website\",\"url\":\"https:\\\/\\\/cntnmcb.com\\\/\",\"name\":\"Zhejiang CNTN Electric Co.,Ltd\",\"description\":\"We are China MCB, MCCB, ACB, panel meter, energy meter manufacturer\",\"publisher\":{\"@id\":\"https:\\\/\\\/cntnmcb.com\\\/#organization\"},\"alternateName\":\"Zhejiang CNTN Electric Co.,Ltd\",\"potentialAction\":[{\"@type\":\"SearchAction\",\"target\":{\"@type\":\"EntryPoint\",\"urlTemplate\":\"https:\\\/\\\/cntnmcb.com\\\/?s={search_term_string}\"},\"query-input\":{\"@type\":\"PropertyValueSpecification\",\"valueRequired\":true,\"valueName\":\"search_term_string\"}}],\"inLanguage\":\"pt-BR\"},{\"@type\":\"Organization\",\"@id\":\"https:\\\/\\\/cntnmcb.com\\\/#organization\",\"name\":\"Zhejiang CNTN Electric Co.,Ltd\",\"alternateName\":\"Zhejiang CNTN Electric Co.,Ltd\",\"url\":\"https:\\\/\\\/cntnmcb.com\\\/\",\"logo\":{\"@type\":\"ImageObject\",\"inLanguage\":\"pt-BR\",\"@id\":\"https:\\\/\\\/cntnmcb.com\\\/#\\\/schema\\\/logo\\\/image\\\/\",\"url\":\"https:\\\/\\\/cntnmcb.com\\\/wp-content\\\/uploads\\\/2025\\\/05\\\/CNTN-LOGO.webp\",\"contentUrl\":\"https:\\\/\\\/cntnmcb.com\\\/wp-content\\\/uploads\\\/2025\\\/05\\\/CNTN-LOGO.webp\",\"width\":768,\"height\":236,\"caption\":\"Zhejiang CNTN Electric Co.,Ltd\"},\"image\":{\"@id\":\"https:\\\/\\\/cntnmcb.com\\\/#\\\/schema\\\/logo\\\/image\\\/\"}}]}<\/script>\n<!-- \/ Yoast SEO Premium plugin. -->","yoast_head_json":{"title":"Plugue MCB tipo ZMB1 - Zhejiang CNTN Electric Co.,Ltd","description":"Nosso tipo de plugue MCB (MCBs plug\u00e1veis) N\u00e3o \u00e9 necess\u00e1ria nenhuma desmontagem complicada da fia\u00e7\u00e3o Faixa de desligamento controlada Clique para saber mais","robots":{"index":"index","follow":"follow","max-snippet":"max-snippet:-1","max-image-preview":"max-image-preview:large","max-video-preview":"max-video-preview:-1"},"canonical":"https:\/\/cntnmcb.com\/pt\/produto\/mcb-plug-in-type-zmb1\/","og_locale":"pt_BR","og_type":"article","og_title":"MCB Plug In Type ZMB1","og_description":"Our MCB Plug In Type (Plug-in MCBs)No complicated wiring disassembly requiredControlled power-off rangeClick to learn more","og_url":"https:\/\/cntnmcb.com\/pt\/produto\/mcb-plug-in-type-zmb1\/","og_site_name":"Zhejiang CNTN Electric Co.,Ltd","article_modified_time":"2025-12-11T07:50:59+00:00","og_image":[{"width":640,"height":640,"url":"https:\/\/cntnmcb.com\/wp-content\/uploads\/2025\/08\/\u7a7a\u6c14\u5f00\u5173-11.jpg","type":"image\/jpeg"}],"twitter_card":"summary_large_image","twitter_misc":{"Est. tempo de leitura":"1 minuto"},"schema":{"@context":"https:\/\/schema.org","@graph":[{"@type":"WebPage","@id":"https:\/\/cntnmcb.com\/product\/mcb-plug-in-type-zmb1\/","url":"https:\/\/cntnmcb.com\/product\/mcb-plug-in-type-zmb1\/","name":"Plugue MCB tipo ZMB1 - Zhejiang CNTN Electric Co.,Ltd","isPartOf":{"@id":"https:\/\/cntnmcb.com\/#website"},"primaryImageOfPage":{"@id":"https:\/\/cntnmcb.com\/product\/mcb-plug-in-type-zmb1\/#primaryimage"},"image":{"@id":"https:\/\/cntnmcb.com\/product\/mcb-plug-in-type-zmb1\/#primaryimage"},"thumbnailUrl":"https:\/\/cntnmcb.com\/wp-content\/uploads\/2025\/08\/\u7a7a\u6c14\u5f00\u5173-11.jpg","datePublished":"2025-08-02T01:14:16+00:00","dateModified":"2025-12-11T07:50:59+00:00","description":"Nosso tipo de plugue MCB (MCBs plug\u00e1veis) N\u00e3o \u00e9 necess\u00e1ria nenhuma desmontagem complicada da fia\u00e7\u00e3o Faixa de desligamento controlada Clique para saber mais","breadcrumb":{"@id":"https:\/\/cntnmcb.com\/product\/mcb-plug-in-type-zmb1\/#breadcrumb"},"inLanguage":"pt-BR","potentialAction":[{"@type":"ReadAction","target":["https:\/\/cntnmcb.com\/product\/mcb-plug-in-type-zmb1\/"]}]},{"@type":"ImageObject","inLanguage":"pt-BR","@id":"https:\/\/cntnmcb.com\/product\/mcb-plug-in-type-zmb1\/#primaryimage","url":"https:\/\/cntnmcb.com\/wp-content\/uploads\/2025\/08\/\u7a7a\u6c14\u5f00\u5173-11.jpg","contentUrl":"https:\/\/cntnmcb.com\/wp-content\/uploads\/2025\/08\/\u7a7a\u6c14\u5f00\u5173-11.jpg","width":640,"height":640,"caption":"MCB Plug In Type ZMB1"},{"@type":"BreadcrumbList","@id":"https:\/\/cntnmcb.com\/product\/mcb-plug-in-type-zmb1\/#breadcrumb","itemListElement":[{"@type":"ListItem","position":1,"name":"Home","item":"https:\/\/cntnmcb.com\/"},{"@type":"ListItem","position":2,"name":"Products","item":"https:\/\/cntnmcb.com\/products\/"},{"@type":"ListItem","position":3,"name":"MCB Plug In Type ZMB1"}]},{"@type":"WebSite","@id":"https:\/\/cntnmcb.com\/#website","url":"https:\/\/cntnmcb.com\/","name":"Zhejiang CNTN Electric Co.,Ltd","description":"Somos um fabricante chin\u00eas de MCB, MCCB, ACB, medidor de painel e medidor de energia","publisher":{"@id":"https:\/\/cntnmcb.com\/#organization"},"alternateName":"Zhejiang CNTN Electric Co.,Ltd","potentialAction":[{"@type":"SearchAction","target":{"@type":"EntryPoint","urlTemplate":"https:\/\/cntnmcb.com\/?s={search_term_string}"},"query-input":{"@type":"PropertyValueSpecification","valueRequired":true,"valueName":"search_term_string"}}],"inLanguage":"pt-BR"},{"@type":"Organization","@id":"https:\/\/cntnmcb.com\/#organization","name":"Zhejiang CNTN Electric Co.,Ltd","alternateName":"Zhejiang CNTN Electric Co.,Ltd","url":"https:\/\/cntnmcb.com\/","logo":{"@type":"ImageObject","inLanguage":"pt-BR","@id":"https:\/\/cntnmcb.com\/#\/schema\/logo\/image\/","url":"https:\/\/cntnmcb.com\/wp-content\/uploads\/2025\/05\/CNTN-LOGO.webp","contentUrl":"https:\/\/cntnmcb.com\/wp-content\/uploads\/2025\/05\/CNTN-LOGO.webp","width":768,"height":236,"caption":"Zhejiang CNTN Electric Co.,Ltd"},"image":{"@id":"https:\/\/cntnmcb.com\/#\/schema\/logo\/image\/"}}]}},"_links":{"self":[{"href":"https:\/\/cntnmcb.com\/pt\/wp-json\/wp\/v2\/product\/6151","targetHints":{"allow":["GET"]}}],"collection":[{"href":"https:\/\/cntnmcb.com\/pt\/wp-json\/wp\/v2\/product"}],"about":[{"href":"https:\/\/cntnmcb.com\/pt\/wp-json\/wp\/v2\/types\/product"}],"wp:featuredmedia":[{"embeddable":true,"href":"https:\/\/cntnmcb.com\/pt\/wp-json\/wp\/v2\/media\/6344"}],"wp:attachment":[{"href":"https:\/\/cntnmcb.com\/pt\/wp-json\/wp\/v2\/media?parent=6151"}],"wp:term":[{"taxonomy":"product_brand","embeddable":true,"href":"https:\/\/cntnmcb.com\/pt\/wp-json\/wp\/v2\/product_brand?post=6151"},{"taxonomy":"product_cat","embeddable":true,"href":"https:\/\/cntnmcb.com\/pt\/wp-json\/wp\/v2\/product_cat?post=6151"},{"taxonomy":"product_tag","embeddable":true,"href":"https:\/\/cntnmcb.com\/pt\/wp-json\/wp\/v2\/product_tag?post=6151"}],"curies":[{"name":"wp","href":"https:\/\/api.w.org\/{rel}","templated":true}]}}