{"id":6340,"date":"2025-08-22T07:32:06","date_gmt":"2025-08-22T07:32:06","guid":{"rendered":"https:\/\/cntnmcb.com\/?post_type=product&#038;p=6340"},"modified":"2026-03-13T11:51:45","modified_gmt":"2026-03-13T11:51:45","slug":"100a-4-pole-contactor-zmb1","status":"publish","type":"product","link":"https:\/\/cntnmcb.com\/pt\/product\/100a-4-pole-contactor-zmb1\/","title":{"rendered":"Contator de 100A com 4 polos ZMB1"},"content":{"rendered":"<h2 class=\"header-vfC6AV auto-hide-last-sibling-br\">Introdu\u00e7\u00e3o:<\/h2>\n<ul>\n<li>Um contator de 4 polos de 100A \u00e9 um dispositivo controlado eletromagneticamente usado para conectar ou desconectar circuitos principais de CA.<br \/>\nEle \u00e9 amplamente utilizado em \u00e1reas como acionamentos el\u00e9tricos, eletrodom\u00e9sticos e automa\u00e7\u00e3o industrial.<br \/>\nSua principal fun\u00e7\u00e3o \u00e9 controlar um \u201ccircuito principal de alta corrente\u201d por meio de um \u201ccircuito de controle de baixa corrente\u201d, permitindo assim a partida, a parada, a opera\u00e7\u00e3o de avan\u00e7o\/retrocesso e outras fun\u00e7\u00f5es de controle para cargas de alta pot\u00eancia, como motores e aquecedores.<\/li>\n<li>O contator de 4 polos de 100A fabricado pela <span style=\"color: #ff0000;\"><a style=\"color: #ff0000;\" href=\"https:\/\/cntnmcb.com\/pt\/\">CNTN<\/a><\/span> A efici\u00eancia el\u00e9trica permite o \u201ccontrole de baixa corrente de alta corrente\u201d, simplificando assim os circuitos de controle.<\/li>\n<\/ul>","protected":false},"excerpt":{"rendered":"<ol class=\"auto-hide-last-sibling-br\">\n<li>Forte capacidade de controle remoto<\/li>\n<li>Capacidade de suportar grandes correntes e cargas<\/li>\n<li>A\u00e7\u00e3o r\u00e1pida e alta confiabilidade<\/li>\n<li>Capacidade de fun\u00e7\u00e3o de prote\u00e7\u00e3o expans\u00edvel<\/li>\n<li>Projeto padronizado, instala\u00e7\u00e3o e manuten\u00e7\u00e3o convenientes<\/li>\n<li>Adaptabilidade a ambientes complexos<\/li>\n<\/ol>","protected":false},"featured_media":7445,"template":"","meta":{"site-sidebar-layout":"default","site-content-layout":"","ast-site-content-layout":"default","site-content-style":"default","site-sidebar-style":"default","ast-global-header-display":"","ast-banner-title-visibility":"","ast-main-header-display":"","ast-hfb-above-header-display":"","ast-hfb-below-header-display":"","ast-hfb-mobile-header-display":"","site-post-title":"","ast-breadcrumbs-content":"","ast-featured-img":"","footer-sml-layout":"","ast-disable-related-posts":"","theme-transparent-header-meta":"default","adv-header-id-meta":"","stick-header-meta":"","header-above-stick-meta":"","header-main-stick-meta":"","header-below-stick-meta":"","astra-migrate-meta-layouts":"set","ast-page-background-enabled":"default","ast-page-background-meta":{"desktop":{"background-color":"","background-image":"","background-repeat":"repeat","background-position":"center center","background-size":"auto","background-attachment":"scroll","background-type":"","background-media":"","overlay-type":"","overlay-color":"","overlay-opacity":"","overlay-gradient":""},"tablet":{"background-color":"","background-image":"","background-repeat":"repeat","background-position":"center center","background-size":"auto","background-attachment":"scroll","background-type":"","background-media":"","overlay-type":"","overlay-color":"","overlay-opacity":"","overlay-gradient":""},"mobile":{"background-color":"","background-image":"","background-repeat":"repeat","background-position":"center center","background-size":"auto","background-attachment":"scroll","background-type":"","background-media":"","overlay-type":"","overlay-color":"","overlay-opacity":"","overlay-gradient":""}},"ast-content-background-meta":{"desktop":{"background-color":"var(--ast-global-color-5)","background-image":"","background-repeat":"repeat","background-position":"center center","background-size":"auto","background-attachment":"scroll","background-type":"","background-media":"","overlay-type":"","overlay-color":"","overlay-opacity":"","overlay-gradient":""},"tablet":{"background-color":"var(--ast-global-color-5)","background-image":"","background-repeat":"repeat","background-position":"center center","background-size":"auto","background-attachment":"scroll","background-type":"","background-media":"","overlay-type":"","overlay-color":"","overlay-opacity":"","overlay-gradient":""},"mobile":{"background-color":"var(--ast-global-color-5)","background-image":"","background-repeat":"repeat","background-position":"center center","background-size":"auto","background-attachment":"scroll","background-type":"","background-media":"","overlay-type":"","overlay-color":"","overlay-opacity":"","overlay-gradient":""}}},"product_brand":[],"product_cat":[60,35],"product_tag":[],"class_list":{"0":"post-6340","1":"product","2":"type-product","3":"status-publish","4":"has-post-thumbnail","6":"product_cat-ac-contactor","7":"product_cat-low-voltage","8":"desktop-align-center","9":"tablet-align-left","10":"mobile-align-left","12":"first","13":"instock","14":"shipping-taxable","15":"product-type-simple"},"yoast_head":"<!-- This site is optimized with the Yoast SEO Premium plugin v25.0 (Yoast SEO v27.5) - https:\/\/yoast.com\/product\/yoast-seo-premium-wordpress\/ -->\n<title>100A 4 Pole Contactor ZMB1 - Zhejiang CNTN Electric Co.,Ltd<\/title>\n<meta name=\"description\" content=\"Our 100A 4 Pole Contactor feature high load capacity, long service life, and adaptability to complex working conditions. Click to learn more.\" \/>\n<meta name=\"robots\" content=\"index, follow, max-snippet:-1, max-image-preview:large, max-video-preview:-1\" \/>\n<link rel=\"canonical\" href=\"https:\/\/cntnmcb.com\/pt\/produto\/100a-4-pole-contactor-zmb1\/\" \/>\n<meta property=\"og:locale\" content=\"pt_BR\" \/>\n<meta property=\"og:type\" content=\"article\" \/>\n<meta property=\"og:title\" content=\"100A 4 Pole Contactor ZMB1\" \/>\n<meta property=\"og:description\" content=\"Our 100A 4 Pole Contactor feature high load capacity, long service life, and adaptability to complex working conditions. Click to learn more.\" \/>\n<meta property=\"og:url\" content=\"https:\/\/cntnmcb.com\/pt\/produto\/100a-4-pole-contactor-zmb1\/\" \/>\n<meta property=\"og:site_name\" content=\"Zhejiang CNTN Electric Co.,Ltd\" \/>\n<meta property=\"article:modified_time\" content=\"2026-03-13T11:51:45+00:00\" \/>\n<meta property=\"og:image\" content=\"https:\/\/cntnmcb.com\/wp-content\/uploads\/2025\/08\/\u4ea4\u6d41\u63a5\u89e6\u5668-1-2.jpg\" \/>\n\t<meta property=\"og:image:width\" content=\"640\" \/>\n\t<meta property=\"og:image:height\" content=\"640\" \/>\n\t<meta property=\"og:image:type\" content=\"image\/jpeg\" \/>\n<meta name=\"twitter:card\" content=\"summary_large_image\" \/>\n<meta name=\"twitter:label1\" content=\"Est. tempo de leitura\" \/>\n\t<meta name=\"twitter:data1\" content=\"1 minuto\" \/>\n<script type=\"application\/ld+json\" class=\"yoast-schema-graph\">{\"@context\":\"https:\\\/\\\/schema.org\",\"@graph\":[{\"@type\":\"WebPage\",\"@id\":\"https:\\\/\\\/cntnmcb.com\\\/product\\\/100a-4-pole-contactor-zmb1\\\/\",\"url\":\"https:\\\/\\\/cntnmcb.com\\\/product\\\/100a-4-pole-contactor-zmb1\\\/\",\"name\":\"100A 4 Pole Contactor ZMB1 - Zhejiang CNTN Electric Co.,Ltd\",\"isPartOf\":{\"@id\":\"https:\\\/\\\/cntnmcb.com\\\/#website\"},\"primaryImageOfPage\":{\"@id\":\"https:\\\/\\\/cntnmcb.com\\\/product\\\/100a-4-pole-contactor-zmb1\\\/#primaryimage\"},\"image\":{\"@id\":\"https:\\\/\\\/cntnmcb.com\\\/product\\\/100a-4-pole-contactor-zmb1\\\/#primaryimage\"},\"thumbnailUrl\":\"https:\\\/\\\/cntnmcb.com\\\/wp-content\\\/uploads\\\/2025\\\/08\\\/\u4ea4\u6d41\u63a5\u89e6\u5668-1-2.jpg\",\"datePublished\":\"2025-08-22T07:32:06+00:00\",\"dateModified\":\"2026-03-13T11:51:45+00:00\",\"description\":\"Our 100A 4 Pole Contactor feature high load capacity, long service life, and adaptability to complex working conditions. Click to learn more.\",\"breadcrumb\":{\"@id\":\"https:\\\/\\\/cntnmcb.com\\\/product\\\/100a-4-pole-contactor-zmb1\\\/#breadcrumb\"},\"inLanguage\":\"pt-BR\",\"potentialAction\":[{\"@type\":\"ReadAction\",\"target\":[\"https:\\\/\\\/cntnmcb.com\\\/product\\\/100a-4-pole-contactor-zmb1\\\/\"]}]},{\"@type\":\"ImageObject\",\"inLanguage\":\"pt-BR\",\"@id\":\"https:\\\/\\\/cntnmcb.com\\\/product\\\/100a-4-pole-contactor-zmb1\\\/#primaryimage\",\"url\":\"https:\\\/\\\/cntnmcb.com\\\/wp-content\\\/uploads\\\/2025\\\/08\\\/\u4ea4\u6d41\u63a5\u89e6\u5668-1-2.jpg\",\"contentUrl\":\"https:\\\/\\\/cntnmcb.com\\\/wp-content\\\/uploads\\\/2025\\\/08\\\/\u4ea4\u6d41\u63a5\u89e6\u5668-1-2.jpg\",\"width\":640,\"height\":640,\"caption\":\"100A 4 Pole Contactor ZMB1\"},{\"@type\":\"BreadcrumbList\",\"@id\":\"https:\\\/\\\/cntnmcb.com\\\/product\\\/100a-4-pole-contactor-zmb1\\\/#breadcrumb\",\"itemListElement\":[{\"@type\":\"ListItem\",\"position\":1,\"name\":\"Home\",\"item\":\"https:\\\/\\\/cntnmcb.com\\\/\"},{\"@type\":\"ListItem\",\"position\":2,\"name\":\"Products\",\"item\":\"https:\\\/\\\/cntnmcb.com\\\/products\\\/\"},{\"@type\":\"ListItem\",\"position\":3,\"name\":\"100A 4 Pole Contactor ZMB1\"}]},{\"@type\":\"WebSite\",\"@id\":\"https:\\\/\\\/cntnmcb.com\\\/#website\",\"url\":\"https:\\\/\\\/cntnmcb.com\\\/\",\"name\":\"Zhejiang CNTN Electric Co.,Ltd\",\"description\":\"We are China MCB, MCCB, ACB, panel meter, energy meter manufacturer\",\"publisher\":{\"@id\":\"https:\\\/\\\/cntnmcb.com\\\/#organization\"},\"alternateName\":\"Zhejiang CNTN Electric Co.,Ltd\",\"potentialAction\":[{\"@type\":\"SearchAction\",\"target\":{\"@type\":\"EntryPoint\",\"urlTemplate\":\"https:\\\/\\\/cntnmcb.com\\\/?s={search_term_string}\"},\"query-input\":{\"@type\":\"PropertyValueSpecification\",\"valueRequired\":true,\"valueName\":\"search_term_string\"}}],\"inLanguage\":\"pt-BR\"},{\"@type\":\"Organization\",\"@id\":\"https:\\\/\\\/cntnmcb.com\\\/#organization\",\"name\":\"Zhejiang CNTN Electric Co.,Ltd\",\"alternateName\":\"Zhejiang CNTN Electric Co.,Ltd\",\"url\":\"https:\\\/\\\/cntnmcb.com\\\/\",\"logo\":{\"@type\":\"ImageObject\",\"inLanguage\":\"pt-BR\",\"@id\":\"https:\\\/\\\/cntnmcb.com\\\/#\\\/schema\\\/logo\\\/image\\\/\",\"url\":\"https:\\\/\\\/cntnmcb.com\\\/wp-content\\\/uploads\\\/2025\\\/05\\\/CNTN-LOGO.webp\",\"contentUrl\":\"https:\\\/\\\/cntnmcb.com\\\/wp-content\\\/uploads\\\/2025\\\/05\\\/CNTN-LOGO.webp\",\"width\":768,\"height\":236,\"caption\":\"Zhejiang CNTN Electric Co.,Ltd\"},\"image\":{\"@id\":\"https:\\\/\\\/cntnmcb.com\\\/#\\\/schema\\\/logo\\\/image\\\/\"}}]}<\/script>\n<!-- \/ Yoast SEO Premium plugin. -->","yoast_head_json":{"title":"Contator de 4 polos 100A ZMB1 - Zhejiang CNTN Electric Co.,Ltd","description":"Nosso contator de 100A com 4 polos apresenta alta capacidade de carga, longa vida \u00fatil e adaptabilidade a condi\u00e7\u00f5es de trabalho complexas. Clique para saber mais.","robots":{"index":"index","follow":"follow","max-snippet":"max-snippet:-1","max-image-preview":"max-image-preview:large","max-video-preview":"max-video-preview:-1"},"canonical":"https:\/\/cntnmcb.com\/pt\/produto\/100a-4-pole-contactor-zmb1\/","og_locale":"pt_BR","og_type":"article","og_title":"100A 4 Pole Contactor ZMB1","og_description":"Our 100A 4 Pole Contactor feature high load capacity, long service life, and adaptability to complex working conditions. Click to learn more.","og_url":"https:\/\/cntnmcb.com\/pt\/produto\/100a-4-pole-contactor-zmb1\/","og_site_name":"Zhejiang CNTN Electric Co.,Ltd","article_modified_time":"2026-03-13T11:51:45+00:00","og_image":[{"width":640,"height":640,"url":"https:\/\/cntnmcb.com\/wp-content\/uploads\/2025\/08\/\u4ea4\u6d41\u63a5\u89e6\u5668-1-2.jpg","type":"image\/jpeg"}],"twitter_card":"summary_large_image","twitter_misc":{"Est. tempo de leitura":"1 minuto"},"schema":{"@context":"https:\/\/schema.org","@graph":[{"@type":"WebPage","@id":"https:\/\/cntnmcb.com\/product\/100a-4-pole-contactor-zmb1\/","url":"https:\/\/cntnmcb.com\/product\/100a-4-pole-contactor-zmb1\/","name":"Contator de 4 polos 100A ZMB1 - Zhejiang CNTN Electric Co.,Ltd","isPartOf":{"@id":"https:\/\/cntnmcb.com\/#website"},"primaryImageOfPage":{"@id":"https:\/\/cntnmcb.com\/product\/100a-4-pole-contactor-zmb1\/#primaryimage"},"image":{"@id":"https:\/\/cntnmcb.com\/product\/100a-4-pole-contactor-zmb1\/#primaryimage"},"thumbnailUrl":"https:\/\/cntnmcb.com\/wp-content\/uploads\/2025\/08\/\u4ea4\u6d41\u63a5\u89e6\u5668-1-2.jpg","datePublished":"2025-08-22T07:32:06+00:00","dateModified":"2026-03-13T11:51:45+00:00","description":"Nosso contator de 100A com 4 polos apresenta alta capacidade de carga, longa vida \u00fatil e adaptabilidade a condi\u00e7\u00f5es de trabalho complexas. Clique para saber mais.","breadcrumb":{"@id":"https:\/\/cntnmcb.com\/product\/100a-4-pole-contactor-zmb1\/#breadcrumb"},"inLanguage":"pt-BR","potentialAction":[{"@type":"ReadAction","target":["https:\/\/cntnmcb.com\/product\/100a-4-pole-contactor-zmb1\/"]}]},{"@type":"ImageObject","inLanguage":"pt-BR","@id":"https:\/\/cntnmcb.com\/product\/100a-4-pole-contactor-zmb1\/#primaryimage","url":"https:\/\/cntnmcb.com\/wp-content\/uploads\/2025\/08\/\u4ea4\u6d41\u63a5\u89e6\u5668-1-2.jpg","contentUrl":"https:\/\/cntnmcb.com\/wp-content\/uploads\/2025\/08\/\u4ea4\u6d41\u63a5\u89e6\u5668-1-2.jpg","width":640,"height":640,"caption":"100A 4 Pole Contactor ZMB1"},{"@type":"BreadcrumbList","@id":"https:\/\/cntnmcb.com\/product\/100a-4-pole-contactor-zmb1\/#breadcrumb","itemListElement":[{"@type":"ListItem","position":1,"name":"Home","item":"https:\/\/cntnmcb.com\/"},{"@type":"ListItem","position":2,"name":"Products","item":"https:\/\/cntnmcb.com\/products\/"},{"@type":"ListItem","position":3,"name":"100A 4 Pole Contactor ZMB1"}]},{"@type":"WebSite","@id":"https:\/\/cntnmcb.com\/#website","url":"https:\/\/cntnmcb.com\/","name":"Zhejiang CNTN Electric Co.,Ltd","description":"Somos um fabricante chin\u00eas de MCB, MCCB, ACB, medidor de painel e medidor de energia","publisher":{"@id":"https:\/\/cntnmcb.com\/#organization"},"alternateName":"Zhejiang CNTN Electric Co.,Ltd","potentialAction":[{"@type":"SearchAction","target":{"@type":"EntryPoint","urlTemplate":"https:\/\/cntnmcb.com\/?s={search_term_string}"},"query-input":{"@type":"PropertyValueSpecification","valueRequired":true,"valueName":"search_term_string"}}],"inLanguage":"pt-BR"},{"@type":"Organization","@id":"https:\/\/cntnmcb.com\/#organization","name":"Zhejiang CNTN Electric Co.,Ltd","alternateName":"Zhejiang CNTN Electric Co.,Ltd","url":"https:\/\/cntnmcb.com\/","logo":{"@type":"ImageObject","inLanguage":"pt-BR","@id":"https:\/\/cntnmcb.com\/#\/schema\/logo\/image\/","url":"https:\/\/cntnmcb.com\/wp-content\/uploads\/2025\/05\/CNTN-LOGO.webp","contentUrl":"https:\/\/cntnmcb.com\/wp-content\/uploads\/2025\/05\/CNTN-LOGO.webp","width":768,"height":236,"caption":"Zhejiang CNTN Electric Co.,Ltd"},"image":{"@id":"https:\/\/cntnmcb.com\/#\/schema\/logo\/image\/"}}]}},"_links":{"self":[{"href":"https:\/\/cntnmcb.com\/pt\/wp-json\/wp\/v2\/product\/6340","targetHints":{"allow":["GET"]}}],"collection":[{"href":"https:\/\/cntnmcb.com\/pt\/wp-json\/wp\/v2\/product"}],"about":[{"href":"https:\/\/cntnmcb.com\/pt\/wp-json\/wp\/v2\/types\/product"}],"wp:featuredmedia":[{"embeddable":true,"href":"https:\/\/cntnmcb.com\/pt\/wp-json\/wp\/v2\/media\/7445"}],"wp:attachment":[{"href":"https:\/\/cntnmcb.com\/pt\/wp-json\/wp\/v2\/media?parent=6340"}],"wp:term":[{"taxonomy":"product_brand","embeddable":true,"href":"https:\/\/cntnmcb.com\/pt\/wp-json\/wp\/v2\/product_brand?post=6340"},{"taxonomy":"product_cat","embeddable":true,"href":"https:\/\/cntnmcb.com\/pt\/wp-json\/wp\/v2\/product_cat?post=6340"},{"taxonomy":"product_tag","embeddable":true,"href":"https:\/\/cntnmcb.com\/pt\/wp-json\/wp\/v2\/product_tag?post=6340"}],"curies":[{"name":"wp","href":"https:\/\/api.w.org\/{rel}","templated":true}]}}