{"id":7043,"date":"2025-09-06T06:29:15","date_gmt":"2025-09-06T06:29:15","guid":{"rendered":"https:\/\/cntnmcb.com\/?post_type=product&#038;p=7043"},"modified":"2025-09-21T05:53:57","modified_gmt":"2025-09-21T05:53:57","slug":"isolation-fuse-jdw2-0-5","status":"publish","type":"product","link":"https:\/\/cntnmcb.com\/pt\/product\/isolation-fuse-jdw2-0-5\/","title":{"rendered":"Fus\u00edvel de isolamento JDW2-0.5"},"content":{"rendered":"<h2 class=\"header-vfC6AV auto-hide-last-sibling-br\">Introdu\u00e7\u00e3o aos fus\u00edveis de isolamento<\/h2>\n<div class=\"auto-hide-last-sibling-br paragraph-JOTKXA paragraph-element br-paragraph-space\">Um fus\u00edvel isolante \u00e9 um componente essencial em sistemas de energia que combina\u00a0<strong>fun\u00e7\u00e3o de isolamento<\/strong>\u00a0e\u00a0<strong>fun\u00e7\u00e3o de prote\u00e7\u00e3o contra curto-circuito\/sobrecarga<\/strong>\u00a0em um. Ao integrar as fun\u00e7\u00f5es de isolamento e prote\u00e7\u00e3o, simplifica a estrutura do sistema de distribui\u00e7\u00e3o de energia, reduz custos e aumenta a seguran\u00e7a da opera\u00e7\u00e3o e manuten\u00e7\u00e3o por meio das caracter\u00edsticas de\u00a0<strong>pontos de quebra vis\u00edveis<\/strong>\u00a0e\u00a0<strong>extin\u00e7\u00e3o r\u00e1pida do arco<\/strong>.<\/div>\n<h2 class=\"header-vfC6AV auto-hide-last-sibling-br\">Vantagens<\/h2>\n<ol class=\"auto-hide-last-sibling-br\">\n<li>Substitui dois componentes separados e melhora a efici\u00eancia operacional<\/li>\n<li>Corta rapidamente as falhas e evita a escalada de acidentes<\/li>\n<li>Evita erros de opera\u00e7\u00e3o e apresenta forte adaptabilidade<\/li>\n<li>Reduz os custos com equipamentos<\/li>\n<li>\u00c9 adapt\u00e1vel a v\u00e1rios cen\u00e1rios de distribui\u00e7\u00e3o de energia<\/li>\n<\/ol>\n<h2 class=\"header-vfC6AV auto-hide-last-sibling-br\">Como funciona um fus\u00edvel isolante?<\/h2>\n<div class=\"auto-hide-last-sibling-br paragraph-JOTKXA paragraph-element br-paragraph-space\">O princ\u00edpio de funcionamento de um fus\u00edvel isolante baseia-se na fus\u00e3o t\u00e9rmica e na ruptura do seu elemento fus\u00edvel interno para obter prote\u00e7\u00e3o contra falhas. Possui uma caixa isolante, que evita o vazamento de arco quando o fus\u00edvel derrete.<\/div>\n<div class=\"container-utlnW2 md-box-line-break wrapper-d0Cc1k undefined\"><\/div>\n<div class=\"auto-hide-last-sibling-br paragraph-JOTKXA paragraph-element br-paragraph-space\">Quando ocorre uma falha no circuito (por exemplo, curto-circuito ou sobrecarga), o elemento fus\u00edvel derrete e se rompe rapidamente, for\u00e7ando o circuito a se desconectar. Isso efetivamente corta a falha e evita riscos potenciais.<\/div>\n<div class=\"container-utlnW2 md-box-line-break wrapper-d0Cc1k undefined\"><\/div>\n<div class=\"auto-hide-last-sibling-br paragraph-JOTKXA paragraph-element br-paragraph-space\">Deve-se observar que, uma vez que o elemento fus\u00edvel se rompa, ele n\u00e3o pode ser reutilizado. Para restaurar a fun\u00e7\u00e3o de prote\u00e7\u00e3o, um novo elemento fus\u00edvel deve ser substitu\u00eddo. Ap\u00f3s a substitui\u00e7\u00e3o do elemento fus\u00edvel, os contatos m\u00f3veis e fixos precisam ser religados para restaurar a condu\u00e7\u00e3o do circuito.<\/div>\n<div class=\"container-utlnW2 md-box-line-break wrapper-d0Cc1k undefined\"><\/div>\n<div class=\"auto-hide-last-sibling-br paragraph-JOTKXA paragraph-element br-paragraph-space\">Em termos simples, um fus\u00edvel isolante atua como um \u201ccondutor\u201d durante a opera\u00e7\u00e3o normal, uma \u201ctesoura\u201d (para cortar falhas) quando ocorre uma falha no circuito e um \u201cport\u00e3o\u201d (para isolar o circuito) durante a manuten\u00e7\u00e3o.<\/div>\n<div class=\"container-utlnW2 md-box-line-break wrapper-d0Cc1k undefined\"><\/div>\n<div class=\"auto-hide-last-sibling-br paragraph-JOTKXA paragraph-element br-paragraph-space\">Se desejar saber mais sobre as fun\u00e7\u00f5es dos fus\u00edveis, entre em contato conosco. Oferecemos atendimento online 24 horas por dia, 7 dias por semana, com garantia de resposta em 2 horas.<\/div>\n<p>&nbsp;<\/p>\n<p>&nbsp;<\/p>","protected":false},"excerpt":{"rendered":"<ol class=\"auto-hide-last-sibling-br\">\n<li>Integra fun\u00e7\u00f5es duplas, simplificando a estrutura do sistema<\/li>\n<li>Garante a seguran\u00e7a da manuten\u00e7\u00e3o e cumpre as especifica\u00e7\u00f5es el\u00e9tricas<\/li>\n<li>Apresenta resposta de prote\u00e7\u00e3o direta e alta confiabilidade<\/li>\n<li>Baixos custos de opera\u00e7\u00e3o e manuten\u00e7\u00e3o com substitui\u00e7\u00e3o conveniente<\/li>\n<\/ol>","protected":false},"featured_media":7044,"template":"","meta":{"site-sidebar-layout":"default","site-content-layout":"","ast-site-content-layout":"default","site-content-style":"default","site-sidebar-style":"default","ast-global-header-display":"","ast-banner-title-visibility":"","ast-main-header-display":"","ast-hfb-above-header-display":"","ast-hfb-below-header-display":"","ast-hfb-mobile-header-display":"","site-post-title":"","ast-breadcrumbs-content":"","ast-featured-img":"","footer-sml-layout":"","ast-disable-related-posts":"","theme-transparent-header-meta":"default","adv-header-id-meta":"","stick-header-meta":"","header-above-stick-meta":"","header-main-stick-meta":"","header-below-stick-meta":"","astra-migrate-meta-layouts":"set","ast-page-background-enabled":"default","ast-page-background-meta":{"desktop":{"background-color":"","background-image":"","background-repeat":"repeat","background-position":"center center","background-size":"auto","background-attachment":"scroll","background-type":"","background-media":"","overlay-type":"","overlay-color":"","overlay-opacity":"","overlay-gradient":""},"tablet":{"background-color":"","background-image":"","background-repeat":"repeat","background-position":"center center","background-size":"auto","background-attachment":"scroll","background-type":"","background-media":"","overlay-type":"","overlay-color":"","overlay-opacity":"","overlay-gradient":""},"mobile":{"background-color":"","background-image":"","background-repeat":"repeat","background-position":"center center","background-size":"auto","background-attachment":"scroll","background-type":"","background-media":"","overlay-type":"","overlay-color":"","overlay-opacity":"","overlay-gradient":""}},"ast-content-background-meta":{"desktop":{"background-color":"var(--ast-global-color-5)","background-image":"","background-repeat":"repeat","background-position":"center center","background-size":"auto","background-attachment":"scroll","background-type":"","background-media":"","overlay-type":"","overlay-color":"","overlay-opacity":"","overlay-gradient":""},"tablet":{"background-color":"var(--ast-global-color-5)","background-image":"","background-repeat":"repeat","background-position":"center center","background-size":"auto","background-attachment":"scroll","background-type":"","background-media":"","overlay-type":"","overlay-color":"","overlay-opacity":"","overlay-gradient":""},"mobile":{"background-color":"var(--ast-global-color-5)","background-image":"","background-repeat":"repeat","background-position":"center center","background-size":"auto","background-attachment":"scroll","background-type":"","background-media":"","overlay-type":"","overlay-color":"","overlay-opacity":"","overlay-gradient":""}}},"product_brand":[],"product_cat":[59,35],"product_tag":[],"class_list":{"0":"post-7043","1":"product","2":"type-product","3":"status-publish","4":"has-post-thumbnail","6":"product_cat-fast-fuse","7":"product_cat-low-voltage","8":"desktop-align-center","9":"tablet-align-left","10":"mobile-align-left","12":"first","13":"instock","14":"shipping-taxable","15":"product-type-simple"},"yoast_head":"<!-- This site is optimized with the Yoast SEO Premium plugin v25.0 (Yoast SEO v27.5) - https:\/\/yoast.com\/product\/yoast-seo-premium-wordpress\/ -->\n<title>Isolation Fuse JDW2-0.5 - Zhejiang CNTN Electric Co.,Ltd<\/title>\n<meta name=\"description\" content=\"Our Isolation Fuse It is made of ceramic and solid copper. Click to learn more.\" \/>\n<meta name=\"robots\" content=\"index, follow, max-snippet:-1, max-image-preview:large, max-video-preview:-1\" \/>\n<link rel=\"canonical\" href=\"https:\/\/cntnmcb.com\/pt\/produto\/isolation-fuse-jdw2-0-5\/\" \/>\n<meta property=\"og:locale\" content=\"pt_BR\" \/>\n<meta property=\"og:type\" content=\"article\" \/>\n<meta property=\"og:title\" content=\"Isolation Fuse JDW2-0.5\" \/>\n<meta property=\"og:description\" content=\"Our Isolation Fuse It is made of ceramic and solid copper. Click to learn more.\" \/>\n<meta property=\"og:url\" content=\"https:\/\/cntnmcb.com\/pt\/produto\/isolation-fuse-jdw2-0-5\/\" \/>\n<meta property=\"og:site_name\" content=\"Zhejiang CNTN Electric Co.,Ltd\" \/>\n<meta property=\"article:modified_time\" content=\"2025-09-21T05:53:57+00:00\" \/>\n<meta property=\"og:image\" content=\"https:\/\/cntnmcb.com\/wp-content\/uploads\/2025\/09\/JDW2-0.5-\u7194\u65ad\u5f0f\u9694\u79bb\u5f00\u5173.jpg\" \/>\n\t<meta property=\"og:image:width\" content=\"640\" \/>\n\t<meta property=\"og:image:height\" content=\"640\" \/>\n\t<meta property=\"og:image:type\" content=\"image\/jpeg\" \/>\n<meta name=\"twitter:card\" content=\"summary_large_image\" \/>\n<meta name=\"twitter:label1\" content=\"Est. tempo de leitura\" \/>\n\t<meta name=\"twitter:data1\" content=\"2 minutos\" \/>\n<script type=\"application\/ld+json\" class=\"yoast-schema-graph\">{\"@context\":\"https:\\\/\\\/schema.org\",\"@graph\":[{\"@type\":\"WebPage\",\"@id\":\"https:\\\/\\\/cntnmcb.com\\\/product\\\/isolation-fuse-jdw2-0-5\\\/\",\"url\":\"https:\\\/\\\/cntnmcb.com\\\/product\\\/isolation-fuse-jdw2-0-5\\\/\",\"name\":\"Isolation Fuse JDW2-0.5 - Zhejiang CNTN Electric Co.,Ltd\",\"isPartOf\":{\"@id\":\"https:\\\/\\\/cntnmcb.com\\\/#website\"},\"primaryImageOfPage\":{\"@id\":\"https:\\\/\\\/cntnmcb.com\\\/product\\\/isolation-fuse-jdw2-0-5\\\/#primaryimage\"},\"image\":{\"@id\":\"https:\\\/\\\/cntnmcb.com\\\/product\\\/isolation-fuse-jdw2-0-5\\\/#primaryimage\"},\"thumbnailUrl\":\"https:\\\/\\\/cntnmcb.com\\\/wp-content\\\/uploads\\\/2025\\\/09\\\/JDW2-0.5-\u7194\u65ad\u5f0f\u9694\u79bb\u5f00\u5173.jpg\",\"datePublished\":\"2025-09-06T06:29:15+00:00\",\"dateModified\":\"2025-09-21T05:53:57+00:00\",\"description\":\"Our Isolation Fuse It is made of ceramic and solid copper. Click to learn more.\",\"breadcrumb\":{\"@id\":\"https:\\\/\\\/cntnmcb.com\\\/product\\\/isolation-fuse-jdw2-0-5\\\/#breadcrumb\"},\"inLanguage\":\"pt-BR\",\"potentialAction\":[{\"@type\":\"ReadAction\",\"target\":[\"https:\\\/\\\/cntnmcb.com\\\/product\\\/isolation-fuse-jdw2-0-5\\\/\"]}]},{\"@type\":\"ImageObject\",\"inLanguage\":\"pt-BR\",\"@id\":\"https:\\\/\\\/cntnmcb.com\\\/product\\\/isolation-fuse-jdw2-0-5\\\/#primaryimage\",\"url\":\"https:\\\/\\\/cntnmcb.com\\\/wp-content\\\/uploads\\\/2025\\\/09\\\/JDW2-0.5-\u7194\u65ad\u5f0f\u9694\u79bb\u5f00\u5173.jpg\",\"contentUrl\":\"https:\\\/\\\/cntnmcb.com\\\/wp-content\\\/uploads\\\/2025\\\/09\\\/JDW2-0.5-\u7194\u65ad\u5f0f\u9694\u79bb\u5f00\u5173.jpg\",\"width\":640,\"height\":640,\"caption\":\"Isolation Fuse JDW2-0.5\"},{\"@type\":\"BreadcrumbList\",\"@id\":\"https:\\\/\\\/cntnmcb.com\\\/product\\\/isolation-fuse-jdw2-0-5\\\/#breadcrumb\",\"itemListElement\":[{\"@type\":\"ListItem\",\"position\":1,\"name\":\"Home\",\"item\":\"https:\\\/\\\/cntnmcb.com\\\/\"},{\"@type\":\"ListItem\",\"position\":2,\"name\":\"Products\",\"item\":\"https:\\\/\\\/cntnmcb.com\\\/products\\\/\"},{\"@type\":\"ListItem\",\"position\":3,\"name\":\"Isolation Fuse JDW2-0.5\"}]},{\"@type\":\"WebSite\",\"@id\":\"https:\\\/\\\/cntnmcb.com\\\/#website\",\"url\":\"https:\\\/\\\/cntnmcb.com\\\/\",\"name\":\"Zhejiang CNTN Electric Co.,Ltd\",\"description\":\"We are China MCB, MCCB, ACB, panel meter, energy meter manufacturer\",\"publisher\":{\"@id\":\"https:\\\/\\\/cntnmcb.com\\\/#organization\"},\"alternateName\":\"Zhejiang CNTN Electric Co.,Ltd\",\"potentialAction\":[{\"@type\":\"SearchAction\",\"target\":{\"@type\":\"EntryPoint\",\"urlTemplate\":\"https:\\\/\\\/cntnmcb.com\\\/?s={search_term_string}\"},\"query-input\":{\"@type\":\"PropertyValueSpecification\",\"valueRequired\":true,\"valueName\":\"search_term_string\"}}],\"inLanguage\":\"pt-BR\"},{\"@type\":\"Organization\",\"@id\":\"https:\\\/\\\/cntnmcb.com\\\/#organization\",\"name\":\"Zhejiang CNTN Electric Co.,Ltd\",\"alternateName\":\"Zhejiang CNTN Electric Co.,Ltd\",\"url\":\"https:\\\/\\\/cntnmcb.com\\\/\",\"logo\":{\"@type\":\"ImageObject\",\"inLanguage\":\"pt-BR\",\"@id\":\"https:\\\/\\\/cntnmcb.com\\\/#\\\/schema\\\/logo\\\/image\\\/\",\"url\":\"https:\\\/\\\/cntnmcb.com\\\/wp-content\\\/uploads\\\/2025\\\/05\\\/CNTN-LOGO.webp\",\"contentUrl\":\"https:\\\/\\\/cntnmcb.com\\\/wp-content\\\/uploads\\\/2025\\\/05\\\/CNTN-LOGO.webp\",\"width\":768,\"height\":236,\"caption\":\"Zhejiang CNTN Electric Co.,Ltd\"},\"image\":{\"@id\":\"https:\\\/\\\/cntnmcb.com\\\/#\\\/schema\\\/logo\\\/image\\\/\"}}]}<\/script>\n<!-- \/ Yoast SEO Premium plugin. -->","yoast_head_json":{"title":"Fus\u00edvel de isolamento JDW2-0,5 - Zhejiang CNTN Electric Co.,Ltd","description":"Nosso fus\u00edvel de isolamento \u00e9 feito de cer\u00e2mica e cobre s\u00f3lido. Clique para saber mais.","robots":{"index":"index","follow":"follow","max-snippet":"max-snippet:-1","max-image-preview":"max-image-preview:large","max-video-preview":"max-video-preview:-1"},"canonical":"https:\/\/cntnmcb.com\/pt\/produto\/isolation-fuse-jdw2-0-5\/","og_locale":"pt_BR","og_type":"article","og_title":"Isolation Fuse JDW2-0.5","og_description":"Our Isolation Fuse It is made of ceramic and solid copper. Click to learn more.","og_url":"https:\/\/cntnmcb.com\/pt\/produto\/isolation-fuse-jdw2-0-5\/","og_site_name":"Zhejiang CNTN Electric Co.,Ltd","article_modified_time":"2025-09-21T05:53:57+00:00","og_image":[{"width":640,"height":640,"url":"https:\/\/cntnmcb.com\/wp-content\/uploads\/2025\/09\/JDW2-0.5-\u7194\u65ad\u5f0f\u9694\u79bb\u5f00\u5173.jpg","type":"image\/jpeg"}],"twitter_card":"summary_large_image","twitter_misc":{"Est. tempo de leitura":"2 minutos"},"schema":{"@context":"https:\/\/schema.org","@graph":[{"@type":"WebPage","@id":"https:\/\/cntnmcb.com\/product\/isolation-fuse-jdw2-0-5\/","url":"https:\/\/cntnmcb.com\/product\/isolation-fuse-jdw2-0-5\/","name":"Fus\u00edvel de isolamento JDW2-0,5 - Zhejiang CNTN Electric Co.,Ltd","isPartOf":{"@id":"https:\/\/cntnmcb.com\/#website"},"primaryImageOfPage":{"@id":"https:\/\/cntnmcb.com\/product\/isolation-fuse-jdw2-0-5\/#primaryimage"},"image":{"@id":"https:\/\/cntnmcb.com\/product\/isolation-fuse-jdw2-0-5\/#primaryimage"},"thumbnailUrl":"https:\/\/cntnmcb.com\/wp-content\/uploads\/2025\/09\/JDW2-0.5-\u7194\u65ad\u5f0f\u9694\u79bb\u5f00\u5173.jpg","datePublished":"2025-09-06T06:29:15+00:00","dateModified":"2025-09-21T05:53:57+00:00","description":"Nosso fus\u00edvel de isolamento \u00e9 feito de cer\u00e2mica e cobre s\u00f3lido. Clique para saber mais.","breadcrumb":{"@id":"https:\/\/cntnmcb.com\/product\/isolation-fuse-jdw2-0-5\/#breadcrumb"},"inLanguage":"pt-BR","potentialAction":[{"@type":"ReadAction","target":["https:\/\/cntnmcb.com\/product\/isolation-fuse-jdw2-0-5\/"]}]},{"@type":"ImageObject","inLanguage":"pt-BR","@id":"https:\/\/cntnmcb.com\/product\/isolation-fuse-jdw2-0-5\/#primaryimage","url":"https:\/\/cntnmcb.com\/wp-content\/uploads\/2025\/09\/JDW2-0.5-\u7194\u65ad\u5f0f\u9694\u79bb\u5f00\u5173.jpg","contentUrl":"https:\/\/cntnmcb.com\/wp-content\/uploads\/2025\/09\/JDW2-0.5-\u7194\u65ad\u5f0f\u9694\u79bb\u5f00\u5173.jpg","width":640,"height":640,"caption":"Isolation Fuse JDW2-0.5"},{"@type":"BreadcrumbList","@id":"https:\/\/cntnmcb.com\/product\/isolation-fuse-jdw2-0-5\/#breadcrumb","itemListElement":[{"@type":"ListItem","position":1,"name":"Home","item":"https:\/\/cntnmcb.com\/"},{"@type":"ListItem","position":2,"name":"Products","item":"https:\/\/cntnmcb.com\/products\/"},{"@type":"ListItem","position":3,"name":"Isolation Fuse JDW2-0.5"}]},{"@type":"WebSite","@id":"https:\/\/cntnmcb.com\/#website","url":"https:\/\/cntnmcb.com\/","name":"Zhejiang CNTN Electric Co.,Ltd","description":"Somos um fabricante chin\u00eas de MCB, MCCB, ACB, medidor de painel e medidor de energia","publisher":{"@id":"https:\/\/cntnmcb.com\/#organization"},"alternateName":"Zhejiang CNTN Electric Co.,Ltd","potentialAction":[{"@type":"SearchAction","target":{"@type":"EntryPoint","urlTemplate":"https:\/\/cntnmcb.com\/?s={search_term_string}"},"query-input":{"@type":"PropertyValueSpecification","valueRequired":true,"valueName":"search_term_string"}}],"inLanguage":"pt-BR"},{"@type":"Organization","@id":"https:\/\/cntnmcb.com\/#organization","name":"Zhejiang CNTN Electric Co.,Ltd","alternateName":"Zhejiang CNTN Electric Co.,Ltd","url":"https:\/\/cntnmcb.com\/","logo":{"@type":"ImageObject","inLanguage":"pt-BR","@id":"https:\/\/cntnmcb.com\/#\/schema\/logo\/image\/","url":"https:\/\/cntnmcb.com\/wp-content\/uploads\/2025\/05\/CNTN-LOGO.webp","contentUrl":"https:\/\/cntnmcb.com\/wp-content\/uploads\/2025\/05\/CNTN-LOGO.webp","width":768,"height":236,"caption":"Zhejiang CNTN Electric Co.,Ltd"},"image":{"@id":"https:\/\/cntnmcb.com\/#\/schema\/logo\/image\/"}}]}},"_links":{"self":[{"href":"https:\/\/cntnmcb.com\/pt\/wp-json\/wp\/v2\/product\/7043","targetHints":{"allow":["GET"]}}],"collection":[{"href":"https:\/\/cntnmcb.com\/pt\/wp-json\/wp\/v2\/product"}],"about":[{"href":"https:\/\/cntnmcb.com\/pt\/wp-json\/wp\/v2\/types\/product"}],"wp:featuredmedia":[{"embeddable":true,"href":"https:\/\/cntnmcb.com\/pt\/wp-json\/wp\/v2\/media\/7044"}],"wp:attachment":[{"href":"https:\/\/cntnmcb.com\/pt\/wp-json\/wp\/v2\/media?parent=7043"}],"wp:term":[{"taxonomy":"product_brand","embeddable":true,"href":"https:\/\/cntnmcb.com\/pt\/wp-json\/wp\/v2\/product_brand?post=7043"},{"taxonomy":"product_cat","embeddable":true,"href":"https:\/\/cntnmcb.com\/pt\/wp-json\/wp\/v2\/product_cat?post=7043"},{"taxonomy":"product_tag","embeddable":true,"href":"https:\/\/cntnmcb.com\/pt\/wp-json\/wp\/v2\/product_tag?post=7043"}],"curies":[{"name":"wp","href":"https:\/\/api.w.org\/{rel}","templated":true}]}}