{"id":7047,"date":"2025-09-06T07:41:38","date_gmt":"2025-09-06T07:41:38","guid":{"rendered":"https:\/\/cntnmcb.com\/?post_type=product&#038;p=7047"},"modified":"2025-09-21T06:31:40","modified_gmt":"2025-09-21T06:31:40","slug":"dual-power-automatic-transfer-switch-ats-63a-zmq3","status":"publish","type":"product","link":"https:\/\/cntnmcb.com\/pt\/product\/dual-power-automatic-transfer-switch-ats-63a-zmq3\/","title":{"rendered":"Chave de transfer\u00eancia autom\u00e1tica de pot\u00eancia dupla ATS 63A ZMQ3"},"content":{"rendered":"<div class=\"auto-hide-last-sibling-br paragraph-JOTKXA paragraph-element br-paragraph-space\">As principais vantagens de uma chave de transfer\u00eancia autom\u00e1tica (ATS) consistem em garantir a continuidade do fornecimento de energia e aumentar a seguran\u00e7a el\u00e9trica. Ela pode mudar automaticamente para uma fonte de energia de reserva quando a fonte de energia principal falha, sem interven\u00e7\u00e3o manual, evitando assim perdas causadas por quedas de energia.<\/div>\n<div><\/div>\n<h2 class=\"header-vfC6AV auto-hide-last-sibling-br\">Vantagens<\/h2>\n<ol class=\"auto-hide-last-sibling-br\">\n<li>O ATS permite a comuta\u00e7\u00e3o da fonte de alimenta\u00e7\u00e3o em milissegundos ou segundos.<\/li>\n<li>N\u00e3o \u00e9 necess\u00e1ria nenhuma opera\u00e7\u00e3o manual, o que reduz os custos de gerenciamento.<\/li>\n<li>V\u00e1rios mecanismos de prote\u00e7\u00e3o aumentam a seguran\u00e7a el\u00e9trica.<\/li>\n<li>Ele se adapta a cen\u00e1rios complexos com forte compatibilidade.<\/li>\n<\/ol>\n<p>&nbsp;<\/p>\n<h2>Como funciona o ual-power-automatic-transfer-switch-ats-63a?<\/h2>\n<div class=\"auto-hide-last-sibling-br paragraph-JOTKXA paragraph-element br-paragraph-space\">Um equipamento de comuta\u00e7\u00e3o de transfer\u00eancia autom\u00e1tica (ATSE) \u00e9 um dispositivo de comuta\u00e7\u00e3o central usado em sistemas de energia. Quando a fonte de alimenta\u00e7\u00e3o prim\u00e1ria (fonte de alimenta\u00e7\u00e3o normal) falha, ele comuta automaticamente o circuito de carga para a fonte de alimenta\u00e7\u00e3o de reserva, garantindo o fornecimento cont\u00ednuo de energia para equipamentos ou instala\u00e7\u00f5es cr\u00edticas e evitando riscos de seguran\u00e7a, interrup\u00e7\u00f5es de produ\u00e7\u00e3o e muito mais.<\/div>\n<div><\/div>\n<div>Oferecemos servi\u00e7os personalizados, produzindo produtos sob demanda e mantendo a comunica\u00e7\u00e3o em todo o processo at\u00e9 que voc\u00ea esteja completamente satisfeito. Se quiser saber mais sobre a nossa chave de transfer\u00eancia autom\u00e1tica de pot\u00eancia dupla ATS 63A, entre em contato conosco.<\/div>","protected":false},"excerpt":{"rendered":"<ol class=\"auto-hide-last-sibling-br\">\n<li>Garante o fornecimento cont\u00ednuo de energia sem interrup\u00e7\u00f5es<\/li>\n<li>Opera\u00e7\u00e3o totalmente automatizada<\/li>\n<li>Mecanismo de prote\u00e7\u00e3o incorporado<\/li>\n<li>Forte compatibilidade de cen\u00e1rios<\/li>\n<li>Opera\u00e7\u00e3o e manuten\u00e7\u00e3o convenientes a longo prazo<\/li>\n<li>Garante a continuidade do fornecimento de energia<\/li>\n<\/ol>","protected":false},"featured_media":7048,"template":"","meta":{"site-sidebar-layout":"default","site-content-layout":"","ast-site-content-layout":"default","site-content-style":"default","site-sidebar-style":"default","ast-global-header-display":"","ast-banner-title-visibility":"","ast-main-header-display":"","ast-hfb-above-header-display":"","ast-hfb-below-header-display":"","ast-hfb-mobile-header-display":"","site-post-title":"","ast-breadcrumbs-content":"","ast-featured-img":"","footer-sml-layout":"","ast-disable-related-posts":"","theme-transparent-header-meta":"default","adv-header-id-meta":"","stick-header-meta":"","header-above-stick-meta":"","header-main-stick-meta":"","header-below-stick-meta":"","astra-migrate-meta-layouts":"set","ast-page-background-enabled":"default","ast-page-background-meta":{"desktop":{"background-color":"","background-image":"","background-repeat":"repeat","background-position":"center center","background-size":"auto","background-attachment":"scroll","background-type":"","background-media":"","overlay-type":"","overlay-color":"","overlay-opacity":"","overlay-gradient":""},"tablet":{"background-color":"","background-image":"","background-repeat":"repeat","background-position":"center center","background-size":"auto","background-attachment":"scroll","background-type":"","background-media":"","overlay-type":"","overlay-color":"","overlay-opacity":"","overlay-gradient":""},"mobile":{"background-color":"","background-image":"","background-repeat":"repeat","background-position":"center center","background-size":"auto","background-attachment":"scroll","background-type":"","background-media":"","overlay-type":"","overlay-color":"","overlay-opacity":"","overlay-gradient":""}},"ast-content-background-meta":{"desktop":{"background-color":"var(--ast-global-color-5)","background-image":"","background-repeat":"repeat","background-position":"center center","background-size":"auto","background-attachment":"scroll","background-type":"","background-media":"","overlay-type":"","overlay-color":"","overlay-opacity":"","overlay-gradient":""},"tablet":{"background-color":"var(--ast-global-color-5)","background-image":"","background-repeat":"repeat","background-position":"center center","background-size":"auto","background-attachment":"scroll","background-type":"","background-media":"","overlay-type":"","overlay-color":"","overlay-opacity":"","overlay-gradient":""},"mobile":{"background-color":"var(--ast-global-color-5)","background-image":"","background-repeat":"repeat","background-position":"center center","background-size":"auto","background-attachment":"scroll","background-type":"","background-media":"","overlay-type":"","overlay-color":"","overlay-opacity":"","overlay-gradient":""}}},"product_brand":[],"product_cat":[61],"product_tag":[],"class_list":{"0":"post-7047","1":"product","2":"type-product","3":"status-publish","4":"has-post-thumbnail","6":"product_cat-ats","7":"desktop-align-center","8":"tablet-align-left","9":"mobile-align-left","11":"first","12":"instock","13":"shipping-taxable","14":"product-type-simple"},"yoast_head":"<!-- This site is optimized with the Yoast SEO Premium plugin v25.0 (Yoast SEO v27.5) - https:\/\/yoast.com\/product\/yoast-seo-premium-wordpress\/ -->\n<title>Dual Power Automatic Transfer Switch ATS 63A ZMQ3 - Zhejiang CNTN Electric Co.,Ltd<\/title>\n<meta name=\"description\" content=\"Our Dual Power Automatic Transfer Switch ATS 63A ZMQ3 Easy to install, with a 2-year warranty. Click to learn more.\" \/>\n<meta name=\"robots\" content=\"index, follow, max-snippet:-1, max-image-preview:large, max-video-preview:-1\" \/>\n<link rel=\"canonical\" href=\"https:\/\/cntnmcb.com\/pt\/produto\/dual-power-automatic-transfer-switch-ats-63a-zmq3\/\" \/>\n<meta property=\"og:locale\" content=\"pt_BR\" \/>\n<meta property=\"og:type\" content=\"article\" \/>\n<meta property=\"og:title\" content=\"Dual Power Automatic Transfer Switch ATS 63A ZMQ3\" \/>\n<meta property=\"og:description\" content=\"Our Dual Power Automatic Transfer Switch ATS 63A ZMQ3 Easy to install, with a 2-year warranty. Click to learn more.\" \/>\n<meta property=\"og:url\" content=\"https:\/\/cntnmcb.com\/pt\/produto\/dual-power-automatic-transfer-switch-ats-63a-zmq3\/\" \/>\n<meta property=\"og:site_name\" content=\"Zhejiang CNTN Electric Co.,Ltd\" \/>\n<meta property=\"article:modified_time\" content=\"2025-09-21T06:31:40+00:00\" \/>\n<meta property=\"og:image\" content=\"https:\/\/cntnmcb.com\/wp-content\/uploads\/2025\/09\/ZMQ3-1.jpg\" \/>\n\t<meta property=\"og:image:width\" content=\"640\" \/>\n\t<meta property=\"og:image:height\" content=\"640\" \/>\n\t<meta property=\"og:image:type\" content=\"image\/jpeg\" \/>\n<meta name=\"twitter:card\" content=\"summary_large_image\" \/>\n<meta name=\"twitter:label1\" content=\"Est. tempo de leitura\" \/>\n\t<meta name=\"twitter:data1\" content=\"2 minutos\" \/>\n<script type=\"application\/ld+json\" class=\"yoast-schema-graph\">{\"@context\":\"https:\\\/\\\/schema.org\",\"@graph\":[{\"@type\":\"WebPage\",\"@id\":\"https:\\\/\\\/cntnmcb.com\\\/product\\\/dual-power-automatic-transfer-switch-ats-63a-zmq3\\\/\",\"url\":\"https:\\\/\\\/cntnmcb.com\\\/product\\\/dual-power-automatic-transfer-switch-ats-63a-zmq3\\\/\",\"name\":\"Dual Power Automatic Transfer Switch ATS 63A ZMQ3 - Zhejiang CNTN Electric Co.,Ltd\",\"isPartOf\":{\"@id\":\"https:\\\/\\\/cntnmcb.com\\\/#website\"},\"primaryImageOfPage\":{\"@id\":\"https:\\\/\\\/cntnmcb.com\\\/product\\\/dual-power-automatic-transfer-switch-ats-63a-zmq3\\\/#primaryimage\"},\"image\":{\"@id\":\"https:\\\/\\\/cntnmcb.com\\\/product\\\/dual-power-automatic-transfer-switch-ats-63a-zmq3\\\/#primaryimage\"},\"thumbnailUrl\":\"https:\\\/\\\/cntnmcb.com\\\/wp-content\\\/uploads\\\/2025\\\/09\\\/ZMQ3-1.jpg\",\"datePublished\":\"2025-09-06T07:41:38+00:00\",\"dateModified\":\"2025-09-21T06:31:40+00:00\",\"description\":\"Our Dual Power Automatic Transfer Switch ATS 63A ZMQ3 Easy to install, with a 2-year warranty. Click to learn more.\",\"breadcrumb\":{\"@id\":\"https:\\\/\\\/cntnmcb.com\\\/product\\\/dual-power-automatic-transfer-switch-ats-63a-zmq3\\\/#breadcrumb\"},\"inLanguage\":\"pt-BR\",\"potentialAction\":[{\"@type\":\"ReadAction\",\"target\":[\"https:\\\/\\\/cntnmcb.com\\\/product\\\/dual-power-automatic-transfer-switch-ats-63a-zmq3\\\/\"]}]},{\"@type\":\"ImageObject\",\"inLanguage\":\"pt-BR\",\"@id\":\"https:\\\/\\\/cntnmcb.com\\\/product\\\/dual-power-automatic-transfer-switch-ats-63a-zmq3\\\/#primaryimage\",\"url\":\"https:\\\/\\\/cntnmcb.com\\\/wp-content\\\/uploads\\\/2025\\\/09\\\/ZMQ3-1.jpg\",\"contentUrl\":\"https:\\\/\\\/cntnmcb.com\\\/wp-content\\\/uploads\\\/2025\\\/09\\\/ZMQ3-1.jpg\",\"width\":640,\"height\":640,\"caption\":\"Dual Power Automatic Transfer Switch ATS 63A ZMQ3\"},{\"@type\":\"BreadcrumbList\",\"@id\":\"https:\\\/\\\/cntnmcb.com\\\/product\\\/dual-power-automatic-transfer-switch-ats-63a-zmq3\\\/#breadcrumb\",\"itemListElement\":[{\"@type\":\"ListItem\",\"position\":1,\"name\":\"Home\",\"item\":\"https:\\\/\\\/cntnmcb.com\\\/\"},{\"@type\":\"ListItem\",\"position\":2,\"name\":\"Products\",\"item\":\"https:\\\/\\\/cntnmcb.com\\\/products\\\/\"},{\"@type\":\"ListItem\",\"position\":3,\"name\":\"Dual Power Automatic Transfer Switch ATS 63A ZMQ3\"}]},{\"@type\":\"WebSite\",\"@id\":\"https:\\\/\\\/cntnmcb.com\\\/#website\",\"url\":\"https:\\\/\\\/cntnmcb.com\\\/\",\"name\":\"Zhejiang CNTN Electric Co.,Ltd\",\"description\":\"We are China MCB, MCCB, ACB, panel meter, energy meter manufacturer\",\"publisher\":{\"@id\":\"https:\\\/\\\/cntnmcb.com\\\/#organization\"},\"alternateName\":\"Zhejiang CNTN Electric Co.,Ltd\",\"potentialAction\":[{\"@type\":\"SearchAction\",\"target\":{\"@type\":\"EntryPoint\",\"urlTemplate\":\"https:\\\/\\\/cntnmcb.com\\\/?s={search_term_string}\"},\"query-input\":{\"@type\":\"PropertyValueSpecification\",\"valueRequired\":true,\"valueName\":\"search_term_string\"}}],\"inLanguage\":\"pt-BR\"},{\"@type\":\"Organization\",\"@id\":\"https:\\\/\\\/cntnmcb.com\\\/#organization\",\"name\":\"Zhejiang CNTN Electric Co.,Ltd\",\"alternateName\":\"Zhejiang CNTN Electric Co.,Ltd\",\"url\":\"https:\\\/\\\/cntnmcb.com\\\/\",\"logo\":{\"@type\":\"ImageObject\",\"inLanguage\":\"pt-BR\",\"@id\":\"https:\\\/\\\/cntnmcb.com\\\/#\\\/schema\\\/logo\\\/image\\\/\",\"url\":\"https:\\\/\\\/cntnmcb.com\\\/wp-content\\\/uploads\\\/2025\\\/05\\\/CNTN-LOGO.webp\",\"contentUrl\":\"https:\\\/\\\/cntnmcb.com\\\/wp-content\\\/uploads\\\/2025\\\/05\\\/CNTN-LOGO.webp\",\"width\":768,\"height\":236,\"caption\":\"Zhejiang CNTN Electric Co.,Ltd\"},\"image\":{\"@id\":\"https:\\\/\\\/cntnmcb.com\\\/#\\\/schema\\\/logo\\\/image\\\/\"}}]}<\/script>\n<!-- \/ Yoast SEO Premium plugin. -->","yoast_head_json":{"title":"Chave de transfer\u00eancia autom\u00e1tica de pot\u00eancia dupla ATS 63A ZMQ3 - Zhejiang CNTN Electric Co.,Ltd","description":"Nossa Chave de transfer\u00eancia autom\u00e1tica de pot\u00eancia dupla ATS 63A ZMQ3 F\u00e1cil de instalar, com garantia de 2 anos. Clique para saber mais.","robots":{"index":"index","follow":"follow","max-snippet":"max-snippet:-1","max-image-preview":"max-image-preview:large","max-video-preview":"max-video-preview:-1"},"canonical":"https:\/\/cntnmcb.com\/pt\/produto\/dual-power-automatic-transfer-switch-ats-63a-zmq3\/","og_locale":"pt_BR","og_type":"article","og_title":"Dual Power Automatic Transfer Switch ATS 63A ZMQ3","og_description":"Our Dual Power Automatic Transfer Switch ATS 63A ZMQ3 Easy to install, with a 2-year warranty. Click to learn more.","og_url":"https:\/\/cntnmcb.com\/pt\/produto\/dual-power-automatic-transfer-switch-ats-63a-zmq3\/","og_site_name":"Zhejiang CNTN Electric Co.,Ltd","article_modified_time":"2025-09-21T06:31:40+00:00","og_image":[{"width":640,"height":640,"url":"https:\/\/cntnmcb.com\/wp-content\/uploads\/2025\/09\/ZMQ3-1.jpg","type":"image\/jpeg"}],"twitter_card":"summary_large_image","twitter_misc":{"Est. tempo de leitura":"2 minutos"},"schema":{"@context":"https:\/\/schema.org","@graph":[{"@type":"WebPage","@id":"https:\/\/cntnmcb.com\/product\/dual-power-automatic-transfer-switch-ats-63a-zmq3\/","url":"https:\/\/cntnmcb.com\/product\/dual-power-automatic-transfer-switch-ats-63a-zmq3\/","name":"Chave de transfer\u00eancia autom\u00e1tica de pot\u00eancia dupla ATS 63A ZMQ3 - Zhejiang CNTN Electric Co.,Ltd","isPartOf":{"@id":"https:\/\/cntnmcb.com\/#website"},"primaryImageOfPage":{"@id":"https:\/\/cntnmcb.com\/product\/dual-power-automatic-transfer-switch-ats-63a-zmq3\/#primaryimage"},"image":{"@id":"https:\/\/cntnmcb.com\/product\/dual-power-automatic-transfer-switch-ats-63a-zmq3\/#primaryimage"},"thumbnailUrl":"https:\/\/cntnmcb.com\/wp-content\/uploads\/2025\/09\/ZMQ3-1.jpg","datePublished":"2025-09-06T07:41:38+00:00","dateModified":"2025-09-21T06:31:40+00:00","description":"Nossa Chave de transfer\u00eancia autom\u00e1tica de pot\u00eancia dupla ATS 63A ZMQ3 F\u00e1cil de instalar, com garantia de 2 anos. Clique para saber mais.","breadcrumb":{"@id":"https:\/\/cntnmcb.com\/product\/dual-power-automatic-transfer-switch-ats-63a-zmq3\/#breadcrumb"},"inLanguage":"pt-BR","potentialAction":[{"@type":"ReadAction","target":["https:\/\/cntnmcb.com\/product\/dual-power-automatic-transfer-switch-ats-63a-zmq3\/"]}]},{"@type":"ImageObject","inLanguage":"pt-BR","@id":"https:\/\/cntnmcb.com\/product\/dual-power-automatic-transfer-switch-ats-63a-zmq3\/#primaryimage","url":"https:\/\/cntnmcb.com\/wp-content\/uploads\/2025\/09\/ZMQ3-1.jpg","contentUrl":"https:\/\/cntnmcb.com\/wp-content\/uploads\/2025\/09\/ZMQ3-1.jpg","width":640,"height":640,"caption":"Dual Power Automatic Transfer Switch ATS 63A ZMQ3"},{"@type":"BreadcrumbList","@id":"https:\/\/cntnmcb.com\/product\/dual-power-automatic-transfer-switch-ats-63a-zmq3\/#breadcrumb","itemListElement":[{"@type":"ListItem","position":1,"name":"Home","item":"https:\/\/cntnmcb.com\/"},{"@type":"ListItem","position":2,"name":"Products","item":"https:\/\/cntnmcb.com\/products\/"},{"@type":"ListItem","position":3,"name":"Dual Power Automatic Transfer Switch ATS 63A ZMQ3"}]},{"@type":"WebSite","@id":"https:\/\/cntnmcb.com\/#website","url":"https:\/\/cntnmcb.com\/","name":"Zhejiang CNTN Electric Co.,Ltd","description":"Somos um fabricante chin\u00eas de MCB, MCCB, ACB, medidor de painel e medidor de energia","publisher":{"@id":"https:\/\/cntnmcb.com\/#organization"},"alternateName":"Zhejiang CNTN Electric Co.,Ltd","potentialAction":[{"@type":"SearchAction","target":{"@type":"EntryPoint","urlTemplate":"https:\/\/cntnmcb.com\/?s={search_term_string}"},"query-input":{"@type":"PropertyValueSpecification","valueRequired":true,"valueName":"search_term_string"}}],"inLanguage":"pt-BR"},{"@type":"Organization","@id":"https:\/\/cntnmcb.com\/#organization","name":"Zhejiang CNTN Electric Co.,Ltd","alternateName":"Zhejiang CNTN Electric Co.,Ltd","url":"https:\/\/cntnmcb.com\/","logo":{"@type":"ImageObject","inLanguage":"pt-BR","@id":"https:\/\/cntnmcb.com\/#\/schema\/logo\/image\/","url":"https:\/\/cntnmcb.com\/wp-content\/uploads\/2025\/05\/CNTN-LOGO.webp","contentUrl":"https:\/\/cntnmcb.com\/wp-content\/uploads\/2025\/05\/CNTN-LOGO.webp","width":768,"height":236,"caption":"Zhejiang CNTN Electric Co.,Ltd"},"image":{"@id":"https:\/\/cntnmcb.com\/#\/schema\/logo\/image\/"}}]}},"_links":{"self":[{"href":"https:\/\/cntnmcb.com\/pt\/wp-json\/wp\/v2\/product\/7047","targetHints":{"allow":["GET"]}}],"collection":[{"href":"https:\/\/cntnmcb.com\/pt\/wp-json\/wp\/v2\/product"}],"about":[{"href":"https:\/\/cntnmcb.com\/pt\/wp-json\/wp\/v2\/types\/product"}],"wp:featuredmedia":[{"embeddable":true,"href":"https:\/\/cntnmcb.com\/pt\/wp-json\/wp\/v2\/media\/7048"}],"wp:attachment":[{"href":"https:\/\/cntnmcb.com\/pt\/wp-json\/wp\/v2\/media?parent=7047"}],"wp:term":[{"taxonomy":"product_brand","embeddable":true,"href":"https:\/\/cntnmcb.com\/pt\/wp-json\/wp\/v2\/product_brand?post=7047"},{"taxonomy":"product_cat","embeddable":true,"href":"https:\/\/cntnmcb.com\/pt\/wp-json\/wp\/v2\/product_cat?post=7047"},{"taxonomy":"product_tag","embeddable":true,"href":"https:\/\/cntnmcb.com\/pt\/wp-json\/wp\/v2\/product_tag?post=7047"}],"curies":[{"name":"wp","href":"https:\/\/api.w.org\/{rel}","templated":true}]}}