{"id":7762,"date":"2025-09-17T01:26:05","date_gmt":"2025-09-17T01:26:05","guid":{"rendered":"https:\/\/cntnmcb.com\/?post_type=product&#038;p=7762"},"modified":"2026-03-09T03:16:40","modified_gmt":"2026-03-09T03:16:40","slug":"electronic-mccb","status":"publish","type":"product","link":"https:\/\/cntnmcb.com\/pt\/product\/electronic-mccb\/","title":{"rendered":"MCCB eletr\u00f4nico"},"content":{"rendered":"<div class=\"auto-hide-last-sibling-br paragraph-JOTKXA paragraph-element br-paragraph-space\">\n<h2><b>Introdu\u00e7\u00e3o:<\/b><\/h2>\n<ul>\n<li>Os recursos do nosso MCCB eletr\u00f4nico incluem prote\u00e7\u00e3o contra sobrecarga, prote\u00e7\u00e3o contra curto-circuito, prote\u00e7\u00e3o contra subtens\u00e3o, prote\u00e7\u00e3o contra falha de aterramento, prote\u00e7\u00e3o contra corrente residual, prote\u00e7\u00e3o contra sobretens\u00e3o e comuta\u00e7\u00e3o de prote\u00e7\u00e3o de tempo inverso\/tempo definido.<\/li>\n<li><a href=\"https:\/\/cntnmcb.com\/pt\/\"><span style=\"color: #ff0000;\">CNTN<\/span> <span style=\"color: #ff0000;\">El\u00e9trico<\/span><\/a> Os MCCBs eletr\u00f4nicos t\u00eam forte capacidade de interrup\u00e7\u00e3o e excelente desempenho anti-interfer\u00eancia.<\/li>\n<li>O MCCB eletr\u00f4nico fabricado pela CNTN Electric possui sensores eletr\u00f4nicos integrados que podem coletar dados operacionais em tempo real, como corrente, tens\u00e3o e pot\u00eancia. Ele suporta protocolos de comunica\u00e7\u00e3o como RS485\/Modbus e pode ser integrado a sistemas de automa\u00e7\u00e3o de distribui\u00e7\u00e3o de energia para monitoramento remoto de status, alarme de falhas e recupera\u00e7\u00e3o de registros de disparos.<\/li>\n<li>O MCCB eletr\u00f4nico el\u00e9trico CNTN utiliza um material altamente retardante de chamas, isolando eficazmente os arcos el\u00e9tricos e proporcionando prote\u00e7\u00e3o contra poeira, umidade e choque el\u00e9trico. Ele pode ser instalado diretamente em gabinetes de distribui\u00e7\u00e3o ou caixas de distribui\u00e7\u00e3o externas, evitando o contato acidental com pe\u00e7as energizadas.<\/li>\n<li>Este MCCB oferece op\u00e7\u00f5es de instala\u00e7\u00e3o flex\u00edveis e vers\u00e1teis, suportando montagem fixa, plug-in e remov\u00edvel, e pode ser instalado vertical ou horizontalmente.<\/li>\n<li>A CNTN Electric n\u00e3o s\u00f3 pode produzir disjuntores MCCB de 3 p\u00f3los, mas tamb\u00e9m <span style=\"color: #ff0000;\"><a style=\"color: #ff0000;\" href=\"https:\/\/cntnmcb.com\/pt\/produto\/mccb-100a-4-pole\/\">4 p\u00f3los<\/a><\/span> e <span style=\"color: #ff0000;\">2 p\u00f3los<\/span> vers\u00f5es de acordo com as necessidades do cliente.<\/li>\n<li>A CNTN Electric pode fabricar disjuntores em caixa moldada de 63A a 800A.<\/li>\n<\/ul>\n<\/div>\n<div><\/div>\n<p>&nbsp;<\/p>\n<p>&nbsp;<\/p>\n<p>&nbsp;<\/p>","protected":false},"excerpt":{"rendered":"<ul>\n<li>Prote\u00e7\u00e3o precisa contra sobrecarga<\/li>\n<li>Classifica\u00e7\u00e3o flex\u00edvel da prote\u00e7\u00e3o contra curto-circuito<\/li>\n<li>Suporte para controle remoto e comunica\u00e7\u00e3o<\/li>\n<li>Maior vida \u00fatil e menores custos de manuten\u00e7\u00e3o<\/li>\n<li>Tamanho compacto, economia de espa\u00e7o para distribui\u00e7\u00e3o de energia<\/li>\n<li>Capaz de exibir intuitivamente os tipos de falha<\/li>\n<li data-cici-select-uid=\"39c48dca-8a10-4077-b754-c281ec7d0a9c\"><span style=\"color: #ff0000;\">Com\u00a0<a style=\"color: #ff0000;\" href=\"https:\/\/cntnmcb.com\/pt\/certificates\/\" data-cici-select-uid=\"cd644f69-4a4d-44e4-a7fa-3ae228fb794c\">Certifica\u00e7\u00f5es CCC e CE<\/a>.<\/span><\/li>\n<\/ul>","protected":false},"featured_media":7778,"template":"","meta":{"site-sidebar-layout":"default","site-content-layout":"","ast-site-content-layout":"default","site-content-style":"default","site-sidebar-style":"default","ast-global-header-display":"","ast-banner-title-visibility":"","ast-main-header-display":"","ast-hfb-above-header-display":"","ast-hfb-below-header-display":"","ast-hfb-mobile-header-display":"","site-post-title":"","ast-breadcrumbs-content":"","ast-featured-img":"","footer-sml-layout":"","ast-disable-related-posts":"","theme-transparent-header-meta":"default","adv-header-id-meta":"","stick-header-meta":"","header-above-stick-meta":"","header-main-stick-meta":"","header-below-stick-meta":"","astra-migrate-meta-layouts":"set","ast-page-background-enabled":"default","ast-page-background-meta":{"desktop":{"background-color":"","background-image":"","background-repeat":"repeat","background-position":"center center","background-size":"auto","background-attachment":"scroll","background-type":"","background-media":"","overlay-type":"","overlay-color":"","overlay-opacity":"","overlay-gradient":""},"tablet":{"background-color":"","background-image":"","background-repeat":"repeat","background-position":"center center","background-size":"auto","background-attachment":"scroll","background-type":"","background-media":"","overlay-type":"","overlay-color":"","overlay-opacity":"","overlay-gradient":""},"mobile":{"background-color":"","background-image":"","background-repeat":"repeat","background-position":"center center","background-size":"auto","background-attachment":"scroll","background-type":"","background-media":"","overlay-type":"","overlay-color":"","overlay-opacity":"","overlay-gradient":""}},"ast-content-background-meta":{"desktop":{"background-color":"var(--ast-global-color-5)","background-image":"","background-repeat":"repeat","background-position":"center center","background-size":"auto","background-attachment":"scroll","background-type":"","background-media":"","overlay-type":"","overlay-color":"","overlay-opacity":"","overlay-gradient":""},"tablet":{"background-color":"var(--ast-global-color-5)","background-image":"","background-repeat":"repeat","background-position":"center center","background-size":"auto","background-attachment":"scroll","background-type":"","background-media":"","overlay-type":"","overlay-color":"","overlay-opacity":"","overlay-gradient":""},"mobile":{"background-color":"var(--ast-global-color-5)","background-image":"","background-repeat":"repeat","background-position":"center center","background-size":"auto","background-attachment":"scroll","background-type":"","background-media":"","overlay-type":"","overlay-color":"","overlay-opacity":"","overlay-gradient":""}}},"product_brand":[],"product_cat":[35,38],"product_tag":[],"class_list":{"0":"post-7762","1":"product","2":"type-product","3":"status-publish","4":"has-post-thumbnail","6":"product_cat-low-voltage","7":"product_cat-mccb","8":"desktop-align-center","9":"tablet-align-left","10":"mobile-align-left","12":"first","13":"instock","14":"shipping-taxable","15":"product-type-simple"},"yoast_head":"<!-- This site is optimized with the Yoast SEO Premium plugin v25.0 (Yoast SEO v27.5) - https:\/\/yoast.com\/product\/yoast-seo-premium-wordpress\/ -->\n<title>Electronic MCCB - Zhejiang CNTN Electric Co.,Ltd<\/title>\n<meta name=\"description\" content=\"Our Electronic MCCB feature remote control and communication capabilities, along with intuitive fault diagnosis. Click to learn more.\" \/>\n<meta name=\"robots\" content=\"index, follow, max-snippet:-1, max-image-preview:large, max-video-preview:-1\" \/>\n<link rel=\"canonical\" href=\"https:\/\/cntnmcb.com\/pt\/produto\/electronic-mccb\/\" \/>\n<meta property=\"og:locale\" content=\"pt_BR\" \/>\n<meta property=\"og:type\" content=\"article\" \/>\n<meta property=\"og:title\" content=\"Electronic MCCB\" \/>\n<meta property=\"og:description\" content=\"Our Electronic MCCB feature remote control and communication capabilities, along with intuitive fault diagnosis. Click to learn more.\" \/>\n<meta property=\"og:url\" content=\"https:\/\/cntnmcb.com\/pt\/produto\/electronic-mccb\/\" \/>\n<meta property=\"og:site_name\" content=\"Zhejiang CNTN Electric Co.,Ltd\" \/>\n<meta property=\"article:modified_time\" content=\"2026-03-09T03:16:40+00:00\" \/>\n<meta property=\"og:image\" content=\"https:\/\/cntnmcb.com\/wp-content\/uploads\/2025\/09\/ZMM3E-11.jpg\" \/>\n\t<meta property=\"og:image:width\" content=\"640\" \/>\n\t<meta property=\"og:image:height\" content=\"640\" \/>\n\t<meta property=\"og:image:type\" content=\"image\/jpeg\" \/>\n<meta name=\"twitter:card\" content=\"summary_large_image\" \/>\n<meta name=\"twitter:label1\" content=\"Est. tempo de leitura\" \/>\n\t<meta name=\"twitter:data1\" content=\"1 minuto\" \/>\n<script type=\"application\/ld+json\" class=\"yoast-schema-graph\">{\"@context\":\"https:\\\/\\\/schema.org\",\"@graph\":[{\"@type\":\"WebPage\",\"@id\":\"https:\\\/\\\/cntnmcb.com\\\/product\\\/electronic-mccb\\\/\",\"url\":\"https:\\\/\\\/cntnmcb.com\\\/product\\\/electronic-mccb\\\/\",\"name\":\"Electronic MCCB - Zhejiang CNTN Electric Co.,Ltd\",\"isPartOf\":{\"@id\":\"https:\\\/\\\/cntnmcb.com\\\/#website\"},\"primaryImageOfPage\":{\"@id\":\"https:\\\/\\\/cntnmcb.com\\\/product\\\/electronic-mccb\\\/#primaryimage\"},\"image\":{\"@id\":\"https:\\\/\\\/cntnmcb.com\\\/product\\\/electronic-mccb\\\/#primaryimage\"},\"thumbnailUrl\":\"https:\\\/\\\/cntnmcb.com\\\/wp-content\\\/uploads\\\/2025\\\/09\\\/ZMM3E-11.jpg\",\"datePublished\":\"2025-09-17T01:26:05+00:00\",\"dateModified\":\"2026-03-09T03:16:40+00:00\",\"description\":\"Our Electronic MCCB feature remote control and communication capabilities, along with intuitive fault diagnosis. Click to learn more.\",\"breadcrumb\":{\"@id\":\"https:\\\/\\\/cntnmcb.com\\\/product\\\/electronic-mccb\\\/#breadcrumb\"},\"inLanguage\":\"pt-BR\",\"potentialAction\":[{\"@type\":\"ReadAction\",\"target\":[\"https:\\\/\\\/cntnmcb.com\\\/product\\\/electronic-mccb\\\/\"]}]},{\"@type\":\"ImageObject\",\"inLanguage\":\"pt-BR\",\"@id\":\"https:\\\/\\\/cntnmcb.com\\\/product\\\/electronic-mccb\\\/#primaryimage\",\"url\":\"https:\\\/\\\/cntnmcb.com\\\/wp-content\\\/uploads\\\/2025\\\/09\\\/ZMM3E-11.jpg\",\"contentUrl\":\"https:\\\/\\\/cntnmcb.com\\\/wp-content\\\/uploads\\\/2025\\\/09\\\/ZMM3E-11.jpg\",\"width\":640,\"height\":640,\"caption\":\"Electronic MCCB\"},{\"@type\":\"BreadcrumbList\",\"@id\":\"https:\\\/\\\/cntnmcb.com\\\/product\\\/electronic-mccb\\\/#breadcrumb\",\"itemListElement\":[{\"@type\":\"ListItem\",\"position\":1,\"name\":\"Home\",\"item\":\"https:\\\/\\\/cntnmcb.com\\\/\"},{\"@type\":\"ListItem\",\"position\":2,\"name\":\"Products\",\"item\":\"https:\\\/\\\/cntnmcb.com\\\/products\\\/\"},{\"@type\":\"ListItem\",\"position\":3,\"name\":\"Electronic MCCB\"}]},{\"@type\":\"WebSite\",\"@id\":\"https:\\\/\\\/cntnmcb.com\\\/#website\",\"url\":\"https:\\\/\\\/cntnmcb.com\\\/\",\"name\":\"Zhejiang CNTN Electric Co.,Ltd\",\"description\":\"We are China MCB, MCCB, ACB, panel meter, energy meter manufacturer\",\"publisher\":{\"@id\":\"https:\\\/\\\/cntnmcb.com\\\/#organization\"},\"alternateName\":\"Zhejiang CNTN Electric Co.,Ltd\",\"potentialAction\":[{\"@type\":\"SearchAction\",\"target\":{\"@type\":\"EntryPoint\",\"urlTemplate\":\"https:\\\/\\\/cntnmcb.com\\\/?s={search_term_string}\"},\"query-input\":{\"@type\":\"PropertyValueSpecification\",\"valueRequired\":true,\"valueName\":\"search_term_string\"}}],\"inLanguage\":\"pt-BR\"},{\"@type\":\"Organization\",\"@id\":\"https:\\\/\\\/cntnmcb.com\\\/#organization\",\"name\":\"Zhejiang CNTN Electric Co.,Ltd\",\"alternateName\":\"Zhejiang CNTN Electric Co.,Ltd\",\"url\":\"https:\\\/\\\/cntnmcb.com\\\/\",\"logo\":{\"@type\":\"ImageObject\",\"inLanguage\":\"pt-BR\",\"@id\":\"https:\\\/\\\/cntnmcb.com\\\/#\\\/schema\\\/logo\\\/image\\\/\",\"url\":\"https:\\\/\\\/cntnmcb.com\\\/wp-content\\\/uploads\\\/2025\\\/05\\\/CNTN-LOGO.webp\",\"contentUrl\":\"https:\\\/\\\/cntnmcb.com\\\/wp-content\\\/uploads\\\/2025\\\/05\\\/CNTN-LOGO.webp\",\"width\":768,\"height\":236,\"caption\":\"Zhejiang CNTN Electric Co.,Ltd\"},\"image\":{\"@id\":\"https:\\\/\\\/cntnmcb.com\\\/#\\\/schema\\\/logo\\\/image\\\/\"}}]}<\/script>\n<!-- \/ Yoast SEO Premium plugin. -->","yoast_head_json":{"title":"MCCB eletr\u00f4nico - Zhejiang CNTN Electric Co.,Ltd","description":"Nosso MCCB eletr\u00f4nico possui recursos de controle remoto e comunica\u00e7\u00e3o, al\u00e9m de diagn\u00f3stico intuitivo de falhas. Clique para saber mais.","robots":{"index":"index","follow":"follow","max-snippet":"max-snippet:-1","max-image-preview":"max-image-preview:large","max-video-preview":"max-video-preview:-1"},"canonical":"https:\/\/cntnmcb.com\/pt\/produto\/electronic-mccb\/","og_locale":"pt_BR","og_type":"article","og_title":"Electronic MCCB","og_description":"Our Electronic MCCB feature remote control and communication capabilities, along with intuitive fault diagnosis. Click to learn more.","og_url":"https:\/\/cntnmcb.com\/pt\/produto\/electronic-mccb\/","og_site_name":"Zhejiang CNTN Electric Co.,Ltd","article_modified_time":"2026-03-09T03:16:40+00:00","og_image":[{"width":640,"height":640,"url":"https:\/\/cntnmcb.com\/wp-content\/uploads\/2025\/09\/ZMM3E-11.jpg","type":"image\/jpeg"}],"twitter_card":"summary_large_image","twitter_misc":{"Est. tempo de leitura":"1 minuto"},"schema":{"@context":"https:\/\/schema.org","@graph":[{"@type":"WebPage","@id":"https:\/\/cntnmcb.com\/product\/electronic-mccb\/","url":"https:\/\/cntnmcb.com\/product\/electronic-mccb\/","name":"MCCB eletr\u00f4nico - Zhejiang CNTN Electric Co.,Ltd","isPartOf":{"@id":"https:\/\/cntnmcb.com\/#website"},"primaryImageOfPage":{"@id":"https:\/\/cntnmcb.com\/product\/electronic-mccb\/#primaryimage"},"image":{"@id":"https:\/\/cntnmcb.com\/product\/electronic-mccb\/#primaryimage"},"thumbnailUrl":"https:\/\/cntnmcb.com\/wp-content\/uploads\/2025\/09\/ZMM3E-11.jpg","datePublished":"2025-09-17T01:26:05+00:00","dateModified":"2026-03-09T03:16:40+00:00","description":"Nosso MCCB eletr\u00f4nico possui recursos de controle remoto e comunica\u00e7\u00e3o, al\u00e9m de diagn\u00f3stico intuitivo de falhas. Clique para saber mais.","breadcrumb":{"@id":"https:\/\/cntnmcb.com\/product\/electronic-mccb\/#breadcrumb"},"inLanguage":"pt-BR","potentialAction":[{"@type":"ReadAction","target":["https:\/\/cntnmcb.com\/product\/electronic-mccb\/"]}]},{"@type":"ImageObject","inLanguage":"pt-BR","@id":"https:\/\/cntnmcb.com\/product\/electronic-mccb\/#primaryimage","url":"https:\/\/cntnmcb.com\/wp-content\/uploads\/2025\/09\/ZMM3E-11.jpg","contentUrl":"https:\/\/cntnmcb.com\/wp-content\/uploads\/2025\/09\/ZMM3E-11.jpg","width":640,"height":640,"caption":"Electronic MCCB"},{"@type":"BreadcrumbList","@id":"https:\/\/cntnmcb.com\/product\/electronic-mccb\/#breadcrumb","itemListElement":[{"@type":"ListItem","position":1,"name":"Home","item":"https:\/\/cntnmcb.com\/"},{"@type":"ListItem","position":2,"name":"Products","item":"https:\/\/cntnmcb.com\/products\/"},{"@type":"ListItem","position":3,"name":"Electronic MCCB"}]},{"@type":"WebSite","@id":"https:\/\/cntnmcb.com\/#website","url":"https:\/\/cntnmcb.com\/","name":"Zhejiang CNTN Electric Co.,Ltd","description":"Somos um fabricante chin\u00eas de MCB, MCCB, ACB, medidor de painel e medidor de energia","publisher":{"@id":"https:\/\/cntnmcb.com\/#organization"},"alternateName":"Zhejiang CNTN Electric Co.,Ltd","potentialAction":[{"@type":"SearchAction","target":{"@type":"EntryPoint","urlTemplate":"https:\/\/cntnmcb.com\/?s={search_term_string}"},"query-input":{"@type":"PropertyValueSpecification","valueRequired":true,"valueName":"search_term_string"}}],"inLanguage":"pt-BR"},{"@type":"Organization","@id":"https:\/\/cntnmcb.com\/#organization","name":"Zhejiang CNTN Electric Co.,Ltd","alternateName":"Zhejiang CNTN Electric Co.,Ltd","url":"https:\/\/cntnmcb.com\/","logo":{"@type":"ImageObject","inLanguage":"pt-BR","@id":"https:\/\/cntnmcb.com\/#\/schema\/logo\/image\/","url":"https:\/\/cntnmcb.com\/wp-content\/uploads\/2025\/05\/CNTN-LOGO.webp","contentUrl":"https:\/\/cntnmcb.com\/wp-content\/uploads\/2025\/05\/CNTN-LOGO.webp","width":768,"height":236,"caption":"Zhejiang CNTN Electric Co.,Ltd"},"image":{"@id":"https:\/\/cntnmcb.com\/#\/schema\/logo\/image\/"}}]}},"_links":{"self":[{"href":"https:\/\/cntnmcb.com\/pt\/wp-json\/wp\/v2\/product\/7762","targetHints":{"allow":["GET"]}}],"collection":[{"href":"https:\/\/cntnmcb.com\/pt\/wp-json\/wp\/v2\/product"}],"about":[{"href":"https:\/\/cntnmcb.com\/pt\/wp-json\/wp\/v2\/types\/product"}],"wp:featuredmedia":[{"embeddable":true,"href":"https:\/\/cntnmcb.com\/pt\/wp-json\/wp\/v2\/media\/7778"}],"wp:attachment":[{"href":"https:\/\/cntnmcb.com\/pt\/wp-json\/wp\/v2\/media?parent=7762"}],"wp:term":[{"taxonomy":"product_brand","embeddable":true,"href":"https:\/\/cntnmcb.com\/pt\/wp-json\/wp\/v2\/product_brand?post=7762"},{"taxonomy":"product_cat","embeddable":true,"href":"https:\/\/cntnmcb.com\/pt\/wp-json\/wp\/v2\/product_cat?post=7762"},{"taxonomy":"product_tag","embeddable":true,"href":"https:\/\/cntnmcb.com\/pt\/wp-json\/wp\/v2\/product_tag?post=7762"}],"curies":[{"name":"wp","href":"https:\/\/api.w.org\/{rel}","templated":true}]}}